{"id":3,"date":"2024-01-22T21:24:58","date_gmt":"2024-01-22T21:24:58","guid":{"rendered":"https:\/\/seapower.com.tr\/?page_id=3"},"modified":"2024-03-06T15:35:43","modified_gmt":"2024-03-06T12:35:43","slug":"bilgi-toplama-hizmetleri","status":"publish","type":"page","link":"https:\/\/seapower.com.tr\/en\/information-gathering-services\/","title":{"rendered":"Data Collection Services"},"content":{"rendered":"<div data-elementor-type=\"wp-page\" data-elementor-id=\"3\" class=\"elementor elementor-3\" data-elementor-post-type=\"page\">\n\t\t\t\t<div class=\"elementor-element elementor-element-d1dfe53 e-con-full e-flex e-con e-child\" data-id=\"d1dfe53\" data-element_type=\"container\" data-settings=\"{&quot;background_background&quot;:&quot;classic&quot;}\">\n\t\t<div class=\"elementor-element elementor-element-91587cb e-con-full e-flex e-con e-child\" data-id=\"91587cb\" data-element_type=\"container\">\n\t\t\t\t<div class=\"elementor-element elementor-element-32703d8 elementor-widget-divider--view-line elementor-widget elementor-widget-divider\" data-id=\"32703d8\" data-element_type=\"widget\" data-widget_type=\"divider.default\">\n\t\t\t\t<div class=\"elementor-widget-container\">\n\t\t\t\t\t\t\t<div class=\"elementor-divider\">\n\t\t\t<span class=\"elementor-divider-separator\">\n\t\t\t\t\t\t<\/span>\n\t\t<\/div>\n\t\t\t\t\t\t<\/div>\n\t\t\t\t<\/div>\n\t\t\t\t<div class=\"elementor-element elementor-element-7e8db8f elementor-align-center elementor-widget elementor-widget-breadcrumbs\" data-id=\"7e8db8f\" data-element_type=\"widget\" data-widget_type=\"breadcrumbs.default\">\n\t\t\t\t<div class=\"elementor-widget-container\">\n\t\t\t\t\t<p id=\"breadcrumbs\"><span><span><a href=\"https:\/\/seapower.com.tr\/en\/\">Home<\/a><\/span><\/span><\/p>\t\t\t\t<\/div>\n\t\t\t\t<\/div>\n\t\t\t\t<\/div>\n\t\t\t\t<\/div>\n\t\t\t\t<section class=\"elementor-section elementor-top-section elementor-element elementor-element-d91804f elementor-section-boxed elementor-section-height-default elementor-section-height-default\" data-id=\"d91804f\" data-element_type=\"section\">\n\t\t\t\t\t\t<div class=\"elementor-container elementor-column-gap-no\">\n\t\t\t\t\t<div class=\"elementor-column elementor-col-100 elementor-top-column elementor-element elementor-element-1137bc9\" data-id=\"1137bc9\" data-element_type=\"column\">\n\t\t\t<div class=\"elementor-widget-wrap elementor-element-populated\">\n\t\t\t\t\t\t<div class=\"elementor-element elementor-element-a18930a elementor-widget elementor-widget-text-editor\" data-id=\"a18930a\" data-element_type=\"widget\" data-widget_type=\"text-editor.default\">\n\t\t\t\t<div class=\"elementor-widget-container\">\n\t\t\t\t\t\t\t\t\t<p style=\"text-align: center;\"><strong>CLARIFICATION TEXT WITHIN THE SCOPE OF THE LAW NO. 6698 ON THE PROTECTION OF PERSONAL DATA<\/strong><\/p><p><strong>Data Controller<\/strong><\/p><p>As SEAPOWER ELEKTRIK SISTEMLERI SAN. TIC. LTD. \u015eT\u0130. (hereinafter referred to as \"Company\"), we hereby inform you that we process your personal data in the capacity of data controller within the scope of the Law No. 6698 on the Protection of Personal Data (hereinafter referred to as \"KVKK\") and other relevant legislation.<\/p><ol><li><strong>b) Processed Personal Data<\/strong><\/li><\/ol><p>Your personal data consisting of your identity and contact information within the scope of the purposes and legal reasons specified in this Clarification Text in accordance with KVKK and other relevant legislation<em>\u00a0(Name-Surname, Telephone number and e-mail address)<\/em>\u00a0will be processed.<\/p><ol><li><strong>c) Purpose of Processing Personal Data<\/strong><\/li><\/ol><p>Your personal data,<\/p><ul><li>Carrying out the necessary work by our business units in order for you to benefit from the products and services offered by our company,<\/li><li>Recommending the products and services offered by our Company to you; planning and\/or execution of market research activities for the sales and marketing of products and services,<\/li><li>Informing our customers who benefit from our products and services about sector developments and managing these processes<\/li><\/ul><p>for the purposes specified in Article 5 (2) of the KVKK\u00a0<em>\"a) \"c) It is necessary to process personal data of the parties to a contract, provided that it is directly related to the conclusion or performance of the contract\", \"\u00e7) It is mandatory for the data controller to fulfil its legal obligation\", \"e) Data processing is mandatory for the establishment, exercise or protection of a right\"<\/em>\u00a0will be processed within its legal grounds.<\/p><ol><li><strong>d) To whom and for what purpose the processed personal data can be transferred<\/strong><\/li><\/ol><p>Your personal data processed by our Company are not transferred to any institution, real persons or private legal entities. Pursuant to Article 8 (2) (a) of the KVKK, your personal data may be shared with the relevant public institutions and organisations, if necessary or upon request, in order to fulfil legal obligations in accordance with the relevant legislation, without seeking the explicit consent of the person concerned.<\/p><ol><li><strong>e) Transfer Abroad<\/strong><\/li><\/ol><p>Your personal data processed on the basis of the legal grounds specified in Article 5 (2) of the LPPD, due to the fact that the sales and marketing activities of the Company's products and services are carried out through online software systems whose databases are abroad, in line with the conditions for transfer abroad in Article 9 (2) of the LPPD, without obtaining the explicit consent of the person concerned,<\/p><ul><li>Personal Data Protection Board (hereinafter\u00a0<strong>\"Board.\"<\/strong>\u00a0to foreign countries that have been declared to have adequate protection by\u00a0<strong>(\"Foreign Country with Adequate Protection\")<\/strong><\/li><li>Foreign countries and\/or countries where the data controllers in Turkey and the relevant foreign country have undertaken in writing to provide adequate protection and where the Board has authorised the relevant transfer\u00a0<strong>(\"Foreign Country Where the Data Controller Undertakes Adequate Protection\")\u00a0<\/strong>provided that it is limited to the amount of the amount of the transfer.<\/li><\/ul><p>The transfer of your personal data processed within the scope of the purposes described above will be carried out by our Company in accordance with the decisions taken by the Board and the relevant regulations, in particular the KVKK and other relevant legislation, by taking all necessary care and taking all necessary security measures.<\/p><ol><li><strong>f) Management and Legal Grounds for Collecting Personal Data<\/strong><\/li><\/ol><p>In order to fulfil the purposes specified in paragraph (c) of this text, your personal data are obtained by filling out the contact form on the website, sending e-mail messages and visiting the website in electronic environment by automatic or non-automatic methods, based on the legal reasons specified in Article 5 (2) of the KVKK:<\/p><ol start=\"11\"><li><strong>g) Your Rights under Article 11 of the KVKK<\/strong><\/li><\/ol><p>Within the scope of Article 11 of the KVKK, you have rights as a data subject and you can make your requests regarding these rights preferably through our website\u00a0<u>Relevant Person Application Form<\/u>\u00a0by filling in all the information specified in Article 11 and paragraph 1 of Article 13 of the KVKK and\u00a0<strong><em>Communiqu\u00e9 on the Procedures and Principles of Application to the Data Controller<\/em><\/strong>\u00a0as required,<\/p><ul><li><em>\"Ayd\u0131ntepe Mah. Sahil Blv. SS. Gemi Ta\u015feronlar Alize \u0130\u015f Merkezi No:191-24 Tuzla\/ISTANBUL <\/em>by coming in person to our company at our address,<\/li><li>in writing through a notary public or by registered letter with return receipt in order to determine your identity and not to provide information to the wrong persons,<\/li><li>(if any) by sending an electronic mail to the address by using the electronic mail address previously notified by you to our Company and registered in our systems<\/li><\/ul><p>or by other methods to be determined by the Board in the future.<\/p><ol><li><strong>h) Retention Period of Personal Data<\/strong><\/li><\/ol><p>The Company deletes, destroys, destroys or anonymises personal data upon the disappearance of the purpose of processing personal data and the expiration of the mandatory retention periods determined within the scope of the Laws and other relevant legislation.<\/p><ol><li><strong>i) Changes and Updates<\/strong><\/li><\/ol><p>This clarification text has been prepared within the scope of the Law No. 6698 on the Protection of Personal Data and other relevant legislation. Necessary changes may be made in the said clarification text in line with the relevant legal legislation and \/ or changes in the Company's personal data processing purposes and policies.<\/p><p>The most up-to-date version of the Clarification Text will be available at the address.<\/p>\t\t\t\t\t\t\t\t<\/div>\n\t\t\t\t<\/div>\n\t\t\t\t\t<\/div>\n\t\t<\/div>\n\t\t\t\t\t<\/div>\n\t\t<\/section>\n\t\t\t\t<\/div>","protected":false},"excerpt":{"rendered":"<p>6698 NUMBER 6698 PURSUANT TO THE LAW ON THE PROTECTION OF PERSONAL DATA Data Controller SEAPOWER ELEKTRIK SISTEMLERI SAN. TIC. LTD. \u015eT\u0130. (hereinafter referred to as the \"Company\"), we inform you that we process your personal data in the capacity of data controller within the scope of the Law No. 6698 on the Protection of Personal Data (hereinafter referred to as \"KVKK\") and other relevant legislation. b) Processed Personal<\/p>","protected":false},"author":1,"featured_media":0,"parent":0,"menu_order":0,"comment_status":"closed","ping_status":"closed","template":"","meta":{"inline_featured_image":false,"footnotes":""},"categories":[],"tags":[],"class_list":["post-3","page","type-page","status-publish","hentry"],"yoast_head":"<!-- This site is optimized with the Yoast SEO plugin v26.6 - https:\/\/yoast.com\/wordpress\/plugins\/seo\/ -->\n<title>Bilgi Toplama Hizmetleri - Seapower Elektrik Sistemleri Sanayi ve Ticaret A.\u015e.<\/title>\n<meta name=\"robots\" content=\"index, follow, max-snippet:-1, max-image-preview:large, max-video-preview:-1\" \/>\n<link rel=\"canonical\" href=\"https:\/\/seapower.com.tr\/en\/information-gathering-services\/\" \/>\n<meta property=\"og:locale\" content=\"en_GB\" \/>\n<meta property=\"og:type\" content=\"article\" \/>\n<meta property=\"og:title\" content=\"Bilgi Toplama Hizmetleri - Seapower Elektrik Sistemleri Sanayi ve Ticaret A.\u015e.\" \/>\n<meta property=\"og:description\" content=\"6698 SAYILI K\u0130\u015e\u0130SEL VER\u0130LER\u0130N KORUNMASI KANUNU KAPSAMINDA AYDINLATMA METN\u0130 Veri Sorumlusu SEAPOWER ELEKTRIK SISTEMLERI SAN. TIC. LTD. \u015eT\u0130. olarak (Bundan sonra \u201c\u015eirket\u201d olarak an\u0131lacakt\u0131r.) ki\u015fisel verilerinizi, 6698 say\u0131l\u0131 Ki\u015fisel Verilerin Korunmas\u0131 Kanunu (Bundan sonra\u00a0\u201cKVKK\u201d\u00a0olarak an\u0131lacakt\u0131r.) ve ilgili sair mevzuat kapsam\u0131nda, veri sorumlusu s\u0131fat\u0131 ile i\u015fledi\u011fimizi taraf\u0131n\u0131za bildiriyoruz. b) \u0130\u015flenen Ki\u015fisel\" \/>\n<meta property=\"og:url\" content=\"https:\/\/seapower.com.tr\/en\/information-gathering-services\/\" \/>\n<meta property=\"og:site_name\" content=\"Seapower Elektrik Sistemleri Sanayi ve Ticaret A.\u015e.\" \/>\n<meta property=\"article:modified_time\" content=\"2024-03-06T12:35:43+00:00\" \/>\n<meta property=\"og:image\" content=\"https:\/\/seapower.com.tr\/wp-content\/uploads\/Seapower-Elektrik-Sistemleri-Logo-1.png\" \/>\n\t<meta property=\"og:image:width\" content=\"216\" \/>\n\t<meta property=\"og:image:height\" content=\"135\" \/>\n\t<meta property=\"og:image:type\" content=\"image\/png\" \/>\n<meta name=\"twitter:card\" content=\"summary_large_image\" \/>\n<meta name=\"twitter:label1\" content=\"Estimated reading time\" \/>\n\t<meta name=\"twitter:data1\" content=\"3 minutes\" \/>\n<script type=\"application\/ld+json\" class=\"yoast-schema-graph\">{\"@context\":\"https:\/\/schema.org\",\"@graph\":[{\"@type\":\"WebPage\",\"@id\":\"https:\/\/seapower.com.tr\/bilgi-toplama-hizmetleri\/\",\"url\":\"https:\/\/seapower.com.tr\/bilgi-toplama-hizmetleri\/\",\"name\":\"Bilgi Toplama Hizmetleri - Seapower Elektrik Sistemleri Sanayi ve Ticaret A.\u015e.\",\"isPartOf\":{\"@id\":\"https:\/\/seapower.com.tr\/#website\"},\"datePublished\":\"2024-01-22T21:24:58+00:00\",\"dateModified\":\"2024-03-06T12:35:43+00:00\",\"breadcrumb\":{\"@id\":\"https:\/\/seapower.com.tr\/bilgi-toplama-hizmetleri\/#breadcrumb\"},\"inLanguage\":\"en-GB\",\"potentialAction\":[{\"@type\":\"ReadAction\",\"target\":[\"https:\/\/seapower.com.tr\/bilgi-toplama-hizmetleri\/\"]}]},{\"@type\":\"BreadcrumbList\",\"@id\":\"https:\/\/seapower.com.tr\/bilgi-toplama-hizmetleri\/#breadcrumb\",\"itemListElement\":[{\"@type\":\"ListItem\",\"position\":1,\"name\":\"Ana Sayfa\",\"item\":\"https:\/\/seapower.com.tr\/\"},{\"@type\":\"ListItem\",\"position\":2,\"name\":\"Bilgi Toplama Hizmetleri\"}]},{\"@type\":\"WebSite\",\"@id\":\"https:\/\/seapower.com.tr\/#website\",\"url\":\"https:\/\/seapower.com.tr\/\",\"name\":\"Seapower Elektrik Sistemleri Sanayi ve Ticaret A.\u015e.\",\"description\":\"Konvert\u00f6r, UPS, Mod\u00fcler g\u00fc\u00e7 \u00e7\u00f6z\u00fcmleri\",\"publisher\":{\"@id\":\"https:\/\/seapower.com.tr\/#organization\"},\"potentialAction\":[{\"@type\":\"SearchAction\",\"target\":{\"@type\":\"EntryPoint\",\"urlTemplate\":\"https:\/\/seapower.com.tr\/?s={search_term_string}\"},\"query-input\":{\"@type\":\"PropertyValueSpecification\",\"valueRequired\":true,\"valueName\":\"search_term_string\"}}],\"inLanguage\":\"en-GB\"},{\"@type\":\"Organization\",\"@id\":\"https:\/\/seapower.com.tr\/#organization\",\"name\":\"SEAPOWER ELEKTR\u0130K S\u0130STEMLER\u0130 SAN. ve T\u0130C. A.\u015e.\",\"alternateName\":\"SEAPOWER Elektrik Sistemleri\",\"url\":\"https:\/\/seapower.com.tr\/\",\"logo\":{\"@type\":\"ImageObject\",\"inLanguage\":\"en-GB\",\"@id\":\"https:\/\/seapower.com.tr\/#\/schema\/logo\/image\/\",\"url\":\"https:\/\/seapower.com.tr\/wp-content\/uploads\/Seapower-Elektrik-Sistemleri-Logo-1.png\",\"contentUrl\":\"https:\/\/seapower.com.tr\/wp-content\/uploads\/Seapower-Elektrik-Sistemleri-Logo-1.png\",\"width\":216,\"height\":135,\"caption\":\"SEAPOWER ELEKTR\u0130K S\u0130STEMLER\u0130 SAN. ve T\u0130C. A.\u015e.\"},\"image\":{\"@id\":\"https:\/\/seapower.com.tr\/#\/schema\/logo\/image\/\"}}]}<\/script>\n<!-- \/ Yoast SEO plugin. -->","yoast_head_json":{"title":"Bilgi Toplama Hizmetleri - Seapower Elektrik Sistemleri Sanayi ve Ticaret A.\u015e.","robots":{"index":"index","follow":"follow","max-snippet":"max-snippet:-1","max-image-preview":"max-image-preview:large","max-video-preview":"max-video-preview:-1"},"canonical":"https:\/\/seapower.com.tr\/en\/information-gathering-services\/","og_locale":"en_GB","og_type":"article","og_title":"Bilgi Toplama Hizmetleri - Seapower Elektrik Sistemleri Sanayi ve Ticaret A.\u015e.","og_description":"6698 SAYILI K\u0130\u015e\u0130SEL VER\u0130LER\u0130N KORUNMASI KANUNU KAPSAMINDA AYDINLATMA METN\u0130 Veri Sorumlusu SEAPOWER ELEKTRIK SISTEMLERI SAN. TIC. LTD. \u015eT\u0130. olarak (Bundan sonra \u201c\u015eirket\u201d olarak an\u0131lacakt\u0131r.) ki\u015fisel verilerinizi, 6698 say\u0131l\u0131 Ki\u015fisel Verilerin Korunmas\u0131 Kanunu (Bundan sonra\u00a0\u201cKVKK\u201d\u00a0olarak an\u0131lacakt\u0131r.) ve ilgili sair mevzuat kapsam\u0131nda, veri sorumlusu s\u0131fat\u0131 ile i\u015fledi\u011fimizi taraf\u0131n\u0131za bildiriyoruz. b) \u0130\u015flenen Ki\u015fisel","og_url":"https:\/\/seapower.com.tr\/en\/information-gathering-services\/","og_site_name":"Seapower Elektrik Sistemleri Sanayi ve Ticaret A.\u015e.","article_modified_time":"2024-03-06T12:35:43+00:00","og_image":[{"width":216,"height":135,"url":"https:\/\/seapower.com.tr\/wp-content\/uploads\/Seapower-Elektrik-Sistemleri-Logo-1.png","type":"image\/png"}],"twitter_card":"summary_large_image","twitter_misc":{"Estimated reading time":"3 minutes"},"schema":{"@context":"https:\/\/schema.org","@graph":[{"@type":"WebPage","@id":"https:\/\/seapower.com.tr\/bilgi-toplama-hizmetleri\/","url":"https:\/\/seapower.com.tr\/bilgi-toplama-hizmetleri\/","name":"Bilgi Toplama Hizmetleri - Seapower Elektrik Sistemleri Sanayi ve Ticaret A.\u015e.","isPartOf":{"@id":"https:\/\/seapower.com.tr\/#website"},"datePublished":"2024-01-22T21:24:58+00:00","dateModified":"2024-03-06T12:35:43+00:00","breadcrumb":{"@id":"https:\/\/seapower.com.tr\/bilgi-toplama-hizmetleri\/#breadcrumb"},"inLanguage":"en-GB","potentialAction":[{"@type":"ReadAction","target":["https:\/\/seapower.com.tr\/bilgi-toplama-hizmetleri\/"]}]},{"@type":"BreadcrumbList","@id":"https:\/\/seapower.com.tr\/bilgi-toplama-hizmetleri\/#breadcrumb","itemListElement":[{"@type":"ListItem","position":1,"name":"Ana Sayfa","item":"https:\/\/seapower.com.tr\/"},{"@type":"ListItem","position":2,"name":"Bilgi Toplama Hizmetleri"}]},{"@type":"WebSite","@id":"https:\/\/seapower.com.tr\/#website","url":"https:\/\/seapower.com.tr\/","name":"Seapower Elektrik Sistemleri Sanayi ve Ticaret A.\u015e.","description":"Konvert\u00f6r, UPS, Mod\u00fcler g\u00fc\u00e7 \u00e7\u00f6z\u00fcmleri","publisher":{"@id":"https:\/\/seapower.com.tr\/#organization"},"potentialAction":[{"@type":"SearchAction","target":{"@type":"EntryPoint","urlTemplate":"https:\/\/seapower.com.tr\/?s={search_term_string}"},"query-input":{"@type":"PropertyValueSpecification","valueRequired":true,"valueName":"search_term_string"}}],"inLanguage":"en-GB"},{"@type":"Organization","@id":"https:\/\/seapower.com.tr\/#organization","name":"SEAPOWER ELEKTR\u0130K S\u0130STEMLER\u0130 SAN. ve T\u0130C. A.\u015e.","alternateName":"SEAPOWER Elektrik Sistemleri","url":"https:\/\/seapower.com.tr\/","logo":{"@type":"ImageObject","inLanguage":"en-GB","@id":"https:\/\/seapower.com.tr\/#\/schema\/logo\/image\/","url":"https:\/\/seapower.com.tr\/wp-content\/uploads\/Seapower-Elektrik-Sistemleri-Logo-1.png","contentUrl":"https:\/\/seapower.com.tr\/wp-content\/uploads\/Seapower-Elektrik-Sistemleri-Logo-1.png","width":216,"height":135,"caption":"SEAPOWER ELEKTR\u0130K S\u0130STEMLER\u0130 SAN. ve T\u0130C. A.\u015e."},"image":{"@id":"https:\/\/seapower.com.tr\/#\/schema\/logo\/image\/"}}]}},"_links":{"self":[{"href":"https:\/\/seapower.com.tr\/en\/wp-json\/wp\/v2\/pages\/3","targetHints":{"allow":["GET"]}}],"collection":[{"href":"https:\/\/seapower.com.tr\/en\/wp-json\/wp\/v2\/pages"}],"about":[{"href":"https:\/\/seapower.com.tr\/en\/wp-json\/wp\/v2\/types\/page"}],"author":[{"embeddable":true,"href":"https:\/\/seapower.com.tr\/en\/wp-json\/wp\/v2\/users\/1"}],"replies":[{"embeddable":true,"href":"https:\/\/seapower.com.tr\/en\/wp-json\/wp\/v2\/comments?post=3"}],"version-history":[{"count":0,"href":"https:\/\/seapower.com.tr\/en\/wp-json\/wp\/v2\/pages\/3\/revisions"}],"wp:attachment":[{"href":"https:\/\/seapower.com.tr\/en\/wp-json\/wp\/v2\/media?parent=3"}],"wp:term":[{"taxonomy":"category","embeddable":true,"href":"https:\/\/seapower.com.tr\/en\/wp-json\/wp\/v2\/categories?post=3"},{"taxonomy":"post_tag","embeddable":true,"href":"https:\/\/seapower.com.tr\/en\/wp-json\/wp\/v2\/tags?post=3"}],"curies":[{"name":"wp","href":"https:\/\/api.w.org\/{rel}","templated":true}]}}