{"id":6241,"date":"2024-01-26T13:11:28","date_gmt":"2024-01-26T10:11:28","guid":{"rendered":"https:\/\/seapower.com.tr\/?page_id=6241"},"modified":"2025-10-20T16:30:27","modified_gmt":"2025-10-20T13:30:27","slug":"yatlar-spc","status":"publish","type":"page","link":"https:\/\/seapower.com.tr\/en\/our-solutions\/yachts-spc\/","title":{"rendered":"Yachts"},"content":{"rendered":"<p>Empower your maritime adventures with SEAPOWER's SPC series frequency converters, ensuring boats and yachts can access shore power supply worldwide. Engineered with broad input voltage and frequency ranges, they deliver a stable output with superior energy quality and efficiency. Trusted by both maritime professionals and yacht enthusiasts, these high-tech products are versatile, seamlessly transitioning between ships, yachts, and onshore facilities\/marinas as needed. Experience innovation at its finest with SEAPOWER.<\/p>","protected":false},"excerpt":{"rendered":"<p>Empower your maritime adventures with SEAPOWER's SPC series frequency converters, ensuring boats and yachts can access shore power supply worldwide. Engineered with broad input voltage and frequency ranges, they deliver a stable output with superior energy quality and efficiency. Trusted by both maritime professionals and yacht enthusiasts, these high-tech products are versatile, seamlessly transitioning between ships, yachts, and onshore facilities\/marinas as needed. Experience innovation at its finest with SEAPOWER.<\/p>","protected":false},"author":1,"featured_media":11150,"parent":5293,"menu_order":0,"comment_status":"closed","ping_status":"closed","template":"","meta":{"inline_featured_image":false,"footnotes":""},"categories":[],"tags":[],"class_list":["post-6241","page","type-page","status-publish","has-post-thumbnail","hentry"],"yoast_head":"<!-- This site is optimized with the Yoast SEO plugin v26.6 - https:\/\/yoast.com\/wordpress\/plugins\/seo\/ -->\n<title>Yatlar - Seapower Elektrik Sistemleri Sanayi ve Ticaret A.\u015e.<\/title>\n<meta name=\"robots\" content=\"index, follow, max-snippet:-1, max-image-preview:large, max-video-preview:-1\" \/>\n<link rel=\"canonical\" href=\"https:\/\/seapower.com.tr\/en\/our-solutions\/yachts-spc\/\" \/>\n<meta property=\"og:locale\" content=\"en_GB\" \/>\n<meta property=\"og:type\" content=\"article\" \/>\n<meta property=\"og:title\" content=\"Yatlar - Seapower Elektrik Sistemleri Sanayi ve Ticaret A.\u015e.\" \/>\n<meta property=\"og:description\" content=\"SEAPOWER SPC serisi frekans konvert\u00f6rleri tekne\/yatlar\u0131n t\u00fcm d\u00fcnya sular\u0131nda k\u0131y\u0131dan elektrik almas\u0131n\u0131 sa\u011flamaktad\u0131r. Geni\u015f giri\u015f voltaj ve frekans de\u011ferlerine sahip, enerji kalitesi ve verimlili\u011fi y\u00fcksek sabit \u00e7\u0131k\u0131\u015f vermektedir. Hem gemilerde hem de yatlarda kullan\u0131lan gerekti\u011finde kara tesislerinde\/marinalarda da kullan\u0131labilecek y\u00fcksek teknoloji \u00fcr\u00fcnleridir.\" \/>\n<meta property=\"og:url\" content=\"https:\/\/seapower.com.tr\/en\/our-solutions\/yachts-spc\/\" \/>\n<meta property=\"og:site_name\" content=\"Seapower Elektrik Sistemleri Sanayi ve Ticaret A.\u015e.\" \/>\n<meta property=\"article:modified_time\" content=\"2025-10-20T13:30:27+00:00\" \/>\n<meta property=\"og:image\" content=\"https:\/\/seapower.com.tr\/wp-content\/uploads\/Yat-Cozumleri_opt-1024x683-1.jpeg\" \/>\n\t<meta property=\"og:image:width\" content=\"1024\" \/>\n\t<meta property=\"og:image:height\" content=\"683\" \/>\n\t<meta property=\"og:image:type\" content=\"image\/jpeg\" \/>\n<meta name=\"twitter:card\" content=\"summary_large_image\" \/>\n<meta name=\"twitter:label1\" content=\"Estimated reading time\" \/>\n\t<meta name=\"twitter:data1\" content=\"1 minute\" \/>\n<script type=\"application\/ld+json\" class=\"yoast-schema-graph\">{\"@context\":\"https:\/\/schema.org\",\"@graph\":[{\"@type\":\"WebPage\",\"@id\":\"https:\/\/seapower.com.tr\/cozumlerimiz\/yatlar-spc\/\",\"url\":\"https:\/\/seapower.com.tr\/cozumlerimiz\/yatlar-spc\/\",\"name\":\"Yatlar - Seapower Elektrik Sistemleri Sanayi ve Ticaret A.\u015e.\",\"isPartOf\":{\"@id\":\"https:\/\/seapower.com.tr\/#website\"},\"primaryImageOfPage\":{\"@id\":\"https:\/\/seapower.com.tr\/cozumlerimiz\/yatlar-spc\/#primaryimage\"},\"image\":{\"@id\":\"https:\/\/seapower.com.tr\/cozumlerimiz\/yatlar-spc\/#primaryimage\"},\"thumbnailUrl\":\"https:\/\/seapower.com.tr\/wp-content\/uploads\/Yat-Cozumleri_opt-1024x683-1.jpeg\",\"datePublished\":\"2024-01-26T10:11:28+00:00\",\"dateModified\":\"2025-10-20T13:30:27+00:00\",\"breadcrumb\":{\"@id\":\"https:\/\/seapower.com.tr\/cozumlerimiz\/yatlar-spc\/#breadcrumb\"},\"inLanguage\":\"en-GB\",\"potentialAction\":[{\"@type\":\"ReadAction\",\"target\":[\"https:\/\/seapower.com.tr\/cozumlerimiz\/yatlar-spc\/\"]}]},{\"@type\":\"ImageObject\",\"inLanguage\":\"en-GB\",\"@id\":\"https:\/\/seapower.com.tr\/cozumlerimiz\/yatlar-spc\/#primaryimage\",\"url\":\"https:\/\/seapower.com.tr\/wp-content\/uploads\/Yat-Cozumleri_opt-1024x683-1.jpeg\",\"contentUrl\":\"https:\/\/seapower.com.tr\/wp-content\/uploads\/Yat-Cozumleri_opt-1024x683-1.jpeg\",\"width\":1024,\"height\":683},{\"@type\":\"BreadcrumbList\",\"@id\":\"https:\/\/seapower.com.tr\/cozumlerimiz\/yatlar-spc\/#breadcrumb\",\"itemListElement\":[{\"@type\":\"ListItem\",\"position\":1,\"name\":\"Ana Sayfa\",\"item\":\"https:\/\/seapower.com.tr\/\"},{\"@type\":\"ListItem\",\"position\":2,\"name\":\"\u00c7\u00f6z\u00fcmlerimiz\",\"item\":\"https:\/\/seapower.com.tr\/cozumlerimiz\/\"},{\"@type\":\"ListItem\",\"position\":3,\"name\":\"Yatlar\"}]},{\"@type\":\"WebSite\",\"@id\":\"https:\/\/seapower.com.tr\/#website\",\"url\":\"https:\/\/seapower.com.tr\/\",\"name\":\"Seapower Elektrik Sistemleri Sanayi ve Ticaret A.\u015e.\",\"description\":\"Konvert\u00f6r, UPS, Mod\u00fcler g\u00fc\u00e7 \u00e7\u00f6z\u00fcmleri\",\"publisher\":{\"@id\":\"https:\/\/seapower.com.tr\/#organization\"},\"potentialAction\":[{\"@type\":\"SearchAction\",\"target\":{\"@type\":\"EntryPoint\",\"urlTemplate\":\"https:\/\/seapower.com.tr\/?s={search_term_string}\"},\"query-input\":{\"@type\":\"PropertyValueSpecification\",\"valueRequired\":true,\"valueName\":\"search_term_string\"}}],\"inLanguage\":\"en-GB\"},{\"@type\":\"Organization\",\"@id\":\"https:\/\/seapower.com.tr\/#organization\",\"name\":\"SEAPOWER ELEKTR\u0130K S\u0130STEMLER\u0130 SAN. ve T\u0130C. A.\u015e.\",\"alternateName\":\"SEAPOWER Elektrik Sistemleri\",\"url\":\"https:\/\/seapower.com.tr\/\",\"logo\":{\"@type\":\"ImageObject\",\"inLanguage\":\"en-GB\",\"@id\":\"https:\/\/seapower.com.tr\/#\/schema\/logo\/image\/\",\"url\":\"https:\/\/seapower.com.tr\/wp-content\/uploads\/Seapower-Elektrik-Sistemleri-Logo-1.png\",\"contentUrl\":\"https:\/\/seapower.com.tr\/wp-content\/uploads\/Seapower-Elektrik-Sistemleri-Logo-1.png\",\"width\":216,\"height\":135,\"caption\":\"SEAPOWER ELEKTR\u0130K S\u0130STEMLER\u0130 SAN. ve T\u0130C. A.\u015e.\"},\"image\":{\"@id\":\"https:\/\/seapower.com.tr\/#\/schema\/logo\/image\/\"}}]}<\/script>\n<!-- \/ Yoast SEO plugin. -->","yoast_head_json":{"title":"Yatlar - Seapower Elektrik Sistemleri Sanayi ve Ticaret A.\u015e.","robots":{"index":"index","follow":"follow","max-snippet":"max-snippet:-1","max-image-preview":"max-image-preview:large","max-video-preview":"max-video-preview:-1"},"canonical":"https:\/\/seapower.com.tr\/en\/our-solutions\/yachts-spc\/","og_locale":"en_GB","og_type":"article","og_title":"Yatlar - Seapower Elektrik Sistemleri Sanayi ve Ticaret A.\u015e.","og_description":"SEAPOWER SPC serisi frekans konvert\u00f6rleri tekne\/yatlar\u0131n t\u00fcm d\u00fcnya sular\u0131nda k\u0131y\u0131dan elektrik almas\u0131n\u0131 sa\u011flamaktad\u0131r. Geni\u015f giri\u015f voltaj ve frekans de\u011ferlerine sahip, enerji kalitesi ve verimlili\u011fi y\u00fcksek sabit \u00e7\u0131k\u0131\u015f vermektedir. Hem gemilerde hem de yatlarda kullan\u0131lan gerekti\u011finde kara tesislerinde\/marinalarda da kullan\u0131labilecek y\u00fcksek teknoloji \u00fcr\u00fcnleridir.","og_url":"https:\/\/seapower.com.tr\/en\/our-solutions\/yachts-spc\/","og_site_name":"Seapower Elektrik Sistemleri Sanayi ve Ticaret A.\u015e.","article_modified_time":"2025-10-20T13:30:27+00:00","og_image":[{"width":1024,"height":683,"url":"https:\/\/seapower.com.tr\/wp-content\/uploads\/Yat-Cozumleri_opt-1024x683-1.jpeg","type":"image\/jpeg"}],"twitter_card":"summary_large_image","twitter_misc":{"Estimated reading time":"1 minute"},"schema":{"@context":"https:\/\/schema.org","@graph":[{"@type":"WebPage","@id":"https:\/\/seapower.com.tr\/cozumlerimiz\/yatlar-spc\/","url":"https:\/\/seapower.com.tr\/cozumlerimiz\/yatlar-spc\/","name":"Yatlar - Seapower Elektrik Sistemleri Sanayi ve Ticaret A.\u015e.","isPartOf":{"@id":"https:\/\/seapower.com.tr\/#website"},"primaryImageOfPage":{"@id":"https:\/\/seapower.com.tr\/cozumlerimiz\/yatlar-spc\/#primaryimage"},"image":{"@id":"https:\/\/seapower.com.tr\/cozumlerimiz\/yatlar-spc\/#primaryimage"},"thumbnailUrl":"https:\/\/seapower.com.tr\/wp-content\/uploads\/Yat-Cozumleri_opt-1024x683-1.jpeg","datePublished":"2024-01-26T10:11:28+00:00","dateModified":"2025-10-20T13:30:27+00:00","breadcrumb":{"@id":"https:\/\/seapower.com.tr\/cozumlerimiz\/yatlar-spc\/#breadcrumb"},"inLanguage":"en-GB","potentialAction":[{"@type":"ReadAction","target":["https:\/\/seapower.com.tr\/cozumlerimiz\/yatlar-spc\/"]}]},{"@type":"ImageObject","inLanguage":"en-GB","@id":"https:\/\/seapower.com.tr\/cozumlerimiz\/yatlar-spc\/#primaryimage","url":"https:\/\/seapower.com.tr\/wp-content\/uploads\/Yat-Cozumleri_opt-1024x683-1.jpeg","contentUrl":"https:\/\/seapower.com.tr\/wp-content\/uploads\/Yat-Cozumleri_opt-1024x683-1.jpeg","width":1024,"height":683},{"@type":"BreadcrumbList","@id":"https:\/\/seapower.com.tr\/cozumlerimiz\/yatlar-spc\/#breadcrumb","itemListElement":[{"@type":"ListItem","position":1,"name":"Ana Sayfa","item":"https:\/\/seapower.com.tr\/"},{"@type":"ListItem","position":2,"name":"\u00c7\u00f6z\u00fcmlerimiz","item":"https:\/\/seapower.com.tr\/cozumlerimiz\/"},{"@type":"ListItem","position":3,"name":"Yatlar"}]},{"@type":"WebSite","@id":"https:\/\/seapower.com.tr\/#website","url":"https:\/\/seapower.com.tr\/","name":"Seapower Elektrik Sistemleri Sanayi ve Ticaret A.\u015e.","description":"Konvert\u00f6r, UPS, Mod\u00fcler g\u00fc\u00e7 \u00e7\u00f6z\u00fcmleri","publisher":{"@id":"https:\/\/seapower.com.tr\/#organization"},"potentialAction":[{"@type":"SearchAction","target":{"@type":"EntryPoint","urlTemplate":"https:\/\/seapower.com.tr\/?s={search_term_string}"},"query-input":{"@type":"PropertyValueSpecification","valueRequired":true,"valueName":"search_term_string"}}],"inLanguage":"en-GB"},{"@type":"Organization","@id":"https:\/\/seapower.com.tr\/#organization","name":"SEAPOWER ELEKTR\u0130K S\u0130STEMLER\u0130 SAN. ve T\u0130C. A.\u015e.","alternateName":"SEAPOWER Elektrik Sistemleri","url":"https:\/\/seapower.com.tr\/","logo":{"@type":"ImageObject","inLanguage":"en-GB","@id":"https:\/\/seapower.com.tr\/#\/schema\/logo\/image\/","url":"https:\/\/seapower.com.tr\/wp-content\/uploads\/Seapower-Elektrik-Sistemleri-Logo-1.png","contentUrl":"https:\/\/seapower.com.tr\/wp-content\/uploads\/Seapower-Elektrik-Sistemleri-Logo-1.png","width":216,"height":135,"caption":"SEAPOWER ELEKTR\u0130K S\u0130STEMLER\u0130 SAN. ve T\u0130C. A.\u015e."},"image":{"@id":"https:\/\/seapower.com.tr\/#\/schema\/logo\/image\/"}}]}},"_links":{"self":[{"href":"https:\/\/seapower.com.tr\/en\/wp-json\/wp\/v2\/pages\/6241","targetHints":{"allow":["GET"]}}],"collection":[{"href":"https:\/\/seapower.com.tr\/en\/wp-json\/wp\/v2\/pages"}],"about":[{"href":"https:\/\/seapower.com.tr\/en\/wp-json\/wp\/v2\/types\/page"}],"author":[{"embeddable":true,"href":"https:\/\/seapower.com.tr\/en\/wp-json\/wp\/v2\/users\/1"}],"replies":[{"embeddable":true,"href":"https:\/\/seapower.com.tr\/en\/wp-json\/wp\/v2\/comments?post=6241"}],"version-history":[{"count":1,"href":"https:\/\/seapower.com.tr\/en\/wp-json\/wp\/v2\/pages\/6241\/revisions"}],"predecessor-version":[{"id":10788,"href":"https:\/\/seapower.com.tr\/en\/wp-json\/wp\/v2\/pages\/6241\/revisions\/10788"}],"up":[{"embeddable":true,"href":"https:\/\/seapower.com.tr\/en\/wp-json\/wp\/v2\/pages\/5293"}],"wp:featuredmedia":[{"embeddable":true,"href":"https:\/\/seapower.com.tr\/en\/wp-json\/wp\/v2\/media\/11150"}],"wp:attachment":[{"href":"https:\/\/seapower.com.tr\/en\/wp-json\/wp\/v2\/media?parent=6241"}],"wp:term":[{"taxonomy":"category","embeddable":true,"href":"https:\/\/seapower.com.tr\/en\/wp-json\/wp\/v2\/categories?post=6241"},{"taxonomy":"post_tag","embeddable":true,"href":"https:\/\/seapower.com.tr\/en\/wp-json\/wp\/v2\/tags?post=6241"}],"curies":[{"name":"wp","href":"https:\/\/api.w.org\/{rel}","templated":true}]}}