{"id":6243,"date":"2024-01-26T13:11:41","date_gmt":"2024-01-26T10:11:41","guid":{"rendered":"https:\/\/seapower.com.tr\/?page_id=6243"},"modified":"2025-02-03T15:08:16","modified_gmt":"2025-02-03T12:08:16","slug":"shipyards","status":"publish","type":"page","link":"https:\/\/seapower.com.tr\/en\/our-solutions\/shipyards\/","title":{"rendered":"Shipyards"},"content":{"rendered":"<p>SEAPOWER manufactures solutions with SFC type marine modular frequency converters, enabling shore-vessels to receive electrical energy. These solutions cater to the needs of shipyards' new building and ship repair departments. With the capability to function as a DC power source when required, SEAPOWER effectively meets shipyards' requirements across various voltage and frequency levels.<\/p>","protected":false},"excerpt":{"rendered":"<p>SEAPOWER manufactures solutions with SFC type marine modular frequency converters, enabling shore-vessels to receive electrical energy. These solutions cater to the needs of shipyards' new building and ship repair departments. With the capability to function as a DC power source when required, SEAPOWER effectively meets shipyards' requirements across various voltage and frequency levels.<\/p>","protected":false},"author":1,"featured_media":10790,"parent":5293,"menu_order":0,"comment_status":"closed","ping_status":"closed","template":"","meta":{"inline_featured_image":false,"footnotes":""},"categories":[],"tags":[],"class_list":["post-6243","page","type-page","status-publish","has-post-thumbnail","hentry"],"yoast_head":"<!-- This site is optimized with the Yoast SEO plugin v26.6 - https:\/\/yoast.com\/wordpress\/plugins\/seo\/ -->\n<title>Shipyards - Seapower Elektrik Sistemleri Sanayi ve Ticaret A.\u015e.<\/title>\n<meta name=\"robots\" content=\"index, follow, max-snippet:-1, max-image-preview:large, max-video-preview:-1\" \/>\n<link rel=\"canonical\" href=\"https:\/\/seapower.com.tr\/en\/our-solutions\/shipyards\/\" \/>\n<meta property=\"og:locale\" content=\"en_GB\" \/>\n<meta property=\"og:type\" content=\"article\" \/>\n<meta property=\"og:title\" content=\"Shipyards - Seapower Elektrik Sistemleri Sanayi ve Ticaret A.\u015e.\" \/>\n<meta property=\"og:description\" content=\"SEAPOWER SFC tip marin mod\u00fcler frekans konvert\u00f6rleri ile; tersanelerin yeni in\u015fa ve gemi tamir departmanlar\u0131n\u0131n ihtiya\u00e7 duydu\u011fu, karadan deniz ara\u00e7lar\u0131n\u0131n elektrik enerjisi almas\u0131n\u0131 sa\u011flayan \u00e7\u00f6z\u00fcmler \u00fcretmektedir. Farkl\u0131 voltaj ve frekans kademelerinde gerekti\u011finde DC kaynak olabilme \u00f6zelli\u011fi ile tersanelerin ihtiya\u00e7lar\u0131n\u0131 kar\u015f\u0131lamaktad\u0131r.\" \/>\n<meta property=\"og:url\" content=\"https:\/\/seapower.com.tr\/en\/our-solutions\/shipyards\/\" \/>\n<meta property=\"og:site_name\" content=\"Seapower Elektrik Sistemleri Sanayi ve Ticaret A.\u015e.\" \/>\n<meta property=\"article:modified_time\" content=\"2025-02-03T12:08:16+00:00\" \/>\n<meta property=\"og:image\" content=\"https:\/\/seapower.com.tr\/wp-content\/uploads\/Shipyards_opt.jpg\" \/>\n\t<meta property=\"og:image:width\" content=\"1845\" \/>\n\t<meta property=\"og:image:height\" content=\"1500\" \/>\n\t<meta property=\"og:image:type\" content=\"image\/jpeg\" \/>\n<meta name=\"twitter:card\" content=\"summary_large_image\" \/>\n<meta name=\"twitter:label1\" content=\"Estimated reading time\" \/>\n\t<meta name=\"twitter:data1\" content=\"1 minute\" \/>\n<script type=\"application\/ld+json\" class=\"yoast-schema-graph\">{\"@context\":\"https:\/\/schema.org\",\"@graph\":[{\"@type\":\"WebPage\",\"@id\":\"https:\/\/seapower.com.tr\/cozumlerimiz\/shipyards\/\",\"url\":\"https:\/\/seapower.com.tr\/cozumlerimiz\/shipyards\/\",\"name\":\"Shipyards - Seapower Elektrik Sistemleri Sanayi ve Ticaret A.\u015e.\",\"isPartOf\":{\"@id\":\"https:\/\/seapower.com.tr\/#website\"},\"primaryImageOfPage\":{\"@id\":\"https:\/\/seapower.com.tr\/cozumlerimiz\/shipyards\/#primaryimage\"},\"image\":{\"@id\":\"https:\/\/seapower.com.tr\/cozumlerimiz\/shipyards\/#primaryimage\"},\"thumbnailUrl\":\"https:\/\/seapower.com.tr\/wp-content\/uploads\/Shipyards_opt.jpg\",\"datePublished\":\"2024-01-26T10:11:41+00:00\",\"dateModified\":\"2025-02-03T12:08:16+00:00\",\"breadcrumb\":{\"@id\":\"https:\/\/seapower.com.tr\/cozumlerimiz\/shipyards\/#breadcrumb\"},\"inLanguage\":\"en-GB\",\"potentialAction\":[{\"@type\":\"ReadAction\",\"target\":[\"https:\/\/seapower.com.tr\/cozumlerimiz\/shipyards\/\"]}]},{\"@type\":\"ImageObject\",\"inLanguage\":\"en-GB\",\"@id\":\"https:\/\/seapower.com.tr\/cozumlerimiz\/shipyards\/#primaryimage\",\"url\":\"https:\/\/seapower.com.tr\/wp-content\/uploads\/Shipyards_opt.jpg\",\"contentUrl\":\"https:\/\/seapower.com.tr\/wp-content\/uploads\/Shipyards_opt.jpg\",\"width\":1845,\"height\":1500},{\"@type\":\"BreadcrumbList\",\"@id\":\"https:\/\/seapower.com.tr\/cozumlerimiz\/shipyards\/#breadcrumb\",\"itemListElement\":[{\"@type\":\"ListItem\",\"position\":1,\"name\":\"Ana Sayfa\",\"item\":\"https:\/\/seapower.com.tr\/\"},{\"@type\":\"ListItem\",\"position\":2,\"name\":\"\u00c7\u00f6z\u00fcmlerimiz\",\"item\":\"https:\/\/seapower.com.tr\/cozumlerimiz\/\"},{\"@type\":\"ListItem\",\"position\":3,\"name\":\"Shipyards\"}]},{\"@type\":\"WebSite\",\"@id\":\"https:\/\/seapower.com.tr\/#website\",\"url\":\"https:\/\/seapower.com.tr\/\",\"name\":\"Seapower Elektrik Sistemleri Sanayi ve Ticaret A.\u015e.\",\"description\":\"Konvert\u00f6r, UPS, Mod\u00fcler g\u00fc\u00e7 \u00e7\u00f6z\u00fcmleri\",\"publisher\":{\"@id\":\"https:\/\/seapower.com.tr\/#organization\"},\"potentialAction\":[{\"@type\":\"SearchAction\",\"target\":{\"@type\":\"EntryPoint\",\"urlTemplate\":\"https:\/\/seapower.com.tr\/?s={search_term_string}\"},\"query-input\":{\"@type\":\"PropertyValueSpecification\",\"valueRequired\":true,\"valueName\":\"search_term_string\"}}],\"inLanguage\":\"en-GB\"},{\"@type\":\"Organization\",\"@id\":\"https:\/\/seapower.com.tr\/#organization\",\"name\":\"SEAPOWER ELEKTR\u0130K S\u0130STEMLER\u0130 SAN. ve T\u0130C. A.\u015e.\",\"alternateName\":\"SEAPOWER Elektrik Sistemleri\",\"url\":\"https:\/\/seapower.com.tr\/\",\"logo\":{\"@type\":\"ImageObject\",\"inLanguage\":\"en-GB\",\"@id\":\"https:\/\/seapower.com.tr\/#\/schema\/logo\/image\/\",\"url\":\"https:\/\/seapower.com.tr\/wp-content\/uploads\/Seapower-Elektrik-Sistemleri-Logo-1.png\",\"contentUrl\":\"https:\/\/seapower.com.tr\/wp-content\/uploads\/Seapower-Elektrik-Sistemleri-Logo-1.png\",\"width\":216,\"height\":135,\"caption\":\"SEAPOWER ELEKTR\u0130K S\u0130STEMLER\u0130 SAN. ve T\u0130C. A.\u015e.\"},\"image\":{\"@id\":\"https:\/\/seapower.com.tr\/#\/schema\/logo\/image\/\"}}]}<\/script>\n<!-- \/ Yoast SEO plugin. -->","yoast_head_json":{"title":"Shipyards - Seapower Elektrik Sistemleri Sanayi ve Ticaret A.\u015e.","robots":{"index":"index","follow":"follow","max-snippet":"max-snippet:-1","max-image-preview":"max-image-preview:large","max-video-preview":"max-video-preview:-1"},"canonical":"https:\/\/seapower.com.tr\/en\/our-solutions\/shipyards\/","og_locale":"en_GB","og_type":"article","og_title":"Shipyards - Seapower Elektrik Sistemleri Sanayi ve Ticaret A.\u015e.","og_description":"SEAPOWER SFC tip marin mod\u00fcler frekans konvert\u00f6rleri ile; tersanelerin yeni in\u015fa ve gemi tamir departmanlar\u0131n\u0131n ihtiya\u00e7 duydu\u011fu, karadan deniz ara\u00e7lar\u0131n\u0131n elektrik enerjisi almas\u0131n\u0131 sa\u011flayan \u00e7\u00f6z\u00fcmler \u00fcretmektedir. Farkl\u0131 voltaj ve frekans kademelerinde gerekti\u011finde DC kaynak olabilme \u00f6zelli\u011fi ile tersanelerin ihtiya\u00e7lar\u0131n\u0131 kar\u015f\u0131lamaktad\u0131r.","og_url":"https:\/\/seapower.com.tr\/en\/our-solutions\/shipyards\/","og_site_name":"Seapower Elektrik Sistemleri Sanayi ve Ticaret A.\u015e.","article_modified_time":"2025-02-03T12:08:16+00:00","og_image":[{"width":1845,"height":1500,"url":"https:\/\/seapower.com.tr\/wp-content\/uploads\/Shipyards_opt.jpg","type":"image\/jpeg"}],"twitter_card":"summary_large_image","twitter_misc":{"Estimated reading time":"1 minute"},"schema":{"@context":"https:\/\/schema.org","@graph":[{"@type":"WebPage","@id":"https:\/\/seapower.com.tr\/cozumlerimiz\/shipyards\/","url":"https:\/\/seapower.com.tr\/cozumlerimiz\/shipyards\/","name":"Shipyards - Seapower Elektrik Sistemleri Sanayi ve Ticaret A.\u015e.","isPartOf":{"@id":"https:\/\/seapower.com.tr\/#website"},"primaryImageOfPage":{"@id":"https:\/\/seapower.com.tr\/cozumlerimiz\/shipyards\/#primaryimage"},"image":{"@id":"https:\/\/seapower.com.tr\/cozumlerimiz\/shipyards\/#primaryimage"},"thumbnailUrl":"https:\/\/seapower.com.tr\/wp-content\/uploads\/Shipyards_opt.jpg","datePublished":"2024-01-26T10:11:41+00:00","dateModified":"2025-02-03T12:08:16+00:00","breadcrumb":{"@id":"https:\/\/seapower.com.tr\/cozumlerimiz\/shipyards\/#breadcrumb"},"inLanguage":"en-GB","potentialAction":[{"@type":"ReadAction","target":["https:\/\/seapower.com.tr\/cozumlerimiz\/shipyards\/"]}]},{"@type":"ImageObject","inLanguage":"en-GB","@id":"https:\/\/seapower.com.tr\/cozumlerimiz\/shipyards\/#primaryimage","url":"https:\/\/seapower.com.tr\/wp-content\/uploads\/Shipyards_opt.jpg","contentUrl":"https:\/\/seapower.com.tr\/wp-content\/uploads\/Shipyards_opt.jpg","width":1845,"height":1500},{"@type":"BreadcrumbList","@id":"https:\/\/seapower.com.tr\/cozumlerimiz\/shipyards\/#breadcrumb","itemListElement":[{"@type":"ListItem","position":1,"name":"Ana Sayfa","item":"https:\/\/seapower.com.tr\/"},{"@type":"ListItem","position":2,"name":"\u00c7\u00f6z\u00fcmlerimiz","item":"https:\/\/seapower.com.tr\/cozumlerimiz\/"},{"@type":"ListItem","position":3,"name":"Shipyards"}]},{"@type":"WebSite","@id":"https:\/\/seapower.com.tr\/#website","url":"https:\/\/seapower.com.tr\/","name":"Seapower Elektrik Sistemleri Sanayi ve Ticaret A.\u015e.","description":"Konvert\u00f6r, UPS, Mod\u00fcler g\u00fc\u00e7 \u00e7\u00f6z\u00fcmleri","publisher":{"@id":"https:\/\/seapower.com.tr\/#organization"},"potentialAction":[{"@type":"SearchAction","target":{"@type":"EntryPoint","urlTemplate":"https:\/\/seapower.com.tr\/?s={search_term_string}"},"query-input":{"@type":"PropertyValueSpecification","valueRequired":true,"valueName":"search_term_string"}}],"inLanguage":"en-GB"},{"@type":"Organization","@id":"https:\/\/seapower.com.tr\/#organization","name":"SEAPOWER ELEKTR\u0130K S\u0130STEMLER\u0130 SAN. ve T\u0130C. A.\u015e.","alternateName":"SEAPOWER Elektrik Sistemleri","url":"https:\/\/seapower.com.tr\/","logo":{"@type":"ImageObject","inLanguage":"en-GB","@id":"https:\/\/seapower.com.tr\/#\/schema\/logo\/image\/","url":"https:\/\/seapower.com.tr\/wp-content\/uploads\/Seapower-Elektrik-Sistemleri-Logo-1.png","contentUrl":"https:\/\/seapower.com.tr\/wp-content\/uploads\/Seapower-Elektrik-Sistemleri-Logo-1.png","width":216,"height":135,"caption":"SEAPOWER ELEKTR\u0130K S\u0130STEMLER\u0130 SAN. ve T\u0130C. A.\u015e."},"image":{"@id":"https:\/\/seapower.com.tr\/#\/schema\/logo\/image\/"}}]}},"_links":{"self":[{"href":"https:\/\/seapower.com.tr\/en\/wp-json\/wp\/v2\/pages\/6243","targetHints":{"allow":["GET"]}}],"collection":[{"href":"https:\/\/seapower.com.tr\/en\/wp-json\/wp\/v2\/pages"}],"about":[{"href":"https:\/\/seapower.com.tr\/en\/wp-json\/wp\/v2\/types\/page"}],"author":[{"embeddable":true,"href":"https:\/\/seapower.com.tr\/en\/wp-json\/wp\/v2\/users\/1"}],"replies":[{"embeddable":true,"href":"https:\/\/seapower.com.tr\/en\/wp-json\/wp\/v2\/comments?post=6243"}],"version-history":[{"count":1,"href":"https:\/\/seapower.com.tr\/en\/wp-json\/wp\/v2\/pages\/6243\/revisions"}],"predecessor-version":[{"id":10791,"href":"https:\/\/seapower.com.tr\/en\/wp-json\/wp\/v2\/pages\/6243\/revisions\/10791"}],"up":[{"embeddable":true,"href":"https:\/\/seapower.com.tr\/en\/wp-json\/wp\/v2\/pages\/5293"}],"wp:featuredmedia":[{"embeddable":true,"href":"https:\/\/seapower.com.tr\/en\/wp-json\/wp\/v2\/media\/10790"}],"wp:attachment":[{"href":"https:\/\/seapower.com.tr\/en\/wp-json\/wp\/v2\/media?parent=6243"}],"wp:term":[{"taxonomy":"category","embeddable":true,"href":"https:\/\/seapower.com.tr\/en\/wp-json\/wp\/v2\/categories?post=6243"},{"taxonomy":"post_tag","embeddable":true,"href":"https:\/\/seapower.com.tr\/en\/wp-json\/wp\/v2\/tags?post=6243"}],"curies":[{"name":"wp","href":"https:\/\/api.w.org\/{rel}","templated":true}]}}