{"id":6245,"date":"2024-01-26T13:12:04","date_gmt":"2024-01-26T10:12:04","guid":{"rendered":"https:\/\/seapower.com.tr\/?page_id=6245"},"modified":"2025-10-20T16:15:54","modified_gmt":"2025-10-20T13:15:54","slug":"vessel","status":"publish","type":"page","link":"https:\/\/seapower.com.tr\/en\/our-solutions\/vessel\/","title":{"rendered":"Vessel"},"content":{"rendered":"<p>With our high-efficiency marine type advanced technology UPS and Transformers, we provide tailor-made solutions to meet the high-efficiency needs of vessels.<\/p>\n\n\n\n<p>We also offer high-voltage shore power supply  AMP\/Cold Ironing solutions for vessel's requirements.<\/p>\n\n\n\n<p>The SHAFT CONVERTER enables the use of the shaft alternator, which cannot be used due to the main engine load reduction solutions, in order to save fuel during the navigation of the ships. At the same time, there is no need for the generator to run after the shaft alternator is put into use.<\/p>\n\n\n\n<div class=\"wp-block-buttons is-layout-flex wp-block-buttons-is-layout-flex\">\n<div class=\"wp-block-button\"><a class=\"wp-block-button__link wp-element-button\" href=\"https:\/\/seapower.com.tr\/wp-content\/uploads\/SEAPOWER-_COLD-IRONING_211025.pdf\"><strong>\u2192<\/strong> COLD IRONING<\/a><\/div>\n\n\n\n<div class=\"wp-block-button\"><a class=\"wp-block-button__link wp-element-button\" href=\"https:\/\/seapower.com.tr\/wp-content\/uploads\/SEAPOWER-SHAFT-CONVERTER__211025.pdf\"><strong>\u2192<\/strong> SHAFT CONVERTER<\/a><\/div>\n\n\n\n<div class=\"wp-block-button\"><a class=\"wp-block-button__link wp-element-button\" href=\"https:\/\/www.youtube.com\/watch?v=t1vBJMGr-aw\"><strong>\u2192<\/strong> How Does SHAFT CONVERTER Work?<\/a><\/div>\n<\/div>\n\n\n\n<p><\/p>","protected":false},"excerpt":{"rendered":"<p>We offer special solutions for the needs of ships with high efficiency marine type UPS and transformers with advanced technology. We offer AMP\/Cold Ironing solutions that ships need to be fed with high voltage from the shore. SHAFT CONVERTER In order to save fuel in the cruise of the ships, the shaft alternator that cannot be used due to the main engine load reduction solutions<\/p>","protected":false},"author":1,"featured_media":10792,"parent":5293,"menu_order":0,"comment_status":"closed","ping_status":"closed","template":"","meta":{"inline_featured_image":false,"footnotes":""},"categories":[],"tags":[],"class_list":["post-6245","page","type-page","status-publish","has-post-thumbnail","hentry"],"yoast_head":"<!-- This site is optimized with the Yoast SEO plugin v26.6 - https:\/\/yoast.com\/wordpress\/plugins\/seo\/ -->\n<title>Vessel - Seapower Elektrik Sistemleri Sanayi ve Ticaret A.\u015e.<\/title>\n<meta name=\"robots\" content=\"index, follow, max-snippet:-1, max-image-preview:large, max-video-preview:-1\" \/>\n<link rel=\"canonical\" href=\"https:\/\/seapower.com.tr\/en\/our-solutions\/vessel\/\" \/>\n<meta property=\"og:locale\" content=\"en_GB\" \/>\n<meta property=\"og:type\" content=\"article\" \/>\n<meta property=\"og:title\" content=\"Vessel - Seapower Elektrik Sistemleri Sanayi ve Ticaret A.\u015e.\" \/>\n<meta property=\"og:description\" content=\"Gemilerin ihtiyac\u0131 olan y\u00fcksek verimlili\u011fe sahip marin tip geli\u015fmi\u015f teknolojiye sahip UPS ve trafolarlar ile ihtiya\u00e7lar\u0131na \u00f6zel \u00e7\u00f6z\u00fcmler sunmaktay\u0131z. Gemilerin sahilden y\u00fcksek gerilim ile beslenmesi i\u00e7in ihtiya\u00e7 duydu\u011fu AMP\/Cold Ironing \u00e7\u00f6z\u00fcmleri sunmaktay\u0131z. SHAFT CONVERTER Gemilerin seyir halinde yak\u0131t tasarrufu sa\u011flamas\u0131 i\u00e7in ana makine y\u00fck azaltma \u00e7\u00f6z\u00fcmleri sebebiyle kullan\u0131lamayan \u015faft alternat\u00f6r\u00fcn\u00fcn\" \/>\n<meta property=\"og:url\" content=\"https:\/\/seapower.com.tr\/en\/our-solutions\/vessel\/\" \/>\n<meta property=\"og:site_name\" content=\"Seapower Elektrik Sistemleri Sanayi ve Ticaret A.\u015e.\" \/>\n<meta property=\"article:modified_time\" content=\"2025-10-20T13:15:54+00:00\" \/>\n<meta property=\"og:image\" content=\"https:\/\/seapower.com.tr\/wp-content\/uploads\/Vessel-2048x1410_opt.jpg\" \/>\n\t<meta property=\"og:image:width\" content=\"2048\" \/>\n\t<meta property=\"og:image:height\" content=\"1410\" \/>\n\t<meta property=\"og:image:type\" content=\"image\/jpeg\" \/>\n<meta name=\"twitter:card\" content=\"summary_large_image\" \/>\n<meta name=\"twitter:label1\" content=\"Estimated reading time\" \/>\n\t<meta name=\"twitter:data1\" content=\"1 minute\" \/>\n<script type=\"application\/ld+json\" class=\"yoast-schema-graph\">{\"@context\":\"https:\/\/schema.org\",\"@graph\":[{\"@type\":\"WebPage\",\"@id\":\"https:\/\/seapower.com.tr\/cozumlerimiz\/vessel\/\",\"url\":\"https:\/\/seapower.com.tr\/cozumlerimiz\/vessel\/\",\"name\":\"Vessel - Seapower Elektrik Sistemleri Sanayi ve Ticaret A.\u015e.\",\"isPartOf\":{\"@id\":\"https:\/\/seapower.com.tr\/#website\"},\"primaryImageOfPage\":{\"@id\":\"https:\/\/seapower.com.tr\/cozumlerimiz\/vessel\/#primaryimage\"},\"image\":{\"@id\":\"https:\/\/seapower.com.tr\/cozumlerimiz\/vessel\/#primaryimage\"},\"thumbnailUrl\":\"https:\/\/seapower.com.tr\/wp-content\/uploads\/Vessel-2048x1410_opt.jpg\",\"datePublished\":\"2024-01-26T10:12:04+00:00\",\"dateModified\":\"2025-10-20T13:15:54+00:00\",\"breadcrumb\":{\"@id\":\"https:\/\/seapower.com.tr\/cozumlerimiz\/vessel\/#breadcrumb\"},\"inLanguage\":\"en-GB\",\"potentialAction\":[{\"@type\":\"ReadAction\",\"target\":[\"https:\/\/seapower.com.tr\/cozumlerimiz\/vessel\/\"]}]},{\"@type\":\"ImageObject\",\"inLanguage\":\"en-GB\",\"@id\":\"https:\/\/seapower.com.tr\/cozumlerimiz\/vessel\/#primaryimage\",\"url\":\"https:\/\/seapower.com.tr\/wp-content\/uploads\/Vessel-2048x1410_opt.jpg\",\"contentUrl\":\"https:\/\/seapower.com.tr\/wp-content\/uploads\/Vessel-2048x1410_opt.jpg\",\"width\":2048,\"height\":1410},{\"@type\":\"BreadcrumbList\",\"@id\":\"https:\/\/seapower.com.tr\/cozumlerimiz\/vessel\/#breadcrumb\",\"itemListElement\":[{\"@type\":\"ListItem\",\"position\":1,\"name\":\"Ana Sayfa\",\"item\":\"https:\/\/seapower.com.tr\/\"},{\"@type\":\"ListItem\",\"position\":2,\"name\":\"\u00c7\u00f6z\u00fcmlerimiz\",\"item\":\"https:\/\/seapower.com.tr\/cozumlerimiz\/\"},{\"@type\":\"ListItem\",\"position\":3,\"name\":\"Vessel\"}]},{\"@type\":\"WebSite\",\"@id\":\"https:\/\/seapower.com.tr\/#website\",\"url\":\"https:\/\/seapower.com.tr\/\",\"name\":\"Seapower Elektrik Sistemleri Sanayi ve Ticaret A.\u015e.\",\"description\":\"Konvert\u00f6r, UPS, Mod\u00fcler g\u00fc\u00e7 \u00e7\u00f6z\u00fcmleri\",\"publisher\":{\"@id\":\"https:\/\/seapower.com.tr\/#organization\"},\"potentialAction\":[{\"@type\":\"SearchAction\",\"target\":{\"@type\":\"EntryPoint\",\"urlTemplate\":\"https:\/\/seapower.com.tr\/?s={search_term_string}\"},\"query-input\":{\"@type\":\"PropertyValueSpecification\",\"valueRequired\":true,\"valueName\":\"search_term_string\"}}],\"inLanguage\":\"en-GB\"},{\"@type\":\"Organization\",\"@id\":\"https:\/\/seapower.com.tr\/#organization\",\"name\":\"SEAPOWER ELEKTR\u0130K S\u0130STEMLER\u0130 SAN. ve T\u0130C. A.\u015e.\",\"alternateName\":\"SEAPOWER Elektrik Sistemleri\",\"url\":\"https:\/\/seapower.com.tr\/\",\"logo\":{\"@type\":\"ImageObject\",\"inLanguage\":\"en-GB\",\"@id\":\"https:\/\/seapower.com.tr\/#\/schema\/logo\/image\/\",\"url\":\"https:\/\/seapower.com.tr\/wp-content\/uploads\/Seapower-Elektrik-Sistemleri-Logo-1.png\",\"contentUrl\":\"https:\/\/seapower.com.tr\/wp-content\/uploads\/Seapower-Elektrik-Sistemleri-Logo-1.png\",\"width\":216,\"height\":135,\"caption\":\"SEAPOWER ELEKTR\u0130K S\u0130STEMLER\u0130 SAN. ve T\u0130C. A.\u015e.\"},\"image\":{\"@id\":\"https:\/\/seapower.com.tr\/#\/schema\/logo\/image\/\"}}]}<\/script>\n<!-- \/ Yoast SEO plugin. -->","yoast_head_json":{"title":"Vessel - Seapower Elektrik Sistemleri Sanayi ve Ticaret A.\u015e.","robots":{"index":"index","follow":"follow","max-snippet":"max-snippet:-1","max-image-preview":"max-image-preview:large","max-video-preview":"max-video-preview:-1"},"canonical":"https:\/\/seapower.com.tr\/en\/our-solutions\/vessel\/","og_locale":"en_GB","og_type":"article","og_title":"Vessel - Seapower Elektrik Sistemleri Sanayi ve Ticaret A.\u015e.","og_description":"Gemilerin ihtiyac\u0131 olan y\u00fcksek verimlili\u011fe sahip marin tip geli\u015fmi\u015f teknolojiye sahip UPS ve trafolarlar ile ihtiya\u00e7lar\u0131na \u00f6zel \u00e7\u00f6z\u00fcmler sunmaktay\u0131z. Gemilerin sahilden y\u00fcksek gerilim ile beslenmesi i\u00e7in ihtiya\u00e7 duydu\u011fu AMP\/Cold Ironing \u00e7\u00f6z\u00fcmleri sunmaktay\u0131z. SHAFT CONVERTER Gemilerin seyir halinde yak\u0131t tasarrufu sa\u011flamas\u0131 i\u00e7in ana makine y\u00fck azaltma \u00e7\u00f6z\u00fcmleri sebebiyle kullan\u0131lamayan \u015faft alternat\u00f6r\u00fcn\u00fcn","og_url":"https:\/\/seapower.com.tr\/en\/our-solutions\/vessel\/","og_site_name":"Seapower Elektrik Sistemleri Sanayi ve Ticaret A.\u015e.","article_modified_time":"2025-10-20T13:15:54+00:00","og_image":[{"width":2048,"height":1410,"url":"https:\/\/seapower.com.tr\/wp-content\/uploads\/Vessel-2048x1410_opt.jpg","type":"image\/jpeg"}],"twitter_card":"summary_large_image","twitter_misc":{"Estimated reading time":"1 minute"},"schema":{"@context":"https:\/\/schema.org","@graph":[{"@type":"WebPage","@id":"https:\/\/seapower.com.tr\/cozumlerimiz\/vessel\/","url":"https:\/\/seapower.com.tr\/cozumlerimiz\/vessel\/","name":"Vessel - Seapower Elektrik Sistemleri Sanayi ve Ticaret A.\u015e.","isPartOf":{"@id":"https:\/\/seapower.com.tr\/#website"},"primaryImageOfPage":{"@id":"https:\/\/seapower.com.tr\/cozumlerimiz\/vessel\/#primaryimage"},"image":{"@id":"https:\/\/seapower.com.tr\/cozumlerimiz\/vessel\/#primaryimage"},"thumbnailUrl":"https:\/\/seapower.com.tr\/wp-content\/uploads\/Vessel-2048x1410_opt.jpg","datePublished":"2024-01-26T10:12:04+00:00","dateModified":"2025-10-20T13:15:54+00:00","breadcrumb":{"@id":"https:\/\/seapower.com.tr\/cozumlerimiz\/vessel\/#breadcrumb"},"inLanguage":"en-GB","potentialAction":[{"@type":"ReadAction","target":["https:\/\/seapower.com.tr\/cozumlerimiz\/vessel\/"]}]},{"@type":"ImageObject","inLanguage":"en-GB","@id":"https:\/\/seapower.com.tr\/cozumlerimiz\/vessel\/#primaryimage","url":"https:\/\/seapower.com.tr\/wp-content\/uploads\/Vessel-2048x1410_opt.jpg","contentUrl":"https:\/\/seapower.com.tr\/wp-content\/uploads\/Vessel-2048x1410_opt.jpg","width":2048,"height":1410},{"@type":"BreadcrumbList","@id":"https:\/\/seapower.com.tr\/cozumlerimiz\/vessel\/#breadcrumb","itemListElement":[{"@type":"ListItem","position":1,"name":"Ana Sayfa","item":"https:\/\/seapower.com.tr\/"},{"@type":"ListItem","position":2,"name":"\u00c7\u00f6z\u00fcmlerimiz","item":"https:\/\/seapower.com.tr\/cozumlerimiz\/"},{"@type":"ListItem","position":3,"name":"Vessel"}]},{"@type":"WebSite","@id":"https:\/\/seapower.com.tr\/#website","url":"https:\/\/seapower.com.tr\/","name":"Seapower Elektrik Sistemleri Sanayi ve Ticaret A.\u015e.","description":"Konvert\u00f6r, UPS, Mod\u00fcler g\u00fc\u00e7 \u00e7\u00f6z\u00fcmleri","publisher":{"@id":"https:\/\/seapower.com.tr\/#organization"},"potentialAction":[{"@type":"SearchAction","target":{"@type":"EntryPoint","urlTemplate":"https:\/\/seapower.com.tr\/?s={search_term_string}"},"query-input":{"@type":"PropertyValueSpecification","valueRequired":true,"valueName":"search_term_string"}}],"inLanguage":"en-GB"},{"@type":"Organization","@id":"https:\/\/seapower.com.tr\/#organization","name":"SEAPOWER ELEKTR\u0130K S\u0130STEMLER\u0130 SAN. ve T\u0130C. A.\u015e.","alternateName":"SEAPOWER Elektrik Sistemleri","url":"https:\/\/seapower.com.tr\/","logo":{"@type":"ImageObject","inLanguage":"en-GB","@id":"https:\/\/seapower.com.tr\/#\/schema\/logo\/image\/","url":"https:\/\/seapower.com.tr\/wp-content\/uploads\/Seapower-Elektrik-Sistemleri-Logo-1.png","contentUrl":"https:\/\/seapower.com.tr\/wp-content\/uploads\/Seapower-Elektrik-Sistemleri-Logo-1.png","width":216,"height":135,"caption":"SEAPOWER ELEKTR\u0130K S\u0130STEMLER\u0130 SAN. ve T\u0130C. A.\u015e."},"image":{"@id":"https:\/\/seapower.com.tr\/#\/schema\/logo\/image\/"}}]}},"_links":{"self":[{"href":"https:\/\/seapower.com.tr\/en\/wp-json\/wp\/v2\/pages\/6245","targetHints":{"allow":["GET"]}}],"collection":[{"href":"https:\/\/seapower.com.tr\/en\/wp-json\/wp\/v2\/pages"}],"about":[{"href":"https:\/\/seapower.com.tr\/en\/wp-json\/wp\/v2\/types\/page"}],"author":[{"embeddable":true,"href":"https:\/\/seapower.com.tr\/en\/wp-json\/wp\/v2\/users\/1"}],"replies":[{"embeddable":true,"href":"https:\/\/seapower.com.tr\/en\/wp-json\/wp\/v2\/comments?post=6245"}],"version-history":[{"count":8,"href":"https:\/\/seapower.com.tr\/en\/wp-json\/wp\/v2\/pages\/6245\/revisions"}],"predecessor-version":[{"id":11141,"href":"https:\/\/seapower.com.tr\/en\/wp-json\/wp\/v2\/pages\/6245\/revisions\/11141"}],"up":[{"embeddable":true,"href":"https:\/\/seapower.com.tr\/en\/wp-json\/wp\/v2\/pages\/5293"}],"wp:featuredmedia":[{"embeddable":true,"href":"https:\/\/seapower.com.tr\/en\/wp-json\/wp\/v2\/media\/10792"}],"wp:attachment":[{"href":"https:\/\/seapower.com.tr\/en\/wp-json\/wp\/v2\/media?parent=6245"}],"wp:term":[{"taxonomy":"category","embeddable":true,"href":"https:\/\/seapower.com.tr\/en\/wp-json\/wp\/v2\/categories?post=6245"},{"taxonomy":"post_tag","embeddable":true,"href":"https:\/\/seapower.com.tr\/en\/wp-json\/wp\/v2\/tags?post=6245"}],"curies":[{"name":"wp","href":"https:\/\/api.w.org\/{rel}","templated":true}]}}