{"id":6247,"date":"2024-01-26T13:12:18","date_gmt":"2024-01-26T10:12:18","guid":{"rendered":"https:\/\/seapower.com.tr\/?page_id=6247"},"modified":"2025-02-03T15:08:51","modified_gmt":"2025-02-03T12:08:51","slug":"endustriyel","status":"publish","type":"page","link":"https:\/\/seapower.com.tr\/en\/our-solutions\/industrial\/","title":{"rendered":"Industrial"},"content":{"rendered":"<p>We continuously provide products and solutions tailored to the increasing demand for high-quality and efficient energy in industrial facilities. Our pruduct and solutions  are designed to meet the evolving needs of industries, ensuring superior performance and efficiency.<\/p>","protected":false},"excerpt":{"rendered":"<p>We continuously provide products and solutions tailored to the increasing demand for high-quality and efficient energy in industrial facilities. Our pruduct and solutions  are designed to meet the evolving needs of industries, ensuring superior performance and efficiency.<\/p>","protected":false},"author":1,"featured_media":10793,"parent":5293,"menu_order":0,"comment_status":"closed","ping_status":"closed","template":"","meta":{"inline_featured_image":false,"footnotes":""},"categories":[],"tags":[],"class_list":["post-6247","page","type-page","status-publish","has-post-thumbnail","hentry"],"yoast_head":"<!-- This site is optimized with the Yoast SEO plugin v26.6 - https:\/\/yoast.com\/wordpress\/plugins\/seo\/ -->\n<title>End\u00fcstriyel - Seapower Elektrik Sistemleri Sanayi ve Ticaret A.\u015e.<\/title>\n<meta name=\"robots\" content=\"index, follow, max-snippet:-1, max-image-preview:large, max-video-preview:-1\" \/>\n<link rel=\"canonical\" href=\"https:\/\/seapower.com.tr\/en\/our-solutions\/industrial\/\" \/>\n<meta property=\"og:locale\" content=\"en_GB\" \/>\n<meta property=\"og:type\" content=\"article\" \/>\n<meta property=\"og:title\" content=\"End\u00fcstriyel - Seapower Elektrik Sistemleri Sanayi ve Ticaret A.\u015e.\" \/>\n<meta property=\"og:description\" content=\"Her ge\u00e7en g\u00fcn end\u00fcstriyel tesislerde daha fazla ihtiya\u00e7 duyulan kaliteli ve y\u00fcksek verimli enerji taleplerine y\u00f6nelik \u00fcr\u00fcn ve \u00e7\u00f6z\u00fcmler sunmaktay\u0131z.\" \/>\n<meta property=\"og:url\" content=\"https:\/\/seapower.com.tr\/en\/our-solutions\/industrial\/\" \/>\n<meta property=\"og:site_name\" content=\"Seapower Elektrik Sistemleri Sanayi ve Ticaret A.\u015e.\" \/>\n<meta property=\"article:modified_time\" content=\"2025-02-03T12:08:51+00:00\" \/>\n<meta property=\"og:image\" content=\"https:\/\/seapower.com.tr\/wp-content\/uploads\/SLIDE-D_opt.jpg\" \/>\n\t<meta property=\"og:image:width\" content=\"2000\" \/>\n\t<meta property=\"og:image:height\" content=\"1500\" \/>\n\t<meta property=\"og:image:type\" content=\"image\/jpeg\" \/>\n<meta name=\"twitter:card\" content=\"summary_large_image\" \/>\n<meta name=\"twitter:label1\" content=\"Estimated reading time\" \/>\n\t<meta name=\"twitter:data1\" content=\"1 minute\" \/>\n<script type=\"application\/ld+json\" class=\"yoast-schema-graph\">{\"@context\":\"https:\/\/schema.org\",\"@graph\":[{\"@type\":\"WebPage\",\"@id\":\"https:\/\/seapower.com.tr\/cozumlerimiz\/endustriyel\/\",\"url\":\"https:\/\/seapower.com.tr\/cozumlerimiz\/endustriyel\/\",\"name\":\"End\u00fcstriyel - Seapower Elektrik Sistemleri Sanayi ve Ticaret A.\u015e.\",\"isPartOf\":{\"@id\":\"https:\/\/seapower.com.tr\/#website\"},\"primaryImageOfPage\":{\"@id\":\"https:\/\/seapower.com.tr\/cozumlerimiz\/endustriyel\/#primaryimage\"},\"image\":{\"@id\":\"https:\/\/seapower.com.tr\/cozumlerimiz\/endustriyel\/#primaryimage\"},\"thumbnailUrl\":\"https:\/\/seapower.com.tr\/wp-content\/uploads\/SLIDE-D_opt.jpg\",\"datePublished\":\"2024-01-26T10:12:18+00:00\",\"dateModified\":\"2025-02-03T12:08:51+00:00\",\"breadcrumb\":{\"@id\":\"https:\/\/seapower.com.tr\/cozumlerimiz\/endustriyel\/#breadcrumb\"},\"inLanguage\":\"en-GB\",\"potentialAction\":[{\"@type\":\"ReadAction\",\"target\":[\"https:\/\/seapower.com.tr\/cozumlerimiz\/endustriyel\/\"]}]},{\"@type\":\"ImageObject\",\"inLanguage\":\"en-GB\",\"@id\":\"https:\/\/seapower.com.tr\/cozumlerimiz\/endustriyel\/#primaryimage\",\"url\":\"https:\/\/seapower.com.tr\/wp-content\/uploads\/SLIDE-D_opt.jpg\",\"contentUrl\":\"https:\/\/seapower.com.tr\/wp-content\/uploads\/SLIDE-D_opt.jpg\",\"width\":2000,\"height\":1500},{\"@type\":\"BreadcrumbList\",\"@id\":\"https:\/\/seapower.com.tr\/cozumlerimiz\/endustriyel\/#breadcrumb\",\"itemListElement\":[{\"@type\":\"ListItem\",\"position\":1,\"name\":\"Ana Sayfa\",\"item\":\"https:\/\/seapower.com.tr\/\"},{\"@type\":\"ListItem\",\"position\":2,\"name\":\"\u00c7\u00f6z\u00fcmlerimiz\",\"item\":\"https:\/\/seapower.com.tr\/cozumlerimiz\/\"},{\"@type\":\"ListItem\",\"position\":3,\"name\":\"End\u00fcstriyel\"}]},{\"@type\":\"WebSite\",\"@id\":\"https:\/\/seapower.com.tr\/#website\",\"url\":\"https:\/\/seapower.com.tr\/\",\"name\":\"Seapower Elektrik Sistemleri Sanayi ve Ticaret A.\u015e.\",\"description\":\"Konvert\u00f6r, UPS, Mod\u00fcler g\u00fc\u00e7 \u00e7\u00f6z\u00fcmleri\",\"publisher\":{\"@id\":\"https:\/\/seapower.com.tr\/#organization\"},\"potentialAction\":[{\"@type\":\"SearchAction\",\"target\":{\"@type\":\"EntryPoint\",\"urlTemplate\":\"https:\/\/seapower.com.tr\/?s={search_term_string}\"},\"query-input\":{\"@type\":\"PropertyValueSpecification\",\"valueRequired\":true,\"valueName\":\"search_term_string\"}}],\"inLanguage\":\"en-GB\"},{\"@type\":\"Organization\",\"@id\":\"https:\/\/seapower.com.tr\/#organization\",\"name\":\"SEAPOWER ELEKTR\u0130K S\u0130STEMLER\u0130 SAN. ve T\u0130C. A.\u015e.\",\"alternateName\":\"SEAPOWER Elektrik Sistemleri\",\"url\":\"https:\/\/seapower.com.tr\/\",\"logo\":{\"@type\":\"ImageObject\",\"inLanguage\":\"en-GB\",\"@id\":\"https:\/\/seapower.com.tr\/#\/schema\/logo\/image\/\",\"url\":\"https:\/\/seapower.com.tr\/wp-content\/uploads\/Seapower-Elektrik-Sistemleri-Logo-1.png\",\"contentUrl\":\"https:\/\/seapower.com.tr\/wp-content\/uploads\/Seapower-Elektrik-Sistemleri-Logo-1.png\",\"width\":216,\"height\":135,\"caption\":\"SEAPOWER ELEKTR\u0130K S\u0130STEMLER\u0130 SAN. ve T\u0130C. A.\u015e.\"},\"image\":{\"@id\":\"https:\/\/seapower.com.tr\/#\/schema\/logo\/image\/\"}}]}<\/script>\n<!-- \/ Yoast SEO plugin. -->","yoast_head_json":{"title":"End\u00fcstriyel - Seapower Elektrik Sistemleri Sanayi ve Ticaret A.\u015e.","robots":{"index":"index","follow":"follow","max-snippet":"max-snippet:-1","max-image-preview":"max-image-preview:large","max-video-preview":"max-video-preview:-1"},"canonical":"https:\/\/seapower.com.tr\/en\/our-solutions\/industrial\/","og_locale":"en_GB","og_type":"article","og_title":"End\u00fcstriyel - Seapower Elektrik Sistemleri Sanayi ve Ticaret A.\u015e.","og_description":"Her ge\u00e7en g\u00fcn end\u00fcstriyel tesislerde daha fazla ihtiya\u00e7 duyulan kaliteli ve y\u00fcksek verimli enerji taleplerine y\u00f6nelik \u00fcr\u00fcn ve \u00e7\u00f6z\u00fcmler sunmaktay\u0131z.","og_url":"https:\/\/seapower.com.tr\/en\/our-solutions\/industrial\/","og_site_name":"Seapower Elektrik Sistemleri Sanayi ve Ticaret A.\u015e.","article_modified_time":"2025-02-03T12:08:51+00:00","og_image":[{"width":2000,"height":1500,"url":"https:\/\/seapower.com.tr\/wp-content\/uploads\/SLIDE-D_opt.jpg","type":"image\/jpeg"}],"twitter_card":"summary_large_image","twitter_misc":{"Estimated reading time":"1 minute"},"schema":{"@context":"https:\/\/schema.org","@graph":[{"@type":"WebPage","@id":"https:\/\/seapower.com.tr\/cozumlerimiz\/endustriyel\/","url":"https:\/\/seapower.com.tr\/cozumlerimiz\/endustriyel\/","name":"End\u00fcstriyel - Seapower Elektrik Sistemleri Sanayi ve Ticaret A.\u015e.","isPartOf":{"@id":"https:\/\/seapower.com.tr\/#website"},"primaryImageOfPage":{"@id":"https:\/\/seapower.com.tr\/cozumlerimiz\/endustriyel\/#primaryimage"},"image":{"@id":"https:\/\/seapower.com.tr\/cozumlerimiz\/endustriyel\/#primaryimage"},"thumbnailUrl":"https:\/\/seapower.com.tr\/wp-content\/uploads\/SLIDE-D_opt.jpg","datePublished":"2024-01-26T10:12:18+00:00","dateModified":"2025-02-03T12:08:51+00:00","breadcrumb":{"@id":"https:\/\/seapower.com.tr\/cozumlerimiz\/endustriyel\/#breadcrumb"},"inLanguage":"en-GB","potentialAction":[{"@type":"ReadAction","target":["https:\/\/seapower.com.tr\/cozumlerimiz\/endustriyel\/"]}]},{"@type":"ImageObject","inLanguage":"en-GB","@id":"https:\/\/seapower.com.tr\/cozumlerimiz\/endustriyel\/#primaryimage","url":"https:\/\/seapower.com.tr\/wp-content\/uploads\/SLIDE-D_opt.jpg","contentUrl":"https:\/\/seapower.com.tr\/wp-content\/uploads\/SLIDE-D_opt.jpg","width":2000,"height":1500},{"@type":"BreadcrumbList","@id":"https:\/\/seapower.com.tr\/cozumlerimiz\/endustriyel\/#breadcrumb","itemListElement":[{"@type":"ListItem","position":1,"name":"Ana Sayfa","item":"https:\/\/seapower.com.tr\/"},{"@type":"ListItem","position":2,"name":"\u00c7\u00f6z\u00fcmlerimiz","item":"https:\/\/seapower.com.tr\/cozumlerimiz\/"},{"@type":"ListItem","position":3,"name":"End\u00fcstriyel"}]},{"@type":"WebSite","@id":"https:\/\/seapower.com.tr\/#website","url":"https:\/\/seapower.com.tr\/","name":"Seapower Elektrik Sistemleri Sanayi ve Ticaret A.\u015e.","description":"Konvert\u00f6r, UPS, Mod\u00fcler g\u00fc\u00e7 \u00e7\u00f6z\u00fcmleri","publisher":{"@id":"https:\/\/seapower.com.tr\/#organization"},"potentialAction":[{"@type":"SearchAction","target":{"@type":"EntryPoint","urlTemplate":"https:\/\/seapower.com.tr\/?s={search_term_string}"},"query-input":{"@type":"PropertyValueSpecification","valueRequired":true,"valueName":"search_term_string"}}],"inLanguage":"en-GB"},{"@type":"Organization","@id":"https:\/\/seapower.com.tr\/#organization","name":"SEAPOWER ELEKTR\u0130K S\u0130STEMLER\u0130 SAN. ve T\u0130C. A.\u015e.","alternateName":"SEAPOWER Elektrik Sistemleri","url":"https:\/\/seapower.com.tr\/","logo":{"@type":"ImageObject","inLanguage":"en-GB","@id":"https:\/\/seapower.com.tr\/#\/schema\/logo\/image\/","url":"https:\/\/seapower.com.tr\/wp-content\/uploads\/Seapower-Elektrik-Sistemleri-Logo-1.png","contentUrl":"https:\/\/seapower.com.tr\/wp-content\/uploads\/Seapower-Elektrik-Sistemleri-Logo-1.png","width":216,"height":135,"caption":"SEAPOWER ELEKTR\u0130K S\u0130STEMLER\u0130 SAN. ve T\u0130C. A.\u015e."},"image":{"@id":"https:\/\/seapower.com.tr\/#\/schema\/logo\/image\/"}}]}},"_links":{"self":[{"href":"https:\/\/seapower.com.tr\/en\/wp-json\/wp\/v2\/pages\/6247","targetHints":{"allow":["GET"]}}],"collection":[{"href":"https:\/\/seapower.com.tr\/en\/wp-json\/wp\/v2\/pages"}],"about":[{"href":"https:\/\/seapower.com.tr\/en\/wp-json\/wp\/v2\/types\/page"}],"author":[{"embeddable":true,"href":"https:\/\/seapower.com.tr\/en\/wp-json\/wp\/v2\/users\/1"}],"replies":[{"embeddable":true,"href":"https:\/\/seapower.com.tr\/en\/wp-json\/wp\/v2\/comments?post=6247"}],"version-history":[{"count":1,"href":"https:\/\/seapower.com.tr\/en\/wp-json\/wp\/v2\/pages\/6247\/revisions"}],"predecessor-version":[{"id":10794,"href":"https:\/\/seapower.com.tr\/en\/wp-json\/wp\/v2\/pages\/6247\/revisions\/10794"}],"up":[{"embeddable":true,"href":"https:\/\/seapower.com.tr\/en\/wp-json\/wp\/v2\/pages\/5293"}],"wp:featuredmedia":[{"embeddable":true,"href":"https:\/\/seapower.com.tr\/en\/wp-json\/wp\/v2\/media\/10793"}],"wp:attachment":[{"href":"https:\/\/seapower.com.tr\/en\/wp-json\/wp\/v2\/media?parent=6247"}],"wp:term":[{"taxonomy":"category","embeddable":true,"href":"https:\/\/seapower.com.tr\/en\/wp-json\/wp\/v2\/categories?post=6247"},{"taxonomy":"post_tag","embeddable":true,"href":"https:\/\/seapower.com.tr\/en\/wp-json\/wp\/v2\/tags?post=6247"}],"curies":[{"name":"wp","href":"https:\/\/api.w.org\/{rel}","templated":true}]}}