{"id":6264,"date":"2024-01-26T13:16:05","date_gmt":"2024-01-26T10:16:05","guid":{"rendered":"https:\/\/seapower.com.tr\/?page_id=6264"},"modified":"2024-05-16T09:06:24","modified_gmt":"2024-05-16T06:06:24","slug":"33-10-40-kva","status":"publish","type":"page","link":"https:\/\/seapower.com.tr\/en\/products\/industrial-products\/ups\/online-ups\/33-10-40-kva\/","title":{"rendered":"3:3 10-800 kVA"},"content":{"rendered":"<p>ET Series Transformerless UPS Technology <\/p>\n\n\n\n<p>High Input Power Factor<\/p>\n\n\n\n<p>Cold Start Feature<\/p>\n\n\n\n<p>Separate Motherboard Advantage for Rectifier and Inverter<\/p>\n\n\n\n<p>Advanced Control at Entry<\/p>\n\n\n\n<p>ECO Modunda %98\u2019e Varan \u00c7al\u0131\u015fma Verimlili\u011fi<\/p>\n\n\n\n<p>Output Short Circuit and Overload Protection<\/p>\n\n\n\n<div class=\"wp-block-buttons is-layout-flex wp-block-buttons-is-layout-flex\">\n<div class=\"wp-block-button\"><a class=\"wp-block-button__link wp-element-button\" href=\"https:\/\/seapower.com.tr\/wp-content\/uploads\/SEAPOWER-3-FAZ.pdf\">CATALOG <code><div class=\"svg-flag flag-icon-background flag-icon-tr\" style=\"width:5em; height:5em;\"><\/div><\/code><\/a><\/div>\n\n\n\n<div class=\"wp-block-button\"><a class=\"wp-block-button__link wp-element-button\" href=\"https:\/\/seapower.com.tr\/wp-content\/uploads\/SEAPOWER-3-FAZ-EN.pdf\">CATALOG <code><div class=\"svg-flag flag-icon-background flag-icon-gb\" style=\"width:5em; height:5em;\"><\/div><\/code><\/a><\/div>\n\n\n\n<div class=\"wp-block-button\"><a class=\"wp-block-button__link wp-element-button\" href=\"https:\/\/seapower.com.tr\/wp-content\/uploads\/Seapower-UPS-1-40-kVA-3-1-3-3-1-1.pdf\">CATALOG <code><div class=\"svg-flag flag-icon-background flag-icon-gb\" style=\"width:5em; height:5em;\"><\/div><\/code><\/a><\/div>\n<\/div>\n\n\n\n<figure class=\"wp-block-gallery has-nested-images columns-default is-cropped wp-block-gallery-1 is-layout-flex wp-block-gallery-is-layout-flex\">\n<figure class=\"wp-block-image size-full\"><img fetchpriority=\"high\" decoding=\"async\" width=\"1600\" height=\"1000\" data-id=\"10242\" src=\"https:\/\/seapower.com.tr\/wp-content\/uploads\/UPS-3-3-END.jpg\" alt=\"\" class=\"wp-image-10242\" srcset=\"https:\/\/seapower.com.tr\/wp-content\/uploads\/UPS-3-3-END.jpg 1600w, https:\/\/seapower.com.tr\/wp-content\/uploads\/UPS-3-3-END-300x188.jpg 300w, https:\/\/seapower.com.tr\/wp-content\/uploads\/UPS-3-3-END-1024x640.jpg 1024w, https:\/\/seapower.com.tr\/wp-content\/uploads\/UPS-3-3-END-768x480.jpg 768w, https:\/\/seapower.com.tr\/wp-content\/uploads\/UPS-3-3-END-1536x960.jpg 1536w, https:\/\/seapower.com.tr\/wp-content\/uploads\/UPS-3-3-END-18x12.jpg 18w, https:\/\/seapower.com.tr\/wp-content\/uploads\/UPS-3-3-END-370x230.jpg 370w\" sizes=\"(max-width: 1600px) 100vw, 1600px\" \/><\/figure>\n<\/figure>","protected":false},"excerpt":{"rendered":"<p>ET Serisi Trafosuz UPS Teknolojisi Y\u00fcksek Giri\u015f G\u00fc\u00e7 Fakt\u00f6r\u00fc Cold Start \u00d6zelli\u011fi Do\u011frultucu ve Invert\u00f6r i\u00e7in Ayr\u0131 Anakart Avantaj\u0131 Giri\u015fte Geli\u015fmi\u015f Kontrol ECO Modunda %98\u2019e Varan \u00c7al\u0131\u015fma Verimlili\u011fi \u00c7\u0131k\u0131\u015fta K\u0131sa Devre ve A\u015f\u0131r\u0131 Y\u00fck Korumas\u0131<\/p>","protected":false},"author":1,"featured_media":10242,"parent":6262,"menu_order":0,"comment_status":"closed","ping_status":"closed","template":"","meta":{"inline_featured_image":false,"footnotes":""},"categories":[63],"tags":[],"class_list":["post-6264","page","type-page","status-publish","has-post-thumbnail","hentry","category-online-ups"],"yoast_head":"<!-- This site is optimized with the Yoast SEO plugin v26.6 - https:\/\/yoast.com\/wordpress\/plugins\/seo\/ -->\n<title>3:3 10-800 kVA - Seapower Elektrik Sistemleri Sanayi ve Ticaret A.\u015e.<\/title>\n<meta name=\"robots\" content=\"index, follow, max-snippet:-1, max-image-preview:large, max-video-preview:-1\" \/>\n<link rel=\"canonical\" href=\"https:\/\/seapower.com.tr\/en\/products\/industrial-products\/ups\/online-ups\/33-10-40-kva\/\" \/>\n<meta property=\"og:locale\" content=\"en_GB\" \/>\n<meta property=\"og:type\" content=\"article\" \/>\n<meta property=\"og:title\" content=\"3:3 10-800 kVA - Seapower Elektrik Sistemleri Sanayi ve Ticaret A.\u015e.\" \/>\n<meta property=\"og:description\" content=\"ET Serisi Trafosuz UPS Teknolojisi Y\u00fcksek Giri\u015f G\u00fc\u00e7 Fakt\u00f6r\u00fc Cold Start \u00d6zelli\u011fi Do\u011frultucu ve Invert\u00f6r i\u00e7in Ayr\u0131 Anakart Avantaj\u0131 Giri\u015fte Geli\u015fmi\u015f Kontrol ECO Modunda %98\u2019e Varan \u00c7al\u0131\u015fma Verimlili\u011fi \u00c7\u0131k\u0131\u015fta K\u0131sa Devre ve A\u015f\u0131r\u0131 Y\u00fck Korumas\u0131\" \/>\n<meta property=\"og:url\" content=\"https:\/\/seapower.com.tr\/en\/products\/industrial-products\/ups\/online-ups\/33-10-40-kva\/\" \/>\n<meta property=\"og:site_name\" content=\"Seapower Elektrik Sistemleri Sanayi ve Ticaret A.\u015e.\" \/>\n<meta property=\"article:modified_time\" content=\"2024-05-16T06:06:24+00:00\" \/>\n<meta property=\"og:image\" content=\"https:\/\/seapower.com.tr\/wp-content\/uploads\/UPS-3-3-END.jpg\" \/>\n\t<meta property=\"og:image:width\" content=\"1600\" \/>\n\t<meta property=\"og:image:height\" content=\"1000\" \/>\n\t<meta property=\"og:image:type\" content=\"image\/jpeg\" \/>\n<meta name=\"twitter:card\" content=\"summary_large_image\" \/>\n<meta name=\"twitter:label1\" content=\"Estimated reading time\" \/>\n\t<meta name=\"twitter:data1\" content=\"1 minute\" \/>\n<script type=\"application\/ld+json\" class=\"yoast-schema-graph\">{\"@context\":\"https:\/\/schema.org\",\"@graph\":[{\"@type\":\"WebPage\",\"@id\":\"https:\/\/seapower.com.tr\/urunler\/endustriyel-urunler\/ups\/online-ups\/33-10-40-kva\/\",\"url\":\"https:\/\/seapower.com.tr\/urunler\/endustriyel-urunler\/ups\/online-ups\/33-10-40-kva\/\",\"name\":\"3:3 10-800 kVA - Seapower Elektrik Sistemleri Sanayi ve Ticaret A.\u015e.\",\"isPartOf\":{\"@id\":\"https:\/\/seapower.com.tr\/#website\"},\"primaryImageOfPage\":{\"@id\":\"https:\/\/seapower.com.tr\/urunler\/endustriyel-urunler\/ups\/online-ups\/33-10-40-kva\/#primaryimage\"},\"image\":{\"@id\":\"https:\/\/seapower.com.tr\/urunler\/endustriyel-urunler\/ups\/online-ups\/33-10-40-kva\/#primaryimage\"},\"thumbnailUrl\":\"https:\/\/seapower.com.tr\/wp-content\/uploads\/UPS-3-3-END.jpg\",\"datePublished\":\"2024-01-26T10:16:05+00:00\",\"dateModified\":\"2024-05-16T06:06:24+00:00\",\"breadcrumb\":{\"@id\":\"https:\/\/seapower.com.tr\/urunler\/endustriyel-urunler\/ups\/online-ups\/33-10-40-kva\/#breadcrumb\"},\"inLanguage\":\"en-GB\",\"potentialAction\":[{\"@type\":\"ReadAction\",\"target\":[\"https:\/\/seapower.com.tr\/urunler\/endustriyel-urunler\/ups\/online-ups\/33-10-40-kva\/\"]}]},{\"@type\":\"ImageObject\",\"inLanguage\":\"en-GB\",\"@id\":\"https:\/\/seapower.com.tr\/urunler\/endustriyel-urunler\/ups\/online-ups\/33-10-40-kva\/#primaryimage\",\"url\":\"https:\/\/seapower.com.tr\/wp-content\/uploads\/UPS-3-3-END.jpg\",\"contentUrl\":\"https:\/\/seapower.com.tr\/wp-content\/uploads\/UPS-3-3-END.jpg\",\"width\":1600,\"height\":1000},{\"@type\":\"BreadcrumbList\",\"@id\":\"https:\/\/seapower.com.tr\/urunler\/endustriyel-urunler\/ups\/online-ups\/33-10-40-kva\/#breadcrumb\",\"itemListElement\":[{\"@type\":\"ListItem\",\"position\":1,\"name\":\"Ana Sayfa\",\"item\":\"https:\/\/seapower.com.tr\/\"},{\"@type\":\"ListItem\",\"position\":2,\"name\":\"\u00dcr\u00fcnler\",\"item\":\"https:\/\/seapower.com.tr\/urunler\/\"},{\"@type\":\"ListItem\",\"position\":3,\"name\":\"End\u00fcstriyel \u00dcr\u00fcnler\",\"item\":\"https:\/\/seapower.com.tr\/urunler\/endustriyel-urunler\/\"},{\"@type\":\"ListItem\",\"position\":4,\"name\":\"UPS\",\"item\":\"https:\/\/seapower.com.tr\/urunler\/endustriyel-urunler\/ups\/\"},{\"@type\":\"ListItem\",\"position\":5,\"name\":\"Online UPS\",\"item\":\"https:\/\/seapower.com.tr\/urunler\/endustriyel-urunler\/ups\/online-ups\/\"},{\"@type\":\"ListItem\",\"position\":6,\"name\":\"3:3 10-800 kVA\"}]},{\"@type\":\"WebSite\",\"@id\":\"https:\/\/seapower.com.tr\/#website\",\"url\":\"https:\/\/seapower.com.tr\/\",\"name\":\"Seapower Elektrik Sistemleri Sanayi ve Ticaret A.\u015e.\",\"description\":\"Konvert\u00f6r, UPS, Mod\u00fcler g\u00fc\u00e7 \u00e7\u00f6z\u00fcmleri\",\"publisher\":{\"@id\":\"https:\/\/seapower.com.tr\/#organization\"},\"potentialAction\":[{\"@type\":\"SearchAction\",\"target\":{\"@type\":\"EntryPoint\",\"urlTemplate\":\"https:\/\/seapower.com.tr\/?s={search_term_string}\"},\"query-input\":{\"@type\":\"PropertyValueSpecification\",\"valueRequired\":true,\"valueName\":\"search_term_string\"}}],\"inLanguage\":\"en-GB\"},{\"@type\":\"Organization\",\"@id\":\"https:\/\/seapower.com.tr\/#organization\",\"name\":\"SEAPOWER ELEKTR\u0130K S\u0130STEMLER\u0130 SAN. ve T\u0130C. A.\u015e.\",\"alternateName\":\"SEAPOWER Elektrik Sistemleri\",\"url\":\"https:\/\/seapower.com.tr\/\",\"logo\":{\"@type\":\"ImageObject\",\"inLanguage\":\"en-GB\",\"@id\":\"https:\/\/seapower.com.tr\/#\/schema\/logo\/image\/\",\"url\":\"https:\/\/seapower.com.tr\/wp-content\/uploads\/Seapower-Elektrik-Sistemleri-Logo-1.png\",\"contentUrl\":\"https:\/\/seapower.com.tr\/wp-content\/uploads\/Seapower-Elektrik-Sistemleri-Logo-1.png\",\"width\":216,\"height\":135,\"caption\":\"SEAPOWER ELEKTR\u0130K S\u0130STEMLER\u0130 SAN. ve T\u0130C. A.\u015e.\"},\"image\":{\"@id\":\"https:\/\/seapower.com.tr\/#\/schema\/logo\/image\/\"}}]}<\/script>\n<!-- \/ Yoast SEO plugin. -->","yoast_head_json":{"title":"3:3 10-800 kVA - Seapower Elektrik Sistemleri Sanayi ve Ticaret A.\u015e.","robots":{"index":"index","follow":"follow","max-snippet":"max-snippet:-1","max-image-preview":"max-image-preview:large","max-video-preview":"max-video-preview:-1"},"canonical":"https:\/\/seapower.com.tr\/en\/products\/industrial-products\/ups\/online-ups\/33-10-40-kva\/","og_locale":"en_GB","og_type":"article","og_title":"3:3 10-800 kVA - Seapower Elektrik Sistemleri Sanayi ve Ticaret A.\u015e.","og_description":"ET Serisi Trafosuz UPS Teknolojisi Y\u00fcksek Giri\u015f G\u00fc\u00e7 Fakt\u00f6r\u00fc Cold Start \u00d6zelli\u011fi Do\u011frultucu ve Invert\u00f6r i\u00e7in Ayr\u0131 Anakart Avantaj\u0131 Giri\u015fte Geli\u015fmi\u015f Kontrol ECO Modunda %98\u2019e Varan \u00c7al\u0131\u015fma Verimlili\u011fi \u00c7\u0131k\u0131\u015fta K\u0131sa Devre ve A\u015f\u0131r\u0131 Y\u00fck Korumas\u0131","og_url":"https:\/\/seapower.com.tr\/en\/products\/industrial-products\/ups\/online-ups\/33-10-40-kva\/","og_site_name":"Seapower Elektrik Sistemleri Sanayi ve Ticaret A.\u015e.","article_modified_time":"2024-05-16T06:06:24+00:00","og_image":[{"width":1600,"height":1000,"url":"https:\/\/seapower.com.tr\/wp-content\/uploads\/UPS-3-3-END.jpg","type":"image\/jpeg"}],"twitter_card":"summary_large_image","twitter_misc":{"Estimated reading time":"1 minute"},"schema":{"@context":"https:\/\/schema.org","@graph":[{"@type":"WebPage","@id":"https:\/\/seapower.com.tr\/urunler\/endustriyel-urunler\/ups\/online-ups\/33-10-40-kva\/","url":"https:\/\/seapower.com.tr\/urunler\/endustriyel-urunler\/ups\/online-ups\/33-10-40-kva\/","name":"3:3 10-800 kVA - Seapower Elektrik Sistemleri Sanayi ve Ticaret A.\u015e.","isPartOf":{"@id":"https:\/\/seapower.com.tr\/#website"},"primaryImageOfPage":{"@id":"https:\/\/seapower.com.tr\/urunler\/endustriyel-urunler\/ups\/online-ups\/33-10-40-kva\/#primaryimage"},"image":{"@id":"https:\/\/seapower.com.tr\/urunler\/endustriyel-urunler\/ups\/online-ups\/33-10-40-kva\/#primaryimage"},"thumbnailUrl":"https:\/\/seapower.com.tr\/wp-content\/uploads\/UPS-3-3-END.jpg","datePublished":"2024-01-26T10:16:05+00:00","dateModified":"2024-05-16T06:06:24+00:00","breadcrumb":{"@id":"https:\/\/seapower.com.tr\/urunler\/endustriyel-urunler\/ups\/online-ups\/33-10-40-kva\/#breadcrumb"},"inLanguage":"en-GB","potentialAction":[{"@type":"ReadAction","target":["https:\/\/seapower.com.tr\/urunler\/endustriyel-urunler\/ups\/online-ups\/33-10-40-kva\/"]}]},{"@type":"ImageObject","inLanguage":"en-GB","@id":"https:\/\/seapower.com.tr\/urunler\/endustriyel-urunler\/ups\/online-ups\/33-10-40-kva\/#primaryimage","url":"https:\/\/seapower.com.tr\/wp-content\/uploads\/UPS-3-3-END.jpg","contentUrl":"https:\/\/seapower.com.tr\/wp-content\/uploads\/UPS-3-3-END.jpg","width":1600,"height":1000},{"@type":"BreadcrumbList","@id":"https:\/\/seapower.com.tr\/urunler\/endustriyel-urunler\/ups\/online-ups\/33-10-40-kva\/#breadcrumb","itemListElement":[{"@type":"ListItem","position":1,"name":"Ana Sayfa","item":"https:\/\/seapower.com.tr\/"},{"@type":"ListItem","position":2,"name":"\u00dcr\u00fcnler","item":"https:\/\/seapower.com.tr\/urunler\/"},{"@type":"ListItem","position":3,"name":"End\u00fcstriyel \u00dcr\u00fcnler","item":"https:\/\/seapower.com.tr\/urunler\/endustriyel-urunler\/"},{"@type":"ListItem","position":4,"name":"UPS","item":"https:\/\/seapower.com.tr\/urunler\/endustriyel-urunler\/ups\/"},{"@type":"ListItem","position":5,"name":"Online UPS","item":"https:\/\/seapower.com.tr\/urunler\/endustriyel-urunler\/ups\/online-ups\/"},{"@type":"ListItem","position":6,"name":"3:3 10-800 kVA"}]},{"@type":"WebSite","@id":"https:\/\/seapower.com.tr\/#website","url":"https:\/\/seapower.com.tr\/","name":"Seapower Elektrik Sistemleri Sanayi ve Ticaret A.\u015e.","description":"Konvert\u00f6r, UPS, Mod\u00fcler g\u00fc\u00e7 \u00e7\u00f6z\u00fcmleri","publisher":{"@id":"https:\/\/seapower.com.tr\/#organization"},"potentialAction":[{"@type":"SearchAction","target":{"@type":"EntryPoint","urlTemplate":"https:\/\/seapower.com.tr\/?s={search_term_string}"},"query-input":{"@type":"PropertyValueSpecification","valueRequired":true,"valueName":"search_term_string"}}],"inLanguage":"en-GB"},{"@type":"Organization","@id":"https:\/\/seapower.com.tr\/#organization","name":"SEAPOWER ELEKTR\u0130K S\u0130STEMLER\u0130 SAN. ve T\u0130C. A.\u015e.","alternateName":"SEAPOWER Elektrik Sistemleri","url":"https:\/\/seapower.com.tr\/","logo":{"@type":"ImageObject","inLanguage":"en-GB","@id":"https:\/\/seapower.com.tr\/#\/schema\/logo\/image\/","url":"https:\/\/seapower.com.tr\/wp-content\/uploads\/Seapower-Elektrik-Sistemleri-Logo-1.png","contentUrl":"https:\/\/seapower.com.tr\/wp-content\/uploads\/Seapower-Elektrik-Sistemleri-Logo-1.png","width":216,"height":135,"caption":"SEAPOWER ELEKTR\u0130K S\u0130STEMLER\u0130 SAN. ve T\u0130C. A.\u015e."},"image":{"@id":"https:\/\/seapower.com.tr\/#\/schema\/logo\/image\/"}}]}},"_links":{"self":[{"href":"https:\/\/seapower.com.tr\/en\/wp-json\/wp\/v2\/pages\/6264","targetHints":{"allow":["GET"]}}],"collection":[{"href":"https:\/\/seapower.com.tr\/en\/wp-json\/wp\/v2\/pages"}],"about":[{"href":"https:\/\/seapower.com.tr\/en\/wp-json\/wp\/v2\/types\/page"}],"author":[{"embeddable":true,"href":"https:\/\/seapower.com.tr\/en\/wp-json\/wp\/v2\/users\/1"}],"replies":[{"embeddable":true,"href":"https:\/\/seapower.com.tr\/en\/wp-json\/wp\/v2\/comments?post=6264"}],"version-history":[{"count":0,"href":"https:\/\/seapower.com.tr\/en\/wp-json\/wp\/v2\/pages\/6264\/revisions"}],"up":[{"embeddable":true,"href":"https:\/\/seapower.com.tr\/en\/wp-json\/wp\/v2\/pages\/6262"}],"wp:featuredmedia":[{"embeddable":true,"href":"https:\/\/seapower.com.tr\/en\/wp-json\/wp\/v2\/media\/10242"}],"wp:attachment":[{"href":"https:\/\/seapower.com.tr\/en\/wp-json\/wp\/v2\/media?parent=6264"}],"wp:term":[{"taxonomy":"category","embeddable":true,"href":"https:\/\/seapower.com.tr\/en\/wp-json\/wp\/v2\/categories?post=6264"},{"taxonomy":"post_tag","embeddable":true,"href":"https:\/\/seapower.com.tr\/en\/wp-json\/wp\/v2\/tags?post=6264"}],"curies":[{"name":"wp","href":"https:\/\/api.w.org\/{rel}","templated":true}]}}