{"id":6268,"date":"2024-01-26T13:16:38","date_gmt":"2024-01-26T10:16:38","guid":{"rendered":"https:\/\/seapower.com.tr\/?page_id=6268"},"modified":"2024-05-16T09:04:14","modified_gmt":"2024-05-16T06:04:14","slug":"11-1-10-kva","status":"publish","type":"page","link":"https:\/\/seapower.com.tr\/en\/products\/industrial-products\/ups\/online-ups\/11-1-10-kva\/","title":{"rendered":"1:1 1-10 kVA"},"content":{"rendered":"<p>1kVA&#8217;dan 10kVA&#8217;ya kadar de\u011fi\u015fen ET Serisi Rack serisi, tamamen DSP kontroll\u00fc teknolojiye sahip \u00e7ift \u00e7evrimli online rack UPS&#8217;tir. 6-10kVA UPS&#8217;in tek faz\u0131 geli\u015fmi\u015f 3 seviyeli teknolojiyi uygulayarak %95&#8217;e varan verimlilik sa\u011flar. ET serisi, 2U y\u00fckseklikte y\u00fcksek g\u00fc\u00e7 yo\u011funlu\u011funa (kW=kVA) sahip kompakt tasar\u0131m\u0131yla bilgisayarlar, telekom\u00fcnikasyon ekipmanlar\u0131 ve di\u011fer hassas cihazlar i\u00e7in ideal bir se\u00e7imdir.<\/p>\n\n\n\n<h3 class=\"wp-block-heading\">Common features for 1-10kVA <\/h3>\n\n\n\n<ul class=\"wp-block-list\">\n<li>Giri\u015f PF&gt;%99 iken geni\u015f giri\u015f voltaj\u0131 aral\u0131\u011f\u0131 <\/li>\n\n\n\n<li>19\" standard cab and battery cabin <\/li>\n\n\n\n<li>Full protection against overvoltage, short circuit and over temperature <\/li>\n\n\n\n<li>LCD\/LED display monitoring all operating status <\/li>\n\n\n\n<li>Automatic fan speed adjustment <\/li>\n\n\n\n<li>Abundant interfaces: RS232, USB, SNMP, Smart Card <\/li>\n<\/ul>\n\n\n\n<h3 class=\"wp-block-heading\">Unique features for 6-10kVA <\/h3>\n\n\n\n<ul class=\"wp-block-list\">\n<li>%95&#8217;e kadar y\u00fcksek verimlilik <\/li>\n\n\n\n<li>kVA=kW, output PF=1 <\/li>\n\n\n\n<li>Intelligent charge management effectively increases battery life <\/li>\n\n\n\n<li>3-level technology compatible with complex loads<\/li>\n<\/ul>\n\n\n\n<div class=\"wp-block-buttons is-layout-flex wp-block-buttons-is-layout-flex\">\n<div class=\"wp-block-button\"><a class=\"wp-block-button__link wp-element-button\" href=\"https:\/\/seapower.com.tr\/wp-content\/uploads\/Seapower-UPS-KATALOG-1-10-kVA-END.pdf\">CATALOG <code><div class=\"svg-flag flag-icon-background flag-icon-tr\" style=\"width:5em; height:5em;\"><\/div><\/code><\/a><\/div>\n\n\n\n<div class=\"wp-block-button\"><a class=\"wp-block-button__link wp-element-button\" href=\"https:\/\/seapower.com.tr\/wp-content\/uploads\/Seapower-UPS-KATALOG-1-10-kVA-END.pdf\">CATALOG <code><div class=\"svg-flag flag-icon-background flag-icon-gb\" style=\"width:5em; height:5em;\"><\/div><\/code><\/a><\/div>\n<\/div>\n\n\n\n<figure class=\"wp-block-gallery has-nested-images columns-default is-cropped wp-block-gallery-1 is-layout-flex wp-block-gallery-is-layout-flex\">\n<figure class=\"wp-block-image size-full\"><img fetchpriority=\"high\" decoding=\"async\" width=\"1600\" height=\"1000\" data-id=\"10239\" src=\"https:\/\/seapower.com.tr\/wp-content\/uploads\/UPS-1-1-1-10kVAEND.jpg\" alt=\"\" class=\"wp-image-10239\" srcset=\"https:\/\/seapower.com.tr\/wp-content\/uploads\/UPS-1-1-1-10kVAEND.jpg 1600w, https:\/\/seapower.com.tr\/wp-content\/uploads\/UPS-1-1-1-10kVAEND-300x188.jpg 300w, https:\/\/seapower.com.tr\/wp-content\/uploads\/UPS-1-1-1-10kVAEND-1024x640.jpg 1024w, https:\/\/seapower.com.tr\/wp-content\/uploads\/UPS-1-1-1-10kVAEND-768x480.jpg 768w, https:\/\/seapower.com.tr\/wp-content\/uploads\/UPS-1-1-1-10kVAEND-1536x960.jpg 1536w, https:\/\/seapower.com.tr\/wp-content\/uploads\/UPS-1-1-1-10kVAEND-18x12.jpg 18w, https:\/\/seapower.com.tr\/wp-content\/uploads\/UPS-1-1-1-10kVAEND-370x230.jpg 370w\" sizes=\"(max-width: 1600px) 100vw, 1600px\" \/><\/figure>\n<\/figure>","protected":false},"excerpt":{"rendered":"<p>1kVA&#8217;dan 10kVA&#8217;ya kadar de\u011fi\u015fen ET Serisi Rack serisi, tamamen DSP kontroll\u00fc teknolojiye sahip \u00e7ift \u00e7evrimli online rack UPS&#8217;tir. 6-10kVA UPS&#8217;in tek faz\u0131 geli\u015fmi\u015f 3 seviyeli teknolojiyi uygulayarak %95&#8217;e varan verimlilik sa\u011flar. ET serisi, 2U y\u00fckseklikte y\u00fcksek g\u00fc\u00e7 yo\u011funlu\u011funa (kW=kVA) sahip kompakt tasar\u0131m\u0131yla bilgisayarlar, telekom\u00fcnikasyon ekipmanlar\u0131 ve di\u011fer hassas cihazlar i\u00e7in<\/p>","protected":false},"author":1,"featured_media":10239,"parent":6262,"menu_order":0,"comment_status":"closed","ping_status":"closed","template":"","meta":{"inline_featured_image":false,"footnotes":""},"categories":[63],"tags":[],"class_list":["post-6268","page","type-page","status-publish","has-post-thumbnail","hentry","category-online-ups"],"yoast_head":"<!-- This site is optimized with the Yoast SEO plugin v26.6 - https:\/\/yoast.com\/wordpress\/plugins\/seo\/ -->\n<title>1:1 1-10 kVA - Seapower Elektrik Sistemleri Sanayi ve Ticaret A.\u015e.<\/title>\n<meta name=\"robots\" content=\"index, follow, max-snippet:-1, max-image-preview:large, max-video-preview:-1\" \/>\n<link rel=\"canonical\" href=\"https:\/\/seapower.com.tr\/en\/products\/industrial-products\/ups\/online-ups\/11-1-10-kva\/\" \/>\n<meta property=\"og:locale\" content=\"en_GB\" \/>\n<meta property=\"og:type\" content=\"article\" \/>\n<meta property=\"og:title\" content=\"1:1 1-10 kVA - Seapower Elektrik Sistemleri Sanayi ve Ticaret A.\u015e.\" \/>\n<meta property=\"og:description\" content=\"1kVA&#8217;dan 10kVA&#8217;ya kadar de\u011fi\u015fen ET Serisi Rack serisi, tamamen DSP kontroll\u00fc teknolojiye sahip \u00e7ift \u00e7evrimli online rack UPS&#8217;tir. 6-10kVA UPS&#8217;in tek faz\u0131 geli\u015fmi\u015f 3 seviyeli teknolojiyi uygulayarak %95&#8217;e varan verimlilik sa\u011flar. ET serisi, 2U y\u00fckseklikte y\u00fcksek g\u00fc\u00e7 yo\u011funlu\u011funa (kW=kVA) sahip kompakt tasar\u0131m\u0131yla bilgisayarlar, telekom\u00fcnikasyon ekipmanlar\u0131 ve di\u011fer hassas cihazlar i\u00e7in\" \/>\n<meta property=\"og:url\" content=\"https:\/\/seapower.com.tr\/en\/products\/industrial-products\/ups\/online-ups\/11-1-10-kva\/\" \/>\n<meta property=\"og:site_name\" content=\"Seapower Elektrik Sistemleri Sanayi ve Ticaret A.\u015e.\" \/>\n<meta property=\"article:modified_time\" content=\"2024-05-16T06:04:14+00:00\" \/>\n<meta property=\"og:image\" content=\"https:\/\/seapower.com.tr\/wp-content\/uploads\/UPS-1-1-1-10kVAEND.jpg\" \/>\n\t<meta property=\"og:image:width\" content=\"1600\" \/>\n\t<meta property=\"og:image:height\" content=\"1000\" \/>\n\t<meta property=\"og:image:type\" content=\"image\/jpeg\" \/>\n<meta name=\"twitter:card\" content=\"summary_large_image\" \/>\n<meta name=\"twitter:label1\" content=\"Estimated reading time\" \/>\n\t<meta name=\"twitter:data1\" content=\"2 minutes\" \/>\n<script type=\"application\/ld+json\" class=\"yoast-schema-graph\">{\"@context\":\"https:\/\/schema.org\",\"@graph\":[{\"@type\":\"WebPage\",\"@id\":\"https:\/\/seapower.com.tr\/urunler\/endustriyel-urunler\/ups\/online-ups\/11-1-10-kva\/\",\"url\":\"https:\/\/seapower.com.tr\/urunler\/endustriyel-urunler\/ups\/online-ups\/11-1-10-kva\/\",\"name\":\"1:1 1-10 kVA - Seapower Elektrik Sistemleri Sanayi ve Ticaret A.\u015e.\",\"isPartOf\":{\"@id\":\"https:\/\/seapower.com.tr\/#website\"},\"primaryImageOfPage\":{\"@id\":\"https:\/\/seapower.com.tr\/urunler\/endustriyel-urunler\/ups\/online-ups\/11-1-10-kva\/#primaryimage\"},\"image\":{\"@id\":\"https:\/\/seapower.com.tr\/urunler\/endustriyel-urunler\/ups\/online-ups\/11-1-10-kva\/#primaryimage\"},\"thumbnailUrl\":\"https:\/\/seapower.com.tr\/wp-content\/uploads\/UPS-1-1-1-10kVAEND.jpg\",\"datePublished\":\"2024-01-26T10:16:38+00:00\",\"dateModified\":\"2024-05-16T06:04:14+00:00\",\"breadcrumb\":{\"@id\":\"https:\/\/seapower.com.tr\/urunler\/endustriyel-urunler\/ups\/online-ups\/11-1-10-kva\/#breadcrumb\"},\"inLanguage\":\"en-GB\",\"potentialAction\":[{\"@type\":\"ReadAction\",\"target\":[\"https:\/\/seapower.com.tr\/urunler\/endustriyel-urunler\/ups\/online-ups\/11-1-10-kva\/\"]}]},{\"@type\":\"ImageObject\",\"inLanguage\":\"en-GB\",\"@id\":\"https:\/\/seapower.com.tr\/urunler\/endustriyel-urunler\/ups\/online-ups\/11-1-10-kva\/#primaryimage\",\"url\":\"https:\/\/seapower.com.tr\/wp-content\/uploads\/UPS-1-1-1-10kVAEND.jpg\",\"contentUrl\":\"https:\/\/seapower.com.tr\/wp-content\/uploads\/UPS-1-1-1-10kVAEND.jpg\",\"width\":1600,\"height\":1000},{\"@type\":\"BreadcrumbList\",\"@id\":\"https:\/\/seapower.com.tr\/urunler\/endustriyel-urunler\/ups\/online-ups\/11-1-10-kva\/#breadcrumb\",\"itemListElement\":[{\"@type\":\"ListItem\",\"position\":1,\"name\":\"Ana Sayfa\",\"item\":\"https:\/\/seapower.com.tr\/\"},{\"@type\":\"ListItem\",\"position\":2,\"name\":\"\u00dcr\u00fcnler\",\"item\":\"https:\/\/seapower.com.tr\/urunler\/\"},{\"@type\":\"ListItem\",\"position\":3,\"name\":\"End\u00fcstriyel \u00dcr\u00fcnler\",\"item\":\"https:\/\/seapower.com.tr\/urunler\/endustriyel-urunler\/\"},{\"@type\":\"ListItem\",\"position\":4,\"name\":\"UPS\",\"item\":\"https:\/\/seapower.com.tr\/urunler\/endustriyel-urunler\/ups\/\"},{\"@type\":\"ListItem\",\"position\":5,\"name\":\"Online UPS\",\"item\":\"https:\/\/seapower.com.tr\/urunler\/endustriyel-urunler\/ups\/online-ups\/\"},{\"@type\":\"ListItem\",\"position\":6,\"name\":\"1:1 1-10 kVA\"}]},{\"@type\":\"WebSite\",\"@id\":\"https:\/\/seapower.com.tr\/#website\",\"url\":\"https:\/\/seapower.com.tr\/\",\"name\":\"Seapower Elektrik Sistemleri Sanayi ve Ticaret A.\u015e.\",\"description\":\"Konvert\u00f6r, UPS, Mod\u00fcler g\u00fc\u00e7 \u00e7\u00f6z\u00fcmleri\",\"publisher\":{\"@id\":\"https:\/\/seapower.com.tr\/#organization\"},\"potentialAction\":[{\"@type\":\"SearchAction\",\"target\":{\"@type\":\"EntryPoint\",\"urlTemplate\":\"https:\/\/seapower.com.tr\/?s={search_term_string}\"},\"query-input\":{\"@type\":\"PropertyValueSpecification\",\"valueRequired\":true,\"valueName\":\"search_term_string\"}}],\"inLanguage\":\"en-GB\"},{\"@type\":\"Organization\",\"@id\":\"https:\/\/seapower.com.tr\/#organization\",\"name\":\"SEAPOWER ELEKTR\u0130K S\u0130STEMLER\u0130 SAN. ve T\u0130C. A.\u015e.\",\"alternateName\":\"SEAPOWER Elektrik Sistemleri\",\"url\":\"https:\/\/seapower.com.tr\/\",\"logo\":{\"@type\":\"ImageObject\",\"inLanguage\":\"en-GB\",\"@id\":\"https:\/\/seapower.com.tr\/#\/schema\/logo\/image\/\",\"url\":\"https:\/\/seapower.com.tr\/wp-content\/uploads\/Seapower-Elektrik-Sistemleri-Logo-1.png\",\"contentUrl\":\"https:\/\/seapower.com.tr\/wp-content\/uploads\/Seapower-Elektrik-Sistemleri-Logo-1.png\",\"width\":216,\"height\":135,\"caption\":\"SEAPOWER ELEKTR\u0130K S\u0130STEMLER\u0130 SAN. ve T\u0130C. A.\u015e.\"},\"image\":{\"@id\":\"https:\/\/seapower.com.tr\/#\/schema\/logo\/image\/\"}}]}<\/script>\n<!-- \/ Yoast SEO plugin. -->","yoast_head_json":{"title":"1:1 1-10 kVA - Seapower Elektrik Sistemleri Sanayi ve Ticaret A.\u015e.","robots":{"index":"index","follow":"follow","max-snippet":"max-snippet:-1","max-image-preview":"max-image-preview:large","max-video-preview":"max-video-preview:-1"},"canonical":"https:\/\/seapower.com.tr\/en\/products\/industrial-products\/ups\/online-ups\/11-1-10-kva\/","og_locale":"en_GB","og_type":"article","og_title":"1:1 1-10 kVA - Seapower Elektrik Sistemleri Sanayi ve Ticaret A.\u015e.","og_description":"1kVA&#8217;dan 10kVA&#8217;ya kadar de\u011fi\u015fen ET Serisi Rack serisi, tamamen DSP kontroll\u00fc teknolojiye sahip \u00e7ift \u00e7evrimli online rack UPS&#8217;tir. 6-10kVA UPS&#8217;in tek faz\u0131 geli\u015fmi\u015f 3 seviyeli teknolojiyi uygulayarak %95&#8217;e varan verimlilik sa\u011flar. ET serisi, 2U y\u00fckseklikte y\u00fcksek g\u00fc\u00e7 yo\u011funlu\u011funa (kW=kVA) sahip kompakt tasar\u0131m\u0131yla bilgisayarlar, telekom\u00fcnikasyon ekipmanlar\u0131 ve di\u011fer hassas cihazlar i\u00e7in","og_url":"https:\/\/seapower.com.tr\/en\/products\/industrial-products\/ups\/online-ups\/11-1-10-kva\/","og_site_name":"Seapower Elektrik Sistemleri Sanayi ve Ticaret A.\u015e.","article_modified_time":"2024-05-16T06:04:14+00:00","og_image":[{"width":1600,"height":1000,"url":"https:\/\/seapower.com.tr\/wp-content\/uploads\/UPS-1-1-1-10kVAEND.jpg","type":"image\/jpeg"}],"twitter_card":"summary_large_image","twitter_misc":{"Estimated reading time":"2 minutes"},"schema":{"@context":"https:\/\/schema.org","@graph":[{"@type":"WebPage","@id":"https:\/\/seapower.com.tr\/urunler\/endustriyel-urunler\/ups\/online-ups\/11-1-10-kva\/","url":"https:\/\/seapower.com.tr\/urunler\/endustriyel-urunler\/ups\/online-ups\/11-1-10-kva\/","name":"1:1 1-10 kVA - Seapower Elektrik Sistemleri Sanayi ve Ticaret A.\u015e.","isPartOf":{"@id":"https:\/\/seapower.com.tr\/#website"},"primaryImageOfPage":{"@id":"https:\/\/seapower.com.tr\/urunler\/endustriyel-urunler\/ups\/online-ups\/11-1-10-kva\/#primaryimage"},"image":{"@id":"https:\/\/seapower.com.tr\/urunler\/endustriyel-urunler\/ups\/online-ups\/11-1-10-kva\/#primaryimage"},"thumbnailUrl":"https:\/\/seapower.com.tr\/wp-content\/uploads\/UPS-1-1-1-10kVAEND.jpg","datePublished":"2024-01-26T10:16:38+00:00","dateModified":"2024-05-16T06:04:14+00:00","breadcrumb":{"@id":"https:\/\/seapower.com.tr\/urunler\/endustriyel-urunler\/ups\/online-ups\/11-1-10-kva\/#breadcrumb"},"inLanguage":"en-GB","potentialAction":[{"@type":"ReadAction","target":["https:\/\/seapower.com.tr\/urunler\/endustriyel-urunler\/ups\/online-ups\/11-1-10-kva\/"]}]},{"@type":"ImageObject","inLanguage":"en-GB","@id":"https:\/\/seapower.com.tr\/urunler\/endustriyel-urunler\/ups\/online-ups\/11-1-10-kva\/#primaryimage","url":"https:\/\/seapower.com.tr\/wp-content\/uploads\/UPS-1-1-1-10kVAEND.jpg","contentUrl":"https:\/\/seapower.com.tr\/wp-content\/uploads\/UPS-1-1-1-10kVAEND.jpg","width":1600,"height":1000},{"@type":"BreadcrumbList","@id":"https:\/\/seapower.com.tr\/urunler\/endustriyel-urunler\/ups\/online-ups\/11-1-10-kva\/#breadcrumb","itemListElement":[{"@type":"ListItem","position":1,"name":"Ana Sayfa","item":"https:\/\/seapower.com.tr\/"},{"@type":"ListItem","position":2,"name":"\u00dcr\u00fcnler","item":"https:\/\/seapower.com.tr\/urunler\/"},{"@type":"ListItem","position":3,"name":"End\u00fcstriyel \u00dcr\u00fcnler","item":"https:\/\/seapower.com.tr\/urunler\/endustriyel-urunler\/"},{"@type":"ListItem","position":4,"name":"UPS","item":"https:\/\/seapower.com.tr\/urunler\/endustriyel-urunler\/ups\/"},{"@type":"ListItem","position":5,"name":"Online UPS","item":"https:\/\/seapower.com.tr\/urunler\/endustriyel-urunler\/ups\/online-ups\/"},{"@type":"ListItem","position":6,"name":"1:1 1-10 kVA"}]},{"@type":"WebSite","@id":"https:\/\/seapower.com.tr\/#website","url":"https:\/\/seapower.com.tr\/","name":"Seapower Elektrik Sistemleri Sanayi ve Ticaret A.\u015e.","description":"Konvert\u00f6r, UPS, Mod\u00fcler g\u00fc\u00e7 \u00e7\u00f6z\u00fcmleri","publisher":{"@id":"https:\/\/seapower.com.tr\/#organization"},"potentialAction":[{"@type":"SearchAction","target":{"@type":"EntryPoint","urlTemplate":"https:\/\/seapower.com.tr\/?s={search_term_string}"},"query-input":{"@type":"PropertyValueSpecification","valueRequired":true,"valueName":"search_term_string"}}],"inLanguage":"en-GB"},{"@type":"Organization","@id":"https:\/\/seapower.com.tr\/#organization","name":"SEAPOWER ELEKTR\u0130K S\u0130STEMLER\u0130 SAN. ve T\u0130C. A.\u015e.","alternateName":"SEAPOWER Elektrik Sistemleri","url":"https:\/\/seapower.com.tr\/","logo":{"@type":"ImageObject","inLanguage":"en-GB","@id":"https:\/\/seapower.com.tr\/#\/schema\/logo\/image\/","url":"https:\/\/seapower.com.tr\/wp-content\/uploads\/Seapower-Elektrik-Sistemleri-Logo-1.png","contentUrl":"https:\/\/seapower.com.tr\/wp-content\/uploads\/Seapower-Elektrik-Sistemleri-Logo-1.png","width":216,"height":135,"caption":"SEAPOWER ELEKTR\u0130K S\u0130STEMLER\u0130 SAN. ve T\u0130C. A.\u015e."},"image":{"@id":"https:\/\/seapower.com.tr\/#\/schema\/logo\/image\/"}}]}},"_links":{"self":[{"href":"https:\/\/seapower.com.tr\/en\/wp-json\/wp\/v2\/pages\/6268","targetHints":{"allow":["GET"]}}],"collection":[{"href":"https:\/\/seapower.com.tr\/en\/wp-json\/wp\/v2\/pages"}],"about":[{"href":"https:\/\/seapower.com.tr\/en\/wp-json\/wp\/v2\/types\/page"}],"author":[{"embeddable":true,"href":"https:\/\/seapower.com.tr\/en\/wp-json\/wp\/v2\/users\/1"}],"replies":[{"embeddable":true,"href":"https:\/\/seapower.com.tr\/en\/wp-json\/wp\/v2\/comments?post=6268"}],"version-history":[{"count":0,"href":"https:\/\/seapower.com.tr\/en\/wp-json\/wp\/v2\/pages\/6268\/revisions"}],"up":[{"embeddable":true,"href":"https:\/\/seapower.com.tr\/en\/wp-json\/wp\/v2\/pages\/6262"}],"wp:featuredmedia":[{"embeddable":true,"href":"https:\/\/seapower.com.tr\/en\/wp-json\/wp\/v2\/media\/10239"}],"wp:attachment":[{"href":"https:\/\/seapower.com.tr\/en\/wp-json\/wp\/v2\/media?parent=6268"}],"wp:term":[{"taxonomy":"category","embeddable":true,"href":"https:\/\/seapower.com.tr\/en\/wp-json\/wp\/v2\/categories?post=6268"},{"taxonomy":"post_tag","embeddable":true,"href":"https:\/\/seapower.com.tr\/en\/wp-json\/wp\/v2\/tags?post=6268"}],"curies":[{"name":"wp","href":"https:\/\/api.w.org\/{rel}","templated":true}]}}