{"id":6274,"date":"2024-01-26T13:17:45","date_gmt":"2024-01-26T10:17:45","guid":{"rendered":"https:\/\/seapower.com.tr\/?page_id=6274"},"modified":"2024-03-05T21:00:22","modified_gmt":"2024-03-05T18:00:22","slug":"line-interaktif-ups","status":"publish","type":"page","link":"https:\/\/seapower.com.tr\/en\/products\/industrial-products\/ups\/line-interactive-ups\/","title":{"rendered":"Line Interactive UPS"},"content":{"rendered":"<figure class=\"wp-block-gallery has-nested-images columns-default is-cropped wp-block-gallery-1 is-layout-flex wp-block-gallery-is-layout-flex\">\n<figure class=\"wp-block-image size-full\"><img fetchpriority=\"high\" decoding=\"async\" width=\"800\" height=\"460\" data-id=\"8783\" src=\"https:\/\/seapower.com.tr\/wp-content\/uploads\/SEAPOWER-Elektrik-Sistemleri-LION-PLUS-SERISI-650-2000-VA.jpg\" alt=\"\" class=\"wp-image-8783\" srcset=\"https:\/\/seapower.com.tr\/wp-content\/uploads\/SEAPOWER-Elektrik-Sistemleri-LION-PLUS-SERISI-650-2000-VA.jpg 800w, https:\/\/seapower.com.tr\/wp-content\/uploads\/SEAPOWER-Elektrik-Sistemleri-LION-PLUS-SERISI-650-2000-VA-300x173.jpg 300w, https:\/\/seapower.com.tr\/wp-content\/uploads\/SEAPOWER-Elektrik-Sistemleri-LION-PLUS-SERISI-650-2000-VA-768x442.jpg 768w, https:\/\/seapower.com.tr\/wp-content\/uploads\/SEAPOWER-Elektrik-Sistemleri-LION-PLUS-SERISI-650-2000-VA-18x10.jpg 18w\" sizes=\"(max-width: 800px) 100vw, 800px\" \/><\/figure>\n\n\n\n<figure class=\"wp-block-image size-large\"><img decoding=\"async\" width=\"800\" height=\"460\" data-id=\"8784\" src=\"https:\/\/seapower.com.tr\/wp-content\/uploads\/SEAPOWER-Elektrik-Sistemleri-LION-PLUS-SERISI-650-2000-VA2.jpg\" alt=\"\" class=\"wp-image-8784\" srcset=\"https:\/\/seapower.com.tr\/wp-content\/uploads\/SEAPOWER-Elektrik-Sistemleri-LION-PLUS-SERISI-650-2000-VA2.jpg 800w, https:\/\/seapower.com.tr\/wp-content\/uploads\/SEAPOWER-Elektrik-Sistemleri-LION-PLUS-SERISI-650-2000-VA2-300x173.jpg 300w, https:\/\/seapower.com.tr\/wp-content\/uploads\/SEAPOWER-Elektrik-Sistemleri-LION-PLUS-SERISI-650-2000-VA2-768x442.jpg 768w, https:\/\/seapower.com.tr\/wp-content\/uploads\/SEAPOWER-Elektrik-Sistemleri-LION-PLUS-SERISI-650-2000-VA2-18x10.jpg 18w\" sizes=\"(max-width: 800px) 100vw, 800px\" \/><\/figure>\n<\/figure>","protected":false},"excerpt":{"rendered":"","protected":false},"author":1,"featured_media":8783,"parent":6257,"menu_order":0,"comment_status":"closed","ping_status":"closed","template":"","meta":{"inline_featured_image":false,"footnotes":""},"categories":[62],"tags":[],"class_list":["post-6274","page","type-page","status-publish","has-post-thumbnail","hentry","category-ups"],"yoast_head":"<!-- This site is optimized with the Yoast SEO plugin v26.6 - https:\/\/yoast.com\/wordpress\/plugins\/seo\/ -->\n<title>Line \u0130nteraktif UPS - Seapower Elektrik Sistemleri Sanayi ve Ticaret A.\u015e.<\/title>\n<meta name=\"robots\" content=\"index, follow, max-snippet:-1, max-image-preview:large, max-video-preview:-1\" \/>\n<link rel=\"canonical\" href=\"https:\/\/seapower.com.tr\/en\/products\/industrial-products\/ups\/line-interactive-ups\/\" \/>\n<meta property=\"og:locale\" content=\"en_GB\" \/>\n<meta property=\"og:type\" content=\"article\" \/>\n<meta property=\"og:title\" content=\"Line \u0130nteraktif UPS - Seapower Elektrik Sistemleri Sanayi ve Ticaret A.\u015e.\" \/>\n<meta property=\"og:url\" content=\"https:\/\/seapower.com.tr\/en\/products\/industrial-products\/ups\/line-interactive-ups\/\" \/>\n<meta property=\"og:site_name\" content=\"Seapower Elektrik Sistemleri Sanayi ve Ticaret A.\u015e.\" \/>\n<meta property=\"article:modified_time\" content=\"2024-03-05T18:00:22+00:00\" \/>\n<meta property=\"og:image\" content=\"https:\/\/seapower.com.tr\/wp-content\/uploads\/SEAPOWER-Elektrik-Sistemleri-LION-PLUS-SERISI-650-2000-VA.jpg\" \/>\n\t<meta property=\"og:image:width\" content=\"800\" \/>\n\t<meta property=\"og:image:height\" content=\"460\" \/>\n\t<meta property=\"og:image:type\" content=\"image\/jpeg\" \/>\n<meta name=\"twitter:card\" content=\"summary_large_image\" \/>\n<meta name=\"twitter:label1\" content=\"Estimated reading time\" \/>\n\t<meta name=\"twitter:data1\" content=\"1 minute\" \/>\n<script type=\"application\/ld+json\" class=\"yoast-schema-graph\">{\"@context\":\"https:\/\/schema.org\",\"@graph\":[{\"@type\":\"WebPage\",\"@id\":\"https:\/\/seapower.com.tr\/urunler\/endustriyel-urunler\/ups\/line-interaktif-ups\/\",\"url\":\"https:\/\/seapower.com.tr\/urunler\/endustriyel-urunler\/ups\/line-interaktif-ups\/\",\"name\":\"Line \u0130nteraktif UPS - Seapower Elektrik Sistemleri Sanayi ve Ticaret A.\u015e.\",\"isPartOf\":{\"@id\":\"https:\/\/seapower.com.tr\/#website\"},\"primaryImageOfPage\":{\"@id\":\"https:\/\/seapower.com.tr\/urunler\/endustriyel-urunler\/ups\/line-interaktif-ups\/#primaryimage\"},\"image\":{\"@id\":\"https:\/\/seapower.com.tr\/urunler\/endustriyel-urunler\/ups\/line-interaktif-ups\/#primaryimage\"},\"thumbnailUrl\":\"https:\/\/seapower.com.tr\/wp-content\/uploads\/SEAPOWER-Elektrik-Sistemleri-LION-PLUS-SERISI-650-2000-VA.jpg\",\"datePublished\":\"2024-01-26T10:17:45+00:00\",\"dateModified\":\"2024-03-05T18:00:22+00:00\",\"breadcrumb\":{\"@id\":\"https:\/\/seapower.com.tr\/urunler\/endustriyel-urunler\/ups\/line-interaktif-ups\/#breadcrumb\"},\"inLanguage\":\"en-GB\",\"potentialAction\":[{\"@type\":\"ReadAction\",\"target\":[\"https:\/\/seapower.com.tr\/urunler\/endustriyel-urunler\/ups\/line-interaktif-ups\/\"]}]},{\"@type\":\"ImageObject\",\"inLanguage\":\"en-GB\",\"@id\":\"https:\/\/seapower.com.tr\/urunler\/endustriyel-urunler\/ups\/line-interaktif-ups\/#primaryimage\",\"url\":\"https:\/\/seapower.com.tr\/wp-content\/uploads\/SEAPOWER-Elektrik-Sistemleri-LION-PLUS-SERISI-650-2000-VA.jpg\",\"contentUrl\":\"https:\/\/seapower.com.tr\/wp-content\/uploads\/SEAPOWER-Elektrik-Sistemleri-LION-PLUS-SERISI-650-2000-VA.jpg\",\"width\":800,\"height\":460},{\"@type\":\"BreadcrumbList\",\"@id\":\"https:\/\/seapower.com.tr\/urunler\/endustriyel-urunler\/ups\/line-interaktif-ups\/#breadcrumb\",\"itemListElement\":[{\"@type\":\"ListItem\",\"position\":1,\"name\":\"Ana Sayfa\",\"item\":\"https:\/\/seapower.com.tr\/\"},{\"@type\":\"ListItem\",\"position\":2,\"name\":\"\u00dcr\u00fcnler\",\"item\":\"https:\/\/seapower.com.tr\/urunler\/\"},{\"@type\":\"ListItem\",\"position\":3,\"name\":\"End\u00fcstriyel \u00dcr\u00fcnler\",\"item\":\"https:\/\/seapower.com.tr\/urunler\/endustriyel-urunler\/\"},{\"@type\":\"ListItem\",\"position\":4,\"name\":\"UPS\",\"item\":\"https:\/\/seapower.com.tr\/urunler\/endustriyel-urunler\/ups\/\"},{\"@type\":\"ListItem\",\"position\":5,\"name\":\"Line \u0130nteraktif UPS\"}]},{\"@type\":\"WebSite\",\"@id\":\"https:\/\/seapower.com.tr\/#website\",\"url\":\"https:\/\/seapower.com.tr\/\",\"name\":\"Seapower Elektrik Sistemleri Sanayi ve Ticaret A.\u015e.\",\"description\":\"Konvert\u00f6r, UPS, Mod\u00fcler g\u00fc\u00e7 \u00e7\u00f6z\u00fcmleri\",\"publisher\":{\"@id\":\"https:\/\/seapower.com.tr\/#organization\"},\"potentialAction\":[{\"@type\":\"SearchAction\",\"target\":{\"@type\":\"EntryPoint\",\"urlTemplate\":\"https:\/\/seapower.com.tr\/?s={search_term_string}\"},\"query-input\":{\"@type\":\"PropertyValueSpecification\",\"valueRequired\":true,\"valueName\":\"search_term_string\"}}],\"inLanguage\":\"en-GB\"},{\"@type\":\"Organization\",\"@id\":\"https:\/\/seapower.com.tr\/#organization\",\"name\":\"SEAPOWER ELEKTR\u0130K S\u0130STEMLER\u0130 SAN. ve T\u0130C. A.\u015e.\",\"alternateName\":\"SEAPOWER Elektrik Sistemleri\",\"url\":\"https:\/\/seapower.com.tr\/\",\"logo\":{\"@type\":\"ImageObject\",\"inLanguage\":\"en-GB\",\"@id\":\"https:\/\/seapower.com.tr\/#\/schema\/logo\/image\/\",\"url\":\"https:\/\/seapower.com.tr\/wp-content\/uploads\/Seapower-Elektrik-Sistemleri-Logo-1.png\",\"contentUrl\":\"https:\/\/seapower.com.tr\/wp-content\/uploads\/Seapower-Elektrik-Sistemleri-Logo-1.png\",\"width\":216,\"height\":135,\"caption\":\"SEAPOWER ELEKTR\u0130K S\u0130STEMLER\u0130 SAN. ve T\u0130C. A.\u015e.\"},\"image\":{\"@id\":\"https:\/\/seapower.com.tr\/#\/schema\/logo\/image\/\"}}]}<\/script>\n<!-- \/ Yoast SEO plugin. -->","yoast_head_json":{"title":"Line \u0130nteraktif UPS - Seapower Elektrik Sistemleri Sanayi ve Ticaret A.\u015e.","robots":{"index":"index","follow":"follow","max-snippet":"max-snippet:-1","max-image-preview":"max-image-preview:large","max-video-preview":"max-video-preview:-1"},"canonical":"https:\/\/seapower.com.tr\/en\/products\/industrial-products\/ups\/line-interactive-ups\/","og_locale":"en_GB","og_type":"article","og_title":"Line \u0130nteraktif UPS - Seapower Elektrik Sistemleri Sanayi ve Ticaret A.\u015e.","og_url":"https:\/\/seapower.com.tr\/en\/products\/industrial-products\/ups\/line-interactive-ups\/","og_site_name":"Seapower Elektrik Sistemleri Sanayi ve Ticaret A.\u015e.","article_modified_time":"2024-03-05T18:00:22+00:00","og_image":[{"width":800,"height":460,"url":"https:\/\/seapower.com.tr\/wp-content\/uploads\/SEAPOWER-Elektrik-Sistemleri-LION-PLUS-SERISI-650-2000-VA.jpg","type":"image\/jpeg"}],"twitter_card":"summary_large_image","twitter_misc":{"Estimated reading time":"1 minute"},"schema":{"@context":"https:\/\/schema.org","@graph":[{"@type":"WebPage","@id":"https:\/\/seapower.com.tr\/urunler\/endustriyel-urunler\/ups\/line-interaktif-ups\/","url":"https:\/\/seapower.com.tr\/urunler\/endustriyel-urunler\/ups\/line-interaktif-ups\/","name":"Line \u0130nteraktif UPS - Seapower Elektrik Sistemleri Sanayi ve Ticaret A.\u015e.","isPartOf":{"@id":"https:\/\/seapower.com.tr\/#website"},"primaryImageOfPage":{"@id":"https:\/\/seapower.com.tr\/urunler\/endustriyel-urunler\/ups\/line-interaktif-ups\/#primaryimage"},"image":{"@id":"https:\/\/seapower.com.tr\/urunler\/endustriyel-urunler\/ups\/line-interaktif-ups\/#primaryimage"},"thumbnailUrl":"https:\/\/seapower.com.tr\/wp-content\/uploads\/SEAPOWER-Elektrik-Sistemleri-LION-PLUS-SERISI-650-2000-VA.jpg","datePublished":"2024-01-26T10:17:45+00:00","dateModified":"2024-03-05T18:00:22+00:00","breadcrumb":{"@id":"https:\/\/seapower.com.tr\/urunler\/endustriyel-urunler\/ups\/line-interaktif-ups\/#breadcrumb"},"inLanguage":"en-GB","potentialAction":[{"@type":"ReadAction","target":["https:\/\/seapower.com.tr\/urunler\/endustriyel-urunler\/ups\/line-interaktif-ups\/"]}]},{"@type":"ImageObject","inLanguage":"en-GB","@id":"https:\/\/seapower.com.tr\/urunler\/endustriyel-urunler\/ups\/line-interaktif-ups\/#primaryimage","url":"https:\/\/seapower.com.tr\/wp-content\/uploads\/SEAPOWER-Elektrik-Sistemleri-LION-PLUS-SERISI-650-2000-VA.jpg","contentUrl":"https:\/\/seapower.com.tr\/wp-content\/uploads\/SEAPOWER-Elektrik-Sistemleri-LION-PLUS-SERISI-650-2000-VA.jpg","width":800,"height":460},{"@type":"BreadcrumbList","@id":"https:\/\/seapower.com.tr\/urunler\/endustriyel-urunler\/ups\/line-interaktif-ups\/#breadcrumb","itemListElement":[{"@type":"ListItem","position":1,"name":"Ana Sayfa","item":"https:\/\/seapower.com.tr\/"},{"@type":"ListItem","position":2,"name":"\u00dcr\u00fcnler","item":"https:\/\/seapower.com.tr\/urunler\/"},{"@type":"ListItem","position":3,"name":"End\u00fcstriyel \u00dcr\u00fcnler","item":"https:\/\/seapower.com.tr\/urunler\/endustriyel-urunler\/"},{"@type":"ListItem","position":4,"name":"UPS","item":"https:\/\/seapower.com.tr\/urunler\/endustriyel-urunler\/ups\/"},{"@type":"ListItem","position":5,"name":"Line \u0130nteraktif UPS"}]},{"@type":"WebSite","@id":"https:\/\/seapower.com.tr\/#website","url":"https:\/\/seapower.com.tr\/","name":"Seapower Elektrik Sistemleri Sanayi ve Ticaret A.\u015e.","description":"Konvert\u00f6r, UPS, Mod\u00fcler g\u00fc\u00e7 \u00e7\u00f6z\u00fcmleri","publisher":{"@id":"https:\/\/seapower.com.tr\/#organization"},"potentialAction":[{"@type":"SearchAction","target":{"@type":"EntryPoint","urlTemplate":"https:\/\/seapower.com.tr\/?s={search_term_string}"},"query-input":{"@type":"PropertyValueSpecification","valueRequired":true,"valueName":"search_term_string"}}],"inLanguage":"en-GB"},{"@type":"Organization","@id":"https:\/\/seapower.com.tr\/#organization","name":"SEAPOWER ELEKTR\u0130K S\u0130STEMLER\u0130 SAN. ve T\u0130C. A.\u015e.","alternateName":"SEAPOWER Elektrik Sistemleri","url":"https:\/\/seapower.com.tr\/","logo":{"@type":"ImageObject","inLanguage":"en-GB","@id":"https:\/\/seapower.com.tr\/#\/schema\/logo\/image\/","url":"https:\/\/seapower.com.tr\/wp-content\/uploads\/Seapower-Elektrik-Sistemleri-Logo-1.png","contentUrl":"https:\/\/seapower.com.tr\/wp-content\/uploads\/Seapower-Elektrik-Sistemleri-Logo-1.png","width":216,"height":135,"caption":"SEAPOWER ELEKTR\u0130K S\u0130STEMLER\u0130 SAN. ve T\u0130C. A.\u015e."},"image":{"@id":"https:\/\/seapower.com.tr\/#\/schema\/logo\/image\/"}}]}},"_links":{"self":[{"href":"https:\/\/seapower.com.tr\/en\/wp-json\/wp\/v2\/pages\/6274","targetHints":{"allow":["GET"]}}],"collection":[{"href":"https:\/\/seapower.com.tr\/en\/wp-json\/wp\/v2\/pages"}],"about":[{"href":"https:\/\/seapower.com.tr\/en\/wp-json\/wp\/v2\/types\/page"}],"author":[{"embeddable":true,"href":"https:\/\/seapower.com.tr\/en\/wp-json\/wp\/v2\/users\/1"}],"replies":[{"embeddable":true,"href":"https:\/\/seapower.com.tr\/en\/wp-json\/wp\/v2\/comments?post=6274"}],"version-history":[{"count":0,"href":"https:\/\/seapower.com.tr\/en\/wp-json\/wp\/v2\/pages\/6274\/revisions"}],"up":[{"embeddable":true,"href":"https:\/\/seapower.com.tr\/en\/wp-json\/wp\/v2\/pages\/6257"}],"wp:featuredmedia":[{"embeddable":true,"href":"https:\/\/seapower.com.tr\/en\/wp-json\/wp\/v2\/media\/8783"}],"wp:attachment":[{"href":"https:\/\/seapower.com.tr\/en\/wp-json\/wp\/v2\/media?parent=6274"}],"wp:term":[{"taxonomy":"category","embeddable":true,"href":"https:\/\/seapower.com.tr\/en\/wp-json\/wp\/v2\/categories?post=6274"},{"taxonomy":"post_tag","embeddable":true,"href":"https:\/\/seapower.com.tr\/en\/wp-json\/wp\/v2\/tags?post=6274"}],"curies":[{"name":"wp","href":"https:\/\/api.w.org\/{rel}","templated":true}]}}