{"id":6278,"date":"2024-01-26T13:18:20","date_gmt":"2024-01-26T10:18:20","guid":{"rendered":"https:\/\/seapower.com.tr\/?page_id=6278"},"modified":"2024-03-05T20:55:52","modified_gmt":"2024-03-05T17:55:52","slug":"dinamik-ups","status":"publish","type":"page","link":"https:\/\/seapower.com.tr\/en\/products\/industrial-products\/ups\/dynamic-ups\/","title":{"rendered":"Dynamic UPS"},"content":{"rendered":"<ul class=\"wp-block-list\">\n<li>Single System from 400kVA to 2000kVA<\/li>\n\n\n\n<li>Parallel Connecting up to 30MW for Large Enterprises<\/li>\n\n\n\n<li>Unrivalled Total Cost of Ownership<\/li>\n\n\n\n<li>Up to 30 Years Lifetime and Lowest Failure Rate with Simple Mechanical Design<\/li>\n\n\n\n<li>%97\u2019ye varan Y\u00fcksek Verimlilik<\/li>\n<\/ul>\n\n\n\n<h2 class=\"wp-block-heading\">MODERN COMMUNICATION INFRASTRUCTURE, ENERGY EFFICIENCY, PERFECT POWER SOLUTION FOR CONTINUOUS AND QUALITY ENERGY NEEDS<\/h2>\n\n\n\n<p>The ROTABLOC\u00ae RBT is a fully dynamic UPS consisting of only conventional electrical and mechanical components with high efficiency, meeting the demanding electrical demands of the most modern electronic loads.<\/p>\n\n\n\n<p>Energy storage is realised with the patented kinetic energy module, which is (mechanically) connected to the alternator.<\/p>\n\n\n\n<h2 class=\"wp-block-heading\">Green Technology<\/h2>\n\n\n\n<ul class=\"wp-block-list\">\n<li>The ROTABLOC\u00ae RBT offers very low maintenance and total cost of ownership thanks to its simple mechanical design, high reliability and efficiency.<\/li>\n\n\n\n<li>No need for battery investment and replacement - In ROTABLOC\u00ae RBT Dynamic UPS, in case of power failure, there is no need for a battery as the energy is supplied from the kinetic module and then diesel, so there is no battery investment cost and battery replacement cost + air conditioning cost every 3-5 years.<\/li>\n\n\n\n<li>No need for additional air conditioning - system ventilation is provided naturally. There is no need to use an additional air conditioning system.<\/li>\n\n\n\n<li>No complex power electronics components.<\/li>\n\n\n\n<li>No need for a compensation system.<\/li>\n\n\n\n<li>Dynamic Autonomous Control (DAC): Automatic speed adaptation for optimum efficiency at partial load.<\/li>\n\n\n\n<li>1 saniyeden daha k\u0131sa s\u00fcren gerilim kesintilerinin %91\u2019i (Avrupa\u2019n\u0131n kentsel yerlerinde) ile jenerat\u00f6r \u00e7al\u0131\u015fmadan RBT\u00ae y\u00fck\u00fc korur.<\/li>\n<\/ul>\n\n\n\n<h2 class=\"wp-block-heading\">Standard Features<\/h2>\n\n\n\n<ul class=\"wp-block-list\">\n<li>Input \/ Output Measurements<\/li>\n\n\n\n<li>Fully Automatic Systematic Operation<\/li>\n\n\n\n<li>Dry Contact Connections<\/li>\n\n\n\n<li>Automatic By-Pass<\/li>\n\n\n\n<li>Easy Connection to Existing Generator System<\/li>\n<\/ul>\n\n\n\n<figure class=\"wp-block-gallery has-nested-images columns-default is-cropped wp-block-gallery-1 is-layout-flex wp-block-gallery-is-layout-flex\">\n<figure class=\"wp-block-image size-full\"><img fetchpriority=\"high\" decoding=\"async\" width=\"800\" height=\"460\" data-id=\"8752\" src=\"https:\/\/seapower.com.tr\/wp-content\/uploads\/SEAPOWER-Elektrik-Sistemleri-400-\u2013-2000-KVA-DINAMIK-UPS.jpg\" alt=\"\" class=\"wp-image-8752\" srcset=\"https:\/\/seapower.com.tr\/wp-content\/uploads\/SEAPOWER-Elektrik-Sistemleri-400-\u2013-2000-KVA-DINAMIK-UPS.jpg 800w, https:\/\/seapower.com.tr\/wp-content\/uploads\/SEAPOWER-Elektrik-Sistemleri-400-\u2013-2000-KVA-DINAMIK-UPS-300x173.jpg 300w, https:\/\/seapower.com.tr\/wp-content\/uploads\/SEAPOWER-Elektrik-Sistemleri-400-\u2013-2000-KVA-DINAMIK-UPS-768x442.jpg 768w, https:\/\/seapower.com.tr\/wp-content\/uploads\/SEAPOWER-Elektrik-Sistemleri-400-\u2013-2000-KVA-DINAMIK-UPS-18x10.jpg 18w\" sizes=\"(max-width: 800px) 100vw, 800px\" \/><\/figure>\n<\/figure>\n\n\n\n<details class=\"wp-block-details is-layout-flow wp-block-details-is-layout-flow\"><summary>Optional Features<\/summary>\n<ul class=\"wp-block-list\">\n<li>Automatic Lubrication System<\/li>\n\n\n\n<li>Plug &amp; Play Redundant System<\/li>\n\n\n\n<li>Monitoring and Management Software<\/li>\n\n\n\n<li>Silent Cabinet and Container Options<\/li>\n\n\n\n<li>Continuous Vibration Monitoring<\/li>\n\n\n\n<li>Customisable Cell Options (Form 4, NEMA)<\/li>\n\n\n\n<li>Modbus<\/li>\n\n\n\n<li>Full Set According to Future Generator Requirement<\/li>\n\n\n\n<li>Dynamic UPS System with Generator<\/li>\n<\/ul>\n<\/details>","protected":false},"excerpt":{"rendered":"<p>THE PERFECT POWER SOLUTION FOR MODERN COMMUNICATIONS INFRASTRUCTURE, ENERGY EFFICIENCY, CONTINUOUS AND QUALITY ENERGY NEEDS ROTABLOC\u00ae RBT is a fully dynamic UPS consisting of only conventional electrical and mechanical components with high efficiency, meeting the demanding electrical demands of the most modern electronic loads. Energy storage is realised by a patented kinetic energy module, which is (mechanically) coupled to the alternator. Green Technology<\/p>","protected":false},"author":1,"featured_media":8752,"parent":6257,"menu_order":0,"comment_status":"closed","ping_status":"closed","template":"","meta":{"inline_featured_image":false,"footnotes":""},"categories":[62],"tags":[],"class_list":["post-6278","page","type-page","status-publish","has-post-thumbnail","hentry","category-ups"],"yoast_head":"<!-- This site is optimized with the Yoast SEO plugin v26.6 - https:\/\/yoast.com\/wordpress\/plugins\/seo\/ -->\n<title>Dinamik UPS - Seapower Elektrik Sistemleri Sanayi ve Ticaret A.\u015e.<\/title>\n<meta name=\"robots\" content=\"index, follow, max-snippet:-1, max-image-preview:large, max-video-preview:-1\" \/>\n<link rel=\"canonical\" href=\"https:\/\/seapower.com.tr\/en\/products\/industrial-products\/ups\/dynamic-ups\/\" \/>\n<meta property=\"og:locale\" content=\"en_GB\" \/>\n<meta property=\"og:type\" content=\"article\" \/>\n<meta property=\"og:title\" content=\"Dinamik UPS - Seapower Elektrik Sistemleri Sanayi ve Ticaret A.\u015e.\" \/>\n<meta property=\"og:description\" content=\"MODERN \u0130LET\u0130\u015e\u0130M ALTYAPISI, ENERJ\u0130 VER\u0130ML\u0130L\u0130\u011e\u0130, S\u00dcREKL\u0130 VE KAL\u0130TEL\u0130 ENERJ\u0130 \u0130HT\u0130YA\u00c7LARINA M\u00dcKEMMEL G\u00dc\u00c7 \u00c7\u00d6Z\u00dcM\u00dc ROTABLOC\u00ae RBT, en modern elektronik y\u00fcklerin zorlu elektrik taleplerini kar\u015f\u0131layan y\u00fcksek verimli, sadece konvansiyonel elektriksel ve mekanik bile\u015fenlerden olu\u015fan tam dinamik bir UPS\u2019dir. Alternat\u00f6re (mekanik olarak) ba\u011flanm\u0131\u015f, patentli kinetik enerji mod\u00fcl\u00fc ile enerji depolama ger\u00e7ekle\u015fir. Ye\u015fil Teknoloji\" \/>\n<meta property=\"og:url\" content=\"https:\/\/seapower.com.tr\/en\/products\/industrial-products\/ups\/dynamic-ups\/\" \/>\n<meta property=\"og:site_name\" content=\"Seapower Elektrik Sistemleri Sanayi ve Ticaret A.\u015e.\" \/>\n<meta property=\"article:modified_time\" content=\"2024-03-05T17:55:52+00:00\" \/>\n<meta property=\"og:image\" content=\"https:\/\/seapower.com.tr\/wp-content\/uploads\/SEAPOWER-Elektrik-Sistemleri-400-\u2013-2000-KVA-DINAMIK-UPS.jpg\" \/>\n\t<meta property=\"og:image:width\" content=\"800\" \/>\n\t<meta property=\"og:image:height\" content=\"460\" \/>\n\t<meta property=\"og:image:type\" content=\"image\/jpeg\" \/>\n<meta name=\"twitter:card\" content=\"summary_large_image\" \/>\n<meta name=\"twitter:label1\" content=\"Estimated reading time\" \/>\n\t<meta name=\"twitter:data1\" content=\"2 minutes\" \/>\n<script type=\"application\/ld+json\" class=\"yoast-schema-graph\">{\"@context\":\"https:\/\/schema.org\",\"@graph\":[{\"@type\":\"WebPage\",\"@id\":\"https:\/\/seapower.com.tr\/urunler\/endustriyel-urunler\/ups\/dinamik-ups\/\",\"url\":\"https:\/\/seapower.com.tr\/urunler\/endustriyel-urunler\/ups\/dinamik-ups\/\",\"name\":\"Dinamik UPS - Seapower Elektrik Sistemleri Sanayi ve Ticaret A.\u015e.\",\"isPartOf\":{\"@id\":\"https:\/\/seapower.com.tr\/#website\"},\"primaryImageOfPage\":{\"@id\":\"https:\/\/seapower.com.tr\/urunler\/endustriyel-urunler\/ups\/dinamik-ups\/#primaryimage\"},\"image\":{\"@id\":\"https:\/\/seapower.com.tr\/urunler\/endustriyel-urunler\/ups\/dinamik-ups\/#primaryimage\"},\"thumbnailUrl\":\"https:\/\/seapower.com.tr\/wp-content\/uploads\/SEAPOWER-Elektrik-Sistemleri-400-\u2013-2000-KVA-DINAMIK-UPS.jpg\",\"datePublished\":\"2024-01-26T10:18:20+00:00\",\"dateModified\":\"2024-03-05T17:55:52+00:00\",\"breadcrumb\":{\"@id\":\"https:\/\/seapower.com.tr\/urunler\/endustriyel-urunler\/ups\/dinamik-ups\/#breadcrumb\"},\"inLanguage\":\"en-GB\",\"potentialAction\":[{\"@type\":\"ReadAction\",\"target\":[\"https:\/\/seapower.com.tr\/urunler\/endustriyel-urunler\/ups\/dinamik-ups\/\"]}]},{\"@type\":\"ImageObject\",\"inLanguage\":\"en-GB\",\"@id\":\"https:\/\/seapower.com.tr\/urunler\/endustriyel-urunler\/ups\/dinamik-ups\/#primaryimage\",\"url\":\"https:\/\/seapower.com.tr\/wp-content\/uploads\/SEAPOWER-Elektrik-Sistemleri-400-\u2013-2000-KVA-DINAMIK-UPS.jpg\",\"contentUrl\":\"https:\/\/seapower.com.tr\/wp-content\/uploads\/SEAPOWER-Elektrik-Sistemleri-400-\u2013-2000-KVA-DINAMIK-UPS.jpg\",\"width\":800,\"height\":460},{\"@type\":\"BreadcrumbList\",\"@id\":\"https:\/\/seapower.com.tr\/urunler\/endustriyel-urunler\/ups\/dinamik-ups\/#breadcrumb\",\"itemListElement\":[{\"@type\":\"ListItem\",\"position\":1,\"name\":\"Ana Sayfa\",\"item\":\"https:\/\/seapower.com.tr\/\"},{\"@type\":\"ListItem\",\"position\":2,\"name\":\"\u00dcr\u00fcnler\",\"item\":\"https:\/\/seapower.com.tr\/urunler\/\"},{\"@type\":\"ListItem\",\"position\":3,\"name\":\"End\u00fcstriyel \u00dcr\u00fcnler\",\"item\":\"https:\/\/seapower.com.tr\/urunler\/endustriyel-urunler\/\"},{\"@type\":\"ListItem\",\"position\":4,\"name\":\"UPS\",\"item\":\"https:\/\/seapower.com.tr\/urunler\/endustriyel-urunler\/ups\/\"},{\"@type\":\"ListItem\",\"position\":5,\"name\":\"Dinamik UPS\"}]},{\"@type\":\"WebSite\",\"@id\":\"https:\/\/seapower.com.tr\/#website\",\"url\":\"https:\/\/seapower.com.tr\/\",\"name\":\"Seapower Elektrik Sistemleri Sanayi ve Ticaret A.\u015e.\",\"description\":\"Konvert\u00f6r, UPS, Mod\u00fcler g\u00fc\u00e7 \u00e7\u00f6z\u00fcmleri\",\"publisher\":{\"@id\":\"https:\/\/seapower.com.tr\/#organization\"},\"potentialAction\":[{\"@type\":\"SearchAction\",\"target\":{\"@type\":\"EntryPoint\",\"urlTemplate\":\"https:\/\/seapower.com.tr\/?s={search_term_string}\"},\"query-input\":{\"@type\":\"PropertyValueSpecification\",\"valueRequired\":true,\"valueName\":\"search_term_string\"}}],\"inLanguage\":\"en-GB\"},{\"@type\":\"Organization\",\"@id\":\"https:\/\/seapower.com.tr\/#organization\",\"name\":\"SEAPOWER ELEKTR\u0130K S\u0130STEMLER\u0130 SAN. ve T\u0130C. A.\u015e.\",\"alternateName\":\"SEAPOWER Elektrik Sistemleri\",\"url\":\"https:\/\/seapower.com.tr\/\",\"logo\":{\"@type\":\"ImageObject\",\"inLanguage\":\"en-GB\",\"@id\":\"https:\/\/seapower.com.tr\/#\/schema\/logo\/image\/\",\"url\":\"https:\/\/seapower.com.tr\/wp-content\/uploads\/Seapower-Elektrik-Sistemleri-Logo-1.png\",\"contentUrl\":\"https:\/\/seapower.com.tr\/wp-content\/uploads\/Seapower-Elektrik-Sistemleri-Logo-1.png\",\"width\":216,\"height\":135,\"caption\":\"SEAPOWER ELEKTR\u0130K S\u0130STEMLER\u0130 SAN. ve T\u0130C. A.\u015e.\"},\"image\":{\"@id\":\"https:\/\/seapower.com.tr\/#\/schema\/logo\/image\/\"}}]}<\/script>\n<!-- \/ Yoast SEO plugin. -->","yoast_head_json":{"title":"Dinamik UPS - Seapower Elektrik Sistemleri Sanayi ve Ticaret A.\u015e.","robots":{"index":"index","follow":"follow","max-snippet":"max-snippet:-1","max-image-preview":"max-image-preview:large","max-video-preview":"max-video-preview:-1"},"canonical":"https:\/\/seapower.com.tr\/en\/products\/industrial-products\/ups\/dynamic-ups\/","og_locale":"en_GB","og_type":"article","og_title":"Dinamik UPS - Seapower Elektrik Sistemleri Sanayi ve Ticaret A.\u015e.","og_description":"MODERN \u0130LET\u0130\u015e\u0130M ALTYAPISI, ENERJ\u0130 VER\u0130ML\u0130L\u0130\u011e\u0130, S\u00dcREKL\u0130 VE KAL\u0130TEL\u0130 ENERJ\u0130 \u0130HT\u0130YA\u00c7LARINA M\u00dcKEMMEL G\u00dc\u00c7 \u00c7\u00d6Z\u00dcM\u00dc ROTABLOC\u00ae RBT, en modern elektronik y\u00fcklerin zorlu elektrik taleplerini kar\u015f\u0131layan y\u00fcksek verimli, sadece konvansiyonel elektriksel ve mekanik bile\u015fenlerden olu\u015fan tam dinamik bir UPS\u2019dir. Alternat\u00f6re (mekanik olarak) ba\u011flanm\u0131\u015f, patentli kinetik enerji mod\u00fcl\u00fc ile enerji depolama ger\u00e7ekle\u015fir. Ye\u015fil Teknoloji","og_url":"https:\/\/seapower.com.tr\/en\/products\/industrial-products\/ups\/dynamic-ups\/","og_site_name":"Seapower Elektrik Sistemleri Sanayi ve Ticaret A.\u015e.","article_modified_time":"2024-03-05T17:55:52+00:00","og_image":[{"width":800,"height":460,"url":"https:\/\/seapower.com.tr\/wp-content\/uploads\/SEAPOWER-Elektrik-Sistemleri-400-\u2013-2000-KVA-DINAMIK-UPS.jpg","type":"image\/jpeg"}],"twitter_card":"summary_large_image","twitter_misc":{"Estimated reading time":"2 minutes"},"schema":{"@context":"https:\/\/schema.org","@graph":[{"@type":"WebPage","@id":"https:\/\/seapower.com.tr\/urunler\/endustriyel-urunler\/ups\/dinamik-ups\/","url":"https:\/\/seapower.com.tr\/urunler\/endustriyel-urunler\/ups\/dinamik-ups\/","name":"Dinamik UPS - Seapower Elektrik Sistemleri Sanayi ve Ticaret A.\u015e.","isPartOf":{"@id":"https:\/\/seapower.com.tr\/#website"},"primaryImageOfPage":{"@id":"https:\/\/seapower.com.tr\/urunler\/endustriyel-urunler\/ups\/dinamik-ups\/#primaryimage"},"image":{"@id":"https:\/\/seapower.com.tr\/urunler\/endustriyel-urunler\/ups\/dinamik-ups\/#primaryimage"},"thumbnailUrl":"https:\/\/seapower.com.tr\/wp-content\/uploads\/SEAPOWER-Elektrik-Sistemleri-400-\u2013-2000-KVA-DINAMIK-UPS.jpg","datePublished":"2024-01-26T10:18:20+00:00","dateModified":"2024-03-05T17:55:52+00:00","breadcrumb":{"@id":"https:\/\/seapower.com.tr\/urunler\/endustriyel-urunler\/ups\/dinamik-ups\/#breadcrumb"},"inLanguage":"en-GB","potentialAction":[{"@type":"ReadAction","target":["https:\/\/seapower.com.tr\/urunler\/endustriyel-urunler\/ups\/dinamik-ups\/"]}]},{"@type":"ImageObject","inLanguage":"en-GB","@id":"https:\/\/seapower.com.tr\/urunler\/endustriyel-urunler\/ups\/dinamik-ups\/#primaryimage","url":"https:\/\/seapower.com.tr\/wp-content\/uploads\/SEAPOWER-Elektrik-Sistemleri-400-\u2013-2000-KVA-DINAMIK-UPS.jpg","contentUrl":"https:\/\/seapower.com.tr\/wp-content\/uploads\/SEAPOWER-Elektrik-Sistemleri-400-\u2013-2000-KVA-DINAMIK-UPS.jpg","width":800,"height":460},{"@type":"BreadcrumbList","@id":"https:\/\/seapower.com.tr\/urunler\/endustriyel-urunler\/ups\/dinamik-ups\/#breadcrumb","itemListElement":[{"@type":"ListItem","position":1,"name":"Ana Sayfa","item":"https:\/\/seapower.com.tr\/"},{"@type":"ListItem","position":2,"name":"\u00dcr\u00fcnler","item":"https:\/\/seapower.com.tr\/urunler\/"},{"@type":"ListItem","position":3,"name":"End\u00fcstriyel \u00dcr\u00fcnler","item":"https:\/\/seapower.com.tr\/urunler\/endustriyel-urunler\/"},{"@type":"ListItem","position":4,"name":"UPS","item":"https:\/\/seapower.com.tr\/urunler\/endustriyel-urunler\/ups\/"},{"@type":"ListItem","position":5,"name":"Dinamik UPS"}]},{"@type":"WebSite","@id":"https:\/\/seapower.com.tr\/#website","url":"https:\/\/seapower.com.tr\/","name":"Seapower Elektrik Sistemleri Sanayi ve Ticaret A.\u015e.","description":"Konvert\u00f6r, UPS, Mod\u00fcler g\u00fc\u00e7 \u00e7\u00f6z\u00fcmleri","publisher":{"@id":"https:\/\/seapower.com.tr\/#organization"},"potentialAction":[{"@type":"SearchAction","target":{"@type":"EntryPoint","urlTemplate":"https:\/\/seapower.com.tr\/?s={search_term_string}"},"query-input":{"@type":"PropertyValueSpecification","valueRequired":true,"valueName":"search_term_string"}}],"inLanguage":"en-GB"},{"@type":"Organization","@id":"https:\/\/seapower.com.tr\/#organization","name":"SEAPOWER ELEKTR\u0130K S\u0130STEMLER\u0130 SAN. ve T\u0130C. A.\u015e.","alternateName":"SEAPOWER Elektrik Sistemleri","url":"https:\/\/seapower.com.tr\/","logo":{"@type":"ImageObject","inLanguage":"en-GB","@id":"https:\/\/seapower.com.tr\/#\/schema\/logo\/image\/","url":"https:\/\/seapower.com.tr\/wp-content\/uploads\/Seapower-Elektrik-Sistemleri-Logo-1.png","contentUrl":"https:\/\/seapower.com.tr\/wp-content\/uploads\/Seapower-Elektrik-Sistemleri-Logo-1.png","width":216,"height":135,"caption":"SEAPOWER ELEKTR\u0130K S\u0130STEMLER\u0130 SAN. ve T\u0130C. A.\u015e."},"image":{"@id":"https:\/\/seapower.com.tr\/#\/schema\/logo\/image\/"}}]}},"_links":{"self":[{"href":"https:\/\/seapower.com.tr\/en\/wp-json\/wp\/v2\/pages\/6278","targetHints":{"allow":["GET"]}}],"collection":[{"href":"https:\/\/seapower.com.tr\/en\/wp-json\/wp\/v2\/pages"}],"about":[{"href":"https:\/\/seapower.com.tr\/en\/wp-json\/wp\/v2\/types\/page"}],"author":[{"embeddable":true,"href":"https:\/\/seapower.com.tr\/en\/wp-json\/wp\/v2\/users\/1"}],"replies":[{"embeddable":true,"href":"https:\/\/seapower.com.tr\/en\/wp-json\/wp\/v2\/comments?post=6278"}],"version-history":[{"count":0,"href":"https:\/\/seapower.com.tr\/en\/wp-json\/wp\/v2\/pages\/6278\/revisions"}],"up":[{"embeddable":true,"href":"https:\/\/seapower.com.tr\/en\/wp-json\/wp\/v2\/pages\/6257"}],"wp:featuredmedia":[{"embeddable":true,"href":"https:\/\/seapower.com.tr\/en\/wp-json\/wp\/v2\/media\/8752"}],"wp:attachment":[{"href":"https:\/\/seapower.com.tr\/en\/wp-json\/wp\/v2\/media?parent=6278"}],"wp:term":[{"taxonomy":"category","embeddable":true,"href":"https:\/\/seapower.com.tr\/en\/wp-json\/wp\/v2\/categories?post=6278"},{"taxonomy":"post_tag","embeddable":true,"href":"https:\/\/seapower.com.tr\/en\/wp-json\/wp\/v2\/tags?post=6278"}],"curies":[{"name":"wp","href":"https:\/\/api.w.org\/{rel}","templated":true}]}}