{"id":6282,"date":"2024-01-26T13:19:04","date_gmt":"2024-01-26T10:19:04","guid":{"rendered":"https:\/\/seapower.com.tr\/?page_id=6282"},"modified":"2024-04-03T12:45:41","modified_gmt":"2024-04-03T09:45:41","slug":"elektrik-panolari","status":"publish","type":"page","link":"https:\/\/seapower.com.tr\/en\/products\/industrial-products\/electrical-switchboards\/","title":{"rendered":"Electrical Panels"},"content":{"rendered":"<div data-elementor-type=\"wp-page\" data-elementor-id=\"6282\" class=\"elementor elementor-6282\" data-elementor-post-type=\"page\">\n\t\t\t\t<div class=\"elementor-element elementor-element-6af2481 e-flex e-con-boxed e-con e-parent\" data-id=\"6af2481\" data-element_type=\"container\" data-settings=\"{&quot;background_background&quot;:&quot;classic&quot;}\">\n\t\t\t\t\t<div class=\"e-con-inner\">\n\t\t<div class=\"elementor-element elementor-element-f2c6a22 e-flex e-con-boxed e-con e-child\" data-id=\"f2c6a22\" data-element_type=\"container\">\n\t\t\t\t\t<div class=\"e-con-inner\">\n\t\t<div class=\"elementor-element elementor-element-247471e e-con-full e-flex e-con e-child\" data-id=\"247471e\" data-element_type=\"container\">\n\t\t\t\t<div class=\"elementor-element elementor-element-4850cda elementor-widget-divider--view-line elementor-widget elementor-widget-divider\" data-id=\"4850cda\" data-element_type=\"widget\" data-widget_type=\"divider.default\">\n\t\t\t\t<div class=\"elementor-widget-container\">\n\t\t\t\t\t\t\t<div class=\"elementor-divider\">\n\t\t\t<span class=\"elementor-divider-separator\">\n\t\t\t\t\t\t<\/span>\n\t\t<\/div>\n\t\t\t\t\t\t<\/div>\n\t\t\t\t<\/div>\n\t\t\t\t<div class=\"elementor-element elementor-element-72194c9 elementor-align-center elementor-widget elementor-widget-breadcrumbs\" data-id=\"72194c9\" data-element_type=\"widget\" data-widget_type=\"breadcrumbs.default\">\n\t\t\t\t<div class=\"elementor-widget-container\">\n\t\t\t\t\t<p id=\"breadcrumbs\"><span><span><a href=\"https:\/\/seapower.com.tr\/en\/\">Home<\/a><\/span><\/span><\/p>\t\t\t\t<\/div>\n\t\t\t\t<\/div>\n\t\t\t\t<\/div>\n\t\t\t\t\t<\/div>\n\t\t\t\t<\/div>\n\t\t\t\t\t<\/div>\n\t\t\t\t<\/div>\n\t\t<div class=\"elementor-element elementor-element-7d315e0 e-flex e-con-boxed e-con e-parent\" data-id=\"7d315e0\" data-element_type=\"container\">\n\t\t\t\t\t<div class=\"e-con-inner\">\n\t\t<div class=\"elementor-element elementor-element-503c294 e-con-full e-flex e-con e-child\" data-id=\"503c294\" data-element_type=\"container\">\n\t\t\t\t<div class=\"elementor-element elementor-element-ed6f03c elementor-posts--align-center elementor-posts__hover-none elementor-grid-2 elementor-grid-tablet-2 elementor-grid-mobile-1 elementor-posts--thumbnail-top elementor-widget elementor-widget-posts\" data-id=\"ed6f03c\" data-element_type=\"widget\" data-settings=\"{&quot;cards_columns&quot;:&quot;2&quot;,&quot;cards_columns_tablet&quot;:&quot;2&quot;,&quot;cards_columns_mobile&quot;:&quot;1&quot;,&quot;cards_row_gap&quot;:{&quot;unit&quot;:&quot;px&quot;,&quot;size&quot;:35,&quot;sizes&quot;:[]},&quot;cards_row_gap_tablet&quot;:{&quot;unit&quot;:&quot;px&quot;,&quot;size&quot;:&quot;&quot;,&quot;sizes&quot;:[]},&quot;cards_row_gap_mobile&quot;:{&quot;unit&quot;:&quot;px&quot;,&quot;size&quot;:&quot;&quot;,&quot;sizes&quot;:[]}}\" data-widget_type=\"posts.cards\">\n\t\t\t\t<div class=\"elementor-widget-container\">\n\t\t\t\t\t\t\t<div class=\"elementor-posts-container elementor-posts elementor-posts--skin-cards elementor-grid\">\n\t\t\t\t<article class=\"elementor-post elementor-grid-item post-6284 page type-page status-publish has-post-thumbnail hentry category-elektrik-panolari\">\n\t\t\t<div class=\"elementor-post__card\">\n\t\t\t\t<a class=\"elementor-post__thumbnail__link\" href=\"https:\/\/seapower.com.tr\/en\/products\/industrial-products\/electrical-switchboards\/distribution-boards\/\" tabindex=\"-1\" ><div class=\"elementor-post__thumbnail\"><img fetchpriority=\"high\" decoding=\"async\" width=\"300\" height=\"266\" src=\"https:\/\/seapower.com.tr\/wp-content\/uploads\/SEAPOWER-Elektrik-Sistemleri-Dagitim-Panolari-300x266.jpg\" class=\"attachment-medium size-medium wp-image-7253\" alt=\"\" srcset=\"https:\/\/seapower.com.tr\/wp-content\/uploads\/SEAPOWER-Elektrik-Sistemleri-Dagitim-Panolari-300x266.jpg 300w, https:\/\/seapower.com.tr\/wp-content\/uploads\/SEAPOWER-Elektrik-Sistemleri-Dagitim-Panolari-14x12.jpg 14w, https:\/\/seapower.com.tr\/wp-content\/uploads\/SEAPOWER-Elektrik-Sistemleri-Dagitim-Panolari.jpg 524w\" sizes=\"(max-width: 300px) 100vw, 300px\" \/><\/div><\/a>\n\t\t\t\t<div class=\"elementor-post__text\">\n\t\t\t\t<h3 class=\"elementor-post__title\">\n\t\t\t<a href=\"https:\/\/seapower.com.tr\/en\/products\/industrial-products\/electrical-switchboards\/distribution-boards\/\" >\n\t\t\t\tDistribution Panels\t\t\t<\/a>\n\t\t<\/h3>\n\t\t\n\t\t<a class=\"elementor-post__read-more\" href=\"https:\/\/seapower.com.tr\/en\/products\/industrial-products\/electrical-switchboards\/distribution-boards\/\" aria-label=\"Read more about Distribution Panels\" tabindex=\"-1\" >\n\t\t\tMore information \u2192\t\t<\/a>\n\n\t\t\t\t<\/div>\n\t\t\t\t\t<\/div>\n\t\t<\/article>\n\t\t\t\t<article class=\"elementor-post elementor-grid-item post-6286 page type-page status-publish has-post-thumbnail hentry category-elektrik-panolari\">\n\t\t\t<div class=\"elementor-post__card\">\n\t\t\t\t<a class=\"elementor-post__thumbnail__link\" href=\"https:\/\/seapower.com.tr\/en\/products\/industrial-products\/electrical-switchboards\/power-panels\/\" tabindex=\"-1\" ><div class=\"elementor-post__thumbnail\"><img decoding=\"async\" width=\"300\" height=\"266\" src=\"https:\/\/seapower.com.tr\/wp-content\/uploads\/SEAPOWER-Elektrik-Sistemleri-DIS-MEKAN-ENDUSTRIYEL-ACDC-GUC-SISTEMLERI-300x266.jpg\" class=\"attachment-medium size-medium wp-image-7267\" alt=\"\" srcset=\"https:\/\/seapower.com.tr\/wp-content\/uploads\/SEAPOWER-Elektrik-Sistemleri-DIS-MEKAN-ENDUSTRIYEL-ACDC-GUC-SISTEMLERI-300x266.jpg 300w, https:\/\/seapower.com.tr\/wp-content\/uploads\/SEAPOWER-Elektrik-Sistemleri-DIS-MEKAN-ENDUSTRIYEL-ACDC-GUC-SISTEMLERI-14x12.jpg 14w, https:\/\/seapower.com.tr\/wp-content\/uploads\/SEAPOWER-Elektrik-Sistemleri-DIS-MEKAN-ENDUSTRIYEL-ACDC-GUC-SISTEMLERI.jpg 524w\" sizes=\"(max-width: 300px) 100vw, 300px\" \/><\/div><\/a>\n\t\t\t\t<div class=\"elementor-post__text\">\n\t\t\t\t<h3 class=\"elementor-post__title\">\n\t\t\t<a href=\"https:\/\/seapower.com.tr\/en\/products\/industrial-products\/electrical-switchboards\/power-panels\/\" >\n\t\t\t\tPower Panels\t\t\t<\/a>\n\t\t<\/h3>\n\t\t\n\t\t<a class=\"elementor-post__read-more\" href=\"https:\/\/seapower.com.tr\/en\/products\/industrial-products\/electrical-switchboards\/power-panels\/\" aria-label=\"Read more about Power Panels\" tabindex=\"-1\" >\n\t\t\tMore information \u2192\t\t<\/a>\n\n\t\t\t\t<\/div>\n\t\t\t\t\t<\/div>\n\t\t<\/article>\n\t\t\t\t<\/div>\n\t\t\n\t\t\t\t\t\t<\/div>\n\t\t\t\t<\/div>\n\t\t\t\t<\/div>\n\t\t\t\t\t<\/div>\n\t\t\t\t<\/div>\n\t\t\t\t<\/div>","protected":false},"excerpt":{"rendered":"","protected":false},"author":1,"featured_media":8759,"parent":6255,"menu_order":0,"comment_status":"closed","ping_status":"closed","template":"","meta":{"inline_featured_image":false,"footnotes":""},"categories":[],"tags":[],"class_list":["post-6282","page","type-page","status-publish","has-post-thumbnail","hentry"],"yoast_head":"<!-- This site is optimized with the Yoast SEO plugin v26.6 - https:\/\/yoast.com\/wordpress\/plugins\/seo\/ -->\n<title>Elektrik Panolar\u0131 - Seapower Elektrik Sistemleri Sanayi ve Ticaret A.\u015e.<\/title>\n<meta name=\"robots\" content=\"index, follow, max-snippet:-1, max-image-preview:large, max-video-preview:-1\" \/>\n<link rel=\"canonical\" href=\"https:\/\/seapower.com.tr\/en\/products\/industrial-products\/electrical-switchboards\/\" \/>\n<meta property=\"og:locale\" content=\"en_GB\" \/>\n<meta property=\"og:type\" content=\"article\" \/>\n<meta property=\"og:title\" content=\"Elektrik Panolar\u0131 - Seapower Elektrik Sistemleri Sanayi ve Ticaret A.\u015e.\" \/>\n<meta property=\"og:url\" content=\"https:\/\/seapower.com.tr\/en\/products\/industrial-products\/electrical-switchboards\/\" \/>\n<meta property=\"og:site_name\" content=\"Seapower Elektrik Sistemleri Sanayi ve Ticaret A.\u015e.\" \/>\n<meta property=\"article:modified_time\" content=\"2024-04-03T09:45:41+00:00\" \/>\n<meta property=\"og:image\" content=\"https:\/\/seapower.com.tr\/wp-content\/uploads\/SEAPOWER-Elektrik-Sistemleri-DIS-MEKAN-ENDUSTRIYEL-ACDC-GUC-SISTEMLERI-1.jpg\" \/>\n\t<meta property=\"og:image:width\" content=\"800\" \/>\n\t<meta property=\"og:image:height\" content=\"460\" \/>\n\t<meta property=\"og:image:type\" content=\"image\/jpeg\" \/>\n<meta name=\"twitter:card\" content=\"summary_large_image\" \/>\n<meta name=\"twitter:label1\" content=\"Estimated reading time\" \/>\n\t<meta name=\"twitter:data1\" content=\"1 minute\" \/>\n<script type=\"application\/ld+json\" class=\"yoast-schema-graph\">{\"@context\":\"https:\/\/schema.org\",\"@graph\":[{\"@type\":\"WebPage\",\"@id\":\"https:\/\/seapower.com.tr\/urunler\/endustriyel-urunler\/elektrik-panolari\/\",\"url\":\"https:\/\/seapower.com.tr\/urunler\/endustriyel-urunler\/elektrik-panolari\/\",\"name\":\"Elektrik Panolar\u0131 - Seapower Elektrik Sistemleri Sanayi ve Ticaret A.\u015e.\",\"isPartOf\":{\"@id\":\"https:\/\/seapower.com.tr\/#website\"},\"primaryImageOfPage\":{\"@id\":\"https:\/\/seapower.com.tr\/urunler\/endustriyel-urunler\/elektrik-panolari\/#primaryimage\"},\"image\":{\"@id\":\"https:\/\/seapower.com.tr\/urunler\/endustriyel-urunler\/elektrik-panolari\/#primaryimage\"},\"thumbnailUrl\":\"https:\/\/seapower.com.tr\/wp-content\/uploads\/SEAPOWER-Elektrik-Sistemleri-DIS-MEKAN-ENDUSTRIYEL-ACDC-GUC-SISTEMLERI-1.jpg\",\"datePublished\":\"2024-01-26T10:19:04+00:00\",\"dateModified\":\"2024-04-03T09:45:41+00:00\",\"breadcrumb\":{\"@id\":\"https:\/\/seapower.com.tr\/urunler\/endustriyel-urunler\/elektrik-panolari\/#breadcrumb\"},\"inLanguage\":\"en-GB\",\"potentialAction\":[{\"@type\":\"ReadAction\",\"target\":[\"https:\/\/seapower.com.tr\/urunler\/endustriyel-urunler\/elektrik-panolari\/\"]}]},{\"@type\":\"ImageObject\",\"inLanguage\":\"en-GB\",\"@id\":\"https:\/\/seapower.com.tr\/urunler\/endustriyel-urunler\/elektrik-panolari\/#primaryimage\",\"url\":\"https:\/\/seapower.com.tr\/wp-content\/uploads\/SEAPOWER-Elektrik-Sistemleri-DIS-MEKAN-ENDUSTRIYEL-ACDC-GUC-SISTEMLERI-1.jpg\",\"contentUrl\":\"https:\/\/seapower.com.tr\/wp-content\/uploads\/SEAPOWER-Elektrik-Sistemleri-DIS-MEKAN-ENDUSTRIYEL-ACDC-GUC-SISTEMLERI-1.jpg\",\"width\":800,\"height\":460},{\"@type\":\"BreadcrumbList\",\"@id\":\"https:\/\/seapower.com.tr\/urunler\/endustriyel-urunler\/elektrik-panolari\/#breadcrumb\",\"itemListElement\":[{\"@type\":\"ListItem\",\"position\":1,\"name\":\"Ana Sayfa\",\"item\":\"https:\/\/seapower.com.tr\/\"},{\"@type\":\"ListItem\",\"position\":2,\"name\":\"\u00dcr\u00fcnler\",\"item\":\"https:\/\/seapower.com.tr\/urunler\/\"},{\"@type\":\"ListItem\",\"position\":3,\"name\":\"End\u00fcstriyel \u00dcr\u00fcnler\",\"item\":\"https:\/\/seapower.com.tr\/urunler\/endustriyel-urunler\/\"},{\"@type\":\"ListItem\",\"position\":4,\"name\":\"Elektrik Panolar\u0131\"}]},{\"@type\":\"WebSite\",\"@id\":\"https:\/\/seapower.com.tr\/#website\",\"url\":\"https:\/\/seapower.com.tr\/\",\"name\":\"Seapower Elektrik Sistemleri Sanayi ve Ticaret A.\u015e.\",\"description\":\"Konvert\u00f6r, UPS, Mod\u00fcler g\u00fc\u00e7 \u00e7\u00f6z\u00fcmleri\",\"publisher\":{\"@id\":\"https:\/\/seapower.com.tr\/#organization\"},\"potentialAction\":[{\"@type\":\"SearchAction\",\"target\":{\"@type\":\"EntryPoint\",\"urlTemplate\":\"https:\/\/seapower.com.tr\/?s={search_term_string}\"},\"query-input\":{\"@type\":\"PropertyValueSpecification\",\"valueRequired\":true,\"valueName\":\"search_term_string\"}}],\"inLanguage\":\"en-GB\"},{\"@type\":\"Organization\",\"@id\":\"https:\/\/seapower.com.tr\/#organization\",\"name\":\"SEAPOWER ELEKTR\u0130K S\u0130STEMLER\u0130 SAN. ve T\u0130C. A.\u015e.\",\"alternateName\":\"SEAPOWER Elektrik Sistemleri\",\"url\":\"https:\/\/seapower.com.tr\/\",\"logo\":{\"@type\":\"ImageObject\",\"inLanguage\":\"en-GB\",\"@id\":\"https:\/\/seapower.com.tr\/#\/schema\/logo\/image\/\",\"url\":\"https:\/\/seapower.com.tr\/wp-content\/uploads\/Seapower-Elektrik-Sistemleri-Logo-1.png\",\"contentUrl\":\"https:\/\/seapower.com.tr\/wp-content\/uploads\/Seapower-Elektrik-Sistemleri-Logo-1.png\",\"width\":216,\"height\":135,\"caption\":\"SEAPOWER ELEKTR\u0130K S\u0130STEMLER\u0130 SAN. ve T\u0130C. A.\u015e.\"},\"image\":{\"@id\":\"https:\/\/seapower.com.tr\/#\/schema\/logo\/image\/\"}}]}<\/script>\n<!-- \/ Yoast SEO plugin. -->","yoast_head_json":{"title":"Elektrik Panolar\u0131 - Seapower Elektrik Sistemleri Sanayi ve Ticaret A.\u015e.","robots":{"index":"index","follow":"follow","max-snippet":"max-snippet:-1","max-image-preview":"max-image-preview:large","max-video-preview":"max-video-preview:-1"},"canonical":"https:\/\/seapower.com.tr\/en\/products\/industrial-products\/electrical-switchboards\/","og_locale":"en_GB","og_type":"article","og_title":"Elektrik Panolar\u0131 - Seapower Elektrik Sistemleri Sanayi ve Ticaret A.\u015e.","og_url":"https:\/\/seapower.com.tr\/en\/products\/industrial-products\/electrical-switchboards\/","og_site_name":"Seapower Elektrik Sistemleri Sanayi ve Ticaret A.\u015e.","article_modified_time":"2024-04-03T09:45:41+00:00","og_image":[{"width":800,"height":460,"url":"https:\/\/seapower.com.tr\/wp-content\/uploads\/SEAPOWER-Elektrik-Sistemleri-DIS-MEKAN-ENDUSTRIYEL-ACDC-GUC-SISTEMLERI-1.jpg","type":"image\/jpeg"}],"twitter_card":"summary_large_image","twitter_misc":{"Estimated reading time":"1 minute"},"schema":{"@context":"https:\/\/schema.org","@graph":[{"@type":"WebPage","@id":"https:\/\/seapower.com.tr\/urunler\/endustriyel-urunler\/elektrik-panolari\/","url":"https:\/\/seapower.com.tr\/urunler\/endustriyel-urunler\/elektrik-panolari\/","name":"Elektrik Panolar\u0131 - Seapower Elektrik Sistemleri Sanayi ve Ticaret A.\u015e.","isPartOf":{"@id":"https:\/\/seapower.com.tr\/#website"},"primaryImageOfPage":{"@id":"https:\/\/seapower.com.tr\/urunler\/endustriyel-urunler\/elektrik-panolari\/#primaryimage"},"image":{"@id":"https:\/\/seapower.com.tr\/urunler\/endustriyel-urunler\/elektrik-panolari\/#primaryimage"},"thumbnailUrl":"https:\/\/seapower.com.tr\/wp-content\/uploads\/SEAPOWER-Elektrik-Sistemleri-DIS-MEKAN-ENDUSTRIYEL-ACDC-GUC-SISTEMLERI-1.jpg","datePublished":"2024-01-26T10:19:04+00:00","dateModified":"2024-04-03T09:45:41+00:00","breadcrumb":{"@id":"https:\/\/seapower.com.tr\/urunler\/endustriyel-urunler\/elektrik-panolari\/#breadcrumb"},"inLanguage":"en-GB","potentialAction":[{"@type":"ReadAction","target":["https:\/\/seapower.com.tr\/urunler\/endustriyel-urunler\/elektrik-panolari\/"]}]},{"@type":"ImageObject","inLanguage":"en-GB","@id":"https:\/\/seapower.com.tr\/urunler\/endustriyel-urunler\/elektrik-panolari\/#primaryimage","url":"https:\/\/seapower.com.tr\/wp-content\/uploads\/SEAPOWER-Elektrik-Sistemleri-DIS-MEKAN-ENDUSTRIYEL-ACDC-GUC-SISTEMLERI-1.jpg","contentUrl":"https:\/\/seapower.com.tr\/wp-content\/uploads\/SEAPOWER-Elektrik-Sistemleri-DIS-MEKAN-ENDUSTRIYEL-ACDC-GUC-SISTEMLERI-1.jpg","width":800,"height":460},{"@type":"BreadcrumbList","@id":"https:\/\/seapower.com.tr\/urunler\/endustriyel-urunler\/elektrik-panolari\/#breadcrumb","itemListElement":[{"@type":"ListItem","position":1,"name":"Ana Sayfa","item":"https:\/\/seapower.com.tr\/"},{"@type":"ListItem","position":2,"name":"\u00dcr\u00fcnler","item":"https:\/\/seapower.com.tr\/urunler\/"},{"@type":"ListItem","position":3,"name":"End\u00fcstriyel \u00dcr\u00fcnler","item":"https:\/\/seapower.com.tr\/urunler\/endustriyel-urunler\/"},{"@type":"ListItem","position":4,"name":"Elektrik Panolar\u0131"}]},{"@type":"WebSite","@id":"https:\/\/seapower.com.tr\/#website","url":"https:\/\/seapower.com.tr\/","name":"Seapower Elektrik Sistemleri Sanayi ve Ticaret A.\u015e.","description":"Konvert\u00f6r, UPS, Mod\u00fcler g\u00fc\u00e7 \u00e7\u00f6z\u00fcmleri","publisher":{"@id":"https:\/\/seapower.com.tr\/#organization"},"potentialAction":[{"@type":"SearchAction","target":{"@type":"EntryPoint","urlTemplate":"https:\/\/seapower.com.tr\/?s={search_term_string}"},"query-input":{"@type":"PropertyValueSpecification","valueRequired":true,"valueName":"search_term_string"}}],"inLanguage":"en-GB"},{"@type":"Organization","@id":"https:\/\/seapower.com.tr\/#organization","name":"SEAPOWER ELEKTR\u0130K S\u0130STEMLER\u0130 SAN. ve T\u0130C. A.\u015e.","alternateName":"SEAPOWER Elektrik Sistemleri","url":"https:\/\/seapower.com.tr\/","logo":{"@type":"ImageObject","inLanguage":"en-GB","@id":"https:\/\/seapower.com.tr\/#\/schema\/logo\/image\/","url":"https:\/\/seapower.com.tr\/wp-content\/uploads\/Seapower-Elektrik-Sistemleri-Logo-1.png","contentUrl":"https:\/\/seapower.com.tr\/wp-content\/uploads\/Seapower-Elektrik-Sistemleri-Logo-1.png","width":216,"height":135,"caption":"SEAPOWER ELEKTR\u0130K S\u0130STEMLER\u0130 SAN. ve T\u0130C. A.\u015e."},"image":{"@id":"https:\/\/seapower.com.tr\/#\/schema\/logo\/image\/"}}]}},"_links":{"self":[{"href":"https:\/\/seapower.com.tr\/en\/wp-json\/wp\/v2\/pages\/6282","targetHints":{"allow":["GET"]}}],"collection":[{"href":"https:\/\/seapower.com.tr\/en\/wp-json\/wp\/v2\/pages"}],"about":[{"href":"https:\/\/seapower.com.tr\/en\/wp-json\/wp\/v2\/types\/page"}],"author":[{"embeddable":true,"href":"https:\/\/seapower.com.tr\/en\/wp-json\/wp\/v2\/users\/1"}],"replies":[{"embeddable":true,"href":"https:\/\/seapower.com.tr\/en\/wp-json\/wp\/v2\/comments?post=6282"}],"version-history":[{"count":0,"href":"https:\/\/seapower.com.tr\/en\/wp-json\/wp\/v2\/pages\/6282\/revisions"}],"up":[{"embeddable":true,"href":"https:\/\/seapower.com.tr\/en\/wp-json\/wp\/v2\/pages\/6255"}],"wp:featuredmedia":[{"embeddable":true,"href":"https:\/\/seapower.com.tr\/en\/wp-json\/wp\/v2\/media\/8759"}],"wp:attachment":[{"href":"https:\/\/seapower.com.tr\/en\/wp-json\/wp\/v2\/media?parent=6282"}],"wp:term":[{"taxonomy":"category","embeddable":true,"href":"https:\/\/seapower.com.tr\/en\/wp-json\/wp\/v2\/categories?post=6282"},{"taxonomy":"post_tag","embeddable":true,"href":"https:\/\/seapower.com.tr\/en\/wp-json\/wp\/v2\/tags?post=6282"}],"curies":[{"name":"wp","href":"https:\/\/api.w.org\/{rel}","templated":true}]}}