{"id":6284,"date":"2024-01-26T13:19:23","date_gmt":"2024-01-26T10:19:23","guid":{"rendered":"https:\/\/seapower.com.tr\/?page_id=6284"},"modified":"2024-03-29T23:04:11","modified_gmt":"2024-03-29T20:04:11","slug":"dagitim-panolari","status":"publish","type":"page","link":"https:\/\/seapower.com.tr\/en\/products\/industrial-products\/electrical-switchboards\/distribution-boards\/","title":{"rendered":"Distribution Panels"},"content":{"rendered":"<p>For the main distribution panel frame, 40x40x4 mm angle iron or similar profile iron is used. The thickness of the DKP sheet used in the panels should be at least 2 mm. If switches and control elements that will have mechanical effect on the panel sheet will be placed, it is better to choose 3 mm sheet thickness. Main distribution panels are manufactured in accordance with TS 3367 and IEC 439 as standard up to 1600 kVA.<\/p>\n\n\n\n<p>The features of the main distribution panels vary according to the facility to be used. In places such as water well pumps, external feature and measurement panel, distribution panel and compensation panel are installed together. In small facilities, the main distribution panel with electric meter and compensation panel are together. In facilities built according to the old regulations, the main distribution panel with electricity meter and compensation panel are together. According to the new regulations, if it is a pole type transformer plant, the electricity meter will be located in the metering panel mounted next to the pole. If it is a building type transformer plant, the electricity meter will be located in the modular measurement cell. According to the old regulations, in pole type transformer plants, the electricity meter in the main distribution panel must be placed in the measurement panel located outside at the base of the pole.<\/p>\n\n\n\n<p>In the main distribution panel of the large facility; copper busbars, main switch, output switches, current transformers. If the distribution panels are to be installed outside the building, they must be of external type. For installation inside the building, it should be installed with internal natural ventilation or aspirator. If necessary, internal lighting can also be installed. Measuring instruments can also be mounted on the main distribution panels. In order to prevent touching the busbars in the panels, the top of the busbars should be protected with transparent fibreglass glass.<\/p>\n\n\n\n<figure class=\"wp-block-gallery has-nested-images columns-default is-cropped wp-block-gallery-1 is-layout-flex wp-block-gallery-is-layout-flex\">\n<figure class=\"wp-block-image size-full\"><img fetchpriority=\"high\" decoding=\"async\" width=\"524\" height=\"464\" data-id=\"7253\" src=\"https:\/\/seapower.com.tr\/wp-content\/uploads\/SEAPOWER-Elektrik-Sistemleri-Dagitim-Panolari.jpg\" alt=\"\" class=\"wp-image-7253\" srcset=\"https:\/\/seapower.com.tr\/wp-content\/uploads\/SEAPOWER-Elektrik-Sistemleri-Dagitim-Panolari.jpg 524w, https:\/\/seapower.com.tr\/wp-content\/uploads\/SEAPOWER-Elektrik-Sistemleri-Dagitim-Panolari-14x12.jpg 14w, https:\/\/seapower.com.tr\/wp-content\/uploads\/SEAPOWER-Elektrik-Sistemleri-Dagitim-Panolari-300x266.jpg 300w\" sizes=\"(max-width: 524px) 100vw, 524px\" \/><\/figure>\n<\/figure>","protected":false},"excerpt":{"rendered":"<p>For the main distribution panel frame, 40x40x4 mm angle iron or similar profile iron is used. The thickness of the DKP sheet used in the panels should be at least 2 mm. If switches and control elements that will have mechanical effect on the panel sheet will be placed, it is better to choose 3 mm sheet thickness. Main distribution panels up to 1600 kVA<\/p>","protected":false},"author":1,"featured_media":7253,"parent":6282,"menu_order":0,"comment_status":"closed","ping_status":"closed","template":"","meta":{"inline_featured_image":false,"footnotes":""},"categories":[66],"tags":[],"class_list":["post-6284","page","type-page","status-publish","has-post-thumbnail","hentry","category-elektrik-panolari"],"yoast_head":"<!-- This site is optimized with the Yoast SEO plugin v26.6 - https:\/\/yoast.com\/wordpress\/plugins\/seo\/ -->\n<title>Da\u011f\u0131t\u0131m Panolar\u0131 - Seapower Elektrik Sistemleri Sanayi ve Ticaret A.\u015e.<\/title>\n<meta name=\"robots\" content=\"index, follow, max-snippet:-1, max-image-preview:large, max-video-preview:-1\" \/>\n<link rel=\"canonical\" href=\"https:\/\/seapower.com.tr\/en\/products\/industrial-products\/electrical-switchboards\/distribution-boards\/\" \/>\n<meta property=\"og:locale\" content=\"en_GB\" \/>\n<meta property=\"og:type\" content=\"article\" \/>\n<meta property=\"og:title\" content=\"Da\u011f\u0131t\u0131m Panolar\u0131 - Seapower Elektrik Sistemleri Sanayi ve Ticaret A.\u015e.\" \/>\n<meta property=\"og:description\" content=\"Ana da\u011f\u0131t\u0131m pano iskeleti i\u00e7in 40x40x4 mm k\u00f6\u015febent veya benzeri profil demir kullan\u0131l\u0131r. Panolarda kullan\u0131lan DKP sac\u0131n kal\u0131nl\u0131\u011f\u0131 en az 2 mm olmal\u0131d\u0131r. Pano sac\u0131 \u00fczerine mekanik etki yapacak \u015falter ve kumanda eleman\u0131 yerle\u015ftirilecek ise sac kal\u0131nl\u0131\u011f\u0131n\u0131n 3 mm se\u00e7ilmesi daha iyi olmaktad\u0131r. Ana da\u011f\u0131t\u0131m panolar\u0131 1600 kVA\u2019 ya kadar\" \/>\n<meta property=\"og:url\" content=\"https:\/\/seapower.com.tr\/en\/products\/industrial-products\/electrical-switchboards\/distribution-boards\/\" \/>\n<meta property=\"og:site_name\" content=\"Seapower Elektrik Sistemleri Sanayi ve Ticaret A.\u015e.\" \/>\n<meta property=\"article:modified_time\" content=\"2024-03-29T20:04:11+00:00\" \/>\n<meta property=\"og:image\" content=\"https:\/\/seapower.com.tr\/wp-content\/uploads\/SEAPOWER-Elektrik-Sistemleri-Dagitim-Panolari.jpg\" \/>\n\t<meta property=\"og:image:width\" content=\"524\" \/>\n\t<meta property=\"og:image:height\" content=\"464\" \/>\n\t<meta property=\"og:image:type\" content=\"image\/jpeg\" \/>\n<meta name=\"twitter:card\" content=\"summary_large_image\" \/>\n<meta name=\"twitter:label1\" content=\"Estimated reading time\" \/>\n\t<meta name=\"twitter:data1\" content=\"2 minutes\" \/>\n<script type=\"application\/ld+json\" class=\"yoast-schema-graph\">{\"@context\":\"https:\/\/schema.org\",\"@graph\":[{\"@type\":\"WebPage\",\"@id\":\"https:\/\/seapower.com.tr\/urunler\/endustriyel-urunler\/elektrik-panolari\/dagitim-panolari\/\",\"url\":\"https:\/\/seapower.com.tr\/urunler\/endustriyel-urunler\/elektrik-panolari\/dagitim-panolari\/\",\"name\":\"Da\u011f\u0131t\u0131m Panolar\u0131 - Seapower Elektrik Sistemleri Sanayi ve Ticaret A.\u015e.\",\"isPartOf\":{\"@id\":\"https:\/\/seapower.com.tr\/#website\"},\"primaryImageOfPage\":{\"@id\":\"https:\/\/seapower.com.tr\/urunler\/endustriyel-urunler\/elektrik-panolari\/dagitim-panolari\/#primaryimage\"},\"image\":{\"@id\":\"https:\/\/seapower.com.tr\/urunler\/endustriyel-urunler\/elektrik-panolari\/dagitim-panolari\/#primaryimage\"},\"thumbnailUrl\":\"https:\/\/seapower.com.tr\/wp-content\/uploads\/SEAPOWER-Elektrik-Sistemleri-Dagitim-Panolari.jpg\",\"datePublished\":\"2024-01-26T10:19:23+00:00\",\"dateModified\":\"2024-03-29T20:04:11+00:00\",\"breadcrumb\":{\"@id\":\"https:\/\/seapower.com.tr\/urunler\/endustriyel-urunler\/elektrik-panolari\/dagitim-panolari\/#breadcrumb\"},\"inLanguage\":\"en-GB\",\"potentialAction\":[{\"@type\":\"ReadAction\",\"target\":[\"https:\/\/seapower.com.tr\/urunler\/endustriyel-urunler\/elektrik-panolari\/dagitim-panolari\/\"]}]},{\"@type\":\"ImageObject\",\"inLanguage\":\"en-GB\",\"@id\":\"https:\/\/seapower.com.tr\/urunler\/endustriyel-urunler\/elektrik-panolari\/dagitim-panolari\/#primaryimage\",\"url\":\"https:\/\/seapower.com.tr\/wp-content\/uploads\/SEAPOWER-Elektrik-Sistemleri-Dagitim-Panolari.jpg\",\"contentUrl\":\"https:\/\/seapower.com.tr\/wp-content\/uploads\/SEAPOWER-Elektrik-Sistemleri-Dagitim-Panolari.jpg\",\"width\":524,\"height\":464},{\"@type\":\"BreadcrumbList\",\"@id\":\"https:\/\/seapower.com.tr\/urunler\/endustriyel-urunler\/elektrik-panolari\/dagitim-panolari\/#breadcrumb\",\"itemListElement\":[{\"@type\":\"ListItem\",\"position\":1,\"name\":\"Ana Sayfa\",\"item\":\"https:\/\/seapower.com.tr\/\"},{\"@type\":\"ListItem\",\"position\":2,\"name\":\"\u00dcr\u00fcnler\",\"item\":\"https:\/\/seapower.com.tr\/urunler\/\"},{\"@type\":\"ListItem\",\"position\":3,\"name\":\"End\u00fcstriyel \u00dcr\u00fcnler\",\"item\":\"https:\/\/seapower.com.tr\/urunler\/endustriyel-urunler\/\"},{\"@type\":\"ListItem\",\"position\":4,\"name\":\"Elektrik Panolar\u0131\",\"item\":\"https:\/\/seapower.com.tr\/urunler\/endustriyel-urunler\/elektrik-panolari\/\"},{\"@type\":\"ListItem\",\"position\":5,\"name\":\"Da\u011f\u0131t\u0131m Panolar\u0131\"}]},{\"@type\":\"WebSite\",\"@id\":\"https:\/\/seapower.com.tr\/#website\",\"url\":\"https:\/\/seapower.com.tr\/\",\"name\":\"Seapower Elektrik Sistemleri Sanayi ve Ticaret A.\u015e.\",\"description\":\"Konvert\u00f6r, UPS, Mod\u00fcler g\u00fc\u00e7 \u00e7\u00f6z\u00fcmleri\",\"publisher\":{\"@id\":\"https:\/\/seapower.com.tr\/#organization\"},\"potentialAction\":[{\"@type\":\"SearchAction\",\"target\":{\"@type\":\"EntryPoint\",\"urlTemplate\":\"https:\/\/seapower.com.tr\/?s={search_term_string}\"},\"query-input\":{\"@type\":\"PropertyValueSpecification\",\"valueRequired\":true,\"valueName\":\"search_term_string\"}}],\"inLanguage\":\"en-GB\"},{\"@type\":\"Organization\",\"@id\":\"https:\/\/seapower.com.tr\/#organization\",\"name\":\"SEAPOWER ELEKTR\u0130K S\u0130STEMLER\u0130 SAN. ve T\u0130C. A.\u015e.\",\"alternateName\":\"SEAPOWER Elektrik Sistemleri\",\"url\":\"https:\/\/seapower.com.tr\/\",\"logo\":{\"@type\":\"ImageObject\",\"inLanguage\":\"en-GB\",\"@id\":\"https:\/\/seapower.com.tr\/#\/schema\/logo\/image\/\",\"url\":\"https:\/\/seapower.com.tr\/wp-content\/uploads\/Seapower-Elektrik-Sistemleri-Logo-1.png\",\"contentUrl\":\"https:\/\/seapower.com.tr\/wp-content\/uploads\/Seapower-Elektrik-Sistemleri-Logo-1.png\",\"width\":216,\"height\":135,\"caption\":\"SEAPOWER ELEKTR\u0130K S\u0130STEMLER\u0130 SAN. ve T\u0130C. A.\u015e.\"},\"image\":{\"@id\":\"https:\/\/seapower.com.tr\/#\/schema\/logo\/image\/\"}}]}<\/script>\n<!-- \/ Yoast SEO plugin. -->","yoast_head_json":{"title":"Da\u011f\u0131t\u0131m Panolar\u0131 - Seapower Elektrik Sistemleri Sanayi ve Ticaret A.\u015e.","robots":{"index":"index","follow":"follow","max-snippet":"max-snippet:-1","max-image-preview":"max-image-preview:large","max-video-preview":"max-video-preview:-1"},"canonical":"https:\/\/seapower.com.tr\/en\/products\/industrial-products\/electrical-switchboards\/distribution-boards\/","og_locale":"en_GB","og_type":"article","og_title":"Da\u011f\u0131t\u0131m Panolar\u0131 - Seapower Elektrik Sistemleri Sanayi ve Ticaret A.\u015e.","og_description":"Ana da\u011f\u0131t\u0131m pano iskeleti i\u00e7in 40x40x4 mm k\u00f6\u015febent veya benzeri profil demir kullan\u0131l\u0131r. Panolarda kullan\u0131lan DKP sac\u0131n kal\u0131nl\u0131\u011f\u0131 en az 2 mm olmal\u0131d\u0131r. Pano sac\u0131 \u00fczerine mekanik etki yapacak \u015falter ve kumanda eleman\u0131 yerle\u015ftirilecek ise sac kal\u0131nl\u0131\u011f\u0131n\u0131n 3 mm se\u00e7ilmesi daha iyi olmaktad\u0131r. Ana da\u011f\u0131t\u0131m panolar\u0131 1600 kVA\u2019 ya kadar","og_url":"https:\/\/seapower.com.tr\/en\/products\/industrial-products\/electrical-switchboards\/distribution-boards\/","og_site_name":"Seapower Elektrik Sistemleri Sanayi ve Ticaret A.\u015e.","article_modified_time":"2024-03-29T20:04:11+00:00","og_image":[{"width":524,"height":464,"url":"https:\/\/seapower.com.tr\/wp-content\/uploads\/SEAPOWER-Elektrik-Sistemleri-Dagitim-Panolari.jpg","type":"image\/jpeg"}],"twitter_card":"summary_large_image","twitter_misc":{"Estimated reading time":"2 minutes"},"schema":{"@context":"https:\/\/schema.org","@graph":[{"@type":"WebPage","@id":"https:\/\/seapower.com.tr\/urunler\/endustriyel-urunler\/elektrik-panolari\/dagitim-panolari\/","url":"https:\/\/seapower.com.tr\/urunler\/endustriyel-urunler\/elektrik-panolari\/dagitim-panolari\/","name":"Da\u011f\u0131t\u0131m Panolar\u0131 - Seapower Elektrik Sistemleri Sanayi ve Ticaret A.\u015e.","isPartOf":{"@id":"https:\/\/seapower.com.tr\/#website"},"primaryImageOfPage":{"@id":"https:\/\/seapower.com.tr\/urunler\/endustriyel-urunler\/elektrik-panolari\/dagitim-panolari\/#primaryimage"},"image":{"@id":"https:\/\/seapower.com.tr\/urunler\/endustriyel-urunler\/elektrik-panolari\/dagitim-panolari\/#primaryimage"},"thumbnailUrl":"https:\/\/seapower.com.tr\/wp-content\/uploads\/SEAPOWER-Elektrik-Sistemleri-Dagitim-Panolari.jpg","datePublished":"2024-01-26T10:19:23+00:00","dateModified":"2024-03-29T20:04:11+00:00","breadcrumb":{"@id":"https:\/\/seapower.com.tr\/urunler\/endustriyel-urunler\/elektrik-panolari\/dagitim-panolari\/#breadcrumb"},"inLanguage":"en-GB","potentialAction":[{"@type":"ReadAction","target":["https:\/\/seapower.com.tr\/urunler\/endustriyel-urunler\/elektrik-panolari\/dagitim-panolari\/"]}]},{"@type":"ImageObject","inLanguage":"en-GB","@id":"https:\/\/seapower.com.tr\/urunler\/endustriyel-urunler\/elektrik-panolari\/dagitim-panolari\/#primaryimage","url":"https:\/\/seapower.com.tr\/wp-content\/uploads\/SEAPOWER-Elektrik-Sistemleri-Dagitim-Panolari.jpg","contentUrl":"https:\/\/seapower.com.tr\/wp-content\/uploads\/SEAPOWER-Elektrik-Sistemleri-Dagitim-Panolari.jpg","width":524,"height":464},{"@type":"BreadcrumbList","@id":"https:\/\/seapower.com.tr\/urunler\/endustriyel-urunler\/elektrik-panolari\/dagitim-panolari\/#breadcrumb","itemListElement":[{"@type":"ListItem","position":1,"name":"Ana Sayfa","item":"https:\/\/seapower.com.tr\/"},{"@type":"ListItem","position":2,"name":"\u00dcr\u00fcnler","item":"https:\/\/seapower.com.tr\/urunler\/"},{"@type":"ListItem","position":3,"name":"End\u00fcstriyel \u00dcr\u00fcnler","item":"https:\/\/seapower.com.tr\/urunler\/endustriyel-urunler\/"},{"@type":"ListItem","position":4,"name":"Elektrik Panolar\u0131","item":"https:\/\/seapower.com.tr\/urunler\/endustriyel-urunler\/elektrik-panolari\/"},{"@type":"ListItem","position":5,"name":"Da\u011f\u0131t\u0131m Panolar\u0131"}]},{"@type":"WebSite","@id":"https:\/\/seapower.com.tr\/#website","url":"https:\/\/seapower.com.tr\/","name":"Seapower Elektrik Sistemleri Sanayi ve Ticaret A.\u015e.","description":"Konvert\u00f6r, UPS, Mod\u00fcler g\u00fc\u00e7 \u00e7\u00f6z\u00fcmleri","publisher":{"@id":"https:\/\/seapower.com.tr\/#organization"},"potentialAction":[{"@type":"SearchAction","target":{"@type":"EntryPoint","urlTemplate":"https:\/\/seapower.com.tr\/?s={search_term_string}"},"query-input":{"@type":"PropertyValueSpecification","valueRequired":true,"valueName":"search_term_string"}}],"inLanguage":"en-GB"},{"@type":"Organization","@id":"https:\/\/seapower.com.tr\/#organization","name":"SEAPOWER ELEKTR\u0130K S\u0130STEMLER\u0130 SAN. ve T\u0130C. A.\u015e.","alternateName":"SEAPOWER Elektrik Sistemleri","url":"https:\/\/seapower.com.tr\/","logo":{"@type":"ImageObject","inLanguage":"en-GB","@id":"https:\/\/seapower.com.tr\/#\/schema\/logo\/image\/","url":"https:\/\/seapower.com.tr\/wp-content\/uploads\/Seapower-Elektrik-Sistemleri-Logo-1.png","contentUrl":"https:\/\/seapower.com.tr\/wp-content\/uploads\/Seapower-Elektrik-Sistemleri-Logo-1.png","width":216,"height":135,"caption":"SEAPOWER ELEKTR\u0130K S\u0130STEMLER\u0130 SAN. ve T\u0130C. A.\u015e."},"image":{"@id":"https:\/\/seapower.com.tr\/#\/schema\/logo\/image\/"}}]}},"_links":{"self":[{"href":"https:\/\/seapower.com.tr\/en\/wp-json\/wp\/v2\/pages\/6284","targetHints":{"allow":["GET"]}}],"collection":[{"href":"https:\/\/seapower.com.tr\/en\/wp-json\/wp\/v2\/pages"}],"about":[{"href":"https:\/\/seapower.com.tr\/en\/wp-json\/wp\/v2\/types\/page"}],"author":[{"embeddable":true,"href":"https:\/\/seapower.com.tr\/en\/wp-json\/wp\/v2\/users\/1"}],"replies":[{"embeddable":true,"href":"https:\/\/seapower.com.tr\/en\/wp-json\/wp\/v2\/comments?post=6284"}],"version-history":[{"count":0,"href":"https:\/\/seapower.com.tr\/en\/wp-json\/wp\/v2\/pages\/6284\/revisions"}],"up":[{"embeddable":true,"href":"https:\/\/seapower.com.tr\/en\/wp-json\/wp\/v2\/pages\/6282"}],"wp:featuredmedia":[{"embeddable":true,"href":"https:\/\/seapower.com.tr\/en\/wp-json\/wp\/v2\/media\/7253"}],"wp:attachment":[{"href":"https:\/\/seapower.com.tr\/en\/wp-json\/wp\/v2\/media?parent=6284"}],"wp:term":[{"taxonomy":"category","embeddable":true,"href":"https:\/\/seapower.com.tr\/en\/wp-json\/wp\/v2\/categories?post=6284"},{"taxonomy":"post_tag","embeddable":true,"href":"https:\/\/seapower.com.tr\/en\/wp-json\/wp\/v2\/tags?post=6284"}],"curies":[{"name":"wp","href":"https:\/\/api.w.org\/{rel}","templated":true}]}}