{"id":6288,"date":"2024-01-26T13:20:22","date_gmt":"2024-01-26T10:20:22","guid":{"rendered":"https:\/\/seapower.com.tr\/?page_id=6288"},"modified":"2024-04-03T12:45:41","modified_gmt":"2024-04-03T09:45:41","slug":"ozel-guc-cozumleri","status":"publish","type":"page","link":"https:\/\/seapower.com.tr\/en\/products\/industrial-products\/custom-power-solutions\/","title":{"rendered":"Custom Power Solutions"},"content":{"rendered":"<div data-elementor-type=\"wp-page\" data-elementor-id=\"6288\" class=\"elementor elementor-6288\" data-elementor-post-type=\"page\">\n\t\t\t\t<div class=\"elementor-element elementor-element-f7472b9 e-flex e-con-boxed e-con e-parent\" data-id=\"f7472b9\" data-element_type=\"container\" data-settings=\"{&quot;background_background&quot;:&quot;classic&quot;}\">\n\t\t\t\t\t<div class=\"e-con-inner\">\n\t\t<div class=\"elementor-element elementor-element-12b55a8 e-flex e-con-boxed e-con e-child\" data-id=\"12b55a8\" data-element_type=\"container\">\n\t\t\t\t\t<div class=\"e-con-inner\">\n\t\t<div class=\"elementor-element elementor-element-764d541 e-con-full e-flex e-con e-child\" data-id=\"764d541\" data-element_type=\"container\">\n\t\t\t\t<div class=\"elementor-element elementor-element-c4f49e1 elementor-widget-divider--view-line elementor-widget elementor-widget-divider\" data-id=\"c4f49e1\" data-element_type=\"widget\" data-widget_type=\"divider.default\">\n\t\t\t\t<div class=\"elementor-widget-container\">\n\t\t\t\t\t\t\t<div class=\"elementor-divider\">\n\t\t\t<span class=\"elementor-divider-separator\">\n\t\t\t\t\t\t<\/span>\n\t\t<\/div>\n\t\t\t\t\t\t<\/div>\n\t\t\t\t<\/div>\n\t\t\t\t<div class=\"elementor-element elementor-element-d06c111 elementor-align-center elementor-widget elementor-widget-breadcrumbs\" data-id=\"d06c111\" data-element_type=\"widget\" data-widget_type=\"breadcrumbs.default\">\n\t\t\t\t<div class=\"elementor-widget-container\">\n\t\t\t\t\t<p id=\"breadcrumbs\"><span><span><a href=\"https:\/\/seapower.com.tr\/en\/\">Home<\/a><\/span><\/span><\/p>\t\t\t\t<\/div>\n\t\t\t\t<\/div>\n\t\t\t\t<\/div>\n\t\t\t\t\t<\/div>\n\t\t\t\t<\/div>\n\t\t\t\t\t<\/div>\n\t\t\t\t<\/div>\n\t\t<div class=\"elementor-element elementor-element-8b7b0d4 e-flex e-con-boxed e-con e-parent\" data-id=\"8b7b0d4\" data-element_type=\"container\">\n\t\t\t\t\t<div class=\"e-con-inner\">\n\t\t<div class=\"elementor-element elementor-element-1c45942 e-con-full e-flex e-con e-child\" data-id=\"1c45942\" data-element_type=\"container\">\n\t\t\t\t<div class=\"elementor-element elementor-element-b483f92 elementor-posts--align-center elementor-posts__hover-none elementor-grid-2 elementor-grid-tablet-2 elementor-grid-mobile-1 elementor-posts--thumbnail-top elementor-widget elementor-widget-posts\" data-id=\"b483f92\" data-element_type=\"widget\" data-settings=\"{&quot;cards_columns&quot;:&quot;2&quot;,&quot;cards_columns_tablet&quot;:&quot;2&quot;,&quot;cards_columns_mobile&quot;:&quot;1&quot;,&quot;cards_row_gap&quot;:{&quot;unit&quot;:&quot;px&quot;,&quot;size&quot;:35,&quot;sizes&quot;:[]},&quot;cards_row_gap_tablet&quot;:{&quot;unit&quot;:&quot;px&quot;,&quot;size&quot;:&quot;&quot;,&quot;sizes&quot;:[]},&quot;cards_row_gap_mobile&quot;:{&quot;unit&quot;:&quot;px&quot;,&quot;size&quot;:&quot;&quot;,&quot;sizes&quot;:[]}}\" data-widget_type=\"posts.cards\">\n\t\t\t\t<div class=\"elementor-widget-container\">\n\t\t\t\t\t\t\t<div class=\"elementor-posts-container elementor-posts elementor-posts--skin-cards elementor-grid\">\n\t\t\t\t<article class=\"elementor-post elementor-grid-item post-6293 page type-page status-publish has-post-thumbnail hentry category-ozel-guc-cozumleri\">\n\t\t\t<div class=\"elementor-post__card\">\n\t\t\t\t<a class=\"elementor-post__thumbnail__link\" href=\"https:\/\/seapower.com.tr\/en\/products\/industrial-products\/custom-power-solutions\/outdoor-industrial-acdc-power-systems\/\" tabindex=\"-1\" ><div class=\"elementor-post__thumbnail\"><img fetchpriority=\"high\" decoding=\"async\" width=\"300\" height=\"173\" src=\"https:\/\/seapower.com.tr\/wp-content\/uploads\/SEAPOWER-Elektrik-Sistemleri-DIS-MEKAN-ENDUSTRIYEL-ACDC-GUC-SISTEMLERI3-1-300x173.jpg\" class=\"attachment-medium size-medium wp-image-8758\" alt=\"\" srcset=\"https:\/\/seapower.com.tr\/wp-content\/uploads\/SEAPOWER-Elektrik-Sistemleri-DIS-MEKAN-ENDUSTRIYEL-ACDC-GUC-SISTEMLERI3-1-300x173.jpg 300w, https:\/\/seapower.com.tr\/wp-content\/uploads\/SEAPOWER-Elektrik-Sistemleri-DIS-MEKAN-ENDUSTRIYEL-ACDC-GUC-SISTEMLERI3-1-768x442.jpg 768w, https:\/\/seapower.com.tr\/wp-content\/uploads\/SEAPOWER-Elektrik-Sistemleri-DIS-MEKAN-ENDUSTRIYEL-ACDC-GUC-SISTEMLERI3-1-18x10.jpg 18w, https:\/\/seapower.com.tr\/wp-content\/uploads\/SEAPOWER-Elektrik-Sistemleri-DIS-MEKAN-ENDUSTRIYEL-ACDC-GUC-SISTEMLERI3-1.jpg 800w\" sizes=\"(max-width: 300px) 100vw, 300px\" \/><\/div><\/a>\n\t\t\t\t<div class=\"elementor-post__text\">\n\t\t\t\t<h3 class=\"elementor-post__title\">\n\t\t\t<a href=\"https:\/\/seapower.com.tr\/en\/products\/industrial-products\/custom-power-solutions\/outdoor-industrial-acdc-power-systems\/\" >\n\t\t\t\tOutdoor\/Industrial AC&amp;DC Power Systems\t\t\t<\/a>\n\t\t<\/h3>\n\t\t\n\t\t<a class=\"elementor-post__read-more\" href=\"https:\/\/seapower.com.tr\/en\/products\/industrial-products\/custom-power-solutions\/outdoor-industrial-acdc-power-systems\/\" aria-label=\"Read more about Outdoor\/Industrial AC&amp;DC Power Systems\" tabindex=\"-1\" >\n\t\t\tMore information \u2192\t\t<\/a>\n\n\t\t\t\t<\/div>\n\t\t\t\t\t<\/div>\n\t\t<\/article>\n\t\t\t\t<article class=\"elementor-post elementor-grid-item post-6295 page type-page status-publish has-post-thumbnail hentry category-limanlar-ops category-ozel-guc-cozumleri category-shipyards\">\n\t\t\t<div class=\"elementor-post__card\">\n\t\t\t\t<a class=\"elementor-post__thumbnail__link\" href=\"https:\/\/seapower.com.tr\/en\/products\/industrial-products\/custom-power-solutions\/energy-storage-systems\/\" tabindex=\"-1\" ><div class=\"elementor-post__thumbnail\"><img decoding=\"async\" width=\"300\" height=\"178\" src=\"https:\/\/seapower.com.tr\/wp-content\/uploads\/WhatsApp-Image-2024-05-29-at-13.26.33-1-Kopya-1-300x178.jpeg\" class=\"attachment-medium size-medium wp-image-10751\" alt=\"\" srcset=\"https:\/\/seapower.com.tr\/wp-content\/uploads\/WhatsApp-Image-2024-05-29-at-13.26.33-1-Kopya-1-300x178.jpeg 300w, https:\/\/seapower.com.tr\/wp-content\/uploads\/WhatsApp-Image-2024-05-29-at-13.26.33-1-Kopya-1-1024x609.jpeg 1024w, https:\/\/seapower.com.tr\/wp-content\/uploads\/WhatsApp-Image-2024-05-29-at-13.26.33-1-Kopya-1-768x457.jpeg 768w, https:\/\/seapower.com.tr\/wp-content\/uploads\/WhatsApp-Image-2024-05-29-at-13.26.33-1-Kopya-1-18x12.jpeg 18w, https:\/\/seapower.com.tr\/wp-content\/uploads\/WhatsApp-Image-2024-05-29-at-13.26.33-1-Kopya-1.jpeg 1516w\" sizes=\"(max-width: 300px) 100vw, 300px\" \/><\/div><\/a>\n\t\t\t\t<div class=\"elementor-post__text\">\n\t\t\t\t<h3 class=\"elementor-post__title\">\n\t\t\t<a href=\"https:\/\/seapower.com.tr\/en\/products\/industrial-products\/custom-power-solutions\/energy-storage-systems\/\" >\n\t\t\t\tEnergy Storage Systems Converter\t\t\t<\/a>\n\t\t<\/h3>\n\t\t\n\t\t<a class=\"elementor-post__read-more\" href=\"https:\/\/seapower.com.tr\/en\/products\/industrial-products\/custom-power-solutions\/energy-storage-systems\/\" aria-label=\"Read more about Energy Storage Systems Converter\" tabindex=\"-1\" >\n\t\t\tMore information \u2192\t\t<\/a>\n\n\t\t\t\t<\/div>\n\t\t\t\t\t<\/div>\n\t\t<\/article>\n\t\t\t\t<\/div>\n\t\t\n\t\t\t\t\t\t<\/div>\n\t\t\t\t<\/div>\n\t\t\t\t<\/div>\n\t\t\t\t\t<\/div>\n\t\t\t\t<\/div>\n\t\t\t\t<\/div>","protected":false},"excerpt":{"rendered":"","protected":false},"author":1,"featured_media":8758,"parent":6255,"menu_order":0,"comment_status":"closed","ping_status":"closed","template":"","meta":{"inline_featured_image":false,"footnotes":""},"categories":[],"tags":[],"class_list":["post-6288","page","type-page","status-publish","has-post-thumbnail","hentry"],"yoast_head":"<!-- This site is optimized with the Yoast SEO plugin v26.6 - https:\/\/yoast.com\/wordpress\/plugins\/seo\/ -->\n<title>\u00d6zel G\u00fc\u00e7 \u00c7\u00f6z\u00fcmleri - Seapower Elektrik Sistemleri Sanayi ve Ticaret A.\u015e.<\/title>\n<meta name=\"robots\" content=\"index, follow, max-snippet:-1, max-image-preview:large, max-video-preview:-1\" \/>\n<link rel=\"canonical\" href=\"https:\/\/seapower.com.tr\/en\/products\/industrial-products\/custom-power-solutions\/\" \/>\n<meta property=\"og:locale\" content=\"en_GB\" \/>\n<meta property=\"og:type\" content=\"article\" \/>\n<meta property=\"og:title\" content=\"\u00d6zel G\u00fc\u00e7 \u00c7\u00f6z\u00fcmleri - Seapower Elektrik Sistemleri Sanayi ve Ticaret A.\u015e.\" \/>\n<meta property=\"og:url\" content=\"https:\/\/seapower.com.tr\/en\/products\/industrial-products\/custom-power-solutions\/\" \/>\n<meta property=\"og:site_name\" content=\"Seapower Elektrik Sistemleri Sanayi ve Ticaret A.\u015e.\" \/>\n<meta property=\"article:modified_time\" content=\"2024-04-03T09:45:41+00:00\" \/>\n<meta property=\"og:image\" content=\"https:\/\/seapower.com.tr\/wp-content\/uploads\/SEAPOWER-Elektrik-Sistemleri-DIS-MEKAN-ENDUSTRIYEL-ACDC-GUC-SISTEMLERI3-1.jpg\" \/>\n\t<meta property=\"og:image:width\" content=\"800\" \/>\n\t<meta property=\"og:image:height\" content=\"460\" \/>\n\t<meta property=\"og:image:type\" content=\"image\/jpeg\" \/>\n<meta name=\"twitter:card\" content=\"summary_large_image\" \/>\n<meta name=\"twitter:label1\" content=\"Estimated reading time\" \/>\n\t<meta name=\"twitter:data1\" content=\"1 minute\" \/>\n<script type=\"application\/ld+json\" class=\"yoast-schema-graph\">{\"@context\":\"https:\/\/schema.org\",\"@graph\":[{\"@type\":\"WebPage\",\"@id\":\"https:\/\/seapower.com.tr\/urunler\/endustriyel-urunler\/ozel-guc-cozumleri\/\",\"url\":\"https:\/\/seapower.com.tr\/urunler\/endustriyel-urunler\/ozel-guc-cozumleri\/\",\"name\":\"\u00d6zel G\u00fc\u00e7 \u00c7\u00f6z\u00fcmleri - Seapower Elektrik Sistemleri Sanayi ve Ticaret A.\u015e.\",\"isPartOf\":{\"@id\":\"https:\/\/seapower.com.tr\/#website\"},\"primaryImageOfPage\":{\"@id\":\"https:\/\/seapower.com.tr\/urunler\/endustriyel-urunler\/ozel-guc-cozumleri\/#primaryimage\"},\"image\":{\"@id\":\"https:\/\/seapower.com.tr\/urunler\/endustriyel-urunler\/ozel-guc-cozumleri\/#primaryimage\"},\"thumbnailUrl\":\"https:\/\/seapower.com.tr\/wp-content\/uploads\/SEAPOWER-Elektrik-Sistemleri-DIS-MEKAN-ENDUSTRIYEL-ACDC-GUC-SISTEMLERI3-1.jpg\",\"datePublished\":\"2024-01-26T10:20:22+00:00\",\"dateModified\":\"2024-04-03T09:45:41+00:00\",\"breadcrumb\":{\"@id\":\"https:\/\/seapower.com.tr\/urunler\/endustriyel-urunler\/ozel-guc-cozumleri\/#breadcrumb\"},\"inLanguage\":\"en-GB\",\"potentialAction\":[{\"@type\":\"ReadAction\",\"target\":[\"https:\/\/seapower.com.tr\/urunler\/endustriyel-urunler\/ozel-guc-cozumleri\/\"]}]},{\"@type\":\"ImageObject\",\"inLanguage\":\"en-GB\",\"@id\":\"https:\/\/seapower.com.tr\/urunler\/endustriyel-urunler\/ozel-guc-cozumleri\/#primaryimage\",\"url\":\"https:\/\/seapower.com.tr\/wp-content\/uploads\/SEAPOWER-Elektrik-Sistemleri-DIS-MEKAN-ENDUSTRIYEL-ACDC-GUC-SISTEMLERI3-1.jpg\",\"contentUrl\":\"https:\/\/seapower.com.tr\/wp-content\/uploads\/SEAPOWER-Elektrik-Sistemleri-DIS-MEKAN-ENDUSTRIYEL-ACDC-GUC-SISTEMLERI3-1.jpg\",\"width\":800,\"height\":460},{\"@type\":\"BreadcrumbList\",\"@id\":\"https:\/\/seapower.com.tr\/urunler\/endustriyel-urunler\/ozel-guc-cozumleri\/#breadcrumb\",\"itemListElement\":[{\"@type\":\"ListItem\",\"position\":1,\"name\":\"Ana Sayfa\",\"item\":\"https:\/\/seapower.com.tr\/\"},{\"@type\":\"ListItem\",\"position\":2,\"name\":\"\u00dcr\u00fcnler\",\"item\":\"https:\/\/seapower.com.tr\/urunler\/\"},{\"@type\":\"ListItem\",\"position\":3,\"name\":\"End\u00fcstriyel \u00dcr\u00fcnler\",\"item\":\"https:\/\/seapower.com.tr\/urunler\/endustriyel-urunler\/\"},{\"@type\":\"ListItem\",\"position\":4,\"name\":\"\u00d6zel G\u00fc\u00e7 \u00c7\u00f6z\u00fcmleri\"}]},{\"@type\":\"WebSite\",\"@id\":\"https:\/\/seapower.com.tr\/#website\",\"url\":\"https:\/\/seapower.com.tr\/\",\"name\":\"Seapower Elektrik Sistemleri Sanayi ve Ticaret A.\u015e.\",\"description\":\"Konvert\u00f6r, UPS, Mod\u00fcler g\u00fc\u00e7 \u00e7\u00f6z\u00fcmleri\",\"publisher\":{\"@id\":\"https:\/\/seapower.com.tr\/#organization\"},\"potentialAction\":[{\"@type\":\"SearchAction\",\"target\":{\"@type\":\"EntryPoint\",\"urlTemplate\":\"https:\/\/seapower.com.tr\/?s={search_term_string}\"},\"query-input\":{\"@type\":\"PropertyValueSpecification\",\"valueRequired\":true,\"valueName\":\"search_term_string\"}}],\"inLanguage\":\"en-GB\"},{\"@type\":\"Organization\",\"@id\":\"https:\/\/seapower.com.tr\/#organization\",\"name\":\"SEAPOWER ELEKTR\u0130K S\u0130STEMLER\u0130 SAN. ve T\u0130C. A.\u015e.\",\"alternateName\":\"SEAPOWER Elektrik Sistemleri\",\"url\":\"https:\/\/seapower.com.tr\/\",\"logo\":{\"@type\":\"ImageObject\",\"inLanguage\":\"en-GB\",\"@id\":\"https:\/\/seapower.com.tr\/#\/schema\/logo\/image\/\",\"url\":\"https:\/\/seapower.com.tr\/wp-content\/uploads\/Seapower-Elektrik-Sistemleri-Logo-1.png\",\"contentUrl\":\"https:\/\/seapower.com.tr\/wp-content\/uploads\/Seapower-Elektrik-Sistemleri-Logo-1.png\",\"width\":216,\"height\":135,\"caption\":\"SEAPOWER ELEKTR\u0130K S\u0130STEMLER\u0130 SAN. ve T\u0130C. A.\u015e.\"},\"image\":{\"@id\":\"https:\/\/seapower.com.tr\/#\/schema\/logo\/image\/\"}}]}<\/script>\n<!-- \/ Yoast SEO plugin. -->","yoast_head_json":{"title":"\u00d6zel G\u00fc\u00e7 \u00c7\u00f6z\u00fcmleri - Seapower Elektrik Sistemleri Sanayi ve Ticaret A.\u015e.","robots":{"index":"index","follow":"follow","max-snippet":"max-snippet:-1","max-image-preview":"max-image-preview:large","max-video-preview":"max-video-preview:-1"},"canonical":"https:\/\/seapower.com.tr\/en\/products\/industrial-products\/custom-power-solutions\/","og_locale":"en_GB","og_type":"article","og_title":"\u00d6zel G\u00fc\u00e7 \u00c7\u00f6z\u00fcmleri - Seapower Elektrik Sistemleri Sanayi ve Ticaret A.\u015e.","og_url":"https:\/\/seapower.com.tr\/en\/products\/industrial-products\/custom-power-solutions\/","og_site_name":"Seapower Elektrik Sistemleri Sanayi ve Ticaret A.\u015e.","article_modified_time":"2024-04-03T09:45:41+00:00","og_image":[{"width":800,"height":460,"url":"https:\/\/seapower.com.tr\/wp-content\/uploads\/SEAPOWER-Elektrik-Sistemleri-DIS-MEKAN-ENDUSTRIYEL-ACDC-GUC-SISTEMLERI3-1.jpg","type":"image\/jpeg"}],"twitter_card":"summary_large_image","twitter_misc":{"Estimated reading time":"1 minute"},"schema":{"@context":"https:\/\/schema.org","@graph":[{"@type":"WebPage","@id":"https:\/\/seapower.com.tr\/urunler\/endustriyel-urunler\/ozel-guc-cozumleri\/","url":"https:\/\/seapower.com.tr\/urunler\/endustriyel-urunler\/ozel-guc-cozumleri\/","name":"\u00d6zel G\u00fc\u00e7 \u00c7\u00f6z\u00fcmleri - Seapower Elektrik Sistemleri Sanayi ve Ticaret A.\u015e.","isPartOf":{"@id":"https:\/\/seapower.com.tr\/#website"},"primaryImageOfPage":{"@id":"https:\/\/seapower.com.tr\/urunler\/endustriyel-urunler\/ozel-guc-cozumleri\/#primaryimage"},"image":{"@id":"https:\/\/seapower.com.tr\/urunler\/endustriyel-urunler\/ozel-guc-cozumleri\/#primaryimage"},"thumbnailUrl":"https:\/\/seapower.com.tr\/wp-content\/uploads\/SEAPOWER-Elektrik-Sistemleri-DIS-MEKAN-ENDUSTRIYEL-ACDC-GUC-SISTEMLERI3-1.jpg","datePublished":"2024-01-26T10:20:22+00:00","dateModified":"2024-04-03T09:45:41+00:00","breadcrumb":{"@id":"https:\/\/seapower.com.tr\/urunler\/endustriyel-urunler\/ozel-guc-cozumleri\/#breadcrumb"},"inLanguage":"en-GB","potentialAction":[{"@type":"ReadAction","target":["https:\/\/seapower.com.tr\/urunler\/endustriyel-urunler\/ozel-guc-cozumleri\/"]}]},{"@type":"ImageObject","inLanguage":"en-GB","@id":"https:\/\/seapower.com.tr\/urunler\/endustriyel-urunler\/ozel-guc-cozumleri\/#primaryimage","url":"https:\/\/seapower.com.tr\/wp-content\/uploads\/SEAPOWER-Elektrik-Sistemleri-DIS-MEKAN-ENDUSTRIYEL-ACDC-GUC-SISTEMLERI3-1.jpg","contentUrl":"https:\/\/seapower.com.tr\/wp-content\/uploads\/SEAPOWER-Elektrik-Sistemleri-DIS-MEKAN-ENDUSTRIYEL-ACDC-GUC-SISTEMLERI3-1.jpg","width":800,"height":460},{"@type":"BreadcrumbList","@id":"https:\/\/seapower.com.tr\/urunler\/endustriyel-urunler\/ozel-guc-cozumleri\/#breadcrumb","itemListElement":[{"@type":"ListItem","position":1,"name":"Ana Sayfa","item":"https:\/\/seapower.com.tr\/"},{"@type":"ListItem","position":2,"name":"\u00dcr\u00fcnler","item":"https:\/\/seapower.com.tr\/urunler\/"},{"@type":"ListItem","position":3,"name":"End\u00fcstriyel \u00dcr\u00fcnler","item":"https:\/\/seapower.com.tr\/urunler\/endustriyel-urunler\/"},{"@type":"ListItem","position":4,"name":"\u00d6zel G\u00fc\u00e7 \u00c7\u00f6z\u00fcmleri"}]},{"@type":"WebSite","@id":"https:\/\/seapower.com.tr\/#website","url":"https:\/\/seapower.com.tr\/","name":"Seapower Elektrik Sistemleri Sanayi ve Ticaret A.\u015e.","description":"Konvert\u00f6r, UPS, Mod\u00fcler g\u00fc\u00e7 \u00e7\u00f6z\u00fcmleri","publisher":{"@id":"https:\/\/seapower.com.tr\/#organization"},"potentialAction":[{"@type":"SearchAction","target":{"@type":"EntryPoint","urlTemplate":"https:\/\/seapower.com.tr\/?s={search_term_string}"},"query-input":{"@type":"PropertyValueSpecification","valueRequired":true,"valueName":"search_term_string"}}],"inLanguage":"en-GB"},{"@type":"Organization","@id":"https:\/\/seapower.com.tr\/#organization","name":"SEAPOWER ELEKTR\u0130K S\u0130STEMLER\u0130 SAN. ve T\u0130C. A.\u015e.","alternateName":"SEAPOWER Elektrik Sistemleri","url":"https:\/\/seapower.com.tr\/","logo":{"@type":"ImageObject","inLanguage":"en-GB","@id":"https:\/\/seapower.com.tr\/#\/schema\/logo\/image\/","url":"https:\/\/seapower.com.tr\/wp-content\/uploads\/Seapower-Elektrik-Sistemleri-Logo-1.png","contentUrl":"https:\/\/seapower.com.tr\/wp-content\/uploads\/Seapower-Elektrik-Sistemleri-Logo-1.png","width":216,"height":135,"caption":"SEAPOWER ELEKTR\u0130K S\u0130STEMLER\u0130 SAN. ve T\u0130C. A.\u015e."},"image":{"@id":"https:\/\/seapower.com.tr\/#\/schema\/logo\/image\/"}}]}},"_links":{"self":[{"href":"https:\/\/seapower.com.tr\/en\/wp-json\/wp\/v2\/pages\/6288","targetHints":{"allow":["GET"]}}],"collection":[{"href":"https:\/\/seapower.com.tr\/en\/wp-json\/wp\/v2\/pages"}],"about":[{"href":"https:\/\/seapower.com.tr\/en\/wp-json\/wp\/v2\/types\/page"}],"author":[{"embeddable":true,"href":"https:\/\/seapower.com.tr\/en\/wp-json\/wp\/v2\/users\/1"}],"replies":[{"embeddable":true,"href":"https:\/\/seapower.com.tr\/en\/wp-json\/wp\/v2\/comments?post=6288"}],"version-history":[{"count":0,"href":"https:\/\/seapower.com.tr\/en\/wp-json\/wp\/v2\/pages\/6288\/revisions"}],"up":[{"embeddable":true,"href":"https:\/\/seapower.com.tr\/en\/wp-json\/wp\/v2\/pages\/6255"}],"wp:featuredmedia":[{"embeddable":true,"href":"https:\/\/seapower.com.tr\/en\/wp-json\/wp\/v2\/media\/8758"}],"wp:attachment":[{"href":"https:\/\/seapower.com.tr\/en\/wp-json\/wp\/v2\/media?parent=6288"}],"wp:term":[{"taxonomy":"category","embeddable":true,"href":"https:\/\/seapower.com.tr\/en\/wp-json\/wp\/v2\/categories?post=6288"},{"taxonomy":"post_tag","embeddable":true,"href":"https:\/\/seapower.com.tr\/en\/wp-json\/wp\/v2\/tags?post=6288"}],"curies":[{"name":"wp","href":"https:\/\/api.w.org\/{rel}","templated":true}]}}