{"id":6295,"date":"2024-01-26T13:22:46","date_gmt":"2024-01-26T10:22:46","guid":{"rendered":"https:\/\/seapower.com.tr\/?page_id=6295"},"modified":"2025-03-12T14:48:18","modified_gmt":"2025-03-12T11:48:18","slug":"enerji-depolama-sistemleri","status":"publish","type":"page","link":"https:\/\/seapower.com.tr\/en\/products\/industrial-products\/custom-power-solutions\/energy-storage-systems\/","title":{"rendered":"Energy Storage Systems Converter"},"content":{"rendered":"<h2 class=\"wp-block-heading\">Innovative Energy Storage Converter Technologies for Smart Energy Management<\/h2>\n\n\n\n<p>Today, most of the world's energy needs are met by using conventional energy sources such as coal, natural gas and oil. The use of conventional fuels, on the other hand, causes a significant increase in greenhouse gas emissions and significant consequences affecting the whole world such as global warming.<\/p>\n\n\n\n<p>Solar and wind-based renewable energy systems provide environmentally friendly and sustainable operation.<\/p>\n\n\n\n<p>However, renewable energy sources are highly dependent on natural conditions. Energy production is not continuous.<\/p>\n\n\n\n<p>The energy produced with these resources can show large seasonal, daily and even instantaneous changes. This situation causes that the energy produced does not fully overlap with the general energy demand.<\/p>\n\n\n\n<p>In order to eliminate this imbalance;<\/p>\n\n\n\n<p>SEAPOWER offers a wide range of Energy Storage Solutions ranging from KW to MW in order to eliminate the difference that may arise between energy supply and demand, to use energy resources more efficiently, to increase grid security, to minimise transmission\/distribution problems and costs.<\/p>\n\n\n\n<p><\/p>\n\n\n\n<p><\/p>\n\n\n\n<div class=\"wp-block-buttons is-layout-flex wp-block-buttons-is-layout-flex\">\n<div class=\"wp-block-button\"><a class=\"wp-block-button__link wp-element-button\" href=\"https:\/\/seapower.com.tr\/wp-content\/uploads\/Seapower-SESS-Energy-Storage-Solutions-1.pdf\">CATALOG <code><div class=\"svg-flag flag-icon-background flag-icon-en\" style=\"width:5em; height:5em;\"><\/div><\/code><\/a><\/div>\n<\/div>\n\n\n\n<figure class=\"wp-block-gallery has-nested-images columns-default is-cropped wp-block-gallery-1 is-layout-flex wp-block-gallery-is-layout-flex\">\n<figure class=\"wp-block-image size-full\"><img fetchpriority=\"high\" decoding=\"async\" width=\"1516\" height=\"902\" data-id=\"10751\" src=\"https:\/\/seapower.com.tr\/wp-content\/uploads\/WhatsApp-Image-2024-05-29-at-13.26.33-1-Kopya-1.jpeg\" alt=\"\" class=\"wp-image-10751\" srcset=\"https:\/\/seapower.com.tr\/wp-content\/uploads\/WhatsApp-Image-2024-05-29-at-13.26.33-1-Kopya-1.jpeg 1516w, https:\/\/seapower.com.tr\/wp-content\/uploads\/WhatsApp-Image-2024-05-29-at-13.26.33-1-Kopya-1-300x178.jpeg 300w, https:\/\/seapower.com.tr\/wp-content\/uploads\/WhatsApp-Image-2024-05-29-at-13.26.33-1-Kopya-1-1024x609.jpeg 1024w, https:\/\/seapower.com.tr\/wp-content\/uploads\/WhatsApp-Image-2024-05-29-at-13.26.33-1-Kopya-1-768x457.jpeg 768w, https:\/\/seapower.com.tr\/wp-content\/uploads\/WhatsApp-Image-2024-05-29-at-13.26.33-1-Kopya-1-18x12.jpeg 18w\" sizes=\"(max-width: 1516px) 100vw, 1516px\" \/><\/figure>\n<\/figure>","protected":false},"excerpt":{"rendered":"<p>Innovative Energy Storage Converter Technologies for Smart Energy Management Today, most of the world's energy needs are met by using conventional energy sources such as coal, natural gas and oil. The use of conventional fuels, on the other hand, causes a significant increase in greenhouse gas emissions and significant consequences affecting the whole world such as global warming. Solar and<\/p>","protected":false},"author":1,"featured_media":10751,"parent":6288,"menu_order":0,"comment_status":"closed","ping_status":"closed","template":"","meta":{"inline_featured_image":false,"footnotes":""},"categories":[56,65,58],"tags":[],"class_list":["post-6295","page","type-page","status-publish","has-post-thumbnail","hentry","category-limanlar-ops","category-ozel-guc-cozumleri","category-shipyards"],"yoast_head":"<!-- This site is optimized with the Yoast SEO plugin v26.6 - https:\/\/yoast.com\/wordpress\/plugins\/seo\/ -->\n<title>Enerji Depolama Sistemleri Konvert\u00f6r\u00fc - Seapower Elektrik Sistemleri Sanayi ve Ticaret A.\u015e.<\/title>\n<meta name=\"robots\" content=\"index, follow, max-snippet:-1, max-image-preview:large, max-video-preview:-1\" \/>\n<link rel=\"canonical\" href=\"https:\/\/seapower.com.tr\/en\/products\/industrial-products\/custom-power-solutions\/energy-storage-systems\/\" \/>\n<meta property=\"og:locale\" content=\"en_GB\" \/>\n<meta property=\"og:type\" content=\"article\" \/>\n<meta property=\"og:title\" content=\"Enerji Depolama Sistemleri Konvert\u00f6r\u00fc - Seapower Elektrik Sistemleri Sanayi ve Ticaret A.\u015e.\" \/>\n<meta property=\"og:description\" content=\"Ak\u0131ll\u0131 Enerji Y\u00f6netimi \u0130\u00e7in Yenilik\u00e7i Enerji Depolama Konvert\u00f6r Teknolojileri G\u00fcn\u00fcm\u00fczde d\u00fcnyadaki enerji ihtiyac\u0131n\u0131n b\u00fcy\u00fck bir b\u00f6l\u00fcm\u00fc k\u00f6m\u00fcr, do\u011fal gaz ve petrol gibi konvansiyonel enerji kaynaklar\u0131 kullan\u0131larak kar\u015f\u0131lanmaktad\u0131r. Konvansiyonel yak\u0131tlar\u0131n kullan\u0131lmas\u0131 ise, sera gaz\u0131 sal\u0131n\u0131m\u0131n\u0131n \u00f6nemli oranda artmas\u0131na ve k\u00fcresel \u0131s\u0131nma gibi b\u00fct\u00fcn d\u00fcnyay\u0131 etkileyen \u00f6nemli sonu\u00e7lara neden olmaktad\u0131r. G\u00fcne\u015f ve\" \/>\n<meta property=\"og:url\" content=\"https:\/\/seapower.com.tr\/en\/products\/industrial-products\/custom-power-solutions\/energy-storage-systems\/\" \/>\n<meta property=\"og:site_name\" content=\"Seapower Elektrik Sistemleri Sanayi ve Ticaret A.\u015e.\" \/>\n<meta property=\"article:modified_time\" content=\"2025-03-12T11:48:18+00:00\" \/>\n<meta property=\"og:image\" content=\"https:\/\/seapower.com.tr\/wp-content\/uploads\/WhatsApp-Image-2024-05-29-at-13.26.33-1-Kopya-1.jpeg\" \/>\n\t<meta property=\"og:image:width\" content=\"1516\" \/>\n\t<meta property=\"og:image:height\" content=\"902\" \/>\n\t<meta property=\"og:image:type\" content=\"image\/jpeg\" \/>\n<meta name=\"twitter:card\" content=\"summary_large_image\" \/>\n<meta name=\"twitter:label1\" content=\"Estimated reading time\" \/>\n\t<meta name=\"twitter:data1\" content=\"2 minutes\" \/>\n<script type=\"application\/ld+json\" class=\"yoast-schema-graph\">{\"@context\":\"https:\/\/schema.org\",\"@graph\":[{\"@type\":\"WebPage\",\"@id\":\"https:\/\/seapower.com.tr\/urunler\/endustriyel-urunler\/ozel-guc-cozumleri\/enerji-depolama-sistemleri\/\",\"url\":\"https:\/\/seapower.com.tr\/urunler\/endustriyel-urunler\/ozel-guc-cozumleri\/enerji-depolama-sistemleri\/\",\"name\":\"Enerji Depolama Sistemleri Konvert\u00f6r\u00fc - Seapower Elektrik Sistemleri Sanayi ve Ticaret A.\u015e.\",\"isPartOf\":{\"@id\":\"https:\/\/seapower.com.tr\/#website\"},\"primaryImageOfPage\":{\"@id\":\"https:\/\/seapower.com.tr\/urunler\/endustriyel-urunler\/ozel-guc-cozumleri\/enerji-depolama-sistemleri\/#primaryimage\"},\"image\":{\"@id\":\"https:\/\/seapower.com.tr\/urunler\/endustriyel-urunler\/ozel-guc-cozumleri\/enerji-depolama-sistemleri\/#primaryimage\"},\"thumbnailUrl\":\"https:\/\/seapower.com.tr\/wp-content\/uploads\/WhatsApp-Image-2024-05-29-at-13.26.33-1-Kopya-1.jpeg\",\"datePublished\":\"2024-01-26T10:22:46+00:00\",\"dateModified\":\"2025-03-12T11:48:18+00:00\",\"breadcrumb\":{\"@id\":\"https:\/\/seapower.com.tr\/urunler\/endustriyel-urunler\/ozel-guc-cozumleri\/enerji-depolama-sistemleri\/#breadcrumb\"},\"inLanguage\":\"en-GB\",\"potentialAction\":[{\"@type\":\"ReadAction\",\"target\":[\"https:\/\/seapower.com.tr\/urunler\/endustriyel-urunler\/ozel-guc-cozumleri\/enerji-depolama-sistemleri\/\"]}]},{\"@type\":\"ImageObject\",\"inLanguage\":\"en-GB\",\"@id\":\"https:\/\/seapower.com.tr\/urunler\/endustriyel-urunler\/ozel-guc-cozumleri\/enerji-depolama-sistemleri\/#primaryimage\",\"url\":\"https:\/\/seapower.com.tr\/wp-content\/uploads\/WhatsApp-Image-2024-05-29-at-13.26.33-1-Kopya-1.jpeg\",\"contentUrl\":\"https:\/\/seapower.com.tr\/wp-content\/uploads\/WhatsApp-Image-2024-05-29-at-13.26.33-1-Kopya-1.jpeg\",\"width\":1516,\"height\":902},{\"@type\":\"BreadcrumbList\",\"@id\":\"https:\/\/seapower.com.tr\/urunler\/endustriyel-urunler\/ozel-guc-cozumleri\/enerji-depolama-sistemleri\/#breadcrumb\",\"itemListElement\":[{\"@type\":\"ListItem\",\"position\":1,\"name\":\"Ana Sayfa\",\"item\":\"https:\/\/seapower.com.tr\/\"},{\"@type\":\"ListItem\",\"position\":2,\"name\":\"\u00dcr\u00fcnler\",\"item\":\"https:\/\/seapower.com.tr\/urunler\/\"},{\"@type\":\"ListItem\",\"position\":3,\"name\":\"End\u00fcstriyel \u00dcr\u00fcnler\",\"item\":\"https:\/\/seapower.com.tr\/urunler\/endustriyel-urunler\/\"},{\"@type\":\"ListItem\",\"position\":4,\"name\":\"\u00d6zel G\u00fc\u00e7 \u00c7\u00f6z\u00fcmleri\",\"item\":\"https:\/\/seapower.com.tr\/urunler\/endustriyel-urunler\/ozel-guc-cozumleri\/\"},{\"@type\":\"ListItem\",\"position\":5,\"name\":\"Enerji Depolama Sistemleri Konvert\u00f6r\u00fc\"}]},{\"@type\":\"WebSite\",\"@id\":\"https:\/\/seapower.com.tr\/#website\",\"url\":\"https:\/\/seapower.com.tr\/\",\"name\":\"Seapower Elektrik Sistemleri Sanayi ve Ticaret A.\u015e.\",\"description\":\"Konvert\u00f6r, UPS, Mod\u00fcler g\u00fc\u00e7 \u00e7\u00f6z\u00fcmleri\",\"publisher\":{\"@id\":\"https:\/\/seapower.com.tr\/#organization\"},\"potentialAction\":[{\"@type\":\"SearchAction\",\"target\":{\"@type\":\"EntryPoint\",\"urlTemplate\":\"https:\/\/seapower.com.tr\/?s={search_term_string}\"},\"query-input\":{\"@type\":\"PropertyValueSpecification\",\"valueRequired\":true,\"valueName\":\"search_term_string\"}}],\"inLanguage\":\"en-GB\"},{\"@type\":\"Organization\",\"@id\":\"https:\/\/seapower.com.tr\/#organization\",\"name\":\"SEAPOWER ELEKTR\u0130K S\u0130STEMLER\u0130 SAN. ve T\u0130C. A.\u015e.\",\"alternateName\":\"SEAPOWER Elektrik Sistemleri\",\"url\":\"https:\/\/seapower.com.tr\/\",\"logo\":{\"@type\":\"ImageObject\",\"inLanguage\":\"en-GB\",\"@id\":\"https:\/\/seapower.com.tr\/#\/schema\/logo\/image\/\",\"url\":\"https:\/\/seapower.com.tr\/wp-content\/uploads\/Seapower-Elektrik-Sistemleri-Logo-1.png\",\"contentUrl\":\"https:\/\/seapower.com.tr\/wp-content\/uploads\/Seapower-Elektrik-Sistemleri-Logo-1.png\",\"width\":216,\"height\":135,\"caption\":\"SEAPOWER ELEKTR\u0130K S\u0130STEMLER\u0130 SAN. ve T\u0130C. A.\u015e.\"},\"image\":{\"@id\":\"https:\/\/seapower.com.tr\/#\/schema\/logo\/image\/\"}}]}<\/script>\n<!-- \/ Yoast SEO plugin. -->","yoast_head_json":{"title":"Enerji Depolama Sistemleri Konvert\u00f6r\u00fc - Seapower Elektrik Sistemleri Sanayi ve Ticaret A.\u015e.","robots":{"index":"index","follow":"follow","max-snippet":"max-snippet:-1","max-image-preview":"max-image-preview:large","max-video-preview":"max-video-preview:-1"},"canonical":"https:\/\/seapower.com.tr\/en\/products\/industrial-products\/custom-power-solutions\/energy-storage-systems\/","og_locale":"en_GB","og_type":"article","og_title":"Enerji Depolama Sistemleri Konvert\u00f6r\u00fc - Seapower Elektrik Sistemleri Sanayi ve Ticaret A.\u015e.","og_description":"Ak\u0131ll\u0131 Enerji Y\u00f6netimi \u0130\u00e7in Yenilik\u00e7i Enerji Depolama Konvert\u00f6r Teknolojileri G\u00fcn\u00fcm\u00fczde d\u00fcnyadaki enerji ihtiyac\u0131n\u0131n b\u00fcy\u00fck bir b\u00f6l\u00fcm\u00fc k\u00f6m\u00fcr, do\u011fal gaz ve petrol gibi konvansiyonel enerji kaynaklar\u0131 kullan\u0131larak kar\u015f\u0131lanmaktad\u0131r. Konvansiyonel yak\u0131tlar\u0131n kullan\u0131lmas\u0131 ise, sera gaz\u0131 sal\u0131n\u0131m\u0131n\u0131n \u00f6nemli oranda artmas\u0131na ve k\u00fcresel \u0131s\u0131nma gibi b\u00fct\u00fcn d\u00fcnyay\u0131 etkileyen \u00f6nemli sonu\u00e7lara neden olmaktad\u0131r. G\u00fcne\u015f ve","og_url":"https:\/\/seapower.com.tr\/en\/products\/industrial-products\/custom-power-solutions\/energy-storage-systems\/","og_site_name":"Seapower Elektrik Sistemleri Sanayi ve Ticaret A.\u015e.","article_modified_time":"2025-03-12T11:48:18+00:00","og_image":[{"width":1516,"height":902,"url":"https:\/\/seapower.com.tr\/wp-content\/uploads\/WhatsApp-Image-2024-05-29-at-13.26.33-1-Kopya-1.jpeg","type":"image\/jpeg"}],"twitter_card":"summary_large_image","twitter_misc":{"Estimated reading time":"2 minutes"},"schema":{"@context":"https:\/\/schema.org","@graph":[{"@type":"WebPage","@id":"https:\/\/seapower.com.tr\/urunler\/endustriyel-urunler\/ozel-guc-cozumleri\/enerji-depolama-sistemleri\/","url":"https:\/\/seapower.com.tr\/urunler\/endustriyel-urunler\/ozel-guc-cozumleri\/enerji-depolama-sistemleri\/","name":"Enerji Depolama Sistemleri Konvert\u00f6r\u00fc - Seapower Elektrik Sistemleri Sanayi ve Ticaret A.\u015e.","isPartOf":{"@id":"https:\/\/seapower.com.tr\/#website"},"primaryImageOfPage":{"@id":"https:\/\/seapower.com.tr\/urunler\/endustriyel-urunler\/ozel-guc-cozumleri\/enerji-depolama-sistemleri\/#primaryimage"},"image":{"@id":"https:\/\/seapower.com.tr\/urunler\/endustriyel-urunler\/ozel-guc-cozumleri\/enerji-depolama-sistemleri\/#primaryimage"},"thumbnailUrl":"https:\/\/seapower.com.tr\/wp-content\/uploads\/WhatsApp-Image-2024-05-29-at-13.26.33-1-Kopya-1.jpeg","datePublished":"2024-01-26T10:22:46+00:00","dateModified":"2025-03-12T11:48:18+00:00","breadcrumb":{"@id":"https:\/\/seapower.com.tr\/urunler\/endustriyel-urunler\/ozel-guc-cozumleri\/enerji-depolama-sistemleri\/#breadcrumb"},"inLanguage":"en-GB","potentialAction":[{"@type":"ReadAction","target":["https:\/\/seapower.com.tr\/urunler\/endustriyel-urunler\/ozel-guc-cozumleri\/enerji-depolama-sistemleri\/"]}]},{"@type":"ImageObject","inLanguage":"en-GB","@id":"https:\/\/seapower.com.tr\/urunler\/endustriyel-urunler\/ozel-guc-cozumleri\/enerji-depolama-sistemleri\/#primaryimage","url":"https:\/\/seapower.com.tr\/wp-content\/uploads\/WhatsApp-Image-2024-05-29-at-13.26.33-1-Kopya-1.jpeg","contentUrl":"https:\/\/seapower.com.tr\/wp-content\/uploads\/WhatsApp-Image-2024-05-29-at-13.26.33-1-Kopya-1.jpeg","width":1516,"height":902},{"@type":"BreadcrumbList","@id":"https:\/\/seapower.com.tr\/urunler\/endustriyel-urunler\/ozel-guc-cozumleri\/enerji-depolama-sistemleri\/#breadcrumb","itemListElement":[{"@type":"ListItem","position":1,"name":"Ana Sayfa","item":"https:\/\/seapower.com.tr\/"},{"@type":"ListItem","position":2,"name":"\u00dcr\u00fcnler","item":"https:\/\/seapower.com.tr\/urunler\/"},{"@type":"ListItem","position":3,"name":"End\u00fcstriyel \u00dcr\u00fcnler","item":"https:\/\/seapower.com.tr\/urunler\/endustriyel-urunler\/"},{"@type":"ListItem","position":4,"name":"\u00d6zel G\u00fc\u00e7 \u00c7\u00f6z\u00fcmleri","item":"https:\/\/seapower.com.tr\/urunler\/endustriyel-urunler\/ozel-guc-cozumleri\/"},{"@type":"ListItem","position":5,"name":"Enerji Depolama Sistemleri Konvert\u00f6r\u00fc"}]},{"@type":"WebSite","@id":"https:\/\/seapower.com.tr\/#website","url":"https:\/\/seapower.com.tr\/","name":"Seapower Elektrik Sistemleri Sanayi ve Ticaret A.\u015e.","description":"Konvert\u00f6r, UPS, Mod\u00fcler g\u00fc\u00e7 \u00e7\u00f6z\u00fcmleri","publisher":{"@id":"https:\/\/seapower.com.tr\/#organization"},"potentialAction":[{"@type":"SearchAction","target":{"@type":"EntryPoint","urlTemplate":"https:\/\/seapower.com.tr\/?s={search_term_string}"},"query-input":{"@type":"PropertyValueSpecification","valueRequired":true,"valueName":"search_term_string"}}],"inLanguage":"en-GB"},{"@type":"Organization","@id":"https:\/\/seapower.com.tr\/#organization","name":"SEAPOWER ELEKTR\u0130K S\u0130STEMLER\u0130 SAN. ve T\u0130C. A.\u015e.","alternateName":"SEAPOWER Elektrik Sistemleri","url":"https:\/\/seapower.com.tr\/","logo":{"@type":"ImageObject","inLanguage":"en-GB","@id":"https:\/\/seapower.com.tr\/#\/schema\/logo\/image\/","url":"https:\/\/seapower.com.tr\/wp-content\/uploads\/Seapower-Elektrik-Sistemleri-Logo-1.png","contentUrl":"https:\/\/seapower.com.tr\/wp-content\/uploads\/Seapower-Elektrik-Sistemleri-Logo-1.png","width":216,"height":135,"caption":"SEAPOWER ELEKTR\u0130K S\u0130STEMLER\u0130 SAN. ve T\u0130C. A.\u015e."},"image":{"@id":"https:\/\/seapower.com.tr\/#\/schema\/logo\/image\/"}}]}},"_links":{"self":[{"href":"https:\/\/seapower.com.tr\/en\/wp-json\/wp\/v2\/pages\/6295","targetHints":{"allow":["GET"]}}],"collection":[{"href":"https:\/\/seapower.com.tr\/en\/wp-json\/wp\/v2\/pages"}],"about":[{"href":"https:\/\/seapower.com.tr\/en\/wp-json\/wp\/v2\/types\/page"}],"author":[{"embeddable":true,"href":"https:\/\/seapower.com.tr\/en\/wp-json\/wp\/v2\/users\/1"}],"replies":[{"embeddable":true,"href":"https:\/\/seapower.com.tr\/en\/wp-json\/wp\/v2\/comments?post=6295"}],"version-history":[{"count":11,"href":"https:\/\/seapower.com.tr\/en\/wp-json\/wp\/v2\/pages\/6295\/revisions"}],"predecessor-version":[{"id":10847,"href":"https:\/\/seapower.com.tr\/en\/wp-json\/wp\/v2\/pages\/6295\/revisions\/10847"}],"up":[{"embeddable":true,"href":"https:\/\/seapower.com.tr\/en\/wp-json\/wp\/v2\/pages\/6288"}],"wp:featuredmedia":[{"embeddable":true,"href":"https:\/\/seapower.com.tr\/en\/wp-json\/wp\/v2\/media\/10751"}],"wp:attachment":[{"href":"https:\/\/seapower.com.tr\/en\/wp-json\/wp\/v2\/media?parent=6295"}],"wp:term":[{"taxonomy":"category","embeddable":true,"href":"https:\/\/seapower.com.tr\/en\/wp-json\/wp\/v2\/categories?post=6295"},{"taxonomy":"post_tag","embeddable":true,"href":"https:\/\/seapower.com.tr\/en\/wp-json\/wp\/v2\/tags?post=6295"}],"curies":[{"name":"wp","href":"https:\/\/api.w.org\/{rel}","templated":true}]}}