{"id":6300,"date":"2024-02-28T13:26:04","date_gmt":"2024-02-28T10:26:04","guid":{"rendered":"https:\/\/seapower.com.tr\/?page_id=6300"},"modified":"2024-04-19T01:48:06","modified_gmt":"2024-04-18T22:48:06","slug":"jeneratorler","status":"publish","type":"page","link":"https:\/\/seapower.com.tr\/en\/products\/industrial-products\/generators\/","title":{"rendered":"Generators"},"content":{"rendered":"<ul class=\"wp-block-list\">\n<li>Cabin<\/li>\n\n\n\n<li>Open Type Generator General Features<\/li>\n\n\n\n<li>Optional Equipment<\/li>\n\n\n\n<li>Generator System Protection Features<\/li>\n\n\n\n<li>Generator Control Panel<\/li>\n\n\n\n<li>Generator Control Unit<\/li>\n\n\n\n<li>Alternator<\/li>\n<\/ul>\n\n\n\n<h2 class=\"wp-block-heading\"> Open Type Generator General Features <\/h2>\n\n\n\n<ul class=\"wp-block-list\">\n<li>4 Stroke, Water Cooled, 1500 rpm Heavy Duty Diesel Engine<\/li>\n\n\n\n<li>Direct Injection - Assembled Tropical Type Cooling System Radiator<\/li>\n\n\n\n<li>Mechanical \/ Electronic Speed Control<\/li>\n\n\n\n<li>Cartridge Type Dry Type Air Filter<\/li>\n\n\n\n<li>Cartridge Type Oil and Fuel Filter<\/li>\n\n\n\n<li>Engine Oil Pan, Lubricating Oil Drain Safety Valve<\/li>\n\n\n\n<li>Diesel Engine Mounted, Flexible Fuel Hoses<\/li>\n\n\n\n<li>Welded Formed Strong Steel Chassis<\/li>\n\n\n\n<li>Fuel Tank in Chassis<\/li>\n\n\n\n<li>Anti-Vibration Chassis Floor Mounts<\/li>\n\n\n\n<li>12\/24 VDC Electric Starter and Charging Alternator<\/li>\n\n\n\n<li>12\/24 VDC Maintenance Free Start Battery 'Insulated Battery Cables'<\/li>\n\n\n\n<li>Industrial Type Special Design Silencer and Stainless Steel Compensator<\/li>\n\n\n\n<li>Automatic Models, Steel Body, Thermostat Motor Jacket Water Heater<\/li>\n\n\n\n<li>3 Pole \/ 4 Pole Power Transfer Panel<\/li>\n\n\n\n<li>Generator Assembly Instructions, Maintenance Manual, Operation Manual and Electrical Diagrams<\/li>\n<\/ul>\n\n\n\n<details class=\"wp-block-details is-layout-flow wp-block-details-is-layout-flow\"><summary>Optional Equipment<\/summary>\n<ul class=\"wp-block-list\">\n<li>Analogue Type Indicator Option<\/li>\n\n\n\n<li>Thermal Magnetic Power Output Switch Option (for Automatic Models)<\/li>\n\n\n\n<li>Hospital\/Critical Type Special Design Silencer Option<\/li>\n\n\n\n<li>Fireproof Rockwool Perforated Special Design Sound Insulation Cabinet Option<\/li>\n\n\n\n<li>Mounting Options on Trailer - Trays<\/li>\n\n\n\n<li>Synchronisation System Options<\/li>\n\n\n\n<li>Diesel Fuel Heater - Diesel Engine Lubricating Oil Heater<\/li>\n\n\n\n<li>Control and Power Transfer Panel Heater Option<\/li>\n\n\n\n<li>AC Alternator Heater<\/li>\n\n\n\n<li>PMG Warning Alternator Option<\/li>\n\n\n\n<li>Automatic Refuelling System<\/li>\n\n\n\n<li>Fuel Water Separator Separator Filter System<\/li>\n<\/ul>\n<\/details>\n\n\n\n<div class=\"wp-block-buttons is-content-justification-left is-layout-flex wp-container-core-buttons-is-layout-c6581bc1 wp-block-buttons-is-layout-flex\">\n<div class=\"wp-block-button\"><a class=\"wp-block-button__link wp-element-button\" href=\"https:\/\/seapower.com.tr\/wp-content\/uploads\/Seapower-JENERATOR-20-55-KVA-Baudouin-TR.pdf\" target=\"_blank\" rel=\"noreferrer noopener\">20-55 KVA <code><div class=\"svg-flag flag-icon-background flag-icon-tr\" style=\"width:5em; height:5em;\"><\/div><\/code><\/a><\/div>\n\n\n\n<div class=\"wp-block-button\"><a class=\"wp-block-button__link wp-element-button\" href=\"https:\/\/seapower.com.tr\/wp-content\/uploads\/Seapower-JENERATOR-20-55-KVA-Baudouin-EN-.pdf\" target=\"_blank\" rel=\"noreferrer noopener\">20-55 KVA <code><div class=\"svg-flag flag-icon-background flag-icon-gb\" style=\"width:5em; height:5em;\"><\/div><\/code><\/a><\/div>\n\n\n\n<div class=\"wp-block-button\"><a class=\"wp-block-button__link wp-element-button\" href=\"https:\/\/seapower.com.tr\/wp-content\/uploads\/Seapower-JENERATOR-70-165-KVA-Baudouin-EN.pdf\" target=\"_blank\" rel=\"noreferrer noopener\">70-165 KVA <code><div class=\"svg-flag flag-icon-background flag-icon-gb\" style=\"width:5em; height:5em;\"><\/div><\/code><\/a><\/div>\n\n\n\n<div class=\"wp-block-button\"><a class=\"wp-block-button__link wp-element-button\" href=\"https:\/\/seapower.com.tr\/wp-content\/uploads\/Seapower-JENERATOR-220-350-KVA-Baudouin-EN.pdf\" target=\"_blank\" rel=\"noreferrer noopener\">220-350 KVA <code><div class=\"svg-flag flag-icon-background flag-icon-gb\" style=\"width:5em; height:5em;\"><\/div><\/code><\/a><\/div>\n\n\n\n<div class=\"wp-block-button\"><a class=\"wp-block-button__link wp-element-button\" href=\"https:\/\/seapower.com.tr\/wp-content\/uploads\/Seapower-JENERATOR-385-550-KVA-Baudouin-EN.pdf\" target=\"_blank\" rel=\"noreferrer noopener\">385-550 KVA <code><div class=\"svg-flag flag-icon-background flag-icon-gb\" style=\"width:5em; height:5em;\"><\/div><\/code><\/a><\/div>\n\n\n\n<div class=\"wp-block-button\"><a class=\"wp-block-button__link wp-element-button\" href=\"https:\/\/seapower.com.tr\/wp-content\/uploads\/Seapower-JENERATOR-660-900-KVA-Baudouin-EN.pdf\" target=\"_blank\" rel=\"noreferrer noopener\">660-900 KVA <code><div class=\"svg-flag flag-icon-background flag-icon-gb\" style=\"width:5em; height:5em;\"><\/div><\/code><\/a><\/div>\n\n\n\n<div class=\"wp-block-button\"><a class=\"wp-block-button__link wp-element-button\" href=\"https:\/\/seapower.com.tr\/wp-content\/uploads\/Seapower-JENERATOR-1000-1500-KVA-Baudouin-EN.pdf\" target=\"_blank\" rel=\"noreferrer noopener\">1000-1500 KVA <code><div class=\"svg-flag flag-icon-background flag-icon-gb\" style=\"width:5em; height:5em;\"><\/div><\/code><\/a><\/div>\n\n\n\n<div class=\"wp-block-button\"><a class=\"wp-block-button__link wp-element-button\" href=\"https:\/\/seapower.com.tr\/wp-content\/uploads\/Seapower-JENERATOR-1650-2750-KVA-Baudouin-EN.pdf\" target=\"_blank\" rel=\"noreferrer noopener\">1650-2750 KVA <code><div class=\"svg-flag flag-icon-background flag-icon-gb\" style=\"width:5em; height:5em;\"><\/div><\/code><\/a><\/div>\n\n\n\n<div class=\"wp-block-button\"><a class=\"wp-block-button__link wp-element-button\" href=\"https:\/\/seapower.com.tr\/wp-content\/uploads\/Seapower-JENERATOR-1900-KVA-Baudouin-TR.pdf\" target=\"_blank\" rel=\"noreferrer noopener\">1900 KVA <code><div class=\"svg-flag flag-icon-background flag-icon-tr\" style=\"width:5em; height:5em;\"><\/div><\/code><\/a><\/div>\n<\/div>\n\n\n\n<figure class=\"wp-block-gallery has-nested-images columns-default is-cropped wp-block-gallery-1 is-layout-flex wp-block-gallery-is-layout-flex\">\n<figure class=\"wp-block-image size-full\"><img fetchpriority=\"high\" decoding=\"async\" width=\"1600\" height=\"1000\" data-id=\"7277\" src=\"https:\/\/seapower.com.tr\/wp-content\/uploads\/SEAPOWER-Elektrik-Sistemleri-MJP-SERISI-10-2500-kVA-1.jpg\" alt=\"\" class=\"wp-image-7277\" srcset=\"https:\/\/seapower.com.tr\/wp-content\/uploads\/SEAPOWER-Elektrik-Sistemleri-MJP-SERISI-10-2500-kVA-1.jpg 1600w, https:\/\/seapower.com.tr\/wp-content\/uploads\/SEAPOWER-Elektrik-Sistemleri-MJP-SERISI-10-2500-kVA-1-300x188.jpg 300w, https:\/\/seapower.com.tr\/wp-content\/uploads\/SEAPOWER-Elektrik-Sistemleri-MJP-SERISI-10-2500-kVA-1-1024x640.jpg 1024w, https:\/\/seapower.com.tr\/wp-content\/uploads\/SEAPOWER-Elektrik-Sistemleri-MJP-SERISI-10-2500-kVA-1-768x480.jpg 768w, https:\/\/seapower.com.tr\/wp-content\/uploads\/SEAPOWER-Elektrik-Sistemleri-MJP-SERISI-10-2500-kVA-1-1536x960.jpg 1536w, https:\/\/seapower.com.tr\/wp-content\/uploads\/SEAPOWER-Elektrik-Sistemleri-MJP-SERISI-10-2500-kVA-1-18x12.jpg 18w, https:\/\/seapower.com.tr\/wp-content\/uploads\/SEAPOWER-Elektrik-Sistemleri-MJP-SERISI-10-2500-kVA-1-370x230.jpg 370w\" sizes=\"(max-width: 1600px) 100vw, 1600px\" \/><\/figure>\n<\/figure>","protected":false},"excerpt":{"rendered":"<p>Open Type Generator General Features<\/p>","protected":false},"author":1,"featured_media":7277,"parent":6255,"menu_order":0,"comment_status":"closed","ping_status":"closed","template":"","meta":{"inline_featured_image":false,"footnotes":""},"categories":[60],"tags":[],"class_list":["post-6300","page","type-page","status-publish","has-post-thumbnail","hentry","category-endustriyel"],"yoast_head":"<!-- This site is optimized with the Yoast SEO plugin v26.6 - https:\/\/yoast.com\/wordpress\/plugins\/seo\/ -->\n<title>Jenerat\u00f6rler - Seapower Elektrik Sistemleri Sanayi ve Ticaret A.\u015e.<\/title>\n<meta name=\"robots\" content=\"index, follow, max-snippet:-1, max-image-preview:large, max-video-preview:-1\" \/>\n<link rel=\"canonical\" href=\"https:\/\/seapower.com.tr\/en\/products\/industrial-products\/generators\/\" \/>\n<meta property=\"og:locale\" content=\"en_GB\" \/>\n<meta property=\"og:type\" content=\"article\" \/>\n<meta property=\"og:title\" content=\"Jenerat\u00f6rler - Seapower Elektrik Sistemleri Sanayi ve Ticaret A.\u015e.\" \/>\n<meta property=\"og:description\" content=\"A\u00e7\u0131k Tip Jenerat\u00f6r Genel \u00d6zellikleri\" \/>\n<meta property=\"og:url\" content=\"https:\/\/seapower.com.tr\/en\/products\/industrial-products\/generators\/\" \/>\n<meta property=\"og:site_name\" content=\"Seapower Elektrik Sistemleri Sanayi ve Ticaret A.\u015e.\" \/>\n<meta property=\"article:modified_time\" content=\"2024-04-18T22:48:06+00:00\" \/>\n<meta property=\"og:image\" content=\"https:\/\/seapower.com.tr\/wp-content\/uploads\/SEAPOWER-Elektrik-Sistemleri-MJP-SERISI-10-2500-kVA-1.jpg\" \/>\n\t<meta property=\"og:image:width\" content=\"1600\" \/>\n\t<meta property=\"og:image:height\" content=\"1000\" \/>\n\t<meta property=\"og:image:type\" content=\"image\/jpeg\" \/>\n<meta name=\"twitter:card\" content=\"summary_large_image\" \/>\n<meta name=\"twitter:label1\" content=\"Estimated reading time\" \/>\n\t<meta name=\"twitter:data1\" content=\"2 minutes\" \/>\n<script type=\"application\/ld+json\" class=\"yoast-schema-graph\">{\"@context\":\"https:\/\/schema.org\",\"@graph\":[{\"@type\":\"WebPage\",\"@id\":\"https:\/\/seapower.com.tr\/urunler\/endustriyel-urunler\/jeneratorler\/\",\"url\":\"https:\/\/seapower.com.tr\/urunler\/endustriyel-urunler\/jeneratorler\/\",\"name\":\"Jenerat\u00f6rler - Seapower Elektrik Sistemleri Sanayi ve Ticaret A.\u015e.\",\"isPartOf\":{\"@id\":\"https:\/\/seapower.com.tr\/#website\"},\"primaryImageOfPage\":{\"@id\":\"https:\/\/seapower.com.tr\/urunler\/endustriyel-urunler\/jeneratorler\/#primaryimage\"},\"image\":{\"@id\":\"https:\/\/seapower.com.tr\/urunler\/endustriyel-urunler\/jeneratorler\/#primaryimage\"},\"thumbnailUrl\":\"https:\/\/seapower.com.tr\/wp-content\/uploads\/SEAPOWER-Elektrik-Sistemleri-MJP-SERISI-10-2500-kVA-1.jpg\",\"datePublished\":\"2024-02-28T10:26:04+00:00\",\"dateModified\":\"2024-04-18T22:48:06+00:00\",\"breadcrumb\":{\"@id\":\"https:\/\/seapower.com.tr\/urunler\/endustriyel-urunler\/jeneratorler\/#breadcrumb\"},\"inLanguage\":\"en-GB\",\"potentialAction\":[{\"@type\":\"ReadAction\",\"target\":[\"https:\/\/seapower.com.tr\/urunler\/endustriyel-urunler\/jeneratorler\/\"]}]},{\"@type\":\"ImageObject\",\"inLanguage\":\"en-GB\",\"@id\":\"https:\/\/seapower.com.tr\/urunler\/endustriyel-urunler\/jeneratorler\/#primaryimage\",\"url\":\"https:\/\/seapower.com.tr\/wp-content\/uploads\/SEAPOWER-Elektrik-Sistemleri-MJP-SERISI-10-2500-kVA-1.jpg\",\"contentUrl\":\"https:\/\/seapower.com.tr\/wp-content\/uploads\/SEAPOWER-Elektrik-Sistemleri-MJP-SERISI-10-2500-kVA-1.jpg\",\"width\":1600,\"height\":1000},{\"@type\":\"BreadcrumbList\",\"@id\":\"https:\/\/seapower.com.tr\/urunler\/endustriyel-urunler\/jeneratorler\/#breadcrumb\",\"itemListElement\":[{\"@type\":\"ListItem\",\"position\":1,\"name\":\"Ana Sayfa\",\"item\":\"https:\/\/seapower.com.tr\/\"},{\"@type\":\"ListItem\",\"position\":2,\"name\":\"\u00dcr\u00fcnler\",\"item\":\"https:\/\/seapower.com.tr\/urunler\/\"},{\"@type\":\"ListItem\",\"position\":3,\"name\":\"End\u00fcstriyel \u00dcr\u00fcnler\",\"item\":\"https:\/\/seapower.com.tr\/urunler\/endustriyel-urunler\/\"},{\"@type\":\"ListItem\",\"position\":4,\"name\":\"Jenerat\u00f6rler\"}]},{\"@type\":\"WebSite\",\"@id\":\"https:\/\/seapower.com.tr\/#website\",\"url\":\"https:\/\/seapower.com.tr\/\",\"name\":\"Seapower Elektrik Sistemleri Sanayi ve Ticaret A.\u015e.\",\"description\":\"Konvert\u00f6r, UPS, Mod\u00fcler g\u00fc\u00e7 \u00e7\u00f6z\u00fcmleri\",\"publisher\":{\"@id\":\"https:\/\/seapower.com.tr\/#organization\"},\"potentialAction\":[{\"@type\":\"SearchAction\",\"target\":{\"@type\":\"EntryPoint\",\"urlTemplate\":\"https:\/\/seapower.com.tr\/?s={search_term_string}\"},\"query-input\":{\"@type\":\"PropertyValueSpecification\",\"valueRequired\":true,\"valueName\":\"search_term_string\"}}],\"inLanguage\":\"en-GB\"},{\"@type\":\"Organization\",\"@id\":\"https:\/\/seapower.com.tr\/#organization\",\"name\":\"SEAPOWER ELEKTR\u0130K S\u0130STEMLER\u0130 SAN. ve T\u0130C. A.\u015e.\",\"alternateName\":\"SEAPOWER Elektrik Sistemleri\",\"url\":\"https:\/\/seapower.com.tr\/\",\"logo\":{\"@type\":\"ImageObject\",\"inLanguage\":\"en-GB\",\"@id\":\"https:\/\/seapower.com.tr\/#\/schema\/logo\/image\/\",\"url\":\"https:\/\/seapower.com.tr\/wp-content\/uploads\/Seapower-Elektrik-Sistemleri-Logo-1.png\",\"contentUrl\":\"https:\/\/seapower.com.tr\/wp-content\/uploads\/Seapower-Elektrik-Sistemleri-Logo-1.png\",\"width\":216,\"height\":135,\"caption\":\"SEAPOWER ELEKTR\u0130K S\u0130STEMLER\u0130 SAN. ve T\u0130C. A.\u015e.\"},\"image\":{\"@id\":\"https:\/\/seapower.com.tr\/#\/schema\/logo\/image\/\"}}]}<\/script>\n<!-- \/ Yoast SEO plugin. -->","yoast_head_json":{"title":"Jenerat\u00f6rler - Seapower Elektrik Sistemleri Sanayi ve Ticaret A.\u015e.","robots":{"index":"index","follow":"follow","max-snippet":"max-snippet:-1","max-image-preview":"max-image-preview:large","max-video-preview":"max-video-preview:-1"},"canonical":"https:\/\/seapower.com.tr\/en\/products\/industrial-products\/generators\/","og_locale":"en_GB","og_type":"article","og_title":"Jenerat\u00f6rler - Seapower Elektrik Sistemleri Sanayi ve Ticaret A.\u015e.","og_description":"A\u00e7\u0131k Tip Jenerat\u00f6r Genel \u00d6zellikleri","og_url":"https:\/\/seapower.com.tr\/en\/products\/industrial-products\/generators\/","og_site_name":"Seapower Elektrik Sistemleri Sanayi ve Ticaret A.\u015e.","article_modified_time":"2024-04-18T22:48:06+00:00","og_image":[{"width":1600,"height":1000,"url":"https:\/\/seapower.com.tr\/wp-content\/uploads\/SEAPOWER-Elektrik-Sistemleri-MJP-SERISI-10-2500-kVA-1.jpg","type":"image\/jpeg"}],"twitter_card":"summary_large_image","twitter_misc":{"Estimated reading time":"2 minutes"},"schema":{"@context":"https:\/\/schema.org","@graph":[{"@type":"WebPage","@id":"https:\/\/seapower.com.tr\/urunler\/endustriyel-urunler\/jeneratorler\/","url":"https:\/\/seapower.com.tr\/urunler\/endustriyel-urunler\/jeneratorler\/","name":"Jenerat\u00f6rler - Seapower Elektrik Sistemleri Sanayi ve Ticaret A.\u015e.","isPartOf":{"@id":"https:\/\/seapower.com.tr\/#website"},"primaryImageOfPage":{"@id":"https:\/\/seapower.com.tr\/urunler\/endustriyel-urunler\/jeneratorler\/#primaryimage"},"image":{"@id":"https:\/\/seapower.com.tr\/urunler\/endustriyel-urunler\/jeneratorler\/#primaryimage"},"thumbnailUrl":"https:\/\/seapower.com.tr\/wp-content\/uploads\/SEAPOWER-Elektrik-Sistemleri-MJP-SERISI-10-2500-kVA-1.jpg","datePublished":"2024-02-28T10:26:04+00:00","dateModified":"2024-04-18T22:48:06+00:00","breadcrumb":{"@id":"https:\/\/seapower.com.tr\/urunler\/endustriyel-urunler\/jeneratorler\/#breadcrumb"},"inLanguage":"en-GB","potentialAction":[{"@type":"ReadAction","target":["https:\/\/seapower.com.tr\/urunler\/endustriyel-urunler\/jeneratorler\/"]}]},{"@type":"ImageObject","inLanguage":"en-GB","@id":"https:\/\/seapower.com.tr\/urunler\/endustriyel-urunler\/jeneratorler\/#primaryimage","url":"https:\/\/seapower.com.tr\/wp-content\/uploads\/SEAPOWER-Elektrik-Sistemleri-MJP-SERISI-10-2500-kVA-1.jpg","contentUrl":"https:\/\/seapower.com.tr\/wp-content\/uploads\/SEAPOWER-Elektrik-Sistemleri-MJP-SERISI-10-2500-kVA-1.jpg","width":1600,"height":1000},{"@type":"BreadcrumbList","@id":"https:\/\/seapower.com.tr\/urunler\/endustriyel-urunler\/jeneratorler\/#breadcrumb","itemListElement":[{"@type":"ListItem","position":1,"name":"Ana Sayfa","item":"https:\/\/seapower.com.tr\/"},{"@type":"ListItem","position":2,"name":"\u00dcr\u00fcnler","item":"https:\/\/seapower.com.tr\/urunler\/"},{"@type":"ListItem","position":3,"name":"End\u00fcstriyel \u00dcr\u00fcnler","item":"https:\/\/seapower.com.tr\/urunler\/endustriyel-urunler\/"},{"@type":"ListItem","position":4,"name":"Jenerat\u00f6rler"}]},{"@type":"WebSite","@id":"https:\/\/seapower.com.tr\/#website","url":"https:\/\/seapower.com.tr\/","name":"Seapower Elektrik Sistemleri Sanayi ve Ticaret A.\u015e.","description":"Konvert\u00f6r, UPS, Mod\u00fcler g\u00fc\u00e7 \u00e7\u00f6z\u00fcmleri","publisher":{"@id":"https:\/\/seapower.com.tr\/#organization"},"potentialAction":[{"@type":"SearchAction","target":{"@type":"EntryPoint","urlTemplate":"https:\/\/seapower.com.tr\/?s={search_term_string}"},"query-input":{"@type":"PropertyValueSpecification","valueRequired":true,"valueName":"search_term_string"}}],"inLanguage":"en-GB"},{"@type":"Organization","@id":"https:\/\/seapower.com.tr\/#organization","name":"SEAPOWER ELEKTR\u0130K S\u0130STEMLER\u0130 SAN. ve T\u0130C. A.\u015e.","alternateName":"SEAPOWER Elektrik Sistemleri","url":"https:\/\/seapower.com.tr\/","logo":{"@type":"ImageObject","inLanguage":"en-GB","@id":"https:\/\/seapower.com.tr\/#\/schema\/logo\/image\/","url":"https:\/\/seapower.com.tr\/wp-content\/uploads\/Seapower-Elektrik-Sistemleri-Logo-1.png","contentUrl":"https:\/\/seapower.com.tr\/wp-content\/uploads\/Seapower-Elektrik-Sistemleri-Logo-1.png","width":216,"height":135,"caption":"SEAPOWER ELEKTR\u0130K S\u0130STEMLER\u0130 SAN. ve T\u0130C. A.\u015e."},"image":{"@id":"https:\/\/seapower.com.tr\/#\/schema\/logo\/image\/"}}]}},"_links":{"self":[{"href":"https:\/\/seapower.com.tr\/en\/wp-json\/wp\/v2\/pages\/6300","targetHints":{"allow":["GET"]}}],"collection":[{"href":"https:\/\/seapower.com.tr\/en\/wp-json\/wp\/v2\/pages"}],"about":[{"href":"https:\/\/seapower.com.tr\/en\/wp-json\/wp\/v2\/types\/page"}],"author":[{"embeddable":true,"href":"https:\/\/seapower.com.tr\/en\/wp-json\/wp\/v2\/users\/1"}],"replies":[{"embeddable":true,"href":"https:\/\/seapower.com.tr\/en\/wp-json\/wp\/v2\/comments?post=6300"}],"version-history":[{"count":0,"href":"https:\/\/seapower.com.tr\/en\/wp-json\/wp\/v2\/pages\/6300\/revisions"}],"up":[{"embeddable":true,"href":"https:\/\/seapower.com.tr\/en\/wp-json\/wp\/v2\/pages\/6255"}],"wp:featuredmedia":[{"embeddable":true,"href":"https:\/\/seapower.com.tr\/en\/wp-json\/wp\/v2\/media\/7277"}],"wp:attachment":[{"href":"https:\/\/seapower.com.tr\/en\/wp-json\/wp\/v2\/media?parent=6300"}],"wp:term":[{"taxonomy":"category","embeddable":true,"href":"https:\/\/seapower.com.tr\/en\/wp-json\/wp\/v2\/categories?post=6300"},{"taxonomy":"post_tag","embeddable":true,"href":"https:\/\/seapower.com.tr\/en\/wp-json\/wp\/v2\/tags?post=6300"}],"curies":[{"name":"wp","href":"https:\/\/api.w.org\/{rel}","templated":true}]}}