{"id":6317,"date":"2024-02-27T13:56:27","date_gmt":"2024-02-27T10:56:27","guid":{"rendered":"https:\/\/seapower.com.tr\/?page_id=6317"},"modified":"2024-05-16T11:12:16","modified_gmt":"2024-05-16T08:12:16","slug":"izolasyon-trafosu","status":"publish","type":"page","link":"https:\/\/seapower.com.tr\/en\/products\/industrial-products\/isolation-transformer\/","title":{"rendered":"Isolation Transformer"},"content":{"rendered":"<p>The best way to install a new neutral-earth bond to correct common mode and other grounding problems is with an isolation transformer.<\/p>\n\n\n\n<p>Seapower transformers provide the desired change in their values by isolating the mains voltage and current according to the need.<\/p>\n\n\n\n<p>The isolation transformer provides excellent protection against all types of N-G disturbances (pulses, RMS voltage and high frequency noise).<\/p>\n\n\n\n<p>Seapower isolation transformers can be used safely in the following areas: Ships and Boats, Shipyards, Medical Equipment, CNC Machines, UPS Systems, Metalworking Plants, Rectifiers and Battery Chargers, Industrial Machinery Power Supply Units<\/p>\n\n\n\n<div class=\"wp-block-buttons is-layout-flex wp-block-buttons-is-layout-flex\">\n<div class=\"wp-block-button\"><a class=\"wp-block-button__link wp-element-button\" href=\"https:\/\/seapower.com.tr\/wp-content\/uploads\/Seapower-Transformer-Broshure-TR-END.pdf\">CATALOG <code><div class=\"svg-flag flag-icon-background flag-icon-tr\" style=\"width:5em; height:5em;\"><\/div><\/code><\/a><\/div>\n\n\n\n<div class=\"wp-block-button\"><a class=\"wp-block-button__link wp-element-button\" href=\"https:\/\/seapower.com.tr\/wp-content\/uploads\/Seapower-Transformer-Broshure-END.pdf\">CATALOG <code><div class=\"svg-flag flag-icon-background flag-icon-gb\" style=\"width:5em; height:5em;\"><\/div><\/code><\/a><\/div>\n<\/div>\n\n\n\n<figure class=\"wp-block-gallery has-nested-images columns-default is-cropped wp-block-gallery-1 is-layout-flex wp-block-gallery-is-layout-flex\">\n<figure class=\"wp-block-image size-large\"><img fetchpriority=\"high\" decoding=\"async\" width=\"1024\" height=\"640\" data-id=\"10273\" src=\"https:\/\/seapower.com.tr\/wp-content\/uploads\/IZOLASYON-TRAFOSU-END-1024x640.jpg\" alt=\"\" class=\"wp-image-10273\" srcset=\"https:\/\/seapower.com.tr\/wp-content\/uploads\/IZOLASYON-TRAFOSU-END-1024x640.jpg 1024w, https:\/\/seapower.com.tr\/wp-content\/uploads\/IZOLASYON-TRAFOSU-END-300x188.jpg 300w, https:\/\/seapower.com.tr\/wp-content\/uploads\/IZOLASYON-TRAFOSU-END-768x480.jpg 768w, https:\/\/seapower.com.tr\/wp-content\/uploads\/IZOLASYON-TRAFOSU-END-1536x960.jpg 1536w, https:\/\/seapower.com.tr\/wp-content\/uploads\/IZOLASYON-TRAFOSU-END-18x12.jpg 18w, https:\/\/seapower.com.tr\/wp-content\/uploads\/IZOLASYON-TRAFOSU-END-370x230.jpg 370w, https:\/\/seapower.com.tr\/wp-content\/uploads\/IZOLASYON-TRAFOSU-END.jpg 1600w\" sizes=\"(max-width: 1024px) 100vw, 1024px\" \/><\/figure>\n<\/figure>","protected":false},"excerpt":{"rendered":"<p>The best way to establish a new neutral-earth bond to correct common mode and other earthing problems is an isolation transformer. Seapower transformers isolate the mains voltage and current according to the need, allowing them to realise the desired change in their values. The isolation transformer provides excellent protection against all types of N-G disturbances (pulses, RMS voltage and high frequency noise).<\/p>","protected":false},"author":1,"featured_media":10273,"parent":6255,"menu_order":0,"comment_status":"closed","ping_status":"closed","template":"","meta":{"inline_featured_image":false,"footnotes":""},"categories":[60],"tags":[],"class_list":["post-6317","page","type-page","status-publish","has-post-thumbnail","hentry","category-endustriyel"],"yoast_head":"<!-- This site is optimized with the Yoast SEO plugin v26.6 - https:\/\/yoast.com\/wordpress\/plugins\/seo\/ -->\n<title>\u0130zolasyon Trafosu - Seapower Elektrik Sistemleri Sanayi ve Ticaret A.\u015e.<\/title>\n<meta name=\"robots\" content=\"index, follow, max-snippet:-1, max-image-preview:large, max-video-preview:-1\" \/>\n<link rel=\"canonical\" href=\"https:\/\/seapower.com.tr\/en\/products\/industrial-products\/isolation-transformer\/\" \/>\n<meta property=\"og:locale\" content=\"en_GB\" \/>\n<meta property=\"og:type\" content=\"article\" \/>\n<meta property=\"og:title\" content=\"\u0130zolasyon Trafosu - Seapower Elektrik Sistemleri Sanayi ve Ticaret A.\u015e.\" \/>\n<meta property=\"og:description\" content=\"Ortak mod ve di\u011fer topraklama sorunlar\u0131n\u0131 d\u00fczeltmek i\u00e7in yeni bir n\u00f6tr-toprak ba\u011f\u0131 kurman\u0131n en iyi yolu bir izolasyon transformat\u00f6r\u00fcd\u00fcr. Seapower transformat\u00f6rleri ihtiyaca g\u00f6re \u015febeke gerilim ve ak\u0131m\u0131nda izolasyon yaparak de\u011ferlerinde istenilen de\u011fi\u015fimi ger\u00e7ekle\u015ftirmelerini sa\u011flar. \u0130zolasyon transformat\u00f6r\u00fc her t\u00fcrl\u00fc N-G bozulmas\u0131na (darbeler, RMS voltaj\u0131 ve y\u00fcksek frekansl\u0131 g\u00fcr\u00fclt\u00fc) kar\u015f\u0131 m\u00fckemmel koruma\" \/>\n<meta property=\"og:url\" content=\"https:\/\/seapower.com.tr\/en\/products\/industrial-products\/isolation-transformer\/\" \/>\n<meta property=\"og:site_name\" content=\"Seapower Elektrik Sistemleri Sanayi ve Ticaret A.\u015e.\" \/>\n<meta property=\"article:modified_time\" content=\"2024-05-16T08:12:16+00:00\" \/>\n<meta property=\"og:image\" content=\"https:\/\/seapower.com.tr\/wp-content\/uploads\/IZOLASYON-TRAFOSU-END.jpg\" \/>\n\t<meta property=\"og:image:width\" content=\"1600\" \/>\n\t<meta property=\"og:image:height\" content=\"1000\" \/>\n\t<meta property=\"og:image:type\" content=\"image\/jpeg\" \/>\n<meta name=\"twitter:card\" content=\"summary_large_image\" \/>\n<meta name=\"twitter:label1\" content=\"Estimated reading time\" \/>\n\t<meta name=\"twitter:data1\" content=\"1 minute\" \/>\n<script type=\"application\/ld+json\" class=\"yoast-schema-graph\">{\"@context\":\"https:\/\/schema.org\",\"@graph\":[{\"@type\":\"WebPage\",\"@id\":\"https:\/\/seapower.com.tr\/urunler\/endustriyel-urunler\/izolasyon-trafosu\/\",\"url\":\"https:\/\/seapower.com.tr\/urunler\/endustriyel-urunler\/izolasyon-trafosu\/\",\"name\":\"\u0130zolasyon Trafosu - Seapower Elektrik Sistemleri Sanayi ve Ticaret A.\u015e.\",\"isPartOf\":{\"@id\":\"https:\/\/seapower.com.tr\/#website\"},\"primaryImageOfPage\":{\"@id\":\"https:\/\/seapower.com.tr\/urunler\/endustriyel-urunler\/izolasyon-trafosu\/#primaryimage\"},\"image\":{\"@id\":\"https:\/\/seapower.com.tr\/urunler\/endustriyel-urunler\/izolasyon-trafosu\/#primaryimage\"},\"thumbnailUrl\":\"https:\/\/seapower.com.tr\/wp-content\/uploads\/IZOLASYON-TRAFOSU-END.jpg\",\"datePublished\":\"2024-02-27T10:56:27+00:00\",\"dateModified\":\"2024-05-16T08:12:16+00:00\",\"breadcrumb\":{\"@id\":\"https:\/\/seapower.com.tr\/urunler\/endustriyel-urunler\/izolasyon-trafosu\/#breadcrumb\"},\"inLanguage\":\"en-GB\",\"potentialAction\":[{\"@type\":\"ReadAction\",\"target\":[\"https:\/\/seapower.com.tr\/urunler\/endustriyel-urunler\/izolasyon-trafosu\/\"]}]},{\"@type\":\"ImageObject\",\"inLanguage\":\"en-GB\",\"@id\":\"https:\/\/seapower.com.tr\/urunler\/endustriyel-urunler\/izolasyon-trafosu\/#primaryimage\",\"url\":\"https:\/\/seapower.com.tr\/wp-content\/uploads\/IZOLASYON-TRAFOSU-END.jpg\",\"contentUrl\":\"https:\/\/seapower.com.tr\/wp-content\/uploads\/IZOLASYON-TRAFOSU-END.jpg\",\"width\":1600,\"height\":1000},{\"@type\":\"BreadcrumbList\",\"@id\":\"https:\/\/seapower.com.tr\/urunler\/endustriyel-urunler\/izolasyon-trafosu\/#breadcrumb\",\"itemListElement\":[{\"@type\":\"ListItem\",\"position\":1,\"name\":\"Ana Sayfa\",\"item\":\"https:\/\/seapower.com.tr\/\"},{\"@type\":\"ListItem\",\"position\":2,\"name\":\"\u00dcr\u00fcnler\",\"item\":\"https:\/\/seapower.com.tr\/urunler\/\"},{\"@type\":\"ListItem\",\"position\":3,\"name\":\"End\u00fcstriyel \u00dcr\u00fcnler\",\"item\":\"https:\/\/seapower.com.tr\/urunler\/endustriyel-urunler\/\"},{\"@type\":\"ListItem\",\"position\":4,\"name\":\"\u0130zolasyon Trafosu\"}]},{\"@type\":\"WebSite\",\"@id\":\"https:\/\/seapower.com.tr\/#website\",\"url\":\"https:\/\/seapower.com.tr\/\",\"name\":\"Seapower Elektrik Sistemleri Sanayi ve Ticaret A.\u015e.\",\"description\":\"Konvert\u00f6r, UPS, Mod\u00fcler g\u00fc\u00e7 \u00e7\u00f6z\u00fcmleri\",\"publisher\":{\"@id\":\"https:\/\/seapower.com.tr\/#organization\"},\"potentialAction\":[{\"@type\":\"SearchAction\",\"target\":{\"@type\":\"EntryPoint\",\"urlTemplate\":\"https:\/\/seapower.com.tr\/?s={search_term_string}\"},\"query-input\":{\"@type\":\"PropertyValueSpecification\",\"valueRequired\":true,\"valueName\":\"search_term_string\"}}],\"inLanguage\":\"en-GB\"},{\"@type\":\"Organization\",\"@id\":\"https:\/\/seapower.com.tr\/#organization\",\"name\":\"SEAPOWER ELEKTR\u0130K S\u0130STEMLER\u0130 SAN. ve T\u0130C. A.\u015e.\",\"alternateName\":\"SEAPOWER Elektrik Sistemleri\",\"url\":\"https:\/\/seapower.com.tr\/\",\"logo\":{\"@type\":\"ImageObject\",\"inLanguage\":\"en-GB\",\"@id\":\"https:\/\/seapower.com.tr\/#\/schema\/logo\/image\/\",\"url\":\"https:\/\/seapower.com.tr\/wp-content\/uploads\/Seapower-Elektrik-Sistemleri-Logo-1.png\",\"contentUrl\":\"https:\/\/seapower.com.tr\/wp-content\/uploads\/Seapower-Elektrik-Sistemleri-Logo-1.png\",\"width\":216,\"height\":135,\"caption\":\"SEAPOWER ELEKTR\u0130K S\u0130STEMLER\u0130 SAN. ve T\u0130C. A.\u015e.\"},\"image\":{\"@id\":\"https:\/\/seapower.com.tr\/#\/schema\/logo\/image\/\"}}]}<\/script>\n<!-- \/ Yoast SEO plugin. -->","yoast_head_json":{"title":"\u0130zolasyon Trafosu - Seapower Elektrik Sistemleri Sanayi ve Ticaret A.\u015e.","robots":{"index":"index","follow":"follow","max-snippet":"max-snippet:-1","max-image-preview":"max-image-preview:large","max-video-preview":"max-video-preview:-1"},"canonical":"https:\/\/seapower.com.tr\/en\/products\/industrial-products\/isolation-transformer\/","og_locale":"en_GB","og_type":"article","og_title":"\u0130zolasyon Trafosu - Seapower Elektrik Sistemleri Sanayi ve Ticaret A.\u015e.","og_description":"Ortak mod ve di\u011fer topraklama sorunlar\u0131n\u0131 d\u00fczeltmek i\u00e7in yeni bir n\u00f6tr-toprak ba\u011f\u0131 kurman\u0131n en iyi yolu bir izolasyon transformat\u00f6r\u00fcd\u00fcr. Seapower transformat\u00f6rleri ihtiyaca g\u00f6re \u015febeke gerilim ve ak\u0131m\u0131nda izolasyon yaparak de\u011ferlerinde istenilen de\u011fi\u015fimi ger\u00e7ekle\u015ftirmelerini sa\u011flar. \u0130zolasyon transformat\u00f6r\u00fc her t\u00fcrl\u00fc N-G bozulmas\u0131na (darbeler, RMS voltaj\u0131 ve y\u00fcksek frekansl\u0131 g\u00fcr\u00fclt\u00fc) kar\u015f\u0131 m\u00fckemmel koruma","og_url":"https:\/\/seapower.com.tr\/en\/products\/industrial-products\/isolation-transformer\/","og_site_name":"Seapower Elektrik Sistemleri Sanayi ve Ticaret A.\u015e.","article_modified_time":"2024-05-16T08:12:16+00:00","og_image":[{"width":1600,"height":1000,"url":"https:\/\/seapower.com.tr\/wp-content\/uploads\/IZOLASYON-TRAFOSU-END.jpg","type":"image\/jpeg"}],"twitter_card":"summary_large_image","twitter_misc":{"Estimated reading time":"1 minute"},"schema":{"@context":"https:\/\/schema.org","@graph":[{"@type":"WebPage","@id":"https:\/\/seapower.com.tr\/urunler\/endustriyel-urunler\/izolasyon-trafosu\/","url":"https:\/\/seapower.com.tr\/urunler\/endustriyel-urunler\/izolasyon-trafosu\/","name":"\u0130zolasyon Trafosu - Seapower Elektrik Sistemleri Sanayi ve Ticaret A.\u015e.","isPartOf":{"@id":"https:\/\/seapower.com.tr\/#website"},"primaryImageOfPage":{"@id":"https:\/\/seapower.com.tr\/urunler\/endustriyel-urunler\/izolasyon-trafosu\/#primaryimage"},"image":{"@id":"https:\/\/seapower.com.tr\/urunler\/endustriyel-urunler\/izolasyon-trafosu\/#primaryimage"},"thumbnailUrl":"https:\/\/seapower.com.tr\/wp-content\/uploads\/IZOLASYON-TRAFOSU-END.jpg","datePublished":"2024-02-27T10:56:27+00:00","dateModified":"2024-05-16T08:12:16+00:00","breadcrumb":{"@id":"https:\/\/seapower.com.tr\/urunler\/endustriyel-urunler\/izolasyon-trafosu\/#breadcrumb"},"inLanguage":"en-GB","potentialAction":[{"@type":"ReadAction","target":["https:\/\/seapower.com.tr\/urunler\/endustriyel-urunler\/izolasyon-trafosu\/"]}]},{"@type":"ImageObject","inLanguage":"en-GB","@id":"https:\/\/seapower.com.tr\/urunler\/endustriyel-urunler\/izolasyon-trafosu\/#primaryimage","url":"https:\/\/seapower.com.tr\/wp-content\/uploads\/IZOLASYON-TRAFOSU-END.jpg","contentUrl":"https:\/\/seapower.com.tr\/wp-content\/uploads\/IZOLASYON-TRAFOSU-END.jpg","width":1600,"height":1000},{"@type":"BreadcrumbList","@id":"https:\/\/seapower.com.tr\/urunler\/endustriyel-urunler\/izolasyon-trafosu\/#breadcrumb","itemListElement":[{"@type":"ListItem","position":1,"name":"Ana Sayfa","item":"https:\/\/seapower.com.tr\/"},{"@type":"ListItem","position":2,"name":"\u00dcr\u00fcnler","item":"https:\/\/seapower.com.tr\/urunler\/"},{"@type":"ListItem","position":3,"name":"End\u00fcstriyel \u00dcr\u00fcnler","item":"https:\/\/seapower.com.tr\/urunler\/endustriyel-urunler\/"},{"@type":"ListItem","position":4,"name":"\u0130zolasyon Trafosu"}]},{"@type":"WebSite","@id":"https:\/\/seapower.com.tr\/#website","url":"https:\/\/seapower.com.tr\/","name":"Seapower Elektrik Sistemleri Sanayi ve Ticaret A.\u015e.","description":"Konvert\u00f6r, UPS, Mod\u00fcler g\u00fc\u00e7 \u00e7\u00f6z\u00fcmleri","publisher":{"@id":"https:\/\/seapower.com.tr\/#organization"},"potentialAction":[{"@type":"SearchAction","target":{"@type":"EntryPoint","urlTemplate":"https:\/\/seapower.com.tr\/?s={search_term_string}"},"query-input":{"@type":"PropertyValueSpecification","valueRequired":true,"valueName":"search_term_string"}}],"inLanguage":"en-GB"},{"@type":"Organization","@id":"https:\/\/seapower.com.tr\/#organization","name":"SEAPOWER ELEKTR\u0130K S\u0130STEMLER\u0130 SAN. ve T\u0130C. A.\u015e.","alternateName":"SEAPOWER Elektrik Sistemleri","url":"https:\/\/seapower.com.tr\/","logo":{"@type":"ImageObject","inLanguage":"en-GB","@id":"https:\/\/seapower.com.tr\/#\/schema\/logo\/image\/","url":"https:\/\/seapower.com.tr\/wp-content\/uploads\/Seapower-Elektrik-Sistemleri-Logo-1.png","contentUrl":"https:\/\/seapower.com.tr\/wp-content\/uploads\/Seapower-Elektrik-Sistemleri-Logo-1.png","width":216,"height":135,"caption":"SEAPOWER ELEKTR\u0130K S\u0130STEMLER\u0130 SAN. ve T\u0130C. A.\u015e."},"image":{"@id":"https:\/\/seapower.com.tr\/#\/schema\/logo\/image\/"}}]}},"_links":{"self":[{"href":"https:\/\/seapower.com.tr\/en\/wp-json\/wp\/v2\/pages\/6317","targetHints":{"allow":["GET"]}}],"collection":[{"href":"https:\/\/seapower.com.tr\/en\/wp-json\/wp\/v2\/pages"}],"about":[{"href":"https:\/\/seapower.com.tr\/en\/wp-json\/wp\/v2\/types\/page"}],"author":[{"embeddable":true,"href":"https:\/\/seapower.com.tr\/en\/wp-json\/wp\/v2\/users\/1"}],"replies":[{"embeddable":true,"href":"https:\/\/seapower.com.tr\/en\/wp-json\/wp\/v2\/comments?post=6317"}],"version-history":[{"count":0,"href":"https:\/\/seapower.com.tr\/en\/wp-json\/wp\/v2\/pages\/6317\/revisions"}],"up":[{"embeddable":true,"href":"https:\/\/seapower.com.tr\/en\/wp-json\/wp\/v2\/pages\/6255"}],"wp:featuredmedia":[{"embeddable":true,"href":"https:\/\/seapower.com.tr\/en\/wp-json\/wp\/v2\/media\/10273"}],"wp:attachment":[{"href":"https:\/\/seapower.com.tr\/en\/wp-json\/wp\/v2\/media?parent=6317"}],"wp:term":[{"taxonomy":"category","embeddable":true,"href":"https:\/\/seapower.com.tr\/en\/wp-json\/wp\/v2\/categories?post=6317"},{"taxonomy":"post_tag","embeddable":true,"href":"https:\/\/seapower.com.tr\/en\/wp-json\/wp\/v2\/tags?post=6317"}],"curies":[{"name":"wp","href":"https:\/\/api.w.org\/{rel}","templated":true}]}}