{"id":6323,"date":"2024-01-26T13:58:00","date_gmt":"2024-01-26T10:58:00","guid":{"rendered":"https:\/\/seapower.com.tr\/?page_id=6323"},"modified":"2024-05-16T12:57:32","modified_gmt":"2024-05-16T09:57:32","slug":"servo-voltaj-regulatoru-1-3000-kva","status":"publish","type":"page","link":"https:\/\/seapower.com.tr\/en\/products\/industrial-products\/voltage-regulator\/servo-voltage-regulator-1-3000-kva\/","title":{"rendered":"Servo Voltage Regulator"},"content":{"rendered":"<ul class=\"wp-block-list\">\n<li>Servo Motorised<\/li>\n\n\n\n<li>Micro Processor Controlled<\/li>\n\n\n\n<li>Fully Automatic<\/li>\n\n\n\n<li>(P-P) 208\/220\/230\/230\/240\/380\/380\/400\/415\/440\/440\/460\/480\/500 V<\/li>\n\n\n\n<li>IP20, IP21, IP31, IP31, IP44, IP54, Versions Available<\/li>\n<\/ul>\n\n\n\n<h2 class=\"wp-block-heading\">SERVO MOTORISED MICROPROCESSOR REGULATOR<\/h2>\n\n\n\n<p>Servo Voltage Regulators consisting of variac, transformer, servo motor and microprocessor control circuit, measure the mains voltage with microprocessor electronic card, adjust the position of the variac with servo motor and ensure that the output voltage is 220 VAC or 380 VAC. It can be used especially in industry and military, especially in main machines that require precise and fast adjustment, elevators and facilities with demurrage current problems.<\/p>\n\n\n\n<h2 class=\"wp-block-heading\">Features<\/h2>\n\n\n\n<ul class=\"wp-block-list\">\n<li>Feeding Non-Linear Loads<\/li>\n\n\n\n<li>Wide Voltage Range<\/li>\n\n\n\n<li>Fast Regulation<\/li>\n\n\n\n<li>High Reliability with Microprocessor and Intelligent Drive<\/li>\n\n\n\n<li>High Efficiency<\/li>\n\n\n\n<li>Ability to Transfer Load to Bypass with Pole Changer Switch<\/li>\n\n\n\n<li>Over Voltage Protection<\/li>\n\n\n\n<li>Input and Output Measurement, Digital Display with Status Indicator<\/li>\n<\/ul>\n\n\n\n<div class=\"wp-block-buttons is-layout-flex wp-block-buttons-is-layout-flex\">\n<div class=\"wp-block-button\"><a class=\"wp-block-button__link wp-element-button\" href=\"https:\/\/seapower.com.tr\/wp-content\/uploads\/SEAPOWER-ET-SERVO-REGULATOR.pdf\">CATALOG <code><div class=\"svg-flag flag-icon-background flag-icon-tr\" style=\"width:5em; height:5em;\"><\/div><\/code><\/a><\/div>\n<\/div>\n\n\n\n<figure class=\"wp-block-gallery has-nested-images columns-default is-cropped wp-block-gallery-1 is-layout-flex wp-block-gallery-is-layout-flex\">\n<figure class=\"wp-block-image size-full\"><img fetchpriority=\"high\" decoding=\"async\" width=\"800\" height=\"460\" data-id=\"8837\" src=\"https:\/\/seapower.com.tr\/wp-content\/uploads\/SEAPOWER-Elektrik-Sistemleri-STATIK-VOLTAJ-REGULATORU-10-\u2013-1000-KVA-2-1.jpg\" alt=\"\" class=\"wp-image-8837\" srcset=\"https:\/\/seapower.com.tr\/wp-content\/uploads\/SEAPOWER-Elektrik-Sistemleri-STATIK-VOLTAJ-REGULATORU-10-\u2013-1000-KVA-2-1.jpg 800w, https:\/\/seapower.com.tr\/wp-content\/uploads\/SEAPOWER-Elektrik-Sistemleri-STATIK-VOLTAJ-REGULATORU-10-\u2013-1000-KVA-2-1-300x173.jpg 300w, https:\/\/seapower.com.tr\/wp-content\/uploads\/SEAPOWER-Elektrik-Sistemleri-STATIK-VOLTAJ-REGULATORU-10-\u2013-1000-KVA-2-1-768x442.jpg 768w, https:\/\/seapower.com.tr\/wp-content\/uploads\/SEAPOWER-Elektrik-Sistemleri-STATIK-VOLTAJ-REGULATORU-10-\u2013-1000-KVA-2-1-18x10.jpg 18w\" sizes=\"(max-width: 800px) 100vw, 800px\" \/><\/figure>\n<\/figure>","protected":false},"excerpt":{"rendered":"<p>SERVO MOTOR MICROPROCESSOR REGULATOR Servo Voltage Regulators consisting of Variac, Transformer, Servo Motor and Microprocessor control circuit, by measuring the mains voltage with the microprocessor electronic card, the position of the variac with the servo motor is adjusted and the output voltage is 220 VAC or 380 VAC. Mainly in industry and military, especially in the main areas that require precise and fast adjustment.<\/p>","protected":false},"author":1,"featured_media":8837,"parent":6319,"menu_order":0,"comment_status":"closed","ping_status":"closed","template":"","meta":{"inline_featured_image":false,"footnotes":""},"categories":[64],"tags":[],"class_list":["post-6323","page","type-page","status-publish","has-post-thumbnail","hentry","category-voltaj-regulatoru"],"yoast_head":"<!-- This site is optimized with the Yoast SEO plugin v26.6 - https:\/\/yoast.com\/wordpress\/plugins\/seo\/ -->\n<title>Servo Voltaj Reg\u00fclat\u00f6r\u00fc - Seapower Elektrik Sistemleri Sanayi ve Ticaret A.\u015e.<\/title>\n<meta name=\"robots\" content=\"index, follow, max-snippet:-1, max-image-preview:large, max-video-preview:-1\" \/>\n<link rel=\"canonical\" href=\"https:\/\/seapower.com.tr\/en\/products\/industrial-products\/voltage-regulator\/servo-voltage-regulator-1-3000-kva\/\" \/>\n<meta property=\"og:locale\" content=\"en_GB\" \/>\n<meta property=\"og:type\" content=\"article\" \/>\n<meta property=\"og:title\" content=\"Servo Voltaj Reg\u00fclat\u00f6r\u00fc - Seapower Elektrik Sistemleri Sanayi ve Ticaret A.\u015e.\" \/>\n<meta property=\"og:description\" content=\"SERVO MOTORLU M\u0130KRO\u0130\u015eLEMC\u0130L\u0130 REG\u00dcLAT\u00d6R Varyak,Trafo,Servo Motor ve Mikro i\u015flemcili kontrol devresinden olu\u015fan Servo Voltaj Reg\u00fclat\u00f6rleri, Mikro i\u015flemcili elektronik kart ile \u015febeke voltaj\u0131n\u0131 \u00f6l\u00e7erek, Servo motorla varya\u011f\u0131n konumu ayarlarak, \u00e7\u0131k\u0131\u015f voltaj\u0131n\u0131n 220 VAC veya 380 VAC olmas\u0131n\u0131 sa\u011flar. Ba\u015fta sanayi ve askeriye olmak \u00fczere \u00f6zellikle hassas ve h\u0131zl\u0131 ayar gerektiren ana\" \/>\n<meta property=\"og:url\" content=\"https:\/\/seapower.com.tr\/en\/products\/industrial-products\/voltage-regulator\/servo-voltage-regulator-1-3000-kva\/\" \/>\n<meta property=\"og:site_name\" content=\"Seapower Elektrik Sistemleri Sanayi ve Ticaret A.\u015e.\" \/>\n<meta property=\"article:modified_time\" content=\"2024-05-16T09:57:32+00:00\" \/>\n<meta property=\"og:image\" content=\"https:\/\/seapower.com.tr\/wp-content\/uploads\/SEAPOWER-Elektrik-Sistemleri-STATIK-VOLTAJ-REGULATORU-10-\u2013-1000-KVA-2-1.jpg\" \/>\n\t<meta property=\"og:image:width\" content=\"800\" \/>\n\t<meta property=\"og:image:height\" content=\"460\" \/>\n\t<meta property=\"og:image:type\" content=\"image\/jpeg\" \/>\n<meta name=\"twitter:card\" content=\"summary_large_image\" \/>\n<meta name=\"twitter:label1\" content=\"Estimated reading time\" \/>\n\t<meta name=\"twitter:data1\" content=\"2 minutes\" \/>\n<script type=\"application\/ld+json\" class=\"yoast-schema-graph\">{\"@context\":\"https:\/\/schema.org\",\"@graph\":[{\"@type\":\"WebPage\",\"@id\":\"https:\/\/seapower.com.tr\/urunler\/endustriyel-urunler\/voltaj-regulatoru\/servo-voltaj-regulatoru-1-3000-kva\/\",\"url\":\"https:\/\/seapower.com.tr\/urunler\/endustriyel-urunler\/voltaj-regulatoru\/servo-voltaj-regulatoru-1-3000-kva\/\",\"name\":\"Servo Voltaj Reg\u00fclat\u00f6r\u00fc - Seapower Elektrik Sistemleri Sanayi ve Ticaret A.\u015e.\",\"isPartOf\":{\"@id\":\"https:\/\/seapower.com.tr\/#website\"},\"primaryImageOfPage\":{\"@id\":\"https:\/\/seapower.com.tr\/urunler\/endustriyel-urunler\/voltaj-regulatoru\/servo-voltaj-regulatoru-1-3000-kva\/#primaryimage\"},\"image\":{\"@id\":\"https:\/\/seapower.com.tr\/urunler\/endustriyel-urunler\/voltaj-regulatoru\/servo-voltaj-regulatoru-1-3000-kva\/#primaryimage\"},\"thumbnailUrl\":\"https:\/\/seapower.com.tr\/wp-content\/uploads\/SEAPOWER-Elektrik-Sistemleri-STATIK-VOLTAJ-REGULATORU-10-\u2013-1000-KVA-2-1.jpg\",\"datePublished\":\"2024-01-26T10:58:00+00:00\",\"dateModified\":\"2024-05-16T09:57:32+00:00\",\"breadcrumb\":{\"@id\":\"https:\/\/seapower.com.tr\/urunler\/endustriyel-urunler\/voltaj-regulatoru\/servo-voltaj-regulatoru-1-3000-kva\/#breadcrumb\"},\"inLanguage\":\"en-GB\",\"potentialAction\":[{\"@type\":\"ReadAction\",\"target\":[\"https:\/\/seapower.com.tr\/urunler\/endustriyel-urunler\/voltaj-regulatoru\/servo-voltaj-regulatoru-1-3000-kva\/\"]}]},{\"@type\":\"ImageObject\",\"inLanguage\":\"en-GB\",\"@id\":\"https:\/\/seapower.com.tr\/urunler\/endustriyel-urunler\/voltaj-regulatoru\/servo-voltaj-regulatoru-1-3000-kva\/#primaryimage\",\"url\":\"https:\/\/seapower.com.tr\/wp-content\/uploads\/SEAPOWER-Elektrik-Sistemleri-STATIK-VOLTAJ-REGULATORU-10-\u2013-1000-KVA-2-1.jpg\",\"contentUrl\":\"https:\/\/seapower.com.tr\/wp-content\/uploads\/SEAPOWER-Elektrik-Sistemleri-STATIK-VOLTAJ-REGULATORU-10-\u2013-1000-KVA-2-1.jpg\",\"width\":800,\"height\":460},{\"@type\":\"BreadcrumbList\",\"@id\":\"https:\/\/seapower.com.tr\/urunler\/endustriyel-urunler\/voltaj-regulatoru\/servo-voltaj-regulatoru-1-3000-kva\/#breadcrumb\",\"itemListElement\":[{\"@type\":\"ListItem\",\"position\":1,\"name\":\"Ana Sayfa\",\"item\":\"https:\/\/seapower.com.tr\/\"},{\"@type\":\"ListItem\",\"position\":2,\"name\":\"\u00dcr\u00fcnler\",\"item\":\"https:\/\/seapower.com.tr\/urunler\/\"},{\"@type\":\"ListItem\",\"position\":3,\"name\":\"End\u00fcstriyel \u00dcr\u00fcnler\",\"item\":\"https:\/\/seapower.com.tr\/urunler\/endustriyel-urunler\/\"},{\"@type\":\"ListItem\",\"position\":4,\"name\":\"Voltaj Reg\u00fclat\u00f6r\u00fc\",\"item\":\"https:\/\/seapower.com.tr\/urunler\/endustriyel-urunler\/voltaj-regulatoru\/\"},{\"@type\":\"ListItem\",\"position\":5,\"name\":\"Servo Voltaj Reg\u00fclat\u00f6r\u00fc\"}]},{\"@type\":\"WebSite\",\"@id\":\"https:\/\/seapower.com.tr\/#website\",\"url\":\"https:\/\/seapower.com.tr\/\",\"name\":\"Seapower Elektrik Sistemleri Sanayi ve Ticaret A.\u015e.\",\"description\":\"Konvert\u00f6r, UPS, Mod\u00fcler g\u00fc\u00e7 \u00e7\u00f6z\u00fcmleri\",\"publisher\":{\"@id\":\"https:\/\/seapower.com.tr\/#organization\"},\"potentialAction\":[{\"@type\":\"SearchAction\",\"target\":{\"@type\":\"EntryPoint\",\"urlTemplate\":\"https:\/\/seapower.com.tr\/?s={search_term_string}\"},\"query-input\":{\"@type\":\"PropertyValueSpecification\",\"valueRequired\":true,\"valueName\":\"search_term_string\"}}],\"inLanguage\":\"en-GB\"},{\"@type\":\"Organization\",\"@id\":\"https:\/\/seapower.com.tr\/#organization\",\"name\":\"SEAPOWER ELEKTR\u0130K S\u0130STEMLER\u0130 SAN. ve T\u0130C. A.\u015e.\",\"alternateName\":\"SEAPOWER Elektrik Sistemleri\",\"url\":\"https:\/\/seapower.com.tr\/\",\"logo\":{\"@type\":\"ImageObject\",\"inLanguage\":\"en-GB\",\"@id\":\"https:\/\/seapower.com.tr\/#\/schema\/logo\/image\/\",\"url\":\"https:\/\/seapower.com.tr\/wp-content\/uploads\/Seapower-Elektrik-Sistemleri-Logo-1.png\",\"contentUrl\":\"https:\/\/seapower.com.tr\/wp-content\/uploads\/Seapower-Elektrik-Sistemleri-Logo-1.png\",\"width\":216,\"height\":135,\"caption\":\"SEAPOWER ELEKTR\u0130K S\u0130STEMLER\u0130 SAN. ve T\u0130C. A.\u015e.\"},\"image\":{\"@id\":\"https:\/\/seapower.com.tr\/#\/schema\/logo\/image\/\"}}]}<\/script>\n<!-- \/ Yoast SEO plugin. -->","yoast_head_json":{"title":"Servo Voltaj Reg\u00fclat\u00f6r\u00fc - Seapower Elektrik Sistemleri Sanayi ve Ticaret A.\u015e.","robots":{"index":"index","follow":"follow","max-snippet":"max-snippet:-1","max-image-preview":"max-image-preview:large","max-video-preview":"max-video-preview:-1"},"canonical":"https:\/\/seapower.com.tr\/en\/products\/industrial-products\/voltage-regulator\/servo-voltage-regulator-1-3000-kva\/","og_locale":"en_GB","og_type":"article","og_title":"Servo Voltaj Reg\u00fclat\u00f6r\u00fc - Seapower Elektrik Sistemleri Sanayi ve Ticaret A.\u015e.","og_description":"SERVO MOTORLU M\u0130KRO\u0130\u015eLEMC\u0130L\u0130 REG\u00dcLAT\u00d6R Varyak,Trafo,Servo Motor ve Mikro i\u015flemcili kontrol devresinden olu\u015fan Servo Voltaj Reg\u00fclat\u00f6rleri, Mikro i\u015flemcili elektronik kart ile \u015febeke voltaj\u0131n\u0131 \u00f6l\u00e7erek, Servo motorla varya\u011f\u0131n konumu ayarlarak, \u00e7\u0131k\u0131\u015f voltaj\u0131n\u0131n 220 VAC veya 380 VAC olmas\u0131n\u0131 sa\u011flar. Ba\u015fta sanayi ve askeriye olmak \u00fczere \u00f6zellikle hassas ve h\u0131zl\u0131 ayar gerektiren ana","og_url":"https:\/\/seapower.com.tr\/en\/products\/industrial-products\/voltage-regulator\/servo-voltage-regulator-1-3000-kva\/","og_site_name":"Seapower Elektrik Sistemleri Sanayi ve Ticaret A.\u015e.","article_modified_time":"2024-05-16T09:57:32+00:00","og_image":[{"width":800,"height":460,"url":"https:\/\/seapower.com.tr\/wp-content\/uploads\/SEAPOWER-Elektrik-Sistemleri-STATIK-VOLTAJ-REGULATORU-10-\u2013-1000-KVA-2-1.jpg","type":"image\/jpeg"}],"twitter_card":"summary_large_image","twitter_misc":{"Estimated reading time":"2 minutes"},"schema":{"@context":"https:\/\/schema.org","@graph":[{"@type":"WebPage","@id":"https:\/\/seapower.com.tr\/urunler\/endustriyel-urunler\/voltaj-regulatoru\/servo-voltaj-regulatoru-1-3000-kva\/","url":"https:\/\/seapower.com.tr\/urunler\/endustriyel-urunler\/voltaj-regulatoru\/servo-voltaj-regulatoru-1-3000-kva\/","name":"Servo Voltaj Reg\u00fclat\u00f6r\u00fc - Seapower Elektrik Sistemleri Sanayi ve Ticaret A.\u015e.","isPartOf":{"@id":"https:\/\/seapower.com.tr\/#website"},"primaryImageOfPage":{"@id":"https:\/\/seapower.com.tr\/urunler\/endustriyel-urunler\/voltaj-regulatoru\/servo-voltaj-regulatoru-1-3000-kva\/#primaryimage"},"image":{"@id":"https:\/\/seapower.com.tr\/urunler\/endustriyel-urunler\/voltaj-regulatoru\/servo-voltaj-regulatoru-1-3000-kva\/#primaryimage"},"thumbnailUrl":"https:\/\/seapower.com.tr\/wp-content\/uploads\/SEAPOWER-Elektrik-Sistemleri-STATIK-VOLTAJ-REGULATORU-10-\u2013-1000-KVA-2-1.jpg","datePublished":"2024-01-26T10:58:00+00:00","dateModified":"2024-05-16T09:57:32+00:00","breadcrumb":{"@id":"https:\/\/seapower.com.tr\/urunler\/endustriyel-urunler\/voltaj-regulatoru\/servo-voltaj-regulatoru-1-3000-kva\/#breadcrumb"},"inLanguage":"en-GB","potentialAction":[{"@type":"ReadAction","target":["https:\/\/seapower.com.tr\/urunler\/endustriyel-urunler\/voltaj-regulatoru\/servo-voltaj-regulatoru-1-3000-kva\/"]}]},{"@type":"ImageObject","inLanguage":"en-GB","@id":"https:\/\/seapower.com.tr\/urunler\/endustriyel-urunler\/voltaj-regulatoru\/servo-voltaj-regulatoru-1-3000-kva\/#primaryimage","url":"https:\/\/seapower.com.tr\/wp-content\/uploads\/SEAPOWER-Elektrik-Sistemleri-STATIK-VOLTAJ-REGULATORU-10-\u2013-1000-KVA-2-1.jpg","contentUrl":"https:\/\/seapower.com.tr\/wp-content\/uploads\/SEAPOWER-Elektrik-Sistemleri-STATIK-VOLTAJ-REGULATORU-10-\u2013-1000-KVA-2-1.jpg","width":800,"height":460},{"@type":"BreadcrumbList","@id":"https:\/\/seapower.com.tr\/urunler\/endustriyel-urunler\/voltaj-regulatoru\/servo-voltaj-regulatoru-1-3000-kva\/#breadcrumb","itemListElement":[{"@type":"ListItem","position":1,"name":"Ana Sayfa","item":"https:\/\/seapower.com.tr\/"},{"@type":"ListItem","position":2,"name":"\u00dcr\u00fcnler","item":"https:\/\/seapower.com.tr\/urunler\/"},{"@type":"ListItem","position":3,"name":"End\u00fcstriyel \u00dcr\u00fcnler","item":"https:\/\/seapower.com.tr\/urunler\/endustriyel-urunler\/"},{"@type":"ListItem","position":4,"name":"Voltaj Reg\u00fclat\u00f6r\u00fc","item":"https:\/\/seapower.com.tr\/urunler\/endustriyel-urunler\/voltaj-regulatoru\/"},{"@type":"ListItem","position":5,"name":"Servo Voltaj Reg\u00fclat\u00f6r\u00fc"}]},{"@type":"WebSite","@id":"https:\/\/seapower.com.tr\/#website","url":"https:\/\/seapower.com.tr\/","name":"Seapower Elektrik Sistemleri Sanayi ve Ticaret A.\u015e.","description":"Konvert\u00f6r, UPS, Mod\u00fcler g\u00fc\u00e7 \u00e7\u00f6z\u00fcmleri","publisher":{"@id":"https:\/\/seapower.com.tr\/#organization"},"potentialAction":[{"@type":"SearchAction","target":{"@type":"EntryPoint","urlTemplate":"https:\/\/seapower.com.tr\/?s={search_term_string}"},"query-input":{"@type":"PropertyValueSpecification","valueRequired":true,"valueName":"search_term_string"}}],"inLanguage":"en-GB"},{"@type":"Organization","@id":"https:\/\/seapower.com.tr\/#organization","name":"SEAPOWER ELEKTR\u0130K S\u0130STEMLER\u0130 SAN. ve T\u0130C. A.\u015e.","alternateName":"SEAPOWER Elektrik Sistemleri","url":"https:\/\/seapower.com.tr\/","logo":{"@type":"ImageObject","inLanguage":"en-GB","@id":"https:\/\/seapower.com.tr\/#\/schema\/logo\/image\/","url":"https:\/\/seapower.com.tr\/wp-content\/uploads\/Seapower-Elektrik-Sistemleri-Logo-1.png","contentUrl":"https:\/\/seapower.com.tr\/wp-content\/uploads\/Seapower-Elektrik-Sistemleri-Logo-1.png","width":216,"height":135,"caption":"SEAPOWER ELEKTR\u0130K S\u0130STEMLER\u0130 SAN. ve T\u0130C. A.\u015e."},"image":{"@id":"https:\/\/seapower.com.tr\/#\/schema\/logo\/image\/"}}]}},"_links":{"self":[{"href":"https:\/\/seapower.com.tr\/en\/wp-json\/wp\/v2\/pages\/6323","targetHints":{"allow":["GET"]}}],"collection":[{"href":"https:\/\/seapower.com.tr\/en\/wp-json\/wp\/v2\/pages"}],"about":[{"href":"https:\/\/seapower.com.tr\/en\/wp-json\/wp\/v2\/types\/page"}],"author":[{"embeddable":true,"href":"https:\/\/seapower.com.tr\/en\/wp-json\/wp\/v2\/users\/1"}],"replies":[{"embeddable":true,"href":"https:\/\/seapower.com.tr\/en\/wp-json\/wp\/v2\/comments?post=6323"}],"version-history":[{"count":0,"href":"https:\/\/seapower.com.tr\/en\/wp-json\/wp\/v2\/pages\/6323\/revisions"}],"up":[{"embeddable":true,"href":"https:\/\/seapower.com.tr\/en\/wp-json\/wp\/v2\/pages\/6319"}],"wp:featuredmedia":[{"embeddable":true,"href":"https:\/\/seapower.com.tr\/en\/wp-json\/wp\/v2\/media\/8837"}],"wp:attachment":[{"href":"https:\/\/seapower.com.tr\/en\/wp-json\/wp\/v2\/media?parent=6323"}],"wp:term":[{"taxonomy":"category","embeddable":true,"href":"https:\/\/seapower.com.tr\/en\/wp-json\/wp\/v2\/categories?post=6323"},{"taxonomy":"post_tag","embeddable":true,"href":"https:\/\/seapower.com.tr\/en\/wp-json\/wp\/v2\/tags?post=6323"}],"curies":[{"name":"wp","href":"https:\/\/api.w.org\/{rel}","templated":true}]}}