{"id":6335,"date":"2024-01-01T14:02:21","date_gmt":"2024-01-01T11:02:21","guid":{"rendered":"https:\/\/seapower.com.tr\/?page_id=6335"},"modified":"2025-10-30T13:28:48","modified_gmt":"2025-10-30T10:28:48","slug":"mt-sfc","status":"publish","type":"page","link":"https:\/\/seapower.com.tr\/en\/products\/marine-products\/mt-sfc\/","title":{"rendered":"MT SFC"},"content":{"rendered":"<ul class=\"wp-block-list\">\n<li>Modular construction for high reliability and fast maintenance<\/li>\n\n\n\n<li>Low cost<\/li>\n\n\n\n<li>Minimum spare parts requirements<\/li>\n\n\n\n<li>Ability to work in parallel with other sources with Droop control<\/li>\n<\/ul>\n\n\n\n<h3 class=\"wp-block-heading\">Application Areas<\/h3>\n\n\n\n<ul class=\"wp-block-list\">\n<li>50\/60Hz or 60\/50Hz conversion for industrial loads<\/li>\n\n\n\n<li>Ship to Shore power or shaft alternator applications for fuel saving and carbon emission reduction.<\/li>\n\n\n\n<li>Static Frequency Converter (SFC)<\/li>\n\n\n\n<li>Shore Power Converter (SPC)<\/li>\n\n\n\n<li>Active Voltage Regulator (AVC)<\/li>\n\n\n\n<li>Energy Storage System (ESS)<\/li>\n\n\n\n<li>Static Synchronous Compensator (STATCOM)<\/li>\n\n\n\n<li>GreenPort Applications<\/li>\n\n\n\n<li>Ability to transfer energy between two different sources thanks to its regenerative loading feature<\/li>\n<\/ul>\n\n\n\n<figure class=\"wp-block-gallery has-nested-images columns-default is-cropped wp-block-gallery-1 is-layout-flex wp-block-gallery-is-layout-flex\">\n<figure class=\"wp-block-image size-full\"><img fetchpriority=\"high\" decoding=\"async\" width=\"1600\" height=\"1000\" data-id=\"11124\" src=\"https:\/\/seapower.com.tr\/wp-content\/uploads\/MT-SFC-1.jpg\" alt=\"\" class=\"wp-image-11124\" srcset=\"https:\/\/seapower.com.tr\/wp-content\/uploads\/MT-SFC-1.jpg 1600w, https:\/\/seapower.com.tr\/wp-content\/uploads\/MT-SFC-1-300x188.jpg 300w, https:\/\/seapower.com.tr\/wp-content\/uploads\/MT-SFC-1-1024x640.jpg 1024w, https:\/\/seapower.com.tr\/wp-content\/uploads\/MT-SFC-1-768x480.jpg 768w, https:\/\/seapower.com.tr\/wp-content\/uploads\/MT-SFC-1-1536x960.jpg 1536w, https:\/\/seapower.com.tr\/wp-content\/uploads\/MT-SFC-1-18x12.jpg 18w, https:\/\/seapower.com.tr\/wp-content\/uploads\/MT-SFC-1-370x230.jpg 370w\" sizes=\"(max-width: 1600px) 100vw, 1600px\" \/><\/figure>\n\n\n\n<figure class=\"wp-block-image size-large\"><img decoding=\"async\" width=\"1024\" height=\"683\" data-id=\"7741\" src=\"https:\/\/seapower.com.tr\/wp-content\/uploads\/placeholder-1024x683.png\" alt=\"\" class=\"wp-image-7741\" srcset=\"https:\/\/seapower.com.tr\/wp-content\/uploads\/placeholder-1024x683.png 1024w, https:\/\/seapower.com.tr\/wp-content\/uploads\/placeholder-300x200.png 300w, https:\/\/seapower.com.tr\/wp-content\/uploads\/placeholder-768x512.png 768w, https:\/\/seapower.com.tr\/wp-content\/uploads\/placeholder-18x12.png 18w, https:\/\/seapower.com.tr\/wp-content\/uploads\/placeholder.png 1200w\" sizes=\"(max-width: 1024px) 100vw, 1024px\" \/><\/figure>\n\n\n\n<figure class=\"wp-block-image size-large\"><img decoding=\"async\" width=\"1024\" height=\"683\" data-id=\"7742\" src=\"https:\/\/seapower.com.tr\/wp-content\/uploads\/placeholder-1-1024x683.png\" alt=\"\" class=\"wp-image-7742\" srcset=\"https:\/\/seapower.com.tr\/wp-content\/uploads\/placeholder-1-1024x683.png 1024w, https:\/\/seapower.com.tr\/wp-content\/uploads\/placeholder-1-300x200.png 300w, https:\/\/seapower.com.tr\/wp-content\/uploads\/placeholder-1-768x512.png 768w, https:\/\/seapower.com.tr\/wp-content\/uploads\/placeholder-1-18x12.png 18w, https:\/\/seapower.com.tr\/wp-content\/uploads\/placeholder-1.png 1200w\" sizes=\"(max-width: 1024px) 100vw, 1024px\" \/><\/figure>\n\n\n\n<figure class=\"wp-block-image size-large\"><img loading=\"lazy\" decoding=\"async\" width=\"1024\" height=\"683\" data-id=\"8276\" src=\"https:\/\/seapower.com.tr\/wp-content\/uploads\/placeholder-2-1024x683.png\" alt=\"\" class=\"wp-image-8276\" srcset=\"https:\/\/seapower.com.tr\/wp-content\/uploads\/placeholder-2-1024x683.png 1024w, https:\/\/seapower.com.tr\/wp-content\/uploads\/placeholder-2-300x200.png 300w, https:\/\/seapower.com.tr\/wp-content\/uploads\/placeholder-2-768x512.png 768w, https:\/\/seapower.com.tr\/wp-content\/uploads\/placeholder-2-18x12.png 18w, https:\/\/seapower.com.tr\/wp-content\/uploads\/placeholder-2.png 1200w\" sizes=\"(max-width: 1024px) 100vw, 1024px\" \/><\/figure>\n<\/figure>\n\n\n\n<div class=\"wp-block-columns is-layout-flex wp-container-core-columns-is-layout-9d6595d7 wp-block-columns-is-layout-flex\">\n<div class=\"wp-block-column is-layout-flow wp-block-column-is-layout-flow\" style=\"flex-basis:100%\">\n<div class=\"wp-block-group\"><div class=\"wp-block-group__inner-container is-layout-constrained wp-block-group-is-layout-constrained\">\n<div class=\"wp-block-buttons is-layout-flex wp-block-buttons-is-layout-flex\">\n<div class=\"wp-block-button\"><a class=\"wp-block-button__link wp-element-button\" href=\"https:\/\/seapower.com.tr\/wp-content\/uploads\/SEAPOWER-MT-SFC-STATIC-FREQUENCY-CONVERTER-100-KVA-50-MVA_211025.pdf\">CATALOG <code><div class=\"svg-flag flag-icon-background flag-icon-tr\" style=\"width:5em; height:5em;\"><\/div><\/code><\/a><\/div>\n\n\n\n<div class=\"wp-block-button\"><a class=\"wp-block-button__link wp-element-button\" href=\"https:\/\/seapower.com.tr\/wp-content\/uploads\/SEAPOWER-MT-SFC-STATIC-FREQUENCY-CONVERTER-100-KVA-50-MVA_211025.pdf\">CATALOG <code><div class=\"svg-flag flag-icon-background flag-icon-gb\" style=\"width:5em; height:5em;\"><\/div><\/code><\/a><\/div>\n\n\n\n<div class=\"wp-block-button\"><a class=\"wp-block-button__link wp-element-button\" href=\"https:\/\/seapower.com.tr\/wp-content\/uploads\/Seapower-MT-SFC.pdf\">CATALOG 400HZ <code><div class=\"svg-flag flag-icon-background flag-icon-gb\" style=\"width:5em; height:5em;\"><\/div><\/code><\/a><\/div>\n<\/div>\n<\/div><\/div>\n<\/div>\n<\/div>\n\n\n\n<p><\/p>","protected":false},"excerpt":{"rendered":"<p>Application Areas<\/p>","protected":false},"author":1,"featured_media":11124,"parent":6253,"menu_order":0,"comment_status":"closed","ping_status":"closed","template":"","meta":{"inline_featured_image":false,"footnotes":""},"categories":[56,58,59],"tags":[],"class_list":["post-6335","page","type-page","status-publish","has-post-thumbnail","hentry","category-limanlar-ops","category-shipyards","category-vessel"],"yoast_head":"<!-- This site is optimized with the Yoast SEO plugin v26.6 - https:\/\/yoast.com\/wordpress\/plugins\/seo\/ -->\n<title>MT SFC - Seapower Elektrik Sistemleri Sanayi ve Ticaret A.\u015e.<\/title>\n<meta name=\"robots\" content=\"index, follow, max-snippet:-1, max-image-preview:large, max-video-preview:-1\" \/>\n<link rel=\"canonical\" href=\"https:\/\/seapower.com.tr\/en\/products\/marine-products\/mt-sfc\/\" \/>\n<meta property=\"og:locale\" content=\"en_GB\" \/>\n<meta property=\"og:type\" content=\"article\" \/>\n<meta property=\"og:title\" content=\"MT SFC - Seapower Elektrik Sistemleri Sanayi ve Ticaret A.\u015e.\" \/>\n<meta property=\"og:description\" content=\"Uygulama Alanlar\u0131\" \/>\n<meta property=\"og:url\" content=\"https:\/\/seapower.com.tr\/en\/products\/marine-products\/mt-sfc\/\" \/>\n<meta property=\"og:site_name\" content=\"Seapower Elektrik Sistemleri Sanayi ve Ticaret A.\u015e.\" \/>\n<meta property=\"article:modified_time\" content=\"2025-10-30T10:28:48+00:00\" \/>\n<meta property=\"og:image\" content=\"https:\/\/seapower.com.tr\/wp-content\/uploads\/MT-SFC-1.jpg\" \/>\n\t<meta property=\"og:image:width\" content=\"1600\" \/>\n\t<meta property=\"og:image:height\" content=\"1000\" \/>\n\t<meta property=\"og:image:type\" content=\"image\/jpeg\" \/>\n<meta name=\"twitter:card\" content=\"summary_large_image\" \/>\n<meta name=\"twitter:label1\" content=\"Estimated reading time\" \/>\n\t<meta name=\"twitter:data1\" content=\"2 minutes\" \/>\n<script type=\"application\/ld+json\" class=\"yoast-schema-graph\">{\"@context\":\"https:\/\/schema.org\",\"@graph\":[{\"@type\":\"WebPage\",\"@id\":\"https:\/\/seapower.com.tr\/urunler\/marin-urunler\/mt-sfc\/\",\"url\":\"https:\/\/seapower.com.tr\/urunler\/marin-urunler\/mt-sfc\/\",\"name\":\"MT SFC - Seapower Elektrik Sistemleri Sanayi ve Ticaret A.\u015e.\",\"isPartOf\":{\"@id\":\"https:\/\/seapower.com.tr\/#website\"},\"primaryImageOfPage\":{\"@id\":\"https:\/\/seapower.com.tr\/urunler\/marin-urunler\/mt-sfc\/#primaryimage\"},\"image\":{\"@id\":\"https:\/\/seapower.com.tr\/urunler\/marin-urunler\/mt-sfc\/#primaryimage\"},\"thumbnailUrl\":\"https:\/\/seapower.com.tr\/wp-content\/uploads\/MT-SFC-1.jpg\",\"datePublished\":\"2024-01-01T11:02:21+00:00\",\"dateModified\":\"2025-10-30T10:28:48+00:00\",\"breadcrumb\":{\"@id\":\"https:\/\/seapower.com.tr\/urunler\/marin-urunler\/mt-sfc\/#breadcrumb\"},\"inLanguage\":\"en-GB\",\"potentialAction\":[{\"@type\":\"ReadAction\",\"target\":[\"https:\/\/seapower.com.tr\/urunler\/marin-urunler\/mt-sfc\/\"]}]},{\"@type\":\"ImageObject\",\"inLanguage\":\"en-GB\",\"@id\":\"https:\/\/seapower.com.tr\/urunler\/marin-urunler\/mt-sfc\/#primaryimage\",\"url\":\"https:\/\/seapower.com.tr\/wp-content\/uploads\/MT-SFC-1.jpg\",\"contentUrl\":\"https:\/\/seapower.com.tr\/wp-content\/uploads\/MT-SFC-1.jpg\",\"width\":1600,\"height\":1000},{\"@type\":\"BreadcrumbList\",\"@id\":\"https:\/\/seapower.com.tr\/urunler\/marin-urunler\/mt-sfc\/#breadcrumb\",\"itemListElement\":[{\"@type\":\"ListItem\",\"position\":1,\"name\":\"Ana Sayfa\",\"item\":\"https:\/\/seapower.com.tr\/\"},{\"@type\":\"ListItem\",\"position\":2,\"name\":\"\u00dcr\u00fcnler\",\"item\":\"https:\/\/seapower.com.tr\/urunler\/\"},{\"@type\":\"ListItem\",\"position\":3,\"name\":\"Marin \u00dcr\u00fcnler\",\"item\":\"https:\/\/seapower.com.tr\/urunler\/marin-urunler\/\"},{\"@type\":\"ListItem\",\"position\":4,\"name\":\"MT SFC\"}]},{\"@type\":\"WebSite\",\"@id\":\"https:\/\/seapower.com.tr\/#website\",\"url\":\"https:\/\/seapower.com.tr\/\",\"name\":\"Seapower Elektrik Sistemleri Sanayi ve Ticaret A.\u015e.\",\"description\":\"Konvert\u00f6r, UPS, Mod\u00fcler g\u00fc\u00e7 \u00e7\u00f6z\u00fcmleri\",\"publisher\":{\"@id\":\"https:\/\/seapower.com.tr\/#organization\"},\"potentialAction\":[{\"@type\":\"SearchAction\",\"target\":{\"@type\":\"EntryPoint\",\"urlTemplate\":\"https:\/\/seapower.com.tr\/?s={search_term_string}\"},\"query-input\":{\"@type\":\"PropertyValueSpecification\",\"valueRequired\":true,\"valueName\":\"search_term_string\"}}],\"inLanguage\":\"en-GB\"},{\"@type\":\"Organization\",\"@id\":\"https:\/\/seapower.com.tr\/#organization\",\"name\":\"SEAPOWER ELEKTR\u0130K S\u0130STEMLER\u0130 SAN. ve T\u0130C. A.\u015e.\",\"alternateName\":\"SEAPOWER Elektrik Sistemleri\",\"url\":\"https:\/\/seapower.com.tr\/\",\"logo\":{\"@type\":\"ImageObject\",\"inLanguage\":\"en-GB\",\"@id\":\"https:\/\/seapower.com.tr\/#\/schema\/logo\/image\/\",\"url\":\"https:\/\/seapower.com.tr\/wp-content\/uploads\/Seapower-Elektrik-Sistemleri-Logo-1.png\",\"contentUrl\":\"https:\/\/seapower.com.tr\/wp-content\/uploads\/Seapower-Elektrik-Sistemleri-Logo-1.png\",\"width\":216,\"height\":135,\"caption\":\"SEAPOWER ELEKTR\u0130K S\u0130STEMLER\u0130 SAN. ve T\u0130C. A.\u015e.\"},\"image\":{\"@id\":\"https:\/\/seapower.com.tr\/#\/schema\/logo\/image\/\"}}]}<\/script>\n<!-- \/ Yoast SEO plugin. -->","yoast_head_json":{"title":"MT SFC - Seapower Elektrik Sistemleri Sanayi ve Ticaret A.\u015e.","robots":{"index":"index","follow":"follow","max-snippet":"max-snippet:-1","max-image-preview":"max-image-preview:large","max-video-preview":"max-video-preview:-1"},"canonical":"https:\/\/seapower.com.tr\/en\/products\/marine-products\/mt-sfc\/","og_locale":"en_GB","og_type":"article","og_title":"MT SFC - Seapower Elektrik Sistemleri Sanayi ve Ticaret A.\u015e.","og_description":"Uygulama Alanlar\u0131","og_url":"https:\/\/seapower.com.tr\/en\/products\/marine-products\/mt-sfc\/","og_site_name":"Seapower Elektrik Sistemleri Sanayi ve Ticaret A.\u015e.","article_modified_time":"2025-10-30T10:28:48+00:00","og_image":[{"width":1600,"height":1000,"url":"https:\/\/seapower.com.tr\/wp-content\/uploads\/MT-SFC-1.jpg","type":"image\/jpeg"}],"twitter_card":"summary_large_image","twitter_misc":{"Estimated reading time":"2 minutes"},"schema":{"@context":"https:\/\/schema.org","@graph":[{"@type":"WebPage","@id":"https:\/\/seapower.com.tr\/urunler\/marin-urunler\/mt-sfc\/","url":"https:\/\/seapower.com.tr\/urunler\/marin-urunler\/mt-sfc\/","name":"MT SFC - Seapower Elektrik Sistemleri Sanayi ve Ticaret A.\u015e.","isPartOf":{"@id":"https:\/\/seapower.com.tr\/#website"},"primaryImageOfPage":{"@id":"https:\/\/seapower.com.tr\/urunler\/marin-urunler\/mt-sfc\/#primaryimage"},"image":{"@id":"https:\/\/seapower.com.tr\/urunler\/marin-urunler\/mt-sfc\/#primaryimage"},"thumbnailUrl":"https:\/\/seapower.com.tr\/wp-content\/uploads\/MT-SFC-1.jpg","datePublished":"2024-01-01T11:02:21+00:00","dateModified":"2025-10-30T10:28:48+00:00","breadcrumb":{"@id":"https:\/\/seapower.com.tr\/urunler\/marin-urunler\/mt-sfc\/#breadcrumb"},"inLanguage":"en-GB","potentialAction":[{"@type":"ReadAction","target":["https:\/\/seapower.com.tr\/urunler\/marin-urunler\/mt-sfc\/"]}]},{"@type":"ImageObject","inLanguage":"en-GB","@id":"https:\/\/seapower.com.tr\/urunler\/marin-urunler\/mt-sfc\/#primaryimage","url":"https:\/\/seapower.com.tr\/wp-content\/uploads\/MT-SFC-1.jpg","contentUrl":"https:\/\/seapower.com.tr\/wp-content\/uploads\/MT-SFC-1.jpg","width":1600,"height":1000},{"@type":"BreadcrumbList","@id":"https:\/\/seapower.com.tr\/urunler\/marin-urunler\/mt-sfc\/#breadcrumb","itemListElement":[{"@type":"ListItem","position":1,"name":"Ana Sayfa","item":"https:\/\/seapower.com.tr\/"},{"@type":"ListItem","position":2,"name":"\u00dcr\u00fcnler","item":"https:\/\/seapower.com.tr\/urunler\/"},{"@type":"ListItem","position":3,"name":"Marin \u00dcr\u00fcnler","item":"https:\/\/seapower.com.tr\/urunler\/marin-urunler\/"},{"@type":"ListItem","position":4,"name":"MT SFC"}]},{"@type":"WebSite","@id":"https:\/\/seapower.com.tr\/#website","url":"https:\/\/seapower.com.tr\/","name":"Seapower Elektrik Sistemleri Sanayi ve Ticaret A.\u015e.","description":"Konvert\u00f6r, UPS, Mod\u00fcler g\u00fc\u00e7 \u00e7\u00f6z\u00fcmleri","publisher":{"@id":"https:\/\/seapower.com.tr\/#organization"},"potentialAction":[{"@type":"SearchAction","target":{"@type":"EntryPoint","urlTemplate":"https:\/\/seapower.com.tr\/?s={search_term_string}"},"query-input":{"@type":"PropertyValueSpecification","valueRequired":true,"valueName":"search_term_string"}}],"inLanguage":"en-GB"},{"@type":"Organization","@id":"https:\/\/seapower.com.tr\/#organization","name":"SEAPOWER ELEKTR\u0130K S\u0130STEMLER\u0130 SAN. ve T\u0130C. A.\u015e.","alternateName":"SEAPOWER Elektrik Sistemleri","url":"https:\/\/seapower.com.tr\/","logo":{"@type":"ImageObject","inLanguage":"en-GB","@id":"https:\/\/seapower.com.tr\/#\/schema\/logo\/image\/","url":"https:\/\/seapower.com.tr\/wp-content\/uploads\/Seapower-Elektrik-Sistemleri-Logo-1.png","contentUrl":"https:\/\/seapower.com.tr\/wp-content\/uploads\/Seapower-Elektrik-Sistemleri-Logo-1.png","width":216,"height":135,"caption":"SEAPOWER ELEKTR\u0130K S\u0130STEMLER\u0130 SAN. ve T\u0130C. A.\u015e."},"image":{"@id":"https:\/\/seapower.com.tr\/#\/schema\/logo\/image\/"}}]}},"_links":{"self":[{"href":"https:\/\/seapower.com.tr\/en\/wp-json\/wp\/v2\/pages\/6335","targetHints":{"allow":["GET"]}}],"collection":[{"href":"https:\/\/seapower.com.tr\/en\/wp-json\/wp\/v2\/pages"}],"about":[{"href":"https:\/\/seapower.com.tr\/en\/wp-json\/wp\/v2\/types\/page"}],"author":[{"embeddable":true,"href":"https:\/\/seapower.com.tr\/en\/wp-json\/wp\/v2\/users\/1"}],"replies":[{"embeddable":true,"href":"https:\/\/seapower.com.tr\/en\/wp-json\/wp\/v2\/comments?post=6335"}],"version-history":[{"count":7,"href":"https:\/\/seapower.com.tr\/en\/wp-json\/wp\/v2\/pages\/6335\/revisions"}],"predecessor-version":[{"id":11158,"href":"https:\/\/seapower.com.tr\/en\/wp-json\/wp\/v2\/pages\/6335\/revisions\/11158"}],"up":[{"embeddable":true,"href":"https:\/\/seapower.com.tr\/en\/wp-json\/wp\/v2\/pages\/6253"}],"wp:featuredmedia":[{"embeddable":true,"href":"https:\/\/seapower.com.tr\/en\/wp-json\/wp\/v2\/media\/11124"}],"wp:attachment":[{"href":"https:\/\/seapower.com.tr\/en\/wp-json\/wp\/v2\/media?parent=6335"}],"wp:term":[{"taxonomy":"category","embeddable":true,"href":"https:\/\/seapower.com.tr\/en\/wp-json\/wp\/v2\/categories?post=6335"},{"taxonomy":"post_tag","embeddable":true,"href":"https:\/\/seapower.com.tr\/en\/wp-json\/wp\/v2\/tags?post=6335"}],"curies":[{"name":"wp","href":"https:\/\/api.w.org\/{rel}","templated":true}]}}