{"id":6337,"date":"2024-01-03T14:03:16","date_gmt":"2024-01-03T11:03:16","guid":{"rendered":"https:\/\/seapower.com.tr\/?page_id=6337"},"modified":"2025-10-30T13:50:31","modified_gmt":"2025-10-30T10:50:31","slug":"mt-rectifier","status":"publish","type":"page","link":"https:\/\/seapower.com.tr\/en\/products\/marine-products\/mt-charger-10a-500a\/","title":{"rendered":"MT RECTIFIER"},"content":{"rendered":"<ul class=\"wp-block-list\">\n<li>High efficiency<\/li>\n\n\n\n<li>Galvanic isolation<\/li>\n\n\n\n<li>LCD display with alarms<\/li>\n\n\n\n<li>Modular design<\/li>\n\n\n\n<li>Low Input Current Distortion<\/li>\n<\/ul>\n\n\n\n<figure class=\"wp-block-gallery has-nested-images columns-default is-cropped wp-block-gallery-1 is-layout-flex wp-block-gallery-is-layout-flex\">\n<figure class=\"wp-block-image size-full\"><img fetchpriority=\"high\" decoding=\"async\" width=\"1600\" height=\"1000\" data-id=\"11167\" src=\"https:\/\/seapower.com.tr\/wp-content\/uploads\/MT-REKTIFAYER-01.jpg\" alt=\"\" class=\"wp-image-11167\" srcset=\"https:\/\/seapower.com.tr\/wp-content\/uploads\/MT-REKTIFAYER-01.jpg 1600w, https:\/\/seapower.com.tr\/wp-content\/uploads\/MT-REKTIFAYER-01-300x188.jpg 300w, https:\/\/seapower.com.tr\/wp-content\/uploads\/MT-REKTIFAYER-01-1024x640.jpg 1024w, https:\/\/seapower.com.tr\/wp-content\/uploads\/MT-REKTIFAYER-01-768x480.jpg 768w, https:\/\/seapower.com.tr\/wp-content\/uploads\/MT-REKTIFAYER-01-1536x960.jpg 1536w, https:\/\/seapower.com.tr\/wp-content\/uploads\/MT-REKTIFAYER-01-18x12.jpg 18w, https:\/\/seapower.com.tr\/wp-content\/uploads\/MT-REKTIFAYER-01-370x230.jpg 370w\" sizes=\"(max-width: 1600px) 100vw, 1600px\" \/><\/figure>\n\n\n\n<figure class=\"wp-block-image size-large\"><img decoding=\"async\" width=\"1024\" height=\"640\" data-id=\"11168\" src=\"https:\/\/seapower.com.tr\/wp-content\/uploads\/MT-REKTIFAYER-02-1024x640.jpg\" alt=\"\" class=\"wp-image-11168\" srcset=\"https:\/\/seapower.com.tr\/wp-content\/uploads\/MT-REKTIFAYER-02-1024x640.jpg 1024w, https:\/\/seapower.com.tr\/wp-content\/uploads\/MT-REKTIFAYER-02-300x188.jpg 300w, https:\/\/seapower.com.tr\/wp-content\/uploads\/MT-REKTIFAYER-02-768x480.jpg 768w, https:\/\/seapower.com.tr\/wp-content\/uploads\/MT-REKTIFAYER-02-1536x960.jpg 1536w, https:\/\/seapower.com.tr\/wp-content\/uploads\/MT-REKTIFAYER-02-18x12.jpg 18w, https:\/\/seapower.com.tr\/wp-content\/uploads\/MT-REKTIFAYER-02-370x230.jpg 370w, https:\/\/seapower.com.tr\/wp-content\/uploads\/MT-REKTIFAYER-02.jpg 1600w\" sizes=\"(max-width: 1024px) 100vw, 1024px\" \/><\/figure>\n\n\n\n<figure class=\"wp-block-image size-large\"><img decoding=\"async\" width=\"1024\" height=\"640\" data-id=\"11169\" src=\"https:\/\/seapower.com.tr\/wp-content\/uploads\/MT-REKTIFAYER-03-1024x640.jpg\" alt=\"\" class=\"wp-image-11169\" srcset=\"https:\/\/seapower.com.tr\/wp-content\/uploads\/MT-REKTIFAYER-03-1024x640.jpg 1024w, https:\/\/seapower.com.tr\/wp-content\/uploads\/MT-REKTIFAYER-03-300x188.jpg 300w, https:\/\/seapower.com.tr\/wp-content\/uploads\/MT-REKTIFAYER-03-768x480.jpg 768w, https:\/\/seapower.com.tr\/wp-content\/uploads\/MT-REKTIFAYER-03-1536x960.jpg 1536w, https:\/\/seapower.com.tr\/wp-content\/uploads\/MT-REKTIFAYER-03-18x12.jpg 18w, https:\/\/seapower.com.tr\/wp-content\/uploads\/MT-REKTIFAYER-03-370x230.jpg 370w, https:\/\/seapower.com.tr\/wp-content\/uploads\/MT-REKTIFAYER-03.jpg 1600w\" sizes=\"(max-width: 1024px) 100vw, 1024px\" \/><\/figure>\n\n\n\n<figure class=\"wp-block-image size-large\"><img loading=\"lazy\" decoding=\"async\" width=\"1024\" height=\"683\" data-id=\"8276\" src=\"https:\/\/seapower.com.tr\/wp-content\/uploads\/placeholder-2-1024x683.png\" alt=\"\" class=\"wp-image-8276\" srcset=\"https:\/\/seapower.com.tr\/wp-content\/uploads\/placeholder-2-1024x683.png 1024w, https:\/\/seapower.com.tr\/wp-content\/uploads\/placeholder-2-300x200.png 300w, https:\/\/seapower.com.tr\/wp-content\/uploads\/placeholder-2-768x512.png 768w, https:\/\/seapower.com.tr\/wp-content\/uploads\/placeholder-2-18x12.png 18w, https:\/\/seapower.com.tr\/wp-content\/uploads\/placeholder-2.png 1200w\" sizes=\"(max-width: 1024px) 100vw, 1024px\" \/><\/figure>\n<\/figure>\n\n\n\n<div class=\"wp-block-buttons is-layout-flex wp-block-buttons-is-layout-flex\">\n<div class=\"wp-block-button\"><a class=\"wp-block-button__link wp-element-button\" href=\"https:\/\/seapower.com.tr\/wp-content\/uploads\/MT-RECTIFIER_211025.pdf\">CATALOG <code><div class=\"svg-flag flag-icon-background flag-icon-tr\" style=\"width:5em; height:5em;\"><\/div><\/code><\/a><\/div>\n\n\n\n<div class=\"wp-block-button\"><a class=\"wp-block-button__link wp-element-button\" href=\"https:\/\/seapower.com.tr\/wp-content\/uploads\/MT-RECTIFIER_211025.pdf\">CATALOG <code><div class=\"svg-flag flag-icon-background flag-icon-gb\" style=\"width:5em; height:5em;\"><\/div><\/code><\/a><\/div>\n<\/div>","protected":false},"excerpt":{"rendered":"","protected":false},"author":1,"featured_media":11172,"parent":6253,"menu_order":0,"comment_status":"closed","ping_status":"closed","template":"","meta":{"inline_featured_image":false,"footnotes":""},"categories":[],"tags":[],"class_list":["post-6337","page","type-page","status-publish","has-post-thumbnail","hentry"],"yoast_head":"<!-- This site is optimized with the Yoast SEO plugin v26.6 - https:\/\/yoast.com\/wordpress\/plugins\/seo\/ -->\n<title>MT RECTIFIER - Seapower Elektrik Sistemleri Sanayi ve Ticaret A.\u015e.<\/title>\n<meta name=\"robots\" content=\"index, follow, max-snippet:-1, max-image-preview:large, max-video-preview:-1\" \/>\n<link rel=\"canonical\" href=\"https:\/\/seapower.com.tr\/en\/products\/marine-products\/mt-charger-10a-500a\/\" \/>\n<meta property=\"og:locale\" content=\"en_GB\" \/>\n<meta property=\"og:type\" content=\"article\" \/>\n<meta property=\"og:title\" content=\"MT RECTIFIER - Seapower Elektrik Sistemleri Sanayi ve Ticaret A.\u015e.\" \/>\n<meta property=\"og:url\" content=\"https:\/\/seapower.com.tr\/en\/products\/marine-products\/mt-charger-10a-500a\/\" \/>\n<meta property=\"og:site_name\" content=\"Seapower Elektrik Sistemleri Sanayi ve Ticaret A.\u015e.\" \/>\n<meta property=\"article:modified_time\" content=\"2025-10-30T10:50:31+00:00\" \/>\n<meta property=\"og:image\" content=\"https:\/\/seapower.com.tr\/wp-content\/uploads\/MT-REKTIFAYER-01-1.jpg\" \/>\n\t<meta property=\"og:image:width\" content=\"1600\" \/>\n\t<meta property=\"og:image:height\" content=\"1000\" \/>\n\t<meta property=\"og:image:type\" content=\"image\/jpeg\" \/>\n<meta name=\"twitter:card\" content=\"summary_large_image\" \/>\n<meta name=\"twitter:label1\" content=\"Estimated reading time\" \/>\n\t<meta name=\"twitter:data1\" content=\"2 minutes\" \/>\n<script type=\"application\/ld+json\" class=\"yoast-schema-graph\">{\"@context\":\"https:\/\/schema.org\",\"@graph\":[{\"@type\":\"WebPage\",\"@id\":\"https:\/\/seapower.com.tr\/urunler\/marin-urunler\/mt-rectifier\/\",\"url\":\"https:\/\/seapower.com.tr\/urunler\/marin-urunler\/mt-rectifier\/\",\"name\":\"MT RECTIFIER - Seapower Elektrik Sistemleri Sanayi ve Ticaret A.\u015e.\",\"isPartOf\":{\"@id\":\"https:\/\/seapower.com.tr\/#website\"},\"primaryImageOfPage\":{\"@id\":\"https:\/\/seapower.com.tr\/urunler\/marin-urunler\/mt-rectifier\/#primaryimage\"},\"image\":{\"@id\":\"https:\/\/seapower.com.tr\/urunler\/marin-urunler\/mt-rectifier\/#primaryimage\"},\"thumbnailUrl\":\"https:\/\/seapower.com.tr\/wp-content\/uploads\/MT-REKTIFAYER-01-1.jpg\",\"datePublished\":\"2024-01-03T11:03:16+00:00\",\"dateModified\":\"2025-10-30T10:50:31+00:00\",\"breadcrumb\":{\"@id\":\"https:\/\/seapower.com.tr\/urunler\/marin-urunler\/mt-rectifier\/#breadcrumb\"},\"inLanguage\":\"en-GB\",\"potentialAction\":[{\"@type\":\"ReadAction\",\"target\":[\"https:\/\/seapower.com.tr\/urunler\/marin-urunler\/mt-rectifier\/\"]}]},{\"@type\":\"ImageObject\",\"inLanguage\":\"en-GB\",\"@id\":\"https:\/\/seapower.com.tr\/urunler\/marin-urunler\/mt-rectifier\/#primaryimage\",\"url\":\"https:\/\/seapower.com.tr\/wp-content\/uploads\/MT-REKTIFAYER-01-1.jpg\",\"contentUrl\":\"https:\/\/seapower.com.tr\/wp-content\/uploads\/MT-REKTIFAYER-01-1.jpg\",\"width\":1600,\"height\":1000},{\"@type\":\"BreadcrumbList\",\"@id\":\"https:\/\/seapower.com.tr\/urunler\/marin-urunler\/mt-rectifier\/#breadcrumb\",\"itemListElement\":[{\"@type\":\"ListItem\",\"position\":1,\"name\":\"Ana Sayfa\",\"item\":\"https:\/\/seapower.com.tr\/\"},{\"@type\":\"ListItem\",\"position\":2,\"name\":\"\u00dcr\u00fcnler\",\"item\":\"https:\/\/seapower.com.tr\/urunler\/\"},{\"@type\":\"ListItem\",\"position\":3,\"name\":\"Marin \u00dcr\u00fcnler\",\"item\":\"https:\/\/seapower.com.tr\/urunler\/marin-urunler\/\"},{\"@type\":\"ListItem\",\"position\":4,\"name\":\"MT RECTIFIER\"}]},{\"@type\":\"WebSite\",\"@id\":\"https:\/\/seapower.com.tr\/#website\",\"url\":\"https:\/\/seapower.com.tr\/\",\"name\":\"Seapower Elektrik Sistemleri Sanayi ve Ticaret A.\u015e.\",\"description\":\"Konvert\u00f6r, UPS, Mod\u00fcler g\u00fc\u00e7 \u00e7\u00f6z\u00fcmleri\",\"publisher\":{\"@id\":\"https:\/\/seapower.com.tr\/#organization\"},\"potentialAction\":[{\"@type\":\"SearchAction\",\"target\":{\"@type\":\"EntryPoint\",\"urlTemplate\":\"https:\/\/seapower.com.tr\/?s={search_term_string}\"},\"query-input\":{\"@type\":\"PropertyValueSpecification\",\"valueRequired\":true,\"valueName\":\"search_term_string\"}}],\"inLanguage\":\"en-GB\"},{\"@type\":\"Organization\",\"@id\":\"https:\/\/seapower.com.tr\/#organization\",\"name\":\"SEAPOWER ELEKTR\u0130K S\u0130STEMLER\u0130 SAN. ve T\u0130C. A.\u015e.\",\"alternateName\":\"SEAPOWER Elektrik Sistemleri\",\"url\":\"https:\/\/seapower.com.tr\/\",\"logo\":{\"@type\":\"ImageObject\",\"inLanguage\":\"en-GB\",\"@id\":\"https:\/\/seapower.com.tr\/#\/schema\/logo\/image\/\",\"url\":\"https:\/\/seapower.com.tr\/wp-content\/uploads\/Seapower-Elektrik-Sistemleri-Logo-1.png\",\"contentUrl\":\"https:\/\/seapower.com.tr\/wp-content\/uploads\/Seapower-Elektrik-Sistemleri-Logo-1.png\",\"width\":216,\"height\":135,\"caption\":\"SEAPOWER ELEKTR\u0130K S\u0130STEMLER\u0130 SAN. ve T\u0130C. A.\u015e.\"},\"image\":{\"@id\":\"https:\/\/seapower.com.tr\/#\/schema\/logo\/image\/\"}}]}<\/script>\n<!-- \/ Yoast SEO plugin. -->","yoast_head_json":{"title":"MT RECTIFIER - Seapower Elektrik Sistemleri Sanayi ve Ticaret A.\u015e.","robots":{"index":"index","follow":"follow","max-snippet":"max-snippet:-1","max-image-preview":"max-image-preview:large","max-video-preview":"max-video-preview:-1"},"canonical":"https:\/\/seapower.com.tr\/en\/products\/marine-products\/mt-charger-10a-500a\/","og_locale":"en_GB","og_type":"article","og_title":"MT RECTIFIER - Seapower Elektrik Sistemleri Sanayi ve Ticaret A.\u015e.","og_url":"https:\/\/seapower.com.tr\/en\/products\/marine-products\/mt-charger-10a-500a\/","og_site_name":"Seapower Elektrik Sistemleri Sanayi ve Ticaret A.\u015e.","article_modified_time":"2025-10-30T10:50:31+00:00","og_image":[{"width":1600,"height":1000,"url":"https:\/\/seapower.com.tr\/wp-content\/uploads\/MT-REKTIFAYER-01-1.jpg","type":"image\/jpeg"}],"twitter_card":"summary_large_image","twitter_misc":{"Estimated reading time":"2 minutes"},"schema":{"@context":"https:\/\/schema.org","@graph":[{"@type":"WebPage","@id":"https:\/\/seapower.com.tr\/urunler\/marin-urunler\/mt-rectifier\/","url":"https:\/\/seapower.com.tr\/urunler\/marin-urunler\/mt-rectifier\/","name":"MT RECTIFIER - Seapower Elektrik Sistemleri Sanayi ve Ticaret A.\u015e.","isPartOf":{"@id":"https:\/\/seapower.com.tr\/#website"},"primaryImageOfPage":{"@id":"https:\/\/seapower.com.tr\/urunler\/marin-urunler\/mt-rectifier\/#primaryimage"},"image":{"@id":"https:\/\/seapower.com.tr\/urunler\/marin-urunler\/mt-rectifier\/#primaryimage"},"thumbnailUrl":"https:\/\/seapower.com.tr\/wp-content\/uploads\/MT-REKTIFAYER-01-1.jpg","datePublished":"2024-01-03T11:03:16+00:00","dateModified":"2025-10-30T10:50:31+00:00","breadcrumb":{"@id":"https:\/\/seapower.com.tr\/urunler\/marin-urunler\/mt-rectifier\/#breadcrumb"},"inLanguage":"en-GB","potentialAction":[{"@type":"ReadAction","target":["https:\/\/seapower.com.tr\/urunler\/marin-urunler\/mt-rectifier\/"]}]},{"@type":"ImageObject","inLanguage":"en-GB","@id":"https:\/\/seapower.com.tr\/urunler\/marin-urunler\/mt-rectifier\/#primaryimage","url":"https:\/\/seapower.com.tr\/wp-content\/uploads\/MT-REKTIFAYER-01-1.jpg","contentUrl":"https:\/\/seapower.com.tr\/wp-content\/uploads\/MT-REKTIFAYER-01-1.jpg","width":1600,"height":1000},{"@type":"BreadcrumbList","@id":"https:\/\/seapower.com.tr\/urunler\/marin-urunler\/mt-rectifier\/#breadcrumb","itemListElement":[{"@type":"ListItem","position":1,"name":"Ana Sayfa","item":"https:\/\/seapower.com.tr\/"},{"@type":"ListItem","position":2,"name":"\u00dcr\u00fcnler","item":"https:\/\/seapower.com.tr\/urunler\/"},{"@type":"ListItem","position":3,"name":"Marin \u00dcr\u00fcnler","item":"https:\/\/seapower.com.tr\/urunler\/marin-urunler\/"},{"@type":"ListItem","position":4,"name":"MT RECTIFIER"}]},{"@type":"WebSite","@id":"https:\/\/seapower.com.tr\/#website","url":"https:\/\/seapower.com.tr\/","name":"Seapower Elektrik Sistemleri Sanayi ve Ticaret A.\u015e.","description":"Konvert\u00f6r, UPS, Mod\u00fcler g\u00fc\u00e7 \u00e7\u00f6z\u00fcmleri","publisher":{"@id":"https:\/\/seapower.com.tr\/#organization"},"potentialAction":[{"@type":"SearchAction","target":{"@type":"EntryPoint","urlTemplate":"https:\/\/seapower.com.tr\/?s={search_term_string}"},"query-input":{"@type":"PropertyValueSpecification","valueRequired":true,"valueName":"search_term_string"}}],"inLanguage":"en-GB"},{"@type":"Organization","@id":"https:\/\/seapower.com.tr\/#organization","name":"SEAPOWER ELEKTR\u0130K S\u0130STEMLER\u0130 SAN. ve T\u0130C. A.\u015e.","alternateName":"SEAPOWER Elektrik Sistemleri","url":"https:\/\/seapower.com.tr\/","logo":{"@type":"ImageObject","inLanguage":"en-GB","@id":"https:\/\/seapower.com.tr\/#\/schema\/logo\/image\/","url":"https:\/\/seapower.com.tr\/wp-content\/uploads\/Seapower-Elektrik-Sistemleri-Logo-1.png","contentUrl":"https:\/\/seapower.com.tr\/wp-content\/uploads\/Seapower-Elektrik-Sistemleri-Logo-1.png","width":216,"height":135,"caption":"SEAPOWER ELEKTR\u0130K S\u0130STEMLER\u0130 SAN. ve T\u0130C. A.\u015e."},"image":{"@id":"https:\/\/seapower.com.tr\/#\/schema\/logo\/image\/"}}]}},"_links":{"self":[{"href":"https:\/\/seapower.com.tr\/en\/wp-json\/wp\/v2\/pages\/6337","targetHints":{"allow":["GET"]}}],"collection":[{"href":"https:\/\/seapower.com.tr\/en\/wp-json\/wp\/v2\/pages"}],"about":[{"href":"https:\/\/seapower.com.tr\/en\/wp-json\/wp\/v2\/types\/page"}],"author":[{"embeddable":true,"href":"https:\/\/seapower.com.tr\/en\/wp-json\/wp\/v2\/users\/1"}],"replies":[{"embeddable":true,"href":"https:\/\/seapower.com.tr\/en\/wp-json\/wp\/v2\/comments?post=6337"}],"version-history":[{"count":4,"href":"https:\/\/seapower.com.tr\/en\/wp-json\/wp\/v2\/pages\/6337\/revisions"}],"predecessor-version":[{"id":11178,"href":"https:\/\/seapower.com.tr\/en\/wp-json\/wp\/v2\/pages\/6337\/revisions\/11178"}],"up":[{"embeddable":true,"href":"https:\/\/seapower.com.tr\/en\/wp-json\/wp\/v2\/pages\/6253"}],"wp:featuredmedia":[{"embeddable":true,"href":"https:\/\/seapower.com.tr\/en\/wp-json\/wp\/v2\/media\/11172"}],"wp:attachment":[{"href":"https:\/\/seapower.com.tr\/en\/wp-json\/wp\/v2\/media?parent=6337"}],"wp:term":[{"taxonomy":"category","embeddable":true,"href":"https:\/\/seapower.com.tr\/en\/wp-json\/wp\/v2\/categories?post=6337"},{"taxonomy":"post_tag","embeddable":true,"href":"https:\/\/seapower.com.tr\/en\/wp-json\/wp\/v2\/tags?post=6337"}],"curies":[{"name":"wp","href":"https:\/\/api.w.org\/{rel}","templated":true}]}}