{"id":6349,"date":"2024-01-26T14:07:13","date_gmt":"2024-01-26T11:07:13","guid":{"rendered":"https:\/\/seapower.com.tr\/?page_id=6349"},"modified":"2025-12-26T15:31:14","modified_gmt":"2025-12-26T12:31:14","slug":"kariyer","status":"publish","type":"page","link":"https:\/\/seapower.com.tr\/en\/career\/","title":{"rendered":"Career"},"content":{"rendered":"<div data-elementor-type=\"wp-page\" data-elementor-id=\"6349\" class=\"elementor elementor-6349\" data-elementor-post-type=\"page\">\n\t\t\t\t<div class=\"elementor-element elementor-element-4b87f88 e-flex e-con-boxed e-con e-parent\" data-id=\"4b87f88\" data-element_type=\"container\" data-settings=\"{&quot;background_background&quot;:&quot;classic&quot;}\">\n\t\t\t\t\t<div class=\"e-con-inner\">\n\t\t<div class=\"elementor-element elementor-element-3aca044 e-flex e-con-boxed e-con e-child\" data-id=\"3aca044\" data-element_type=\"container\">\n\t\t\t\t\t<div class=\"e-con-inner\">\n\t\t\t\t<div class=\"elementor-element elementor-element-5130001 elementor-widget elementor-widget-heading\" data-id=\"5130001\" data-element_type=\"widget\" data-widget_type=\"heading.default\">\n\t\t\t\t<div class=\"elementor-widget-container\">\n\t\t\t\t\t<h3 class=\"elementor-heading-title elementor-size-default\">You can apply for open positions in our company by filling out the form below. If you contact us, we will get back to you as soon as possible.<\/h3>\t\t\t\t<\/div>\n\t\t\t\t<\/div>\n\t\t\t\t\t<\/div>\n\t\t\t\t<\/div>\n\t\t\t\t\t<\/div>\n\t\t\t\t<\/div>\n\t\t\t\t<section class=\"elementor-section elementor-top-section elementor-element elementor-element-1a773f2 elementor-section-boxed elementor-section-height-default elementor-section-height-default\" data-id=\"1a773f2\" data-element_type=\"section\">\n\t\t\t\t\t\t<div class=\"elementor-container elementor-column-gap-no\">\n\t\t\t\t\t<div class=\"elementor-column elementor-col-100 elementor-top-column elementor-element elementor-element-0d7272e\" data-id=\"0d7272e\" data-element_type=\"column\">\n\t\t\t<div class=\"elementor-widget-wrap elementor-element-populated\">\n\t\t\t\t\t\t<div class=\"elementor-element elementor-element-4721df9 elementor-widget elementor-widget-spacer\" data-id=\"4721df9\" data-element_type=\"widget\" data-widget_type=\"spacer.default\">\n\t\t\t\t<div class=\"elementor-widget-container\">\n\t\t\t\t\t\t\t<div class=\"elementor-spacer\">\n\t\t\t<div class=\"elementor-spacer-inner\"><\/div>\n\t\t<\/div>\n\t\t\t\t\t\t<\/div>\n\t\t\t\t<\/div>\n\t\t\t\t<section class=\"elementor-section elementor-inner-section elementor-element elementor-element-c8c4145 elementor-section-content-middle elementor-section-full_width elementor-section-height-default elementor-section-height-default\" data-id=\"c8c4145\" data-element_type=\"section\">\n\t\t\t\t\t\t<div class=\"elementor-container elementor-column-gap-no\">\n\t\t\t\t\t<div class=\"elementor-column elementor-col-50 elementor-inner-column elementor-element elementor-element-b750033\" data-id=\"b750033\" data-element_type=\"column\">\n\t\t\t<div class=\"elementor-widget-wrap elementor-element-populated\">\n\t\t\t\t\t\t<div class=\"elementor-element elementor-element-972dd82 elementor-widget elementor-widget-image\" data-id=\"972dd82\" data-element_type=\"widget\" data-widget_type=\"image.default\">\n\t\t\t\t<div class=\"elementor-widget-container\">\n\t\t\t\t\t\t\t\t\t\t\t\t\t\t\t<img fetchpriority=\"high\" decoding=\"async\" width=\"1024\" height=\"1011\" src=\"https:\/\/seapower.com.tr\/wp-content\/uploads\/Kariyer-1024x1011.jpg\" class=\"attachment-large size-large wp-image-8983\" alt=\"\" srcset=\"https:\/\/seapower.com.tr\/wp-content\/uploads\/Kariyer-1024x1011.jpg 1024w, https:\/\/seapower.com.tr\/wp-content\/uploads\/Kariyer-300x296.jpg 300w, https:\/\/seapower.com.tr\/wp-content\/uploads\/Kariyer-768x758.jpg 768w, https:\/\/seapower.com.tr\/wp-content\/uploads\/Kariyer-1536x1517.jpg 1536w, https:\/\/seapower.com.tr\/wp-content\/uploads\/Kariyer-2048x2022.jpg 2048w, https:\/\/seapower.com.tr\/wp-content\/uploads\/Kariyer-12x12.jpg 12w, https:\/\/seapower.com.tr\/wp-content\/uploads\/Kariyer-70x70.jpg 70w\" sizes=\"(max-width: 1024px) 100vw, 1024px\" \/>\t\t\t\t\t\t\t\t\t\t\t\t\t\t\t<\/div>\n\t\t\t\t<\/div>\n\t\t\t\t\t<\/div>\n\t\t<\/div>\n\t\t\t\t<div class=\"elementor-column elementor-col-50 elementor-inner-column elementor-element elementor-element-77ad4ac\" data-id=\"77ad4ac\" data-element_type=\"column\">\n\t\t\t<div class=\"elementor-widget-wrap elementor-element-populated\">\n\t\t\t\t\t\t<div class=\"elementor-element elementor-element-732cf4f elementor-button-align-stretch elementor-widget elementor-widget-form\" data-id=\"732cf4f\" data-element_type=\"widget\" data-settings=\"{&quot;step_next_label&quot;:&quot;Next&quot;,&quot;step_previous_label&quot;:&quot;Previous&quot;,&quot;button_width&quot;:&quot;100&quot;,&quot;step_type&quot;:&quot;number_text&quot;,&quot;step_icon_shape&quot;:&quot;circle&quot;}\" data-widget_type=\"form.default\">\n\t\t\t\t<div class=\"elementor-widget-container\">\n\t\t\t\t\t\t\t<form class=\"elementor-form\" method=\"post\" name=\"New Form\" action=\"\">\n\t\t\t<input type=\"hidden\" name=\"post_id\" value=\"6349\"\/>\n\t\t\t<input type=\"hidden\" name=\"form_id\" value=\"732cf4f\"\/>\n\t\t\t<input type=\"hidden\" name=\"referer_title\" value=\"Seapower Elektrik Sistemleri Sanayi ve Ticaret A.\u015e.\" \/>\n\n\t\t\t\n\t\t\t<div class=\"elementor-form-fields-wrapper elementor-labels-\">\n\t\t\t\t\t\t\t\t<div class=\"elementor-field-type-text elementor-field-group elementor-column elementor-field-group-name elementor-col-100 elementor-field-required\">\n\t\t\t\t\t\t\t\t\t\t\t\t<label for=\"form-field-name\" class=\"elementor-field-label elementor-screen-only\">\n\t\t\t\t\t\t\t\tName\t\t\t\t\t\t\t<\/label>\n\t\t\t\t\t\t\t\t\t\t\t\t\t\t<input size=\"1\" type=\"text\" name=\"form_fields[name]\" id=\"form-field-name\" class=\"elementor-field elementor-size-sm  elementor-field-textual\" placeholder=\"Your Name\" required=\"required\">\n\t\t\t\t\t\t\t\t\t\t\t<\/div>\n\t\t\t\t\t\t\t\t<div class=\"elementor-field-type-email elementor-field-group elementor-column elementor-field-group-email elementor-col-100 elementor-field-required\">\n\t\t\t\t\t\t\t\t\t\t\t\t<label for=\"form-field-email\" class=\"elementor-field-label elementor-screen-only\">\n\t\t\t\t\t\t\t\tEmail\t\t\t\t\t\t\t<\/label>\n\t\t\t\t\t\t\t\t\t\t\t\t\t\t<input size=\"1\" type=\"email\" name=\"form_fields[email]\" id=\"form-field-email\" class=\"elementor-field elementor-size-sm  elementor-field-textual\" placeholder=\"Your E-Mail Address\" required=\"required\">\n\t\t\t\t\t\t\t\t\t\t\t<\/div>\n\t\t\t\t\t\t\t\t<div class=\"elementor-field-type-select elementor-field-group elementor-column elementor-field-group-field_c0476f6 elementor-col-100 elementor-field-required\">\n\t\t\t\t\t\t\t\t\t\t\t\t<label for=\"form-field-field_c0476f6\" class=\"elementor-field-label elementor-screen-only\">\n\t\t\t\t\t\t\t\tPosition\t\t\t\t\t\t\t<\/label>\n\t\t\t\t\t\t\t\t<div class=\"elementor-field elementor-select-wrapper remove-before\">\n\t\t\t<div class=\"select-caret-down-wrapper\">\n\t\t\t\t<svg aria-hidden=\"true\" class=\"e-font-icon-svg e-eicon-caret-down\" viewbox=\"0 0 571.4 571.4\" xmlns=\"http:\/\/www.w3.org\/2000\/svg\"><path d=\"M571 393Q571 407 561 418L311 668Q300 679 286 679T261 668L11 418Q0 407 0 393T11 368 36 357H536Q550 357 561 368T571 393Z\"><\/path><\/svg>\t\t\t<\/div>\n\t\t\t<select name=\"form_fields[field_c0476f6]\" id=\"form-field-field_c0476f6\" class=\"elementor-field-textual elementor-size-sm\" required=\"required\">\n\t\t\t\t\t\t\t\t\t<option value=\"\u0130nsan Kaynaklar\u0131\">Human Resources<\/option>\n\t\t\t\t\t\t\t\t\t<option value=\"Muhasebe\">Accounting<\/option>\n\t\t\t\t\t\t\t\t\t<option value=\"Ba\u015fvurmak \u0130stedi\u011finiz Pozisyon\">Position you want to apply for<\/option>\n\t\t\t\t\t\t\t<\/select>\n\t\t<\/div>\n\t\t\t\t\t\t<\/div>\n\t\t\t\t\t\t\t\t<div class=\"elementor-field-type-text elementor-field-group elementor-column elementor-field-group-message elementor-col-100 elementor-field-required\">\n\t\t\t\t\t\t\t\t\t\t\t\t<label for=\"form-field-message\" class=\"elementor-field-label elementor-screen-only\">\n\t\t\t\t\t\t\t\tSubject\t\t\t\t\t\t\t<\/label>\n\t\t\t\t\t\t\t\t\t\t\t\t\t\t<input size=\"1\" type=\"text\" name=\"form_fields[message]\" id=\"form-field-message\" class=\"elementor-field elementor-size-sm  elementor-field-textual\" placeholder=\"Subject\" required=\"required\">\n\t\t\t\t\t\t\t\t\t\t\t<\/div>\n\t\t\t\t\t\t\t\t<div class=\"elementor-field-type-html elementor-field-group elementor-column elementor-field-group-field_ec5047e elementor-col-100\">\n\t\t\t\t\tYou can upload your CV in pdf format with a maximum file size of 5mb.\t\t\t\t<\/div>\n\t\t\t\t\t\t\t\t<div class=\"elementor-field-type-upload elementor-field-group elementor-column elementor-field-group-field_06d606b elementor-col-100 elementor-field-required\">\n\t\t\t\t\t\t\t\t\t\t\t\t<label for=\"form-field-field_06d606b\" class=\"elementor-field-label elementor-screen-only\">\n\t\t\t\t\t\t\t\tText\t\t\t\t\t\t\t<\/label>\n\t\t\t\t\t\t\t\t<input type=\"file\" name=\"form_fields[field_06d606b]\" id=\"form-field-field_06d606b\" class=\"elementor-field elementor-size-sm  elementor-upload-field\" required=\"required\" data-maxsize=\"2\" data-maxsize-message=\"This file exceeds the maximum allowed size.\">\n\n\t\t\t\t\t\t<\/div>\n\t\t\t\t\t\t\t\t<div class=\"elementor-field-type-recaptcha_v3 elementor-field-group elementor-column elementor-field-group-field_2dd1564 elementor-col-100 recaptcha_v3-bottomright\">\n\t\t\t\t\t<div class=\"elementor-field\" id=\"form-field-field_2dd1564\"><div class=\"elementor-g-recaptcha\" data-sitekey=\"6LeVP7IpAAAAACBApOCsiE7o7-tjcCVXQmkW8MNH\" data-type=\"v3\" data-action=\"Form\" data-badge=\"bottomright\" data-size=\"invisible\"><\/div><\/div>\t\t\t\t<\/div>\n\t\t\t\t\t\t\t\t<div class=\"elementor-field-group elementor-column elementor-field-type-submit elementor-col-100 e-form__buttons\">\n\t\t\t\t\t<button class=\"elementor-button elementor-size-sm\" type=\"submit\">\n\t\t\t\t\t\t<span class=\"elementor-button-content-wrapper\">\n\t\t\t\t\t\t\t\t\t\t\t\t\t\t\t\t\t\t\t\t\t\t<span class=\"elementor-button-text\">Send<\/span>\n\t\t\t\t\t\t\t\t\t\t\t\t\t<\/span>\n\t\t\t\t\t<\/button>\n\t\t\t\t<\/div>\n\t\t\t<\/div>\n\t\t<input type=\"hidden\" name=\"trp-form-language\" value=\"en\"\/><\/form>\n\t\t\t\t\t\t<\/div>\n\t\t\t\t<\/div>\n\t\t\t\t\t<\/div>\n\t\t<\/div>\n\t\t\t\t\t<\/div>\n\t\t<\/section>\n\t\t\t\t<div class=\"elementor-element elementor-element-db8b029 elementor-widget elementor-widget-spacer\" data-id=\"db8b029\" data-element_type=\"widget\" data-widget_type=\"spacer.default\">\n\t\t\t\t<div class=\"elementor-widget-container\">\n\t\t\t\t\t\t\t<div class=\"elementor-spacer\">\n\t\t\t<div class=\"elementor-spacer-inner\"><\/div>\n\t\t<\/div>\n\t\t\t\t\t\t<\/div>\n\t\t\t\t<\/div>\n\t\t\t\t\t<\/div>\n\t\t<\/div>\n\t\t\t\t\t<\/div>\n\t\t<\/section>\n\t\t\t\t<\/div>","protected":false},"excerpt":{"rendered":"<p>You can apply for open positions in our company by filling out the form below. If you contact us, we will get back to you as soon as possible.<\/p>","protected":false},"author":1,"featured_media":0,"parent":0,"menu_order":0,"comment_status":"closed","ping_status":"closed","template":"","meta":{"inline_featured_image":false,"footnotes":""},"categories":[],"tags":[],"class_list":["post-6349","page","type-page","status-publish","hentry"],"yoast_head":"<!-- This site is optimized with the Yoast SEO plugin v26.6 - https:\/\/yoast.com\/wordpress\/plugins\/seo\/ -->\n<title>Kariyer - Seapower Elektrik Sistemleri Sanayi ve Ticaret A.\u015e.<\/title>\n<meta name=\"robots\" content=\"index, follow, max-snippet:-1, max-image-preview:large, max-video-preview:-1\" \/>\n<link rel=\"canonical\" href=\"https:\/\/seapower.com.tr\/en\/career\/\" \/>\n<meta property=\"og:locale\" content=\"en_GB\" \/>\n<meta property=\"og:type\" content=\"article\" \/>\n<meta property=\"og:title\" content=\"Kariyer - Seapower Elektrik Sistemleri Sanayi ve Ticaret A.\u015e.\" \/>\n<meta property=\"og:description\" content=\"A\u015fa\u011f\u0131daki formu doldurarak firmam\u0131zda a\u00e7\u0131k olan pozisyonlara ba\u015fvuru yapabilirsiniz. Bizimle ileti\u015fime ge\u00e7meniz halinde sizlere en k\u0131sa s\u00fcrede d\u00f6n\u00fc\u015f yap\u0131lacakt\u0131r.\" \/>\n<meta property=\"og:url\" content=\"https:\/\/seapower.com.tr\/en\/career\/\" \/>\n<meta property=\"og:site_name\" content=\"Seapower Elektrik Sistemleri Sanayi ve Ticaret A.\u015e.\" \/>\n<meta property=\"article:modified_time\" content=\"2025-12-26T12:31:14+00:00\" \/>\n<meta property=\"og:image\" content=\"https:\/\/seapower.com.tr\/wp-content\/uploads\/Kariyer-scaled.jpg\" \/>\n\t<meta property=\"og:image:width\" content=\"2560\" \/>\n\t<meta property=\"og:image:height\" content=\"2528\" \/>\n\t<meta property=\"og:image:type\" content=\"image\/jpeg\" \/>\n<meta name=\"twitter:card\" content=\"summary_large_image\" \/>\n<meta name=\"twitter:label1\" content=\"Estimated reading time\" \/>\n\t<meta name=\"twitter:data1\" content=\"1 minute\" \/>\n<script type=\"application\/ld+json\" class=\"yoast-schema-graph\">{\"@context\":\"https:\/\/schema.org\",\"@graph\":[{\"@type\":\"WebPage\",\"@id\":\"https:\/\/seapower.com.tr\/kariyer\/\",\"url\":\"https:\/\/seapower.com.tr\/kariyer\/\",\"name\":\"Kariyer - Seapower Elektrik Sistemleri Sanayi ve Ticaret A.\u015e.\",\"isPartOf\":{\"@id\":\"https:\/\/seapower.com.tr\/#website\"},\"primaryImageOfPage\":{\"@id\":\"https:\/\/seapower.com.tr\/kariyer\/#primaryimage\"},\"image\":{\"@id\":\"https:\/\/seapower.com.tr\/kariyer\/#primaryimage\"},\"thumbnailUrl\":\"https:\/\/seapower.com.tr\/wp-content\/uploads\/Kariyer-1024x1011.jpg\",\"datePublished\":\"2024-01-26T11:07:13+00:00\",\"dateModified\":\"2025-12-26T12:31:14+00:00\",\"breadcrumb\":{\"@id\":\"https:\/\/seapower.com.tr\/kariyer\/#breadcrumb\"},\"inLanguage\":\"en-GB\",\"potentialAction\":[{\"@type\":\"ReadAction\",\"target\":[\"https:\/\/seapower.com.tr\/kariyer\/\"]}]},{\"@type\":\"ImageObject\",\"inLanguage\":\"en-GB\",\"@id\":\"https:\/\/seapower.com.tr\/kariyer\/#primaryimage\",\"url\":\"https:\/\/seapower.com.tr\/wp-content\/uploads\/Kariyer-1024x1011.jpg\",\"contentUrl\":\"https:\/\/seapower.com.tr\/wp-content\/uploads\/Kariyer-1024x1011.jpg\"},{\"@type\":\"BreadcrumbList\",\"@id\":\"https:\/\/seapower.com.tr\/kariyer\/#breadcrumb\",\"itemListElement\":[{\"@type\":\"ListItem\",\"position\":1,\"name\":\"Ana Sayfa\",\"item\":\"https:\/\/seapower.com.tr\/\"},{\"@type\":\"ListItem\",\"position\":2,\"name\":\"Kariyer\"}]},{\"@type\":\"WebSite\",\"@id\":\"https:\/\/seapower.com.tr\/#website\",\"url\":\"https:\/\/seapower.com.tr\/\",\"name\":\"Seapower Elektrik Sistemleri Sanayi ve Ticaret A.\u015e.\",\"description\":\"Konvert\u00f6r, UPS, Mod\u00fcler g\u00fc\u00e7 \u00e7\u00f6z\u00fcmleri\",\"publisher\":{\"@id\":\"https:\/\/seapower.com.tr\/#organization\"},\"potentialAction\":[{\"@type\":\"SearchAction\",\"target\":{\"@type\":\"EntryPoint\",\"urlTemplate\":\"https:\/\/seapower.com.tr\/?s={search_term_string}\"},\"query-input\":{\"@type\":\"PropertyValueSpecification\",\"valueRequired\":true,\"valueName\":\"search_term_string\"}}],\"inLanguage\":\"en-GB\"},{\"@type\":\"Organization\",\"@id\":\"https:\/\/seapower.com.tr\/#organization\",\"name\":\"SEAPOWER ELEKTR\u0130K S\u0130STEMLER\u0130 SAN. ve T\u0130C. A.\u015e.\",\"alternateName\":\"SEAPOWER Elektrik Sistemleri\",\"url\":\"https:\/\/seapower.com.tr\/\",\"logo\":{\"@type\":\"ImageObject\",\"inLanguage\":\"en-GB\",\"@id\":\"https:\/\/seapower.com.tr\/#\/schema\/logo\/image\/\",\"url\":\"https:\/\/seapower.com.tr\/wp-content\/uploads\/Seapower-Elektrik-Sistemleri-Logo-1.png\",\"contentUrl\":\"https:\/\/seapower.com.tr\/wp-content\/uploads\/Seapower-Elektrik-Sistemleri-Logo-1.png\",\"width\":216,\"height\":135,\"caption\":\"SEAPOWER ELEKTR\u0130K S\u0130STEMLER\u0130 SAN. ve T\u0130C. A.\u015e.\"},\"image\":{\"@id\":\"https:\/\/seapower.com.tr\/#\/schema\/logo\/image\/\"}}]}<\/script>\n<!-- \/ Yoast SEO plugin. -->","yoast_head_json":{"title":"Kariyer - Seapower Elektrik Sistemleri Sanayi ve Ticaret A.\u015e.","robots":{"index":"index","follow":"follow","max-snippet":"max-snippet:-1","max-image-preview":"max-image-preview:large","max-video-preview":"max-video-preview:-1"},"canonical":"https:\/\/seapower.com.tr\/en\/career\/","og_locale":"en_GB","og_type":"article","og_title":"Kariyer - Seapower Elektrik Sistemleri Sanayi ve Ticaret A.\u015e.","og_description":"A\u015fa\u011f\u0131daki formu doldurarak firmam\u0131zda a\u00e7\u0131k olan pozisyonlara ba\u015fvuru yapabilirsiniz. Bizimle ileti\u015fime ge\u00e7meniz halinde sizlere en k\u0131sa s\u00fcrede d\u00f6n\u00fc\u015f yap\u0131lacakt\u0131r.","og_url":"https:\/\/seapower.com.tr\/en\/career\/","og_site_name":"Seapower Elektrik Sistemleri Sanayi ve Ticaret A.\u015e.","article_modified_time":"2025-12-26T12:31:14+00:00","og_image":[{"width":2560,"height":2528,"url":"https:\/\/seapower.com.tr\/wp-content\/uploads\/Kariyer-scaled.jpg","type":"image\/jpeg"}],"twitter_card":"summary_large_image","twitter_misc":{"Estimated reading time":"1 minute"},"schema":{"@context":"https:\/\/schema.org","@graph":[{"@type":"WebPage","@id":"https:\/\/seapower.com.tr\/kariyer\/","url":"https:\/\/seapower.com.tr\/kariyer\/","name":"Kariyer - Seapower Elektrik Sistemleri Sanayi ve Ticaret A.\u015e.","isPartOf":{"@id":"https:\/\/seapower.com.tr\/#website"},"primaryImageOfPage":{"@id":"https:\/\/seapower.com.tr\/kariyer\/#primaryimage"},"image":{"@id":"https:\/\/seapower.com.tr\/kariyer\/#primaryimage"},"thumbnailUrl":"https:\/\/seapower.com.tr\/wp-content\/uploads\/Kariyer-1024x1011.jpg","datePublished":"2024-01-26T11:07:13+00:00","dateModified":"2025-12-26T12:31:14+00:00","breadcrumb":{"@id":"https:\/\/seapower.com.tr\/kariyer\/#breadcrumb"},"inLanguage":"en-GB","potentialAction":[{"@type":"ReadAction","target":["https:\/\/seapower.com.tr\/kariyer\/"]}]},{"@type":"ImageObject","inLanguage":"en-GB","@id":"https:\/\/seapower.com.tr\/kariyer\/#primaryimage","url":"https:\/\/seapower.com.tr\/wp-content\/uploads\/Kariyer-1024x1011.jpg","contentUrl":"https:\/\/seapower.com.tr\/wp-content\/uploads\/Kariyer-1024x1011.jpg"},{"@type":"BreadcrumbList","@id":"https:\/\/seapower.com.tr\/kariyer\/#breadcrumb","itemListElement":[{"@type":"ListItem","position":1,"name":"Ana Sayfa","item":"https:\/\/seapower.com.tr\/"},{"@type":"ListItem","position":2,"name":"Kariyer"}]},{"@type":"WebSite","@id":"https:\/\/seapower.com.tr\/#website","url":"https:\/\/seapower.com.tr\/","name":"Seapower Elektrik Sistemleri Sanayi ve Ticaret A.\u015e.","description":"Konvert\u00f6r, UPS, Mod\u00fcler g\u00fc\u00e7 \u00e7\u00f6z\u00fcmleri","publisher":{"@id":"https:\/\/seapower.com.tr\/#organization"},"potentialAction":[{"@type":"SearchAction","target":{"@type":"EntryPoint","urlTemplate":"https:\/\/seapower.com.tr\/?s={search_term_string}"},"query-input":{"@type":"PropertyValueSpecification","valueRequired":true,"valueName":"search_term_string"}}],"inLanguage":"en-GB"},{"@type":"Organization","@id":"https:\/\/seapower.com.tr\/#organization","name":"SEAPOWER ELEKTR\u0130K S\u0130STEMLER\u0130 SAN. ve T\u0130C. A.\u015e.","alternateName":"SEAPOWER Elektrik Sistemleri","url":"https:\/\/seapower.com.tr\/","logo":{"@type":"ImageObject","inLanguage":"en-GB","@id":"https:\/\/seapower.com.tr\/#\/schema\/logo\/image\/","url":"https:\/\/seapower.com.tr\/wp-content\/uploads\/Seapower-Elektrik-Sistemleri-Logo-1.png","contentUrl":"https:\/\/seapower.com.tr\/wp-content\/uploads\/Seapower-Elektrik-Sistemleri-Logo-1.png","width":216,"height":135,"caption":"SEAPOWER ELEKTR\u0130K S\u0130STEMLER\u0130 SAN. ve T\u0130C. A.\u015e."},"image":{"@id":"https:\/\/seapower.com.tr\/#\/schema\/logo\/image\/"}}]}},"_links":{"self":[{"href":"https:\/\/seapower.com.tr\/en\/wp-json\/wp\/v2\/pages\/6349","targetHints":{"allow":["GET"]}}],"collection":[{"href":"https:\/\/seapower.com.tr\/en\/wp-json\/wp\/v2\/pages"}],"about":[{"href":"https:\/\/seapower.com.tr\/en\/wp-json\/wp\/v2\/types\/page"}],"author":[{"embeddable":true,"href":"https:\/\/seapower.com.tr\/en\/wp-json\/wp\/v2\/users\/1"}],"replies":[{"embeddable":true,"href":"https:\/\/seapower.com.tr\/en\/wp-json\/wp\/v2\/comments?post=6349"}],"version-history":[{"count":3,"href":"https:\/\/seapower.com.tr\/en\/wp-json\/wp\/v2\/pages\/6349\/revisions"}],"predecessor-version":[{"id":11255,"href":"https:\/\/seapower.com.tr\/en\/wp-json\/wp\/v2\/pages\/6349\/revisions\/11255"}],"wp:attachment":[{"href":"https:\/\/seapower.com.tr\/en\/wp-json\/wp\/v2\/media?parent=6349"}],"wp:term":[{"taxonomy":"category","embeddable":true,"href":"https:\/\/seapower.com.tr\/en\/wp-json\/wp\/v2\/categories?post=6349"},{"taxonomy":"post_tag","embeddable":true,"href":"https:\/\/seapower.com.tr\/en\/wp-json\/wp\/v2\/tags?post=6349"}],"curies":[{"name":"wp","href":"https:\/\/api.w.org\/{rel}","templated":true}]}}