{"id":6376,"date":"2024-01-04T14:23:05","date_gmt":"2024-01-04T11:23:05","guid":{"rendered":"https:\/\/seapower.com.tr\/?page_id=6376"},"modified":"2024-04-19T14:03:45","modified_gmt":"2024-04-19T11:03:45","slug":"mt-charger-10a-2000a","status":"publish","type":"page","link":"https:\/\/seapower.com.tr\/en\/products\/marine-products\/mt-charger-10a-2000a\/","title":{"rendered":"MT CHARGER 10A-2000A"},"content":{"rendered":"<ul class=\"wp-block-list\">\n<li>Thyristor Controlled, Fully Automatic System with Isolation Transformer<\/li>\n\n\n\n<li>Can be used as DC Current Source<\/li>\n\n\n\n<li>All Operating Values Adjustable<\/li>\n\n\n\n<li>Over\/Under Voltage, Over Current, Short Circuit Protection<\/li>\n\n\n\n<li>Rectifier Fault Information and Illuminated Warning Image<\/li>\n\n\n\n<li>Individual Outlets for Battery and Load<\/li>\n\n\n\n<li>Load and Battery Separating Attachment<\/li>\n\n\n\n<li>LVD Contactor<\/li>\n\n\n\n<li>Rectifier Integrated Battery Racks<\/li>\n\n\n\n<li>Chassis with Different Protection Classes<\/li>\n\n\n\n<li>(IP31\/IP42\/IP54\/IP65)<\/li>\n\n\n\n<li>DC +\/- Earth Leakage Protection<\/li>\n\n\n\n<li>With Active or Passive Load Sharing Option<\/li>\n\n\n\n<li>Redundant Operation<\/li>\n\n\n\n<li>Battery Monitoring \/ Management System (BMS)<\/li>\n\n\n\n<li>Analogue Hand Measuring Instruments<\/li>\n\n\n\n<li>ModBUS Communication<\/li>\n\n\n\n<li>Dry Contact<\/li>\n<\/ul>\n\n\n\n<h3 class=\"wp-block-heading\">Thyristor Controlled Transformer Battery Charging Rectifier<\/h3>\n\n\n\n<ul class=\"wp-block-list\">\n<li>Transformer battery chargers are AC\/DC rectifiers with automatic constant voltage and constant current characteristics.<\/li>\n\n\n\n<li>The isolation transformer and the load and batteries are completely isolated from the mains system.<\/li>\n\n\n\n<li>Thyristor control provides fast regulation and mains voltage disturbances do not affect batteries and loads. Thanks to L-C filters on the output, the AC output ripple at DC is less than the %1, helping to maximise the life of the charged battery pack.<\/li>\n<\/ul>\n\n\n\n<figure class=\"wp-block-gallery has-nested-images columns-default is-cropped wp-block-gallery-1 is-layout-flex wp-block-gallery-is-layout-flex\">\n<figure class=\"wp-block-image size-full\"><img fetchpriority=\"high\" decoding=\"async\" width=\"1600\" height=\"1000\" data-id=\"9156\" src=\"https:\/\/seapower.com.tr\/wp-content\/uploads\/MT-Charger-10A-500A-EN.jpg\" alt=\"\" class=\"wp-image-9156\" srcset=\"https:\/\/seapower.com.tr\/wp-content\/uploads\/MT-Charger-10A-500A-EN.jpg 1600w, https:\/\/seapower.com.tr\/wp-content\/uploads\/MT-Charger-10A-500A-EN-300x188.jpg 300w, https:\/\/seapower.com.tr\/wp-content\/uploads\/MT-Charger-10A-500A-EN-1024x640.jpg 1024w, https:\/\/seapower.com.tr\/wp-content\/uploads\/MT-Charger-10A-500A-EN-768x480.jpg 768w, https:\/\/seapower.com.tr\/wp-content\/uploads\/MT-Charger-10A-500A-EN-1536x960.jpg 1536w, https:\/\/seapower.com.tr\/wp-content\/uploads\/MT-Charger-10A-500A-EN-18x12.jpg 18w, https:\/\/seapower.com.tr\/wp-content\/uploads\/MT-Charger-10A-500A-EN-370x230.jpg 370w\" sizes=\"(max-width: 1600px) 100vw, 1600px\" \/><\/figure>\n\n\n\n<figure class=\"wp-block-image size-large\"><img decoding=\"async\" width=\"1024\" height=\"683\" data-id=\"7741\" src=\"https:\/\/seapower.com.tr\/wp-content\/uploads\/placeholder-1024x683.png\" alt=\"\" class=\"wp-image-7741\" srcset=\"https:\/\/seapower.com.tr\/wp-content\/uploads\/placeholder-1024x683.png 1024w, https:\/\/seapower.com.tr\/wp-content\/uploads\/placeholder-300x200.png 300w, https:\/\/seapower.com.tr\/wp-content\/uploads\/placeholder-768x512.png 768w, https:\/\/seapower.com.tr\/wp-content\/uploads\/placeholder-18x12.png 18w, https:\/\/seapower.com.tr\/wp-content\/uploads\/placeholder.png 1200w\" sizes=\"(max-width: 1024px) 100vw, 1024px\" \/><\/figure>\n\n\n\n<figure class=\"wp-block-image size-large\"><img decoding=\"async\" width=\"1024\" height=\"683\" data-id=\"7742\" src=\"https:\/\/seapower.com.tr\/wp-content\/uploads\/placeholder-1-1024x683.png\" alt=\"\" class=\"wp-image-7742\" srcset=\"https:\/\/seapower.com.tr\/wp-content\/uploads\/placeholder-1-1024x683.png 1024w, https:\/\/seapower.com.tr\/wp-content\/uploads\/placeholder-1-300x200.png 300w, https:\/\/seapower.com.tr\/wp-content\/uploads\/placeholder-1-768x512.png 768w, https:\/\/seapower.com.tr\/wp-content\/uploads\/placeholder-1-18x12.png 18w, https:\/\/seapower.com.tr\/wp-content\/uploads\/placeholder-1.png 1200w\" sizes=\"(max-width: 1024px) 100vw, 1024px\" \/><\/figure>\n\n\n\n<figure class=\"wp-block-image size-large\"><img loading=\"lazy\" decoding=\"async\" width=\"1024\" height=\"683\" data-id=\"8276\" src=\"https:\/\/seapower.com.tr\/wp-content\/uploads\/placeholder-2-1024x683.png\" alt=\"\" class=\"wp-image-8276\" srcset=\"https:\/\/seapower.com.tr\/wp-content\/uploads\/placeholder-2-1024x683.png 1024w, https:\/\/seapower.com.tr\/wp-content\/uploads\/placeholder-2-300x200.png 300w, https:\/\/seapower.com.tr\/wp-content\/uploads\/placeholder-2-768x512.png 768w, https:\/\/seapower.com.tr\/wp-content\/uploads\/placeholder-2-18x12.png 18w, https:\/\/seapower.com.tr\/wp-content\/uploads\/placeholder-2.png 1200w\" sizes=\"(max-width: 1024px) 100vw, 1024px\" \/><\/figure>\n<\/figure>\n\n\n\n<div class=\"wp-block-buttons is-layout-flex wp-block-buttons-is-layout-flex\">\n<div class=\"wp-block-button\"><a class=\"wp-block-button__link wp-element-button\" href=\"https:\/\/seapower.com.tr\/wp-content\/uploads\/Seapower-Charger-Broshure-10A-2000A-TR.pdf\" target=\"_blank\" rel=\"noreferrer noopener\">CATALOG <code><div class=\"svg-flag flag-icon-background flag-icon-tr\" style=\"width:5em; height:5em;\"><\/div><\/code><\/a><\/div>\n\n\n\n<div class=\"wp-block-button\"><a class=\"wp-block-button__link wp-element-button\" href=\"https:\/\/seapower.com.tr\/wp-content\/uploads\/Seapower-Charger-Broshure-10A-2000A-EN.pdf\" target=\"_blank\" rel=\"noreferrer noopener\">CATALOG <code><div class=\"svg-flag flag-icon-background flag-icon-gb\" style=\"width:5em; height:5em;\"><\/div><\/code><\/a><\/div>\n<\/div>","protected":false},"excerpt":{"rendered":"<p>Thyristor Controlled Transformer Battery Charging Rectifier<\/p>","protected":false},"author":1,"featured_media":9156,"parent":6253,"menu_order":0,"comment_status":"closed","ping_status":"closed","template":"","meta":{"inline_featured_image":false,"footnotes":""},"categories":[],"tags":[],"class_list":["post-6376","page","type-page","status-publish","has-post-thumbnail","hentry"],"yoast_head":"<!-- This site is optimized with the Yoast SEO plugin v26.6 - https:\/\/yoast.com\/wordpress\/plugins\/seo\/ -->\n<title>MT CHARGER 10A-2000A - Seapower Elektrik Sistemleri Sanayi ve Ticaret A.\u015e.<\/title>\n<meta name=\"robots\" content=\"index, follow, max-snippet:-1, max-image-preview:large, max-video-preview:-1\" \/>\n<link rel=\"canonical\" href=\"https:\/\/seapower.com.tr\/en\/products\/marine-products\/mt-charger-10a-2000a\/\" \/>\n<meta property=\"og:locale\" content=\"en_GB\" \/>\n<meta property=\"og:type\" content=\"article\" \/>\n<meta property=\"og:title\" content=\"MT CHARGER 10A-2000A - Seapower Elektrik Sistemleri Sanayi ve Ticaret A.\u015e.\" \/>\n<meta property=\"og:description\" content=\"Trist\u00f6r Kontroll\u00fc Trafo Ak\u00fc \u015earj Redres\u00f6r\u00fc\" \/>\n<meta property=\"og:url\" content=\"https:\/\/seapower.com.tr\/en\/products\/marine-products\/mt-charger-10a-2000a\/\" \/>\n<meta property=\"og:site_name\" content=\"Seapower Elektrik Sistemleri Sanayi ve Ticaret A.\u015e.\" \/>\n<meta property=\"article:modified_time\" content=\"2024-04-19T11:03:45+00:00\" \/>\n<meta property=\"og:image\" content=\"https:\/\/seapower.com.tr\/wp-content\/uploads\/MT-Charger-10A-2000A-TR.jpg\" \/>\n\t<meta property=\"og:image:width\" content=\"1600\" \/>\n\t<meta property=\"og:image:height\" content=\"1000\" \/>\n\t<meta property=\"og:image:type\" content=\"image\/jpeg\" \/>\n<meta name=\"twitter:card\" content=\"summary_large_image\" \/>\n<meta name=\"twitter:label1\" content=\"Estimated reading time\" \/>\n\t<meta name=\"twitter:data1\" content=\"2 minutes\" \/>\n<script type=\"application\/ld+json\" class=\"yoast-schema-graph\">{\"@context\":\"https:\/\/schema.org\",\"@graph\":[{\"@type\":\"WebPage\",\"@id\":\"https:\/\/seapower.com.tr\/urunler\/marin-urunler\/mt-charger-10a-2000a\/\",\"url\":\"https:\/\/seapower.com.tr\/urunler\/marin-urunler\/mt-charger-10a-2000a\/\",\"name\":\"MT CHARGER 10A-2000A - Seapower Elektrik Sistemleri Sanayi ve Ticaret A.\u015e.\",\"isPartOf\":{\"@id\":\"https:\/\/seapower.com.tr\/#website\"},\"primaryImageOfPage\":{\"@id\":\"https:\/\/seapower.com.tr\/urunler\/marin-urunler\/mt-charger-10a-2000a\/#primaryimage\"},\"image\":{\"@id\":\"https:\/\/seapower.com.tr\/urunler\/marin-urunler\/mt-charger-10a-2000a\/#primaryimage\"},\"thumbnailUrl\":\"https:\/\/seapower.com.tr\/wp-content\/uploads\/MT-Charger-10A-2000A-TR.jpg\",\"datePublished\":\"2024-01-04T11:23:05+00:00\",\"dateModified\":\"2024-04-19T11:03:45+00:00\",\"breadcrumb\":{\"@id\":\"https:\/\/seapower.com.tr\/urunler\/marin-urunler\/mt-charger-10a-2000a\/#breadcrumb\"},\"inLanguage\":\"en-GB\",\"potentialAction\":[{\"@type\":\"ReadAction\",\"target\":[\"https:\/\/seapower.com.tr\/urunler\/marin-urunler\/mt-charger-10a-2000a\/\"]}]},{\"@type\":\"ImageObject\",\"inLanguage\":\"en-GB\",\"@id\":\"https:\/\/seapower.com.tr\/urunler\/marin-urunler\/mt-charger-10a-2000a\/#primaryimage\",\"url\":\"https:\/\/seapower.com.tr\/wp-content\/uploads\/MT-Charger-10A-2000A-TR.jpg\",\"contentUrl\":\"https:\/\/seapower.com.tr\/wp-content\/uploads\/MT-Charger-10A-2000A-TR.jpg\",\"width\":1600,\"height\":1000},{\"@type\":\"BreadcrumbList\",\"@id\":\"https:\/\/seapower.com.tr\/urunler\/marin-urunler\/mt-charger-10a-2000a\/#breadcrumb\",\"itemListElement\":[{\"@type\":\"ListItem\",\"position\":1,\"name\":\"Ana Sayfa\",\"item\":\"https:\/\/seapower.com.tr\/\"},{\"@type\":\"ListItem\",\"position\":2,\"name\":\"\u00dcr\u00fcnler\",\"item\":\"https:\/\/seapower.com.tr\/urunler\/\"},{\"@type\":\"ListItem\",\"position\":3,\"name\":\"Marin \u00dcr\u00fcnler\",\"item\":\"https:\/\/seapower.com.tr\/urunler\/marin-urunler\/\"},{\"@type\":\"ListItem\",\"position\":4,\"name\":\"MT CHARGER 10A-2000A\"}]},{\"@type\":\"WebSite\",\"@id\":\"https:\/\/seapower.com.tr\/#website\",\"url\":\"https:\/\/seapower.com.tr\/\",\"name\":\"Seapower Elektrik Sistemleri Sanayi ve Ticaret A.\u015e.\",\"description\":\"Konvert\u00f6r, UPS, Mod\u00fcler g\u00fc\u00e7 \u00e7\u00f6z\u00fcmleri\",\"publisher\":{\"@id\":\"https:\/\/seapower.com.tr\/#organization\"},\"potentialAction\":[{\"@type\":\"SearchAction\",\"target\":{\"@type\":\"EntryPoint\",\"urlTemplate\":\"https:\/\/seapower.com.tr\/?s={search_term_string}\"},\"query-input\":{\"@type\":\"PropertyValueSpecification\",\"valueRequired\":true,\"valueName\":\"search_term_string\"}}],\"inLanguage\":\"en-GB\"},{\"@type\":\"Organization\",\"@id\":\"https:\/\/seapower.com.tr\/#organization\",\"name\":\"SEAPOWER ELEKTR\u0130K S\u0130STEMLER\u0130 SAN. ve T\u0130C. A.\u015e.\",\"alternateName\":\"SEAPOWER Elektrik Sistemleri\",\"url\":\"https:\/\/seapower.com.tr\/\",\"logo\":{\"@type\":\"ImageObject\",\"inLanguage\":\"en-GB\",\"@id\":\"https:\/\/seapower.com.tr\/#\/schema\/logo\/image\/\",\"url\":\"https:\/\/seapower.com.tr\/wp-content\/uploads\/Seapower-Elektrik-Sistemleri-Logo-1.png\",\"contentUrl\":\"https:\/\/seapower.com.tr\/wp-content\/uploads\/Seapower-Elektrik-Sistemleri-Logo-1.png\",\"width\":216,\"height\":135,\"caption\":\"SEAPOWER ELEKTR\u0130K S\u0130STEMLER\u0130 SAN. ve T\u0130C. A.\u015e.\"},\"image\":{\"@id\":\"https:\/\/seapower.com.tr\/#\/schema\/logo\/image\/\"}}]}<\/script>\n<!-- \/ Yoast SEO plugin. -->","yoast_head_json":{"title":"MT CHARGER 10A-2000A - Seapower Elektrik Sistemleri Sanayi ve Ticaret A.\u015e.","robots":{"index":"index","follow":"follow","max-snippet":"max-snippet:-1","max-image-preview":"max-image-preview:large","max-video-preview":"max-video-preview:-1"},"canonical":"https:\/\/seapower.com.tr\/en\/products\/marine-products\/mt-charger-10a-2000a\/","og_locale":"en_GB","og_type":"article","og_title":"MT CHARGER 10A-2000A - Seapower Elektrik Sistemleri Sanayi ve Ticaret A.\u015e.","og_description":"Trist\u00f6r Kontroll\u00fc Trafo Ak\u00fc \u015earj Redres\u00f6r\u00fc","og_url":"https:\/\/seapower.com.tr\/en\/products\/marine-products\/mt-charger-10a-2000a\/","og_site_name":"Seapower Elektrik Sistemleri Sanayi ve Ticaret A.\u015e.","article_modified_time":"2024-04-19T11:03:45+00:00","og_image":[{"width":1600,"height":1000,"url":"https:\/\/seapower.com.tr\/wp-content\/uploads\/MT-Charger-10A-2000A-TR.jpg","type":"image\/jpeg"}],"twitter_card":"summary_large_image","twitter_misc":{"Estimated reading time":"2 minutes"},"schema":{"@context":"https:\/\/schema.org","@graph":[{"@type":"WebPage","@id":"https:\/\/seapower.com.tr\/urunler\/marin-urunler\/mt-charger-10a-2000a\/","url":"https:\/\/seapower.com.tr\/urunler\/marin-urunler\/mt-charger-10a-2000a\/","name":"MT CHARGER 10A-2000A - Seapower Elektrik Sistemleri Sanayi ve Ticaret A.\u015e.","isPartOf":{"@id":"https:\/\/seapower.com.tr\/#website"},"primaryImageOfPage":{"@id":"https:\/\/seapower.com.tr\/urunler\/marin-urunler\/mt-charger-10a-2000a\/#primaryimage"},"image":{"@id":"https:\/\/seapower.com.tr\/urunler\/marin-urunler\/mt-charger-10a-2000a\/#primaryimage"},"thumbnailUrl":"https:\/\/seapower.com.tr\/wp-content\/uploads\/MT-Charger-10A-2000A-TR.jpg","datePublished":"2024-01-04T11:23:05+00:00","dateModified":"2024-04-19T11:03:45+00:00","breadcrumb":{"@id":"https:\/\/seapower.com.tr\/urunler\/marin-urunler\/mt-charger-10a-2000a\/#breadcrumb"},"inLanguage":"en-GB","potentialAction":[{"@type":"ReadAction","target":["https:\/\/seapower.com.tr\/urunler\/marin-urunler\/mt-charger-10a-2000a\/"]}]},{"@type":"ImageObject","inLanguage":"en-GB","@id":"https:\/\/seapower.com.tr\/urunler\/marin-urunler\/mt-charger-10a-2000a\/#primaryimage","url":"https:\/\/seapower.com.tr\/wp-content\/uploads\/MT-Charger-10A-2000A-TR.jpg","contentUrl":"https:\/\/seapower.com.tr\/wp-content\/uploads\/MT-Charger-10A-2000A-TR.jpg","width":1600,"height":1000},{"@type":"BreadcrumbList","@id":"https:\/\/seapower.com.tr\/urunler\/marin-urunler\/mt-charger-10a-2000a\/#breadcrumb","itemListElement":[{"@type":"ListItem","position":1,"name":"Ana Sayfa","item":"https:\/\/seapower.com.tr\/"},{"@type":"ListItem","position":2,"name":"\u00dcr\u00fcnler","item":"https:\/\/seapower.com.tr\/urunler\/"},{"@type":"ListItem","position":3,"name":"Marin \u00dcr\u00fcnler","item":"https:\/\/seapower.com.tr\/urunler\/marin-urunler\/"},{"@type":"ListItem","position":4,"name":"MT CHARGER 10A-2000A"}]},{"@type":"WebSite","@id":"https:\/\/seapower.com.tr\/#website","url":"https:\/\/seapower.com.tr\/","name":"Seapower Elektrik Sistemleri Sanayi ve Ticaret A.\u015e.","description":"Konvert\u00f6r, UPS, Mod\u00fcler g\u00fc\u00e7 \u00e7\u00f6z\u00fcmleri","publisher":{"@id":"https:\/\/seapower.com.tr\/#organization"},"potentialAction":[{"@type":"SearchAction","target":{"@type":"EntryPoint","urlTemplate":"https:\/\/seapower.com.tr\/?s={search_term_string}"},"query-input":{"@type":"PropertyValueSpecification","valueRequired":true,"valueName":"search_term_string"}}],"inLanguage":"en-GB"},{"@type":"Organization","@id":"https:\/\/seapower.com.tr\/#organization","name":"SEAPOWER ELEKTR\u0130K S\u0130STEMLER\u0130 SAN. ve T\u0130C. A.\u015e.","alternateName":"SEAPOWER Elektrik Sistemleri","url":"https:\/\/seapower.com.tr\/","logo":{"@type":"ImageObject","inLanguage":"en-GB","@id":"https:\/\/seapower.com.tr\/#\/schema\/logo\/image\/","url":"https:\/\/seapower.com.tr\/wp-content\/uploads\/Seapower-Elektrik-Sistemleri-Logo-1.png","contentUrl":"https:\/\/seapower.com.tr\/wp-content\/uploads\/Seapower-Elektrik-Sistemleri-Logo-1.png","width":216,"height":135,"caption":"SEAPOWER ELEKTR\u0130K S\u0130STEMLER\u0130 SAN. ve T\u0130C. A.\u015e."},"image":{"@id":"https:\/\/seapower.com.tr\/#\/schema\/logo\/image\/"}}]}},"_links":{"self":[{"href":"https:\/\/seapower.com.tr\/en\/wp-json\/wp\/v2\/pages\/6376","targetHints":{"allow":["GET"]}}],"collection":[{"href":"https:\/\/seapower.com.tr\/en\/wp-json\/wp\/v2\/pages"}],"about":[{"href":"https:\/\/seapower.com.tr\/en\/wp-json\/wp\/v2\/types\/page"}],"author":[{"embeddable":true,"href":"https:\/\/seapower.com.tr\/en\/wp-json\/wp\/v2\/users\/1"}],"replies":[{"embeddable":true,"href":"https:\/\/seapower.com.tr\/en\/wp-json\/wp\/v2\/comments?post=6376"}],"version-history":[{"count":0,"href":"https:\/\/seapower.com.tr\/en\/wp-json\/wp\/v2\/pages\/6376\/revisions"}],"up":[{"embeddable":true,"href":"https:\/\/seapower.com.tr\/en\/wp-json\/wp\/v2\/pages\/6253"}],"wp:featuredmedia":[{"embeddable":true,"href":"https:\/\/seapower.com.tr\/en\/wp-json\/wp\/v2\/media\/9156"}],"wp:attachment":[{"href":"https:\/\/seapower.com.tr\/en\/wp-json\/wp\/v2\/media?parent=6376"}],"wp:term":[{"taxonomy":"category","embeddable":true,"href":"https:\/\/seapower.com.tr\/en\/wp-json\/wp\/v2\/categories?post=6376"},{"taxonomy":"post_tag","embeddable":true,"href":"https:\/\/seapower.com.tr\/en\/wp-json\/wp\/v2\/tags?post=6376"}],"curies":[{"name":"wp","href":"https:\/\/api.w.org\/{rel}","templated":true}]}}